{"id":307442,"date":"2026-02-18T11:44:40","date_gmt":"2026-02-18T10:44:40","guid":{"rendered":"https:\/\/digalco.com\/tienda\/microsoft-teclado-surface-pro-34567-frances-reconditionne-fr-14715\/"},"modified":"2026-02-18T11:44:55","modified_gmt":"2026-02-18T10:44:55","slug":"microsoft-teclado-surface-pro-34567-frances-reconditionne-fr-14715","status":"publish","type":"product","link":"https:\/\/digalco.com\/fr\/produit\/microsoft-teclado-surface-pro-34567-frances-reconditionne-fr-14715\/","title":{"rendered":"Microsoft Teclado Surface Pro 3\/4\/5\/6\/7 Franc\u00e9s | Reconditionn\u00e9"},"content":{"rendered":"","protected":false},"excerpt":{"rendered":"<p>Clavier fran\u00e7ais Surface Pro 3\/4\/5\/6\/7 reconditionn\u00e9 [&#8230;]<\/p>\n<p><a class=\"btn btn-secondary understrap-read-more-link\" href=\"https:\/\/digalco.com\/fr\/produit\/microsoft-teclado-surface-pro-34567-frances-reconditionne-fr-14715\/\">Lire la suite\u2026<span class=\"screen-reader-text\"> from Microsoft Teclado Surface Pro 3\/4\/5\/6\/7 Franc\u00e9s | Reconditionn\u00e9<\/span><\/a><\/p>\n","protected":false},"featured_media":307382,"template":"","meta":[],"product_brand":[3860],"product_cat":[1805,1911,1585,1581],"product_tag":[],"class_list":{"0":"post-307442","1":"product","2":"type-product","3":"status-publish","4":"has-post-thumbnail","6":"product_brand-microsoft","7":"product_cat-composants-claviers-et-souris-fr","8":"product_cat-composants-fr","9":"product_cat-tablettes-options-fr","10":"product_cat-tablettes-fr","12":"first","13":"instock","14":"taxable","15":"shipping-taxable","16":"purchasable","17":"product-type-simple"},"bundled_by":[],"bundle_stock_status":"instock","bundle_stock_quantity":1,"bundle_virtual":false,"bundle_layout":"","bundle_add_to_cart_form_location":"","bundle_editable_in_cart":false,"bundle_sold_individually_context":"","bundle_item_grouping":"","bundle_min_size":"","bundle_max_size":"","bundle_price":[],"bundled_items":[],"bundle_sell_ids":[],"exclude_global_add_ons":[],"addons":[],"df_price":90,"df_sale_price":"","df_regular_price":90,"df_image_link":"https:\/\/digalco.com\/wp-content\/uploads\/images\/product\/14715\/ms00229_01-300x225.jpg","_links":{"self":[{"href":"https:\/\/digalco.com\/fr\/wp-json\/wp\/v2\/product\/307442","targetHints":{"allow":["GET"]}}],"collection":[{"href":"https:\/\/digalco.com\/fr\/wp-json\/wp\/v2\/product"}],"about":[{"href":"https:\/\/digalco.com\/fr\/wp-json\/wp\/v2\/types\/product"}],"wp:featuredmedia":[{"embeddable":true,"href":"https:\/\/digalco.com\/fr\/wp-json\/wp\/v2\/media\/307382"}],"wp:attachment":[{"href":"https:\/\/digalco.com\/fr\/wp-json\/wp\/v2\/media?parent=307442"}],"wp:term":[{"taxonomy":"product_brand","embeddable":true,"href":"https:\/\/digalco.com\/fr\/wp-json\/wp\/v2\/product_brand?post=307442"},{"taxonomy":"product_cat","embeddable":true,"href":"https:\/\/digalco.com\/fr\/wp-json\/wp\/v2\/product_cat?post=307442"},{"taxonomy":"product_tag","embeddable":true,"href":"https:\/\/digalco.com\/fr\/wp-json\/wp\/v2\/product_tag?post=307442"}],"curies":[{"name":"wp","href":"https:\/\/api.w.org\/{rel}","templated":true}]}}