{"id":309505,"date":"2026-02-18T16:38:51","date_gmt":"2026-02-18T15:38:51","guid":{"rendered":"https:\/\/digalco.com\/tienda\/getac-s410-g4-rugerizado-14-reconditionne-core-i5-26ghz-32-gb-ram-1024-gb-ssd-m2-1920x1080-fr-14598\/"},"modified":"2026-02-18T16:39:38","modified_gmt":"2026-02-18T15:39:38","slug":"getac-s410-g4-rugerizado-14-reconditionne-core-i5-26ghz-32-gb-ram-1024-gb-ssd-m2-1920x1080-fr-14598","status":"publish","type":"product","link":"https:\/\/digalco.com\/fr\/produit\/getac-s410-g4-rugerizado-14-reconditionne-core-i5-26ghz-32-gb-ram-1024-gb-ssd-m2-1920x1080-fr-14598\/","title":{"rendered":"GETAC S410 G4 Rugerizado 14\u00a0\u00bb | Reconditionn\u00e9 | Core i5 2.6GHz | 32 GB RAM | 1024 GB SSD M2 1920&#215;1080"},"content":{"rendered":"<p><strong>Processeur<\/strong><br \/>Intel Core i5 1145G7 2.6 GHz.<br \/><strong>M\u00e9moire RAM<\/strong><br \/>32 Gb. SO-DDR4 RAM<br \/><strong>Disque dur<\/strong><br \/>1.00 Tb. SSD M2<br \/><strong>Cartes<\/strong><br \/>Graphique: Intel Iris Xe Graphics<br \/>Son: Realtek HDA<br \/>R\u00e9seau: Intel I219-LM<br \/><strong>Syst\u00e8me op\u00e9ratif<\/strong><br \/>Windows 11 Pro<br \/><strong>Ports<\/strong><br \/>S\u00e9rie<br \/>USB 2.0<br \/>2x USB 3.0<br \/>USB-C<br \/><strong>\u00c9cran<\/strong><br \/>Led 14 \u00a0\u00bb FullHD 16:9  \u00b7 R\u00e9solution 1920&#215;1080<br \/><strong>Ports vid\u00e9o<\/strong><br \/>HDMI<br \/>Display Port<br \/><strong>Multim\u00e9dias<\/strong><br \/>Webcam<br \/>Lecteur SD<br \/>Lecteur carte d&rsquo;identit\u00e9<br \/><strong>Connectivit\u00e9<\/strong><br \/>2x RJ-45<br \/>WIFI<br \/>Bluetooth<br \/>4G<br \/><strong>Notebook sp\u00e9cifique<\/strong><br \/>Langue du clavier International (autocollants espagnols)<br \/><strong>Autres<\/strong><br \/>hR emballage<br \/><strong>Dimensions<\/strong><br \/>35&#215;29.3&#215;3.8 cm.<br \/><strong>Poids<\/strong><br \/>2.38 Kg.<br \/><strong>Sp\u00e9cifications suppl\u00e9mentaires<\/strong><br \/>Le Getac S410 G4 Rugged est un ordinateur portable professionnel haute performance con\u00e7u pour offrir une fiabilit\u00e9 maximale et une continuit\u00e9 op\u00e9rationnelle dans des environnements de travail exigeants o\u00f9 r\u00e9sistance et puissance doivent aller de pair. Destin\u00e9 \u00e0 des secteurs tels que l\u2019industrie, l\u2019ing\u00e9nierie, la maintenance avanc\u00e9e, la logistique ou les services techniques sur le terrain, il combine une construction robuste avec un \u00e9cran FullHD de 14 pouces permettant de travailler avec pr\u00e9cision et confort lors de journ\u00e9es intensives. Son processeur Intel Core i5 de 11e g\u00e9n\u00e9ration, associ\u00e9 \u00e0 32 Go de m\u00e9moire RAM et \u00e0 un SSD M.2 de 1 To, garantit fluidit\u00e9 dans les applications professionnelles, la gestion des donn\u00e9es et le multit\u00e2che avanc\u00e9, tandis que Windows 11 Pro apporte une s\u00e9curit\u00e9 renforc\u00e9e et une compatibilit\u00e9 professionnelle. L\u2019int\u00e9gration d\u2019une webcam, d\u2019un lecteur SD et d\u2019un lecteur de carte d\u2019identit\u00e9 \u00e9largit sa polyvalence dans les environnements corporatifs, et le syst\u00e8me de double batterie assure une autonomie prolong\u00e9e pour le travail mobile sans interruptions.<br \/><b>Caract\u00e9ristiques de ruggedisation<\/b><br \/><u>Ch\u00e2ssis renforc\u00e9 de conception industrielle<\/u> prot\u00e9geant les composants internes contre les impacts, chutes accidentelles et vibrations, assurant un fonctionnement fiable dans des environnements de travail exigeants.<br \/><u>Protection contre la poussi\u00e8re et l\u2019eau<\/u> permettant d\u2019utiliser l\u2019appareil en ext\u00e9rieur, dans des ateliers ou dans des environnements industriels sans compromettre son fonctionnement, maintenant la productivit\u00e9 dans des conditions environnementales d\u00e9favorables.<br \/><u>\u00c9cran int\u00e9gr\u00e9 dans une structure robuste<\/u> con\u00e7ue pour supporter un usage intensif quotidien, offrant durabilit\u00e9 et stabilit\u00e9 dans des environnements professionnels o\u00f9 l\u2019appareil est soumis \u00e0 un stress constant.<br \/><u>Design ergonomique orient\u00e9 vers la mobilit\u00e9 professionnelle<\/u>, facilitant le transport fr\u00e9quent et l\u2019utilisation prolong\u00e9e pendant des journ\u00e9es intensives sans perdre confort ni solidit\u00e9 structurelle.<br \/><u>Syst\u00e8me de double batterie<\/u> permettant d\u2019augmenter l\u2019autonomie et de r\u00e9duire les temps d\u2019arr\u00eat, essentiel pour les travaux de terrain ou les d\u00e9placements continus.<br \/><b>Certifications de ruggedisation<\/b><br \/><u>MIL-STD-810G<\/u>, certifiant que l\u2019ordinateur portable a \u00e9t\u00e9 soumis \u00e0 des tests de r\u00e9sistance aux chocs, vibrations, humidit\u00e9 et variations de temp\u00e9rature, garantissant fiabilit\u00e9 dans des conditions d\u00e9favorables et des environnements professionnels exigeants.<br \/><u>IP65<\/u>, offrant une protection contre la p\u00e9n\u00e9tration de poussi\u00e8re et contre les jets d\u2019eau, id\u00e9al pour les travaux en ext\u00e9rieur ou dans des environnements industriels o\u00f9 l\u2019appareil peut \u00eatre expos\u00e9 \u00e0 des agents environnementaux s\u00e9v\u00e8res.<br \/>Bon aspect ext\u00e9rieur. Peut pr\u00e9senter de l\u00e9g\u00e8res marques d\u2019usage sur le bo\u00eetier. Regardez dans \u201c+ Photos\u201d et \u00ab\u00a0Vid\u00e9o\u00a0\u00bb et si vous avez des questions, appelez-nous ou utilisez notre chat pour obtenir plus d\u2019informations ou demander plus de d\u00e9tails.<br \/><strong>Commentaires<\/strong><br \/><u>2xBattery<\/u><\/p>\n","protected":false},"excerpt":{"rendered":"<p>Intel Core i5 1145G7 2.6 GHz. \u00b7 32 Gb. SO-DDR4 RAM \u00b7 1.00 Tb. SSD M2 \u00b7 <strong>Windows 11 Pro<\/strong> \u00b7 Led 14 \u00a0\u00bb FullHD 16:9 \u00b7 Webcam \u00b7<br \/>\n<strong>2xBattery<\/strong> \u00b7<u>Clavier international avec autocollants en fran\u00e7ais<\/u> [&#8230;]<\/p>\n<p><a class=\"btn btn-secondary understrap-read-more-link\" href=\"https:\/\/digalco.com\/fr\/produit\/getac-s410-g4-rugerizado-14-reconditionne-core-i5-26ghz-32-gb-ram-1024-gb-ssd-m2-1920x1080-fr-14598\/\">Lire la suite\u2026<span class=\"screen-reader-text\"> from GETAC S410 G4 Rugerizado 14\u00a0\u00bb | Reconditionn\u00e9 | Core i5 2.6GHz | 32 GB RAM | 1024 GB SSD M2 1920&#215;1080<\/span><\/a><\/p>\n","protected":false},"featured_media":309280,"template":"","meta":[],"product_brand":[3853],"product_cat":[1517,3701,1545,1593],"product_tag":[],"class_list":{"0":"post-309505","1":"product","2":"type-product","3":"status-publish","4":"has-post-thumbnail","6":"product_brand-getac","7":"product_cat-notebooks-fr","8":"product_cat-ruggerized-notebooks-fr","9":"product_cat-notebooks-ruggerized-fr","10":"product_cat-ruggerized-fr","12":"first","13":"instock","14":"taxable","15":"shipping-taxable","16":"purchasable","17":"product-type-simple"},"bundled_by":[],"bundle_stock_status":"instock","bundle_stock_quantity":60,"bundle_virtual":false,"bundle_layout":"","bundle_add_to_cart_form_location":"","bundle_editable_in_cart":false,"bundle_sold_individually_context":"","bundle_item_grouping":"","bundle_min_size":"","bundle_max_size":"","bundle_price":[],"bundled_items":[],"bundle_sell_ids":[],"exclude_global_add_ons":true,"addons":{"keyboard-iso-upgrades":{"name":"Choisir langue du clavier","type":"multiple_choice","position":0,"required":false,"title_format":"heading","default":"","description_enable":false,"description":"","placeholder_enable":false,"placeholder":"","display":"radiobutton","restrictions_type":"any_text","adjust_price":false,"price":"","price_type":"quantity_based","restrictions":false,"min":"0","max":"0","options":[{"label":"Autocollants espagnols [AMP00082]","price":"0.0000","price_type":"quantity_based","image":0,"visibility":true},{"label":"Autocollants fran\u00e7ais [AMP00084]","price":"0.0000","price_type":"quantity_based","image":0,"visibility":true},{"label":"Autocollants portugais [AMP00083]","price":"0.0000","price_type":"quantity_based","image":0,"visibility":true}]},"docking-station-upgrades":{"name":"Extension Docking Station","type":"multiple_choice","position":0,"required":false,"title_format":"heading","default":"","description_enable":false,"description":"","placeholder_enable":false,"placeholder":"","display":"radiobutton","restrictions_type":"any_text","adjust_price":false,"price":"","price_type":"quantity_based","restrictions":false,"min":"0","max":"0","options":[{"label":"GETAC Docking Station S410 [AMP00161]","price":"50.0000","price_type":"quantity_based","image":0,"visibility":true}]},"hdd-upgrades":{"name":"Extension disque dur","type":"multiple_choice","position":0,"required":false,"title_format":"heading","default":"","description_enable":false,"description":"","placeholder_enable":false,"placeholder":"","display":"radiobutton","restrictions_type":"any_text","adjust_price":false,"price":"","price_type":"quantity_based","restrictions":false,"min":"0","max":"0","options":[{"label":"Passez au disque SSD 2 Tb. M.2 2280 PCIe [AMP00171]","price":260,"price_type":"quantity_based","image":0,"visibility":true}]},"os-upgrades":{"name":"Expansion SO","type":"multiple_choice","position":0,"required":false,"title_format":"heading","default":"","description_enable":false,"description":"","placeholder_enable":false,"placeholder":"","display":"radiobutton","restrictions_type":"any_text","adjust_price":false,"price":"","price_type":"quantity_based","restrictions":false,"min":"0","max":"0","options":[{"label":"Changer la langue en fran\u00e7ais [AMP00125]","price":"0.0000","price_type":"quantity_based","image":0,"visibility":true},{"label":"Changer la langue en anglais [AMP00008]","price":"0.0000","price_type":"quantity_based","image":0,"visibility":true},{"label":"Changer la langue en portugais [AMP00009]","price":"0.0000","price_type":"quantity_based","image":0,"visibility":true}]},"briefcase-upgrades":{"name":"Porte-documents","type":"multiple_choice","position":0,"required":false,"title_format":"heading","default":"","description_enable":false,"description":"","placeholder_enable":false,"placeholder":"","display":"radiobutton","restrictions_type":"any_text","adjust_price":false,"price":"","price_type":"quantity_based","restrictions":false,"min":"0","max":"0","options":[{"label":"Mallette Notebook [AMP00041]","price":"5.0000","price_type":"quantity_based","image":0,"visibility":true}]}},"df_price":843,"df_sale_price":"","df_regular_price":843,"df_image_link":"https:\/\/digalco.com\/wp-content\/uploads\/images\/product\/14598\/gtc00059_01-300x225.jpg","_links":{"self":[{"href":"https:\/\/digalco.com\/fr\/wp-json\/wp\/v2\/product\/309505","targetHints":{"allow":["GET"]}}],"collection":[{"href":"https:\/\/digalco.com\/fr\/wp-json\/wp\/v2\/product"}],"about":[{"href":"https:\/\/digalco.com\/fr\/wp-json\/wp\/v2\/types\/product"}],"wp:featuredmedia":[{"embeddable":true,"href":"https:\/\/digalco.com\/fr\/wp-json\/wp\/v2\/media\/309280"}],"wp:attachment":[{"href":"https:\/\/digalco.com\/fr\/wp-json\/wp\/v2\/media?parent=309505"}],"wp:term":[{"taxonomy":"product_brand","embeddable":true,"href":"https:\/\/digalco.com\/fr\/wp-json\/wp\/v2\/product_brand?post=309505"},{"taxonomy":"product_cat","embeddable":true,"href":"https:\/\/digalco.com\/fr\/wp-json\/wp\/v2\/product_cat?post=309505"},{"taxonomy":"product_tag","embeddable":true,"href":"https:\/\/digalco.com\/fr\/wp-json\/wp\/v2\/product_tag?post=309505"}],"curies":[{"name":"wp","href":"https:\/\/api.w.org\/{rel}","templated":true}]}}