{"id":310379,"date":"2026-02-18T17:46:47","date_gmt":"2026-02-18T16:46:47","guid":{"rendered":"https:\/\/digalco.com\/tienda\/hp-elitedesk-800-g2-barebone-sff-reconditionne-core-i5-32ghz-sin-disco-fr-14763\/"},"modified":"2026-02-18T17:47:07","modified_gmt":"2026-02-18T16:47:07","slug":"hp-elitedesk-800-g2-barebone-sff-reconditionne-core-i5-32ghz-sin-disco-fr-14763","status":"publish","type":"product","link":"https:\/\/digalco.com\/fr\/produit\/hp-elitedesk-800-g2-barebone-sff-reconditionne-core-i5-32ghz-sin-disco-fr-14763\/","title":{"rendered":"HP EliteDesk 800 G2 Barebone SFF | Reconditionn\u00e9 | Core i5 3.2GHz | | &#8211; Sin disco &#8211;"},"content":{"rendered":"<p><strong>Processeur<\/strong><br \/>Intel Core i5 6500 3.2 GHz.<br \/><strong>Facteur de forme<\/strong><br \/>SFF<br \/><strong>M\u00e9moire RAM<\/strong><br \/>DDR4 RAM<br \/><strong>Disque dur<\/strong><br \/>&#8211; Sin disco &#8211;<br \/><strong>Cartes<\/strong><br \/>Graphique: Intel HD Graphics 530<br \/>Son: High Definition Audio<br \/>R\u00e9seau: I219LM GIGABIT<br \/><strong>Syst\u00e8me op\u00e9ratif<\/strong><br \/>Windows 7 Pro<br \/><strong>Ports<\/strong><br \/>S\u00e9rie<br \/>2x USB 2.0<br \/>2x PS2<br \/>8x USB 3.0<br \/><strong>Ports vid\u00e9o<\/strong><br \/>VGA<br \/>2x Display Port<br \/><strong>Connectivit\u00e9<\/strong><br \/>RJ-45<br \/><strong>Autres<\/strong><br \/>hR emballage<br \/><strong>Dimensions<\/strong><br \/>34&#215;39.5&#215;10 cm.<br \/><strong>Poids<\/strong><br \/>5.45 Kg.<br \/><strong>Sp\u00e9cifications suppl\u00e9mentaires<\/strong><br \/><u>Ordinateur Barebone : vous pouvez le configurer selon vos besoins en ajoutant des disques durs ou SSD et de la m\u00e9moire. Il est fourni sans m\u00e9moire et sans disque de base (inclut les rails et la visserie du disque).<\/u>Le HP EliteDesk 800 G2 Barebone est un ordinateur de bureau professionnel destin\u00e9 aux projets qui n\u00e9cessitent une flexibilit\u00e9 totale de configuration et une optimisation des ressources. \u00c9quip\u00e9 d\u2019un Intel Core i5-6500 \u00e0 3.2 GHz, il offre une base de performance solide et stable, id\u00e9ale pour les environnements de bureau, la gestion d\u2019entreprise et les postes administratifs qui exigent continuit\u00e9 et fiabilit\u00e9.Il s\u2019agit d\u2019un \u00e9quipement barebone, fourni sans m\u00e9moire RAM et sans disque dur, permettant au client de configurer la machine sur mesure, d\u2019installer ses propres composants ou de r\u00e9utiliser du mat\u00e9riel d\u00e9j\u00e0 disponible. Cette caract\u00e9ristique en fait une option strat\u00e9gique pour les renouvellements de parc informatique, la standardisation des syst\u00e8mes ou les d\u00e9ploiements techniques o\u00f9 un contr\u00f4le total de la configuration finale est recherch\u00e9.Il inclut Windows 7 Pro, offrant un environnement professionnel compatible avec des applications legacy ou des infrastructures n\u00e9cessitant des syst\u00e8mes sp\u00e9cifiques. Son ch\u00e2ssis robuste et pr\u00eat pour des extensions facilite l\u2019installation de m\u00e9moire DDR4, de stockage SSD ou HDD et de cartes suppl\u00e9mentaires selon les besoins.L\u2019EliteDesk 800 G2 Barebone est un PC de bureau pour entreprise con\u00e7u pour ceux qui valorisent la polyvalence, le contr\u00f4le des co\u00fbts et la capacit\u00e9 de personnalisation. Un ordinateur fiable et configurable, id\u00e9al comme base technique pour cr\u00e9er un syst\u00e8me sur mesure avec la garantie de qualit\u00e9 et de durabilit\u00e9 de la gamme EliteDesk.Bon \u00e9tat ext\u00e9rieur. Peut pr\u00e9senter de l\u00e9g\u00e8res marques d\u2019usage sur le bo\u00eetier. Regardez dans \u00ab + Photos \u00bb et \u00ab\u00a0Video\u00a0\u00bb et si vous avez la moindre question appelez-nous ou utilisez notre chat pour obtenir plus d\u2019informations ou pour demander plus de d\u00e9tails.<br \/><strong>Commentaires<\/strong><br \/><u>1xPCIe X16 \/ 1xPCIe X4 \/ 2xPCIe X2<\/u><\/p>\n","protected":false},"excerpt":{"rendered":"<p>Intel Core i5 6500 3,2 GHz. \u00b7 Sans m\u00e9moire \u00b7 Sans disque dur \u00b7 Windows 7 Professionnel \u00b7 <u>1 port PCIe x16 \/ 1 port PCIe x4 \/ 2 ports PCIe x2<\/u> [&#8230;]<\/p>\n<p><a class=\"btn btn-secondary understrap-read-more-link\" href=\"https:\/\/digalco.com\/fr\/produit\/hp-elitedesk-800-g2-barebone-sff-reconditionne-core-i5-32ghz-sin-disco-fr-14763\/\">Lire la suite\u2026<span class=\"screen-reader-text\"> from HP EliteDesk 800 G2 Barebone SFF | Reconditionn\u00e9 | Core i5 3.2GHz | | &#8211; Sin disco &#8211;<\/span><\/a><\/p>\n","protected":false},"featured_media":310274,"template":"","meta":[],"product_brand":[3854],"product_cat":[3745,2418,1469],"product_tag":[],"class_list":{"0":"post-310379","1":"product","2":"type-product","3":"status-publish","4":"has-post-thumbnail","6":"product_brand-hp","7":"product_cat-barebone-fr","8":"product_cat-ordinateurs-intel-core-i5-fr","9":"product_cat-ordinateurs-fr","11":"first","12":"instock","13":"taxable","14":"shipping-taxable","15":"purchasable","16":"product-type-simple"},"bundled_by":[],"bundle_stock_status":"instock","bundle_stock_quantity":27,"bundle_virtual":false,"bundle_layout":"","bundle_add_to_cart_form_location":"","bundle_editable_in_cart":false,"bundle_sold_individually_context":"","bundle_item_grouping":"","bundle_min_size":"","bundle_max_size":"","bundle_price":[],"bundled_items":[],"bundle_sell_ids":[],"exclude_global_add_ons":true,"addons":{"webcam-upgrades":{"name":"Extension Webcam","type":"multiple_choice","position":0,"required":false,"title_format":"heading","default":"","description_enable":false,"description":"","placeholder_enable":false,"placeholder":"","display":"radiobutton","restrictions_type":"any_text","adjust_price":false,"price":"","price_type":"quantity_based","restrictions":false,"min":"0","max":"0","options":[{"label":"Conceptronic AMDIS FullHD [AMP00085]","price":"29.0000","price_type":"quantity_based","image":0,"visibility":true}]},"graphic-card-upgrades":{"name":"Extension carte graphique","type":"multiple_choice","position":0,"required":false,"title_format":"heading","default":"","description_enable":false,"description":"","placeholder_enable":false,"placeholder":"","display":"radiobutton","restrictions_type":"any_text","adjust_price":false,"price":"","price_type":"quantity_based","restrictions":false,"min":"0","max":"0","options":[{"label":"Graphique T. 2 Gb. (1xDVI, 1xHDMI) [AMP00010]","price":"60.0000","price_type":"quantity_based","image":0,"visibility":true}]},"network-card-upgrades":{"name":"Extension WIFI","type":"multiple_choice","position":0,"required":false,"title_format":"heading","default":"","description_enable":false,"description":"","placeholder_enable":false,"placeholder":"","display":"radiobutton","restrictions_type":"any_text","adjust_price":false,"price":"","price_type":"quantity_based","restrictions":false,"min":"0","max":"0","options":[{"label":"Mise \u00e0 niveau de la carte PCI Wi-Fi [AMP00017]","price":"15.0000","price_type":"quantity_based","image":0,"visibility":true},{"label":"Mise \u00e0 niveau nano USB sans fil [AMP00018]","price":"12.0000","price_type":"quantity_based","image":0,"visibility":true}]},"keyboard-upgrades":{"name":"Extension clavier","type":"multiple_choice","position":0,"required":false,"title_format":"heading","default":"","description_enable":false,"description":"","placeholder_enable":false,"placeholder":"","display":"radiobutton","restrictions_type":"any_text","adjust_price":false,"price":"","price_type":"quantity_based","restrictions":false,"min":"0","max":"0","options":[{"label":"Clavier et souris [AMP00020]","price":"8.0000","price_type":"quantity_based","image":0,"visibility":true},{"label":"Clavier et souris Portuguese New [AMP00088]","price":"15.0000","price_type":"quantity_based","image":0,"visibility":true},{"label":"Clavier et souris USB espagnols (Nouveau) [AMP00068]","price":"12.0000","price_type":"quantity_based","image":0,"visibility":true}]}},"df_price":78,"df_sale_price":"","df_regular_price":78,"df_image_link":"https:\/\/digalco.com\/wp-content\/uploads\/images\/product\/14763\/hp03274_01-300x225.jpg","_links":{"self":[{"href":"https:\/\/digalco.com\/fr\/wp-json\/wp\/v2\/product\/310379","targetHints":{"allow":["GET"]}}],"collection":[{"href":"https:\/\/digalco.com\/fr\/wp-json\/wp\/v2\/product"}],"about":[{"href":"https:\/\/digalco.com\/fr\/wp-json\/wp\/v2\/types\/product"}],"wp:featuredmedia":[{"embeddable":true,"href":"https:\/\/digalco.com\/fr\/wp-json\/wp\/v2\/media\/310274"}],"wp:attachment":[{"href":"https:\/\/digalco.com\/fr\/wp-json\/wp\/v2\/media?parent=310379"}],"wp:term":[{"taxonomy":"product_brand","embeddable":true,"href":"https:\/\/digalco.com\/fr\/wp-json\/wp\/v2\/product_brand?post=310379"},{"taxonomy":"product_cat","embeddable":true,"href":"https:\/\/digalco.com\/fr\/wp-json\/wp\/v2\/product_cat?post=310379"},{"taxonomy":"product_tag","embeddable":true,"href":"https:\/\/digalco.com\/fr\/wp-json\/wp\/v2\/product_tag?post=310379"}],"curies":[{"name":"wp","href":"https:\/\/api.w.org\/{rel}","templated":true}]}}