{"id":311180,"date":"2026-02-19T16:58:56","date_gmt":"2026-02-19T15:58:56","guid":{"rendered":"https:\/\/digalco.com\/tienda\/microsoft-surface-book-3-135-reconditionne-core-i5-12ghz-8-gb-ram-256-gb-ssd-m2-3000x2000-fr-14705\/"},"modified":"2026-04-15T17:01:20","modified_gmt":"2026-04-15T15:01:20","slug":"microsoft-surface-book-3-135-reconditionne-core-i5-12ghz-8-gb-ram-256-gb-ssd-m2-3000x2000-fr-14705","status":"publish","type":"product","link":"https:\/\/digalco.com\/fr\/produit\/microsoft-surface-book-3-135-reconditionne-core-i5-12ghz-8-gb-ram-256-gb-ssd-m2-3000x2000-fr-14705\/","title":{"rendered":"Microsoft Surface Book 3 13.5\u00a0\u00bb | Reconditionn\u00e9 | Core i5 1.2GHz | 8 GB RAM | 256 GB SSD M2 3000&#215;2000"},"content":{"rendered":"<p><strong>Processeur<\/strong><br \/>Intel Core i5 1035G7 1.2 GHz.<br \/><strong>M\u00e9moire RAM<\/strong><br \/>8 Gb. SO-DDR3 RAM<br \/><strong>Disque dur<\/strong><br \/>256 Gb. SSD M2<br \/><strong>Cartes<\/strong><br \/>Graphique: Intel Iris Xe Graphics<br \/>Son: Realtek HDA<br \/>R\u00e9seau: &#8211;<br \/><strong>Syst\u00e8me op\u00e9ratif<\/strong><br \/>Windows 11 Pro<br \/><strong>Ports<\/strong><br \/>2x USB 3.0<br \/><strong>\u00c9cran<\/strong><br \/>Tactile 13.5 \u00a0\u00bb 2K 16:9  \u00b7 R\u00e9solution 3000&#215;2000<br \/><strong>Ports vid\u00e9o<\/strong><br \/>Mini Display Port<br \/><strong>Multim\u00e9dias<\/strong><br \/>Lecteur SD<br \/>Cam\u00e9ra arri\u00e8re<br \/>Cam\u00e9ra frontale<br \/><strong>Connectivit\u00e9<\/strong><br \/>WIFI<br \/>Bluetooth<br \/><strong>Autres<\/strong><br \/>hR emballage<br \/><strong>Dimensions<\/strong><br \/>34x1x25 cm.<br \/><strong>Poids<\/strong><br \/>1.90 Kg.<br \/><strong>Sp\u00e9cifications suppl\u00e9mentaires<\/strong><br \/>La Microsoft Surface Book 3 de 13.5 pouces est une tablette convertible haut de gamme con\u00e7ue pour ceux qui recherchent mobilit\u00e9, \u00e9l\u00e9gance et performances professionnelles dans un seul appareil. Son design premium avec \u00e9cran d\u00e9tachable permet d\u2019alterner entre ordinateur portable et tablette en quelques secondes, offrant une exp\u00e9rience polyvalente avec toute la puissance de Windows 11 Pro.<br \/>Elle int\u00e8gre un efficace Intel Core i5-1035G7 de 10e g\u00e9n\u00e9ration, accompagn\u00e9 de 8 Go de RAM et d\u2019un rapide SSD M.2 de 256 Go, garantissant une grande fluidit\u00e9 en multit\u00e2che, applications professionnelles, gestion avanc\u00e9e et travail dans le cloud. Son spectaculaire \u00e9cran tactile de 13.5\u201d avec r\u00e9solution 2K (3000 x 2000) offre une qualit\u00e9 d\u2019image sup\u00e9rieure, une meilleure d\u00e9finition et un format id\u00e9al pour la productivit\u00e9 et la visualisation d\u00e9taill\u00e9e. Le clavier espagnol am\u00e9liore le confort lors de la frappe prolong\u00e9e, tandis que le syst\u00e8me de double batterie \u00e9tend l\u2019autonomie pour des journ\u00e9es intensives. De plus, le TPM 2.0 renforce la s\u00e9curit\u00e9 des donn\u00e9es dans les environnements professionnels.<br \/>La Surface Book 3 combine polyvalence, autonomie et design distinctif, se positionnant comme une tablette Windows premium parfaite pour les professionnels qui valorisent l\u2019image, la fonctionnalit\u00e9 et la fiabilit\u00e9. Un appareil pr\u00eat \u00e0 stimuler la productivit\u00e9 quotidienne avec style et solidit\u00e9 technologique.<br \/>Bon \u00e9tat ext\u00e9rieur. Regardez dans \u00ab + Photos \u00bb et si vous avez la moindre question appelez-nous ou utilisez notre chat pour obtenir plus d\u2019informations ou pour demander plus de d\u00e9tails.<br \/><strong>Commentaires<\/strong><br \/><u>2xBattery &#8211; Clavier espagnol<\/u><\/p>\n","protected":false},"excerpt":{"rendered":"<p>Intel Core i5 1035G7 1.2 GHz. \u00b7 8 Gb. SO-DDR3 RAM \u00b7 256 Gb. SSD M2 \u00b7 <strong>Windows 11 Pro<\/strong> \u00b7 Tactile 13.5 \u00a0\u00bb 2K 16:9 \u00b7<br \/>\n<strong>2xBattery<\/strong> &#8211; <u>Clavier espagnol<br \/>\n<\/u> [&#8230;]<\/p>\n<p><a class=\"btn btn-secondary understrap-read-more-link\" href=\"https:\/\/digalco.com\/fr\/produit\/microsoft-surface-book-3-135-reconditionne-core-i5-12ghz-8-gb-ram-256-gb-ssd-m2-3000x2000-fr-14705\/\">Lire la suite\u2026<span class=\"screen-reader-text\"> from Microsoft Surface Book 3 13.5\u00a0\u00bb | Reconditionn\u00e9 | Core i5 1.2GHz | 8 GB RAM | 256 GB SSD M2 3000&#215;2000<\/span><\/a><\/p>\n","protected":false},"featured_media":311015,"template":"","meta":[],"product_brand":[3860],"product_cat":[3750,1581],"product_tag":[],"class_list":{"0":"post-311180","1":"product","2":"type-product","3":"status-publish","4":"has-post-thumbnail","6":"product_brand-microsoft","7":"product_cat-tablettes-surface-fr","8":"product_cat-tablettes-fr","10":"first","11":"instock","12":"taxable","13":"shipping-taxable","14":"purchasable","15":"product-type-simple"},"bundled_by":[],"bundle_stock_status":"instock","bundle_stock_quantity":1,"bundle_virtual":false,"bundle_layout":"","bundle_add_to_cart_form_location":"","bundle_editable_in_cart":false,"bundle_sold_individually_context":"","bundle_item_grouping":"","bundle_min_size":"","bundle_max_size":"","bundle_price":[],"bundled_items":[],"bundle_sell_ids":[],"exclude_global_add_ons":true,"addons":{"keyboard-iso-upgrades":{"name":"Choisir langue du clavier","type":"multiple_choice","position":0,"required":false,"title_format":"heading","default":"","description_enable":false,"description":"","placeholder_enable":false,"placeholder":"","display":"radiobutton","restrictions_type":"any_text","adjust_price":false,"price":"","price_type":"quantity_based","restrictions":false,"min":"0","max":"0","options":[{"label":"Autocollants fran\u00e7ais [AMP00084]","price":"0.0000","price_type":"quantity_based","image":0,"visibility":true},{"label":"Autocollants portugais [AMP00083]","price":"0.0000","price_type":"quantity_based","image":0,"visibility":true}]},"pencil-upgrades":{"name":"Extension Crayon","type":"multiple_choice","position":0,"required":false,"title_format":"heading","default":"","description_enable":false,"description":"","placeholder_enable":false,"placeholder":"","display":"radiobutton","restrictions_type":"any_text","adjust_price":false,"price":"","price_type":"quantity_based","restrictions":false,"min":"0","max":"0","options":[{"label":"Stylet Microsoft Surface Original [AMP00087]","price":"50.0000","price_type":"quantity_based","image":0,"visibility":true}]},"os-upgrades":{"name":"Expansion SO","type":"multiple_choice","position":0,"required":false,"title_format":"heading","default":"","description_enable":false,"description":"","placeholder_enable":false,"placeholder":"","display":"radiobutton","restrictions_type":"any_text","adjust_price":false,"price":"","price_type":"quantity_based","restrictions":false,"min":"0","max":"0","options":[{"label":"Changer la langue en fran\u00e7ais [AMP00125]","price":"0.0000","price_type":"quantity_based","image":0,"visibility":true},{"label":"Changer la langue en anglais [AMP00008]","price":"0.0000","price_type":"quantity_based","image":0,"visibility":true},{"label":"Changer la langue en portugais [AMP00009]","price":"0.0000","price_type":"quantity_based","image":0,"visibility":true}]}},"df_price":458,"df_sale_price":"","df_regular_price":458,"df_image_link":"https:\/\/digalco.com\/wp-content\/uploads\/images\/product\/14705\/ms00228_01-300x225.jpg","_links":{"self":[{"href":"https:\/\/digalco.com\/fr\/wp-json\/wp\/v2\/product\/311180","targetHints":{"allow":["GET"]}}],"collection":[{"href":"https:\/\/digalco.com\/fr\/wp-json\/wp\/v2\/product"}],"about":[{"href":"https:\/\/digalco.com\/fr\/wp-json\/wp\/v2\/types\/product"}],"wp:featuredmedia":[{"embeddable":true,"href":"https:\/\/digalco.com\/fr\/wp-json\/wp\/v2\/media\/311015"}],"wp:attachment":[{"href":"https:\/\/digalco.com\/fr\/wp-json\/wp\/v2\/media?parent=311180"}],"wp:term":[{"taxonomy":"product_brand","embeddable":true,"href":"https:\/\/digalco.com\/fr\/wp-json\/wp\/v2\/product_brand?post=311180"},{"taxonomy":"product_cat","embeddable":true,"href":"https:\/\/digalco.com\/fr\/wp-json\/wp\/v2\/product_cat?post=311180"},{"taxonomy":"product_tag","embeddable":true,"href":"https:\/\/digalco.com\/fr\/wp-json\/wp\/v2\/product_tag?post=311180"}],"curies":[{"name":"wp","href":"https:\/\/api.w.org\/{rel}","templated":true}]}}