{"id":312263,"date":"2026-02-20T12:13:23","date_gmt":"2026-02-20T11:13:23","guid":{"rendered":"https:\/\/digalco.com\/tienda\/hp-proliant-dl380-g5-barebone-rack-reconditionne-xeon-3ghz-4-gb-ram-sas-fr-12499\/"},"modified":"2026-02-20T12:13:33","modified_gmt":"2026-02-20T11:13:33","slug":"hp-proliant-dl380-g5-barebone-rack-reconditionne-xeon-3ghz-4-gb-ram-sas-fr-12499","status":"publish","type":"product","link":"https:\/\/digalco.com\/fr\/produit\/hp-proliant-dl380-g5-barebone-rack-reconditionne-xeon-3ghz-4-gb-ram-sas-fr-12499\/","title":{"rendered":"HP ProLiant DL380 G5 Barebone Rack | Reconditionn\u00e9 | Xeon 3GHz | 4 GB RAM | SAS"},"content":{"rendered":"<p><strong>Processeur<\/strong><br \/>Intel Xeon 5160 3 GHz.<br \/><strong>Facteur de forme<\/strong><br \/>Rack (2U)<br \/><strong>M\u00e9moire RAM<\/strong><br \/>4 Gb. DDR2 ECC RAM<br \/>8 emplacements (4 vide )<br \/><strong>Disque dur<\/strong><br \/>SAS 2.5\u00a0\u00bb<br \/>8 emplacements<br \/><strong>Lecteur optique<\/strong><br \/>Combo (CD-RW\/DVD)<br \/><strong>Cartes<\/strong><br \/>Graphique: intel HD Graphics<br \/>R\u00e9seau: Gigabit Ethernet<br \/><strong>Syst\u00e8me op\u00e9ratif<\/strong><br \/>&#8211; Sans SO &#8211;<br \/><strong>Ports<\/strong><br \/>S\u00e9rie<br \/>4x USB 2.0<br \/>PS2<br \/><strong>Connectivit\u00e9<\/strong><br \/>RJ-45<br \/><strong>Source de courant<\/strong><br \/>2x Alimentations (Hotplug)<br \/><strong>Dimensions<\/strong><br \/>8.5&#215;67.4&#215;44.5 cm.<br \/><strong>Poids<\/strong><br \/>22.00 Kg.<br \/><strong>Sp\u00e9cifications suppl\u00e9mentaires<\/strong><br \/>Le HP ProLiant DL380 G5 est un serveur rack 2U qui se distingue par son architecture robuste et sa fiabilit\u00e9 \u00e9prouv\u00e9e, id\u00e9al pour les infrastructures n\u00e9cessitant une stabilit\u00e9 \u00e0 long terme et une compatibilit\u00e9 avec des environnements legacy. \u00c9quip\u00e9 de processeurs Intel Xeon 5160 \u00e0 3 GHz, il offre des performances solides pour les services r\u00e9seau de base, le contr\u00f4le de domaine, les applications internes et les environnements de support.Ses 4 Go de m\u00e9moire DDR2 ECC garantissent un fonctionnement stable et prot\u00e9g\u00e9 contre les erreurs, maintenant l\u2019int\u00e9grit\u00e9 du syst\u00e8me lors d\u2019op\u00e9rations continues. Le sous-syst\u00e8me de stockage SAS 2,5\u201d, avec 8 baies disponibles, permet de configurer des solutions orient\u00e9es vers la fiabilit\u00e9 et la redondance, s\u2019adaptant \u00e0 diff\u00e9rents sc\u00e9narios d\u2019utilisation.Le contr\u00f4leur HP Smart Array P400 assure une gestion RAID professionnelle, renfor\u00e7ant la s\u00e9curit\u00e9 des donn\u00e9es et la continuit\u00e9 du service. Gr\u00e2ce \u00e0 plusieurs emplacements PCIe, le DL380 G5 offre des options d\u2019extension suffisantes pour des cartes r\u00e9seau, des contr\u00f4leurs suppl\u00e9mentaires ou des adaptations sp\u00e9cifiques \u00e0 l\u2019environnement.Un serveur con\u00e7u pour fonctionner 24\/7, particuli\u00e8rement adapt\u00e9 aux infrastructures consolid\u00e9es, aux environnements de laboratoire, aux syst\u00e8mes h\u00e9rit\u00e9s ou aux solutions techniques o\u00f9 la stabilit\u00e9 et la durabilit\u00e9 priment sur la derni\u00e8re g\u00e9n\u00e9ration de mat\u00e9riel.Bon \u00e9tat ext\u00e9rieur. Si vous avez la moindre question, appelez-nous ou utilisez notre chat pour obtenir plus d\u2019informations ou demander plus de d\u00e9tails.<br \/><strong>Commentaires<\/strong><br \/><u>HP Smart Array P400 &#8211; 2xPCIe X16 \/ 3xPCIe X4<\/u><\/p>\n","protected":false},"excerpt":{"rendered":"<p>Intel Xeon 5160 3 GHz. \u00b7 4 Gb. DDR2 ECC RAM \u00b7 8 emplacements (4 vide ) \u00b7 SAS 2.5\u00a0\u00bb \u00b7 8 emplacements \u00b7 Combo (CD-RW\/DVD) \u00b7<br \/>\n<strong>HP Smart Array P400<\/strong> &#8211; <u>2xPCIe X16 \/ 3xPCIe X4<br \/>\n<\/u> [&#8230;]<\/p>\n<p><a class=\"btn btn-secondary understrap-read-more-link\" href=\"https:\/\/digalco.com\/fr\/produit\/hp-proliant-dl380-g5-barebone-rack-reconditionne-xeon-3ghz-4-gb-ram-sas-fr-12499\/\">Lire la suite\u2026<span class=\"screen-reader-text\"> from HP ProLiant DL380 G5 Barebone Rack | Reconditionn\u00e9 | Xeon 3GHz | 4 GB RAM | SAS<\/span><\/a><\/p>\n","protected":false},"featured_media":312233,"template":"","meta":[],"product_brand":[3854],"product_cat":[3745,1641,1633],"product_tag":[],"class_list":{"0":"post-312263","1":"product","2":"type-product","3":"status-publish","4":"has-post-thumbnail","6":"product_brand-hp","7":"product_cat-barebone-fr","8":"product_cat-serveurs-rack-fr","9":"product_cat-serveurs-fr","11":"first","12":"instock","13":"taxable","14":"shipping-taxable","15":"purchasable","16":"product-type-simple"},"bundled_by":[],"bundle_stock_status":"instock","bundle_stock_quantity":4,"bundle_virtual":false,"bundle_layout":"","bundle_add_to_cart_form_location":"","bundle_editable_in_cart":false,"bundle_sold_individually_context":"","bundle_item_grouping":"","bundle_min_size":"","bundle_max_size":"","bundle_price":[],"bundled_items":[],"bundle_sell_ids":[],"exclude_global_add_ons":[],"addons":[],"df_price":84,"df_sale_price":"","df_regular_price":84,"df_image_link":"https:\/\/digalco.com\/wp-content\/uploads\/images\/product\/12499\/hp02649_01-300x225.jpg","_links":{"self":[{"href":"https:\/\/digalco.com\/fr\/wp-json\/wp\/v2\/product\/312263","targetHints":{"allow":["GET"]}}],"collection":[{"href":"https:\/\/digalco.com\/fr\/wp-json\/wp\/v2\/product"}],"about":[{"href":"https:\/\/digalco.com\/fr\/wp-json\/wp\/v2\/types\/product"}],"wp:featuredmedia":[{"embeddable":true,"href":"https:\/\/digalco.com\/fr\/wp-json\/wp\/v2\/media\/312233"}],"wp:attachment":[{"href":"https:\/\/digalco.com\/fr\/wp-json\/wp\/v2\/media?parent=312263"}],"wp:term":[{"taxonomy":"product_brand","embeddable":true,"href":"https:\/\/digalco.com\/fr\/wp-json\/wp\/v2\/product_brand?post=312263"},{"taxonomy":"product_cat","embeddable":true,"href":"https:\/\/digalco.com\/fr\/wp-json\/wp\/v2\/product_cat?post=312263"},{"taxonomy":"product_tag","embeddable":true,"href":"https:\/\/digalco.com\/fr\/wp-json\/wp\/v2\/product_tag?post=312263"}],"curies":[{"name":"wp","href":"https:\/\/api.w.org\/{rel}","templated":true}]}}