{"id":312917,"date":"2026-02-24T11:30:47","date_gmt":"2026-02-24T10:30:47","guid":{"rendered":"https:\/\/digalco.com\/tienda\/panasonic-thoughbook-cf-33-12-faute-core-i5-26ghz-8-gb-ram-512-gb-ssd-2160x1400-fr-14412\/"},"modified":"2026-02-24T11:31:07","modified_gmt":"2026-02-24T10:31:07","slug":"panasonic-thoughbook-cf-33-12-faute-core-i5-26ghz-8-gb-ram-512-gb-ssd-2160x1400-fr-14412","status":"publish","type":"product","link":"https:\/\/digalco.com\/fr\/produit\/panasonic-thoughbook-cf-33-12-faute-core-i5-26ghz-8-gb-ram-512-gb-ssd-2160x1400-fr-14412\/","title":{"rendered":"Panasonic ThoughBook CF-33 12\u00a0\u00bb | Faute | Core i5 2.6GHz | 8 GB RAM | 512 GB SSD 2160&#215;1400"},"content":{"rendered":"<p><strong>Processeur<\/strong><br \/>Intel Core i5 7300U 2.6 GHz.<br \/><strong>M\u00e9moire RAM<\/strong><br \/>8 Gb. SO-DDR3 RAM<br \/><strong>Disque dur<\/strong><br \/>512 Gb. SSD<br \/><strong>Cartes<\/strong><br \/>Graphique: Intel HD Graphics 620<br \/>Son: Realtek High Definition Audio<br \/>R\u00e9seau: Intel Ethernet Connection I219-LM<br \/><strong>Syst\u00e8me op\u00e9ratif<\/strong><br \/>Windows 10 Pro<br \/><strong>Ports<\/strong><br \/>2x S\u00e9rie<br \/>USB 2.0<br \/>3x USB 3.0<br \/><strong>\u00c9cran<\/strong><br \/>Tactile 12 \u00a0\u00bb FullHD 16:9  \u00b7 R\u00e9solution 2160&#215;1400<br \/><strong>Ports vid\u00e9o<\/strong><br \/>VGA<br \/>2x HDMI<br \/><strong>Multim\u00e9dias<\/strong><br \/>Webcam<br \/>Lecteur SD<br \/>Lecteur carte d&rsquo;identit\u00e9<br \/>Cam\u00e9ra arri\u00e8re<br \/>Cam\u00e9ra frontale<br \/><strong>Connectivit\u00e9<\/strong><br \/>2x RJ-45<br \/>WIFI<br \/>Bluetooth<br \/>4G<br \/><strong>Notebook sp\u00e9cifique<\/strong><br \/>Langue du clavier International (autocollants espagnols)<br \/><strong>Autres<\/strong><br \/>hR emballage<br \/><strong>Dimensions<\/strong><br \/>30&#215;31.5&#215;5.5 cm.<br \/><strong>Poids<\/strong><br \/>2.80 Kg.<br \/><strong>Commentaires<\/strong><br \/><u>Les cam\u00e9ras ne fonctionnent pas. Il s&rsquo;agit d&rsquo;un d\u00e9faut\u00a0: elles fonctionnent, mais la qualit\u00e9 d&rsquo;image est m\u00e9diocre. C&rsquo;est le seul probl\u00e8me rencontr\u00e9 avec cet appareil renforc\u00e9. Toutes les autres fonctions sont op\u00e9rationnelles. Pour toute question, veuillez nous appeler ou utiliser notre chat pour obtenir plus d&rsquo;informations ou demander des pr\u00e9cisions.<\/u><\/p>\n","protected":false},"excerpt":{"rendered":"<p>Intel Core i5 7300U 2.6 GHz. \u00b7 8 Gb. SO-DDR3 RAM \u00b7<strong>2xPiles \u00b7 Stylet inclus<\/strong>\u00b7<u>Les webcams ne fonctionnent pas<\/u> [&#8230;]<\/p>\n<p><a class=\"btn btn-secondary understrap-read-more-link\" href=\"https:\/\/digalco.com\/fr\/produit\/panasonic-thoughbook-cf-33-12-faute-core-i5-26ghz-8-gb-ram-512-gb-ssd-2160x1400-fr-14412\/\">Lire la suite\u2026<span class=\"screen-reader-text\"> from Panasonic ThoughBook CF-33 12\u00a0\u00bb | Faute | Core i5 2.6GHz | 8 GB RAM | 512 GB SSD 2160&#215;1400<\/span><\/a><\/p>\n","protected":false},"featured_media":312827,"template":"","meta":[],"product_brand":[3873],"product_cat":[3110,1581,1593,3696],"product_tag":[],"class_list":{"0":"post-312917","1":"product","2":"type-product","3":"status-publish","4":"has-post-thumbnail","6":"product_brand-panasonic","7":"product_cat-tablettes-ruggerized-fr","8":"product_cat-tablettes-fr","9":"product_cat-ruggerized-fr","10":"product_cat-ruggerized-tablettes-fr","12":"first","13":"outofstock","14":"taxable","15":"shipping-taxable","16":"purchasable","17":"product-type-simple"},"bundled_by":[],"bundle_stock_status":"outofstock","bundle_stock_quantity":0,"bundle_virtual":false,"bundle_layout":"","bundle_add_to_cart_form_location":"","bundle_editable_in_cart":false,"bundle_sold_individually_context":"","bundle_item_grouping":"","bundle_min_size":"","bundle_max_size":"","bundle_price":[],"bundled_items":[],"bundle_sell_ids":[],"exclude_global_add_ons":true,"addons":{"keyboard-iso-upgrades":{"name":"Choisir langue du clavier","type":"multiple_choice","position":0,"required":false,"title_format":"heading","default":"","description_enable":false,"description":"","placeholder_enable":false,"placeholder":"","display":"radiobutton","restrictions_type":"any_text","adjust_price":false,"price":"","price_type":"quantity_based","restrictions":false,"min":"0","max":"0","options":[{"label":"Autocollants espagnols [AMP00082]","price":"0.0000","price_type":"quantity_based","image":0,"visibility":true},{"label":"Autocollants fran\u00e7ais [AMP00084]","price":"0.0000","price_type":"quantity_based","image":0,"visibility":true},{"label":"Autocollants portugais [AMP00083]","price":"0.0000","price_type":"quantity_based","image":0,"visibility":true}]},"os-upgrades":{"name":"Expansion SO","type":"multiple_choice","position":0,"required":false,"title_format":"heading","default":"","description_enable":false,"description":"","placeholder_enable":false,"placeholder":"","display":"radiobutton","restrictions_type":"any_text","adjust_price":false,"price":"","price_type":"quantity_based","restrictions":false,"min":"0","max":"0","options":[{"label":"Changer la langue en fran\u00e7ais [AMP00125]","price":"0.0000","price_type":"quantity_based","image":0,"visibility":true},{"label":"Changer la langue en anglais [AMP00008]","price":"0.0000","price_type":"quantity_based","image":0,"visibility":true},{"label":"Changer la langue en portugais [AMP00009]","price":"0.0000","price_type":"quantity_based","image":0,"visibility":true}]},"briefcase-upgrades":{"name":"Porte-documents","type":"multiple_choice","position":0,"required":false,"title_format":"heading","default":"","description_enable":false,"description":"","placeholder_enable":false,"placeholder":"","display":"radiobutton","restrictions_type":"any_text","adjust_price":false,"price":"","price_type":"quantity_based","restrictions":false,"min":"0","max":"0","options":[{"label":"Mallette Notebook [AMP00041]","price":"5.0000","price_type":"quantity_based","image":0,"visibility":true}]}},"df_price":458,"df_sale_price":"","df_regular_price":458,"df_image_link":"https:\/\/digalco.com\/wp-content\/uploads\/images\/product\/14412\/pana00083tr01_01-300x225.jpg","_links":{"self":[{"href":"https:\/\/digalco.com\/fr\/wp-json\/wp\/v2\/product\/312917","targetHints":{"allow":["GET"]}}],"collection":[{"href":"https:\/\/digalco.com\/fr\/wp-json\/wp\/v2\/product"}],"about":[{"href":"https:\/\/digalco.com\/fr\/wp-json\/wp\/v2\/types\/product"}],"wp:featuredmedia":[{"embeddable":true,"href":"https:\/\/digalco.com\/fr\/wp-json\/wp\/v2\/media\/312827"}],"wp:attachment":[{"href":"https:\/\/digalco.com\/fr\/wp-json\/wp\/v2\/media?parent=312917"}],"wp:term":[{"taxonomy":"product_brand","embeddable":true,"href":"https:\/\/digalco.com\/fr\/wp-json\/wp\/v2\/product_brand?post=312917"},{"taxonomy":"product_cat","embeddable":true,"href":"https:\/\/digalco.com\/fr\/wp-json\/wp\/v2\/product_cat?post=312917"},{"taxonomy":"product_tag","embeddable":true,"href":"https:\/\/digalco.com\/fr\/wp-json\/wp\/v2\/product_tag?post=312917"}],"curies":[{"name":"wp","href":"https:\/\/api.w.org\/{rel}","templated":true}]}}