{"id":317115,"date":"2026-03-03T13:10:45","date_gmt":"2026-03-03T12:10:45","guid":{"rendered":"https:\/\/digalco.com\/tienda\/hp-e190i-19-ips-54-faute-1280x1024-fr-14789\/"},"modified":"2026-03-03T13:12:24","modified_gmt":"2026-03-03T12:12:24","slug":"hp-e190i-19-ips-54-faute-1280x1024-fr-14789","status":"publish","type":"product","link":"https:\/\/digalco.com\/fr\/produit\/hp-e190i-19-ips-54-faute-1280x1024-fr-14789\/","title":{"rendered":"HP E190i 19\u00a0\u00bb IPS 5:4 | Faute | 1280&#215;1024"},"content":{"rendered":"<p><strong>\u00c9cran<\/strong><br \/>IPS 19 \u00a0\u00bb HD 5:4  \u00b7 R\u00e9solution 1280&#215;1024<br \/>Dot pitch 0.292 mm<br \/>R\u00e9ponse 8 ms<br \/>Contraste 1000:1<br \/>Luminosit\u00e9 250 cd\/m2<br \/>Angle vision 178\u00b0v\/178\u00b0h<br \/><strong>Ports vid\u00e9o<\/strong><br \/>VGA<br \/>Display Port<br \/>DVI<br \/><strong>Affichage sp\u00e9cifique<\/strong><br \/>Stand VESA<br \/>Base<br \/>R\u00e9glable en hauteur<br \/><strong>Autres<\/strong><br \/>hR emballage<br \/><strong>Dimensions<\/strong><br \/>36.5x42x19 cm.<br \/><strong>Poids<\/strong><br \/>4.50 Kg.<br \/><strong>Commentaires<\/strong><br \/><u>Fissure dans le bo\u00eetier. Il s&rsquo;agit d&rsquo;une fissure dans la partie sup\u00e9rieure du bo\u00eetier, plus pr\u00e9cis\u00e9ment dans le plastique du cadre de l&rsquo;\u00e9cran. Cela n&rsquo;affecte en rien le fonctionnement du moniteur\u00a0; c&rsquo;est un d\u00e9faut purement esth\u00e9tique. Toutes les autres fonctions sont op\u00e9rationnelles. Voir \u00ab\u00a0+ Photos\u00a0\u00bb. Pour toute question, n&rsquo;h\u00e9sitez pas \u00e0 nous appeler ou \u00e0 utiliser notre chat pour obtenir plus d&rsquo;informations ou demander des pr\u00e9cisions.<\/u><\/p>\n","protected":false},"excerpt":{"rendered":"<p>IPS 19 \u00a0\u00bb HD 5:4 \u00b7 R\u00e9solution 1280&#215;1024 \u00b7<u>Fissure dans la partie sup\u00e9rieure du bo\u00eetier (Voir dans \u00ab + Photos \u00bb)<\/u> [&#8230;]<\/p>\n<p><a class=\"btn btn-secondary understrap-read-more-link\" href=\"https:\/\/digalco.com\/fr\/produit\/hp-e190i-19-ips-54-faute-1280x1024-fr-14789\/\">Lire la suite\u2026<span class=\"screen-reader-text\"> from HP E190i 19\u00a0\u00bb IPS 5:4 | Faute | 1280&#215;1024<\/span><\/a><\/p>\n","protected":false},"featured_media":317010,"template":"","meta":[],"product_brand":[3854],"product_cat":[1509,1873,1877,1493],"product_tag":[],"class_list":{"0":"post-317115","1":"product","2":"type-product","3":"status-publish","4":"has-post-thumbnail","6":"product_brand-hp","7":"product_cat-moniteurs-avec-des-defauts-fr","8":"product_cat-avec-des-defauts-fr","9":"product_cat-avec-des-defauts-moniteurs-fr","10":"product_cat-moniteurs-fr","12":"first","13":"instock","14":"taxable","15":"shipping-taxable","16":"purchasable","17":"product-type-simple"},"bundled_by":[],"bundle_stock_status":"instock","bundle_stock_quantity":1,"bundle_virtual":false,"bundle_layout":"","bundle_add_to_cart_form_location":"","bundle_editable_in_cart":false,"bundle_sold_individually_context":"","bundle_item_grouping":"","bundle_min_size":"","bundle_max_size":"","bundle_price":[],"bundled_items":[],"bundle_sell_ids":[],"exclude_global_add_ons":[],"addons":[],"df_price":24,"df_sale_price":"","df_regular_price":24,"df_image_link":"https:\/\/digalco.com\/wp-content\/uploads\/images\/product\/14789\/hp00670tr02_01-300x225.jpg","_links":{"self":[{"href":"https:\/\/digalco.com\/fr\/wp-json\/wp\/v2\/product\/317115","targetHints":{"allow":["GET"]}}],"collection":[{"href":"https:\/\/digalco.com\/fr\/wp-json\/wp\/v2\/product"}],"about":[{"href":"https:\/\/digalco.com\/fr\/wp-json\/wp\/v2\/types\/product"}],"wp:featuredmedia":[{"embeddable":true,"href":"https:\/\/digalco.com\/fr\/wp-json\/wp\/v2\/media\/317010"}],"wp:attachment":[{"href":"https:\/\/digalco.com\/fr\/wp-json\/wp\/v2\/media?parent=317115"}],"wp:term":[{"taxonomy":"product_brand","embeddable":true,"href":"https:\/\/digalco.com\/fr\/wp-json\/wp\/v2\/product_brand?post=317115"},{"taxonomy":"product_cat","embeddable":true,"href":"https:\/\/digalco.com\/fr\/wp-json\/wp\/v2\/product_cat?post=317115"},{"taxonomy":"product_tag","embeddable":true,"href":"https:\/\/digalco.com\/fr\/wp-json\/wp\/v2\/product_tag?post=317115"}],"curies":[{"name":"wp","href":"https:\/\/api.w.org\/{rel}","templated":true}]}}