{"id":318628,"date":"2026-03-06T12:30:11","date_gmt":"2026-03-06T11:30:11","guid":{"rendered":"https:\/\/digalco.com\/tienda\/telephonie-lenovo-wired-voip-headset-scwh18-nuevo-reconditionne-fr-14796\/"},"modified":"2026-03-06T12:30:37","modified_gmt":"2026-03-06T11:30:37","slug":"telephonie-lenovo-wired-voip-headset-scwh18-nuevo-reconditionne-fr-14796","status":"publish","type":"product","link":"https:\/\/digalco.com\/fr\/produit\/telephonie-lenovo-wired-voip-headset-scwh18-nuevo-reconditionne-fr-14796\/","title":{"rendered":"T\u00e9l\u00e9phonie Lenovo Wired VoIP Headset SCWH18-NUEVO | Reconditionn\u00e9"},"content":{"rendered":"<p><strong>Audio<\/strong><br \/>Conception: Supra-auriculaire (arceau r\u00e9glable)<br \/>Haut-parleur: \u00d8 32 mm<br \/>\u00e9ponse en fr\u00e9quence: 20 Hz \u2013 20 kHz<br \/>Codecs: EPOS ActiveGard\u00ae,<br \/>limiteur de bruit UE<br \/>Sensibilit\u00e9: 86 dB SPL \u00e0 1 mW \u2013 1 kHz<br \/><strong>Microphone<\/strong><br \/>Type: Microphone unidirectionnel<br \/>Conception: Perche sur arceau<br \/>Perche rotative: Oui (ambidextre)<br \/>Sensibilit\u00e9: -40 dBV\/Pa \u00e0 1 kHz<br \/>R\u00e9ponse en fr\u00e9quence: 100 Hz \u2013 8 kHz<br \/><strong>G\u00e9n\u00e9ral<\/strong><br \/>Connectivit\u00e9: C\u00e2ble USB-C int\u00e9gr\u00e9 (2 m)<br \/>Commandes:<\/p>\n<p>Bo\u00eetier de commande (sur le c\u00e2ble)<br \/>Voyants: Activation\/d\u00e9sactivation du microphone<br \/>Notifications Teams (messages et appels)<br \/><strong>Certifications:<\/strong><br \/>Certifi\u00e9 Microsoft Teams<br \/>Boutons de volume: +\/-<br \/>Teams: Oui<br \/>Microphone: Activation\/D\u00e9sactivation du micro<br \/><strong>Autres<\/strong><br \/>Dimensions (bo\u00eete): 192 x 227 x 75 mm<br \/>Poids (article): 140 g<br \/>Poids (bo\u00eete): 405 g<br \/>Couleur: Noir<\/p>\n","protected":false},"excerpt":{"rendered":"<p>Casque st\u00e9r\u00e9o pour VoIP avec connexion USB\/USB-C \u00b7 <strong>Produit neuf dans son emballage d&rsquo;origine<\/strong> [&#8230;]<\/p>\n<p><a class=\"btn btn-secondary understrap-read-more-link\" href=\"https:\/\/digalco.com\/fr\/produit\/telephonie-lenovo-wired-voip-headset-scwh18-nuevo-reconditionne-fr-14796\/\">Lire la suite\u2026<span class=\"screen-reader-text\"> from T\u00e9l\u00e9phonie Lenovo Wired VoIP Headset SCWH18-NUEVO | Reconditionn\u00e9<\/span><\/a><\/p>\n","protected":false},"featured_media":318493,"template":"","meta":[],"product_brand":[3856],"product_cat":[1911,1665,1793,3799],"product_tag":[],"class_list":{"0":"post-318628","1":"product","2":"type-product","3":"status-publish","4":"has-post-thumbnail","6":"product_brand-lenovo","7":"product_cat-composants-fr","8":"product_cat-networking-fr","9":"product_cat-composants-son-fr","10":"product_cat-networking-telephonie-ip-fr","12":"first","13":"instock","14":"taxable","15":"shipping-taxable","16":"purchasable","17":"product-type-simple"},"bundled_by":[],"bundle_stock_status":"instock","bundle_stock_quantity":10,"bundle_virtual":false,"bundle_layout":"","bundle_add_to_cart_form_location":"","bundle_editable_in_cart":false,"bundle_sold_individually_context":"","bundle_item_grouping":"","bundle_min_size":"","bundle_max_size":"","bundle_price":[],"bundled_items":[],"bundle_sell_ids":[],"exclude_global_add_ons":[],"addons":[],"df_price":66,"df_sale_price":"","df_regular_price":66,"df_image_link":"https:\/\/digalco.com\/wp-content\/uploads\/images\/product\/14796\/leno01151_01-300x225.jpg","_links":{"self":[{"href":"https:\/\/digalco.com\/fr\/wp-json\/wp\/v2\/product\/318628","targetHints":{"allow":["GET"]}}],"collection":[{"href":"https:\/\/digalco.com\/fr\/wp-json\/wp\/v2\/product"}],"about":[{"href":"https:\/\/digalco.com\/fr\/wp-json\/wp\/v2\/types\/product"}],"wp:featuredmedia":[{"embeddable":true,"href":"https:\/\/digalco.com\/fr\/wp-json\/wp\/v2\/media\/318493"}],"wp:attachment":[{"href":"https:\/\/digalco.com\/fr\/wp-json\/wp\/v2\/media?parent=318628"}],"wp:term":[{"taxonomy":"product_brand","embeddable":true,"href":"https:\/\/digalco.com\/fr\/wp-json\/wp\/v2\/product_brand?post=318628"},{"taxonomy":"product_cat","embeddable":true,"href":"https:\/\/digalco.com\/fr\/wp-json\/wp\/v2\/product_cat?post=318628"},{"taxonomy":"product_tag","embeddable":true,"href":"https:\/\/digalco.com\/fr\/wp-json\/wp\/v2\/product_tag?post=318628"}],"curies":[{"name":"wp","href":"https:\/\/api.w.org\/{rel}","templated":true}]}}