{"id":320048,"date":"2026-03-09T13:11:21","date_gmt":"2026-03-09T12:11:21","guid":{"rendered":"https:\/\/digalco.com\/tienda\/router-d-link-dwr-730-router-wi-fi-3g-reconditionne-fr-14105\/"},"modified":"2026-03-09T13:11:33","modified_gmt":"2026-03-09T12:11:33","slug":"router-d-link-dwr-730-router-wi-fi-3g-reconditionne-fr-14105","status":"publish","type":"product","link":"https:\/\/digalco.com\/fr\/produit\/router-d-link-dwr-730-router-wi-fi-3g-reconditionne-fr-14105\/","title":{"rendered":"Router D-Link DWR-730 Router Wi-Fi 3G | Reconditionn\u00e9"},"content":{"rendered":"<p><strong>G\u00e9n\u00e9rale imprimante<\/strong><br \/>Router<br \/><strong>Autres<\/strong><br \/>hR emballage<br \/><strong>Dimensions<\/strong><br \/>9x5x1.2 cm.<br \/><strong>Poids<\/strong><br \/>1.00 Kg.<br \/><strong>Sp\u00e9cifications suppl\u00e9mentaires<\/strong><br \/><strong>Connectivit\u00e9 mobile :<\/strong>Support des r\u00e9seaux 3G : HSPA+, HSUPA, HSDPA, EDGE, GPRS, GSMBandes UMTS (3G) : 850 \/ 900 \/ 1900 \/ 2100 MHzBandes GSM : 850 \/ 900 \/ 1800 \/ 1900 MHzSIM : 1 emplacement pour carte SIM standard<strong>Wi\u2011Fi sans fil :<\/strong>Normes : IEEE 802.11b\/g\/nVitesse maximale sans fil : jusqu\u2019\u00e0 150\u202fMbps (2,4\u202fGHz)Technologie : Wi\u2011Fi N r\u00e9trocompatible b\/g<strong>S\u00e9curit\u00e9 et fonctionnalit\u00e9s r\u00e9seau :<\/strong>Chiffrement Wi\u2011Fi : WEP 64\/128\u2011bit, WPA-PSK, WPA2-PSKPrend en charge WPS (Wi\u2011Fi Protected Setup)Pare-feu int\u00e9gr\u00e9 et NAT (Network Address Translation)UPnP pour une connectivit\u00e9 simplifi\u00e9e<strong>Stockage et services :<\/strong>Emplacement microSD jusqu\u2019\u00e0 32\u202fGB (pour partage de fichiers via le r\u00e9seau)Prend en charge le service SMS (messages courts)<strong>Alimentation et batterie :<\/strong>Batterie rechargeable Li\u2011Ion 1500\u202fmAhAutonomie approximative : 4\u202f\u2013\u202f6\u202fh d\u2019utilisation continueAlimentation : Micro-USB DC 5\u202fV \/ 1\u202fA<strong>Indicateurs et interfaces :<\/strong>LED d\u2019\u00e9tat : signal r\u00e9seau, Wi\u2011Fi, batterie et SMSInterface physique : Port micro-USB et lecteur microSD<strong>Dimensions et poids :<\/strong>Taille compacte : 90\u202f\u00d7\u202f50\u202f\u00d7\u202f12\u202fmmPoids : \u2248\u202f77\u202fg<br \/><strong>Commentaires<\/strong><br \/><u>Routeur portable 3G de type MiFi qui permet de partager une connexion Internet mobile via Wi-Fi jusqu&rsquo;\u00e0 150 Mbps. Son design compact avec batterie int\u00e9gr\u00e9e en fait une solution id\u00e9ale pour avoir une connexion en d\u00e9placement, dans des bureaux temporaires ou dans des lieux sans r\u00e9seau fixe.<\/u><\/p>\n","protected":false},"excerpt":{"rendered":"<p>Router \u00b7 <u>Routeur portable 3G de type MiFi qui permet de partager une connexion Internet mobile via Wi-Fi jusqu&rsquo;\u00e0 150 Mbps. Son design compact avec batterie int\u00e9gr\u00e9e en fait une solution id\u00e9ale pour avoir une connexion en d\u00e9placement, dans des bureaux temporaires ou dans des lieux sans r\u00e9seau fixe.<\/u> [&#8230;]<\/p>\n<p><a class=\"btn btn-secondary understrap-read-more-link\" href=\"https:\/\/digalco.com\/fr\/produit\/router-d-link-dwr-730-router-wi-fi-3g-reconditionne-fr-14105\/\">Lire la suite\u2026<span class=\"screen-reader-text\"> from Router D-Link DWR-730 Router Wi-Fi 3G | Reconditionn\u00e9<\/span><\/a><\/p>\n","protected":false},"featured_media":320003,"template":"","meta":[],"product_brand":[3935],"product_cat":[1665,3791,3795],"product_tag":[],"class_list":{"0":"post-320048","1":"product","2":"type-product","3":"status-publish","4":"has-post-thumbnail","6":"product_brand-d-link","7":"product_cat-networking-fr","8":"product_cat-networking-routers-fr","9":"product_cat-networking-wireless-fr","11":"first","12":"instock","13":"taxable","14":"shipping-taxable","15":"purchasable","16":"product-type-simple"},"bundled_by":[],"bundle_stock_status":"instock","bundle_stock_quantity":4,"bundle_virtual":false,"bundle_layout":"","bundle_add_to_cart_form_location":"","bundle_editable_in_cart":false,"bundle_sold_individually_context":"","bundle_item_grouping":"","bundle_min_size":"","bundle_max_size":"","bundle_price":[],"bundled_items":[],"bundle_sell_ids":[],"exclude_global_add_ons":[],"addons":[],"df_price":30,"df_sale_price":"","df_regular_price":30,"df_image_link":"https:\/\/digalco.com\/wp-content\/uploads\/images\/product\/14105\/dlin00011_01-300x225.jpg","_links":{"self":[{"href":"https:\/\/digalco.com\/fr\/wp-json\/wp\/v2\/product\/320048","targetHints":{"allow":["GET"]}}],"collection":[{"href":"https:\/\/digalco.com\/fr\/wp-json\/wp\/v2\/product"}],"about":[{"href":"https:\/\/digalco.com\/fr\/wp-json\/wp\/v2\/types\/product"}],"wp:featuredmedia":[{"embeddable":true,"href":"https:\/\/digalco.com\/fr\/wp-json\/wp\/v2\/media\/320003"}],"wp:attachment":[{"href":"https:\/\/digalco.com\/fr\/wp-json\/wp\/v2\/media?parent=320048"}],"wp:term":[{"taxonomy":"product_brand","embeddable":true,"href":"https:\/\/digalco.com\/fr\/wp-json\/wp\/v2\/product_brand?post=320048"},{"taxonomy":"product_cat","embeddable":true,"href":"https:\/\/digalco.com\/fr\/wp-json\/wp\/v2\/product_cat?post=320048"},{"taxonomy":"product_tag","embeddable":true,"href":"https:\/\/digalco.com\/fr\/wp-json\/wp\/v2\/product_tag?post=320048"}],"curies":[{"name":"wp","href":"https:\/\/api.w.org\/{rel}","templated":true}]}}