{"id":320218,"date":"2026-03-10T09:45:35","date_gmt":"2026-03-10T08:45:35","guid":{"rendered":"https:\/\/digalco.com\/tienda\/siemens-openstage-key-module-60-reconditionne-fr-14114\/"},"modified":"2026-03-10T09:51:18","modified_gmt":"2026-03-10T08:51:18","slug":"siemens-openstage-key-module-60-reconditionne-fr-14114","status":"publish","type":"product","link":"https:\/\/digalco.com\/fr\/produit\/siemens-openstage-key-module-60-reconditionne-fr-14114\/","title":{"rendered":"Siemens OpenStage Key Module 60 | Reconditionn\u00e9"},"content":{"rendered":"<p><strong>Autres<\/strong><br \/>hR emballage<br \/><strong>Dimensions<\/strong><br \/>24&#215;20.5&#215;5.5 cm.<br \/><strong>Poids<\/strong><br \/>1.00 Kg.<br \/><strong>Sp\u00e9cifications suppl\u00e9mentaires<\/strong><br \/>Enti\u00e8rement compatible avec les installations Siemens et Unify12 touches de raccourci suppl\u00e9mentairesTouches sensibles avec indicateur lumineux pour indiquer les fonctions activ\u00e9es.Indicateurs LED bleusMarquage des touches via \u00e9cran LCD2 modules maximum par positionCompatible avec les lignes fixes num\u00e9riques OpenStage 60<br \/><strong>Commentaires<\/strong><br \/><u>Compatible Siemens et Unify &#8211; 12 touches de raccourci &#8211; Touches sensibles avec voyant lumineux &#8211; Indicateurs LED bleus &#8211; Marquage des touches via \u00e9cran &#8211; Produit Neuf Non Scell\u00e9<\/u><\/p>\n","protected":false},"excerpt":{"rendered":"<p>Compatible Siemens et Unify &#8211; 12 touches de raccourci &#8211; Touches sensibles avec voyant lumineux &#8211; Indicateurs LED bleus &#8211; Marquage des touches via \u00e9cran &#8211; <strong>Produit Neuf Non Scell\u00e9<\/strong> [&#8230;]<\/p>\n<p><a class=\"btn btn-secondary understrap-read-more-link\" href=\"https:\/\/digalco.com\/fr\/produit\/siemens-openstage-key-module-60-reconditionne-fr-14114\/\">Lire la suite\u2026<span class=\"screen-reader-text\"> from Siemens OpenStage Key Module 60 | Reconditionn\u00e9<\/span><\/a><\/p>\n","protected":false},"featured_media":320173,"template":"","meta":[],"product_brand":[4063],"product_cat":[1665,1733,3799],"product_tag":[],"class_list":{"0":"post-320218","1":"product","2":"type-product","3":"status-publish","4":"has-post-thumbnail","6":"product_brand-siemens","7":"product_cat-networking-fr","8":"product_cat-telephonie-fr","9":"product_cat-networking-telephonie-ip-fr","11":"first","12":"instock","13":"taxable","14":"shipping-taxable","15":"purchasable","16":"product-type-simple"},"bundled_by":[],"bundle_stock_status":"instock","bundle_stock_quantity":1,"bundle_virtual":false,"bundle_layout":"","bundle_add_to_cart_form_location":"","bundle_editable_in_cart":false,"bundle_sold_individually_context":"","bundle_item_grouping":"","bundle_min_size":"","bundle_max_size":"","bundle_price":[],"bundled_items":[],"bundle_sell_ids":[],"exclude_global_add_ons":[],"addons":[],"df_price":35,"df_sale_price":"","df_regular_price":35,"df_image_link":"https:\/\/digalco.com\/wp-content\/uploads\/images\/product\/14114\/siem00002_01-300x225.jpg","_links":{"self":[{"href":"https:\/\/digalco.com\/fr\/wp-json\/wp\/v2\/product\/320218","targetHints":{"allow":["GET"]}}],"collection":[{"href":"https:\/\/digalco.com\/fr\/wp-json\/wp\/v2\/product"}],"about":[{"href":"https:\/\/digalco.com\/fr\/wp-json\/wp\/v2\/types\/product"}],"wp:featuredmedia":[{"embeddable":true,"href":"https:\/\/digalco.com\/fr\/wp-json\/wp\/v2\/media\/320173"}],"wp:attachment":[{"href":"https:\/\/digalco.com\/fr\/wp-json\/wp\/v2\/media?parent=320218"}],"wp:term":[{"taxonomy":"product_brand","embeddable":true,"href":"https:\/\/digalco.com\/fr\/wp-json\/wp\/v2\/product_brand?post=320218"},{"taxonomy":"product_cat","embeddable":true,"href":"https:\/\/digalco.com\/fr\/wp-json\/wp\/v2\/product_cat?post=320218"},{"taxonomy":"product_tag","embeddable":true,"href":"https:\/\/digalco.com\/fr\/wp-json\/wp\/v2\/product_tag?post=320218"}],"curies":[{"name":"wp","href":"https:\/\/api.w.org\/{rel}","templated":true}]}}