{"id":320453,"date":"2026-03-10T11:37:38","date_gmt":"2026-03-10T10:37:38","guid":{"rendered":"https:\/\/digalco.com\/tienda\/grandstream-gxp2140-reconditionne-fr-14112\/"},"modified":"2026-03-10T11:37:47","modified_gmt":"2026-03-10T10:37:47","slug":"grandstream-gxp2140-reconditionne-fr-14112","status":"publish","type":"product","link":"https:\/\/digalco.com\/fr\/produit\/grandstream-gxp2140-reconditionne-fr-14112\/","title":{"rendered":"Grandstream GXP2140 | Reconditionn\u00e9"},"content":{"rendered":"<p>4 comptes SIP.<br \/>\u00c9cran LCD 4,3&Prime;.<br \/>Ports Ethernet 2 Go, PoE<br \/>Bluetooth<br \/>5 touches XML programmables et contextuelles<br \/>Conf\u00e9rence vocale \u00e0 5 voies<br \/>Qualit\u00e9 sonore HD<br \/>Compatible avec le module d&rsquo;extension GXP2200<\/p>\n","protected":false},"excerpt":{"rendered":"<p>4 comptes SIP &#8211; \u00c9cran LCD 4,3\u00a0\u00bb &#8211; 2 ports Ethernet Gigabit &#8211; PoE &#8211; Bluetooth &#8211; 5 touches XML programmables &#8211; Conf\u00e9rence vocale \u00e0 5 participants &#8211; Qualit\u00e9 sonore HD &#8211; Compatible avec le module d&rsquo;extension GXP2200 &#8211; <strong>Produit neuf, non scell\u00e9<\/strong> [&#8230;]<\/p>\n<p><a class=\"btn btn-secondary understrap-read-more-link\" href=\"https:\/\/digalco.com\/fr\/produit\/grandstream-gxp2140-reconditionne-fr-14112\/\">Lire la suite\u2026<span class=\"screen-reader-text\"> from Grandstream GXP2140 | Reconditionn\u00e9<\/span><\/a><\/p>\n","protected":false},"featured_media":320423,"template":"","meta":[],"product_brand":[4062],"product_cat":[1665,3799],"product_tag":[],"class_list":{"0":"post-320453","1":"product","2":"type-product","3":"status-publish","4":"has-post-thumbnail","6":"product_brand-grandstream","7":"product_cat-networking-fr","8":"product_cat-networking-telephonie-ip-fr","10":"first","11":"instock","12":"taxable","13":"shipping-taxable","14":"purchasable","15":"product-type-simple"},"bundled_by":[],"bundle_stock_status":"instock","bundle_stock_quantity":1,"bundle_virtual":false,"bundle_layout":"","bundle_add_to_cart_form_location":"","bundle_editable_in_cart":false,"bundle_sold_individually_context":"","bundle_item_grouping":"","bundle_min_size":"","bundle_max_size":"","bundle_price":[],"bundled_items":[],"bundle_sell_ids":[],"exclude_global_add_ons":[],"addons":[],"df_price":108,"df_sale_price":"","df_regular_price":108,"df_image_link":"https:\/\/digalco.com\/wp-content\/uploads\/images\/product\/14112\/gran00002_01-300x225.jpg","_links":{"self":[{"href":"https:\/\/digalco.com\/fr\/wp-json\/wp\/v2\/product\/320453","targetHints":{"allow":["GET"]}}],"collection":[{"href":"https:\/\/digalco.com\/fr\/wp-json\/wp\/v2\/product"}],"about":[{"href":"https:\/\/digalco.com\/fr\/wp-json\/wp\/v2\/types\/product"}],"wp:featuredmedia":[{"embeddable":true,"href":"https:\/\/digalco.com\/fr\/wp-json\/wp\/v2\/media\/320423"}],"wp:attachment":[{"href":"https:\/\/digalco.com\/fr\/wp-json\/wp\/v2\/media?parent=320453"}],"wp:term":[{"taxonomy":"product_brand","embeddable":true,"href":"https:\/\/digalco.com\/fr\/wp-json\/wp\/v2\/product_brand?post=320453"},{"taxonomy":"product_cat","embeddable":true,"href":"https:\/\/digalco.com\/fr\/wp-json\/wp\/v2\/product_cat?post=320453"},{"taxonomy":"product_tag","embeddable":true,"href":"https:\/\/digalco.com\/fr\/wp-json\/wp\/v2\/product_tag?post=320453"}],"curies":[{"name":"wp","href":"https:\/\/api.w.org\/{rel}","templated":true}]}}