{"id":320509,"date":"2026-03-10T12:02:14","date_gmt":"2026-03-10T11:02:14","guid":{"rendered":"https:\/\/digalco.com\/tienda\/point-dacces-siemens-openstage-60-g-sip-impecable-reconditionne-fr-14110\/"},"modified":"2026-03-10T12:02:24","modified_gmt":"2026-03-10T11:02:24","slug":"point-dacces-siemens-openstage-60-g-sip-impecable-reconditionne-fr-14110","status":"publish","type":"product","link":"https:\/\/digalco.com\/fr\/produit\/point-dacces-siemens-openstage-60-g-sip-impecable-reconditionne-fr-14110\/","title":{"rendered":"Point d&rsquo;acc\u00e8s Siemens OpenStage 60 G SIP-Impecable | Reconditionn\u00e9"},"content":{"rendered":"<p><strong>G\u00e9n\u00e9rale imprimante<\/strong><br \/>Point d&rsquo;acc\u00e8s<br \/><strong>Dimensions<\/strong><br \/>22.5&#215;30.5&#215;9 cm.<br \/><strong>Poids<\/strong><br \/>1.00 Kg.<br \/><strong>Sp\u00e9cifications suppl\u00e9mentaires<\/strong><br \/>Terminal SIP d\u00e9verrouill\u00e92 ports Ethernet 10Base-T\/100Base-TX (OpenStage 60G : port Ethernet 1 000 Mbps)Alimentation PoEPrise en charge des modules d\u2019extension de clavierInterface Web intuitive pour la configurationGestion \u00e0 distanceBluetooth 2.0Codecs vocaux pris en charge : G.722 (large bande), G.729ab, G.711u, G.711aSuppression d\u2019\u00e9cho sur le combin\u00e9Touche de navigation \u00e0 5 directions (Touchguide)6 touches de fonction fixes avec 6 LED bleues8 touches programmables avec LED bleues6 touches d\u2019acc\u00e8s direct pour : mains libres, messages et menu, avec LED bleues\/blanchesVolume r\u00e9glable (sonnerie et combin\u00e9)Sonneries polyphoniques\u00c9cran couleur TFT r\u00e9tro\u00e9clair\u00e9 inclinable 8 lignes, 320 x 240 pixelsR\u00e9pertoire de 1 000 contactsIdentification de l\u2019appelantIndicateur d\u2019appel et de message \u00c9clairageHaut-parleur mains libres duplex int\u00e9gralDouble appel, renvoi d&rsquo;appel, transfert et mise en attenteFonction Ne pas d\u00e9rangerVerrouillage du clavierConf\u00e9rence \u00e0 3Historique des appelsInterface pour modules de clavier suppl\u00e9mentaires (jusqu&rsquo;\u00e0 2 avec alimentation externe)Possibilit\u00e9 de charger des sonneries (MP3) depuis un PC et de les attribuer aux contactsPossibilit\u00e9 de charger des images depuis un PC et de les attribuer aux contactsMessagerie vocalePrise casque RJ45Touche casque d\u00e9di\u00e9eAdaptateur secteur non inclusMise \u00e0 jour du micrologiciel possibleMa\u00eetre et esclave USBCouleurs disponibles : Lave et Bleu arctiqueDimensions : 70 x 300 x 269 mmPoids : 1235 g<br \/><strong>Commentaires<\/strong><br \/><u>Terminal SIP d\u00e9verrouill\u00e9 &#8211; 2x10Base-T\/100Base-TX &#8211; PoE &#8211; Bluetooth 2.0 &#8211; 6 touches de fonction fixes &#8211; 6 LED bleues &#8211; 8 touches programmables &#8211; 6 touches directes &#8211; \u00c9cran couleur TFT r\u00e9tro\u00e9clair\u00e9 inclinable 8 lignes, 320 x 240 pixels.<\/u><\/p>\n","protected":false},"excerpt":{"rendered":"<p>Terminal SIP d\u00e9verrouill\u00e9 &#8211; 2x10Base-T\/100Base-TX &#8211; PoE &#8211; Bluetooth 2.0 &#8211; 6 touches de fonction fixes &#8211; 6 LED bleues &#8211; 8 touches programmables &#8211; 6 touches directes &#8211; \u00c9cran couleur TFT r\u00e9tro\u00e9clair\u00e9 inclinable 8 lignes, 320 x 240 pixels. [&#8230;]<\/p>\n<p><a class=\"btn btn-secondary understrap-read-more-link\" href=\"https:\/\/digalco.com\/fr\/produit\/point-dacces-siemens-openstage-60-g-sip-impecable-reconditionne-fr-14110\/\">Lire la suite\u2026<span class=\"screen-reader-text\"> from Point d&rsquo;acc\u00e8s Siemens OpenStage 60 G SIP-Impecable | Reconditionn\u00e9<\/span><\/a><\/p>\n","protected":false},"featured_media":320479,"template":"","meta":[],"product_brand":[4063],"product_cat":[1665,3799],"product_tag":[],"class_list":{"0":"post-320509","1":"product","2":"type-product","3":"status-publish","4":"has-post-thumbnail","6":"product_brand-siemens","7":"product_cat-networking-fr","8":"product_cat-networking-telephonie-ip-fr","10":"first","11":"instock","12":"taxable","13":"shipping-taxable","14":"purchasable","15":"product-type-simple"},"bundled_by":[],"bundle_stock_status":"instock","bundle_stock_quantity":1,"bundle_virtual":false,"bundle_layout":"","bundle_add_to_cart_form_location":"","bundle_editable_in_cart":false,"bundle_sold_individually_context":"","bundle_item_grouping":"","bundle_min_size":"","bundle_max_size":"","bundle_price":[],"bundled_items":[],"bundle_sell_ids":[],"exclude_global_add_ons":[],"addons":[],"df_price":108,"df_sale_price":"","df_regular_price":108,"df_image_link":"https:\/\/digalco.com\/wp-content\/uploads\/images\/product\/14110\/siem00001_01-300x225.jpg","_links":{"self":[{"href":"https:\/\/digalco.com\/fr\/wp-json\/wp\/v2\/product\/320509","targetHints":{"allow":["GET"]}}],"collection":[{"href":"https:\/\/digalco.com\/fr\/wp-json\/wp\/v2\/product"}],"about":[{"href":"https:\/\/digalco.com\/fr\/wp-json\/wp\/v2\/types\/product"}],"wp:featuredmedia":[{"embeddable":true,"href":"https:\/\/digalco.com\/fr\/wp-json\/wp\/v2\/media\/320479"}],"wp:attachment":[{"href":"https:\/\/digalco.com\/fr\/wp-json\/wp\/v2\/media?parent=320509"}],"wp:term":[{"taxonomy":"product_brand","embeddable":true,"href":"https:\/\/digalco.com\/fr\/wp-json\/wp\/v2\/product_brand?post=320509"},{"taxonomy":"product_cat","embeddable":true,"href":"https:\/\/digalco.com\/fr\/wp-json\/wp\/v2\/product_cat?post=320509"},{"taxonomy":"product_tag","embeddable":true,"href":"https:\/\/digalco.com\/fr\/wp-json\/wp\/v2\/product_tag?post=320509"}],"curies":[{"name":"wp","href":"https:\/\/api.w.org\/{rel}","templated":true}]}}