{"id":320879,"date":"2026-03-10T13:35:52","date_gmt":"2026-03-10T12:35:52","guid":{"rendered":"https:\/\/digalco.com\/tienda\/lenovo-thinkpad-l13-yoga-g2-132-reconditionne-core-i7-28ghz-16-gb-ram-256-gb-ssd-m2-1920x1080-fr-14804\/"},"modified":"2026-03-16T09:40:16","modified_gmt":"2026-03-16T08:40:16","slug":"lenovo-thinkpad-l13-yoga-g2-132-reconditionne-core-i7-28ghz-16-gb-ram-256-gb-ssd-m2-1920x1080-fr-14804","status":"publish","type":"product","link":"https:\/\/digalco.com\/fr\/produit\/lenovo-thinkpad-l13-yoga-g2-132-reconditionne-core-i7-28ghz-16-gb-ram-256-gb-ssd-m2-1920x1080-fr-14804\/","title":{"rendered":"Lenovo ThinkPad L13 Yoga G2 13.2\u00a0\u00bb | Reconditionn\u00e9 | Core i7 2.8GHz | 16 GB RAM | 256 GB SSD M2 1920&#215;1080"},"content":{"rendered":"<p><strong>Processeur<\/strong><br \/>Intel Core i7 1165G7 2.8 GHz.<br \/><strong>M\u00e9moire RAM<\/strong><br \/>16 Gb. SO-DDR4 RAM<br \/><strong>Disque dur<\/strong><br \/>256 Gb. SSD M2<br \/><strong>Cartes<\/strong><br \/>Graphique: INTEL TIGERLAKE GT2 [IRIS XE ]<br \/>Son: Realtek HDA<br \/><strong>Syst\u00e8me op\u00e9ratif<\/strong><br \/>Windows 11 Pro<br \/><strong>Ports<\/strong><br \/>2x USB 3.0<br \/><strong>\u00c9cran<\/strong><br \/>Tactile 13.2 \u00a0\u00bb FullHD 16:9  \u00b7 R\u00e9solution 1920&#215;1080<br \/><strong>Ports vid\u00e9o<\/strong><br \/>HDMI<br \/><strong>Multim\u00e9dias<\/strong><br \/>Webcam<br \/>Lecteur SD<br \/><strong>Connectivit\u00e9<\/strong><br \/>WIFI<br \/>Bluetooth<br \/><strong>Notebook sp\u00e9cifique<\/strong><br \/>Langue du clavier Espagnol<br \/><strong>Autres<\/strong><br \/>hR emballage<br \/><strong>Dimensions<\/strong><br \/>31&#215;22.5&#215;2 cm.<br \/><strong>Poids<\/strong><br \/>1.45 Kg.<br \/><strong>Sp\u00e9cifications suppl\u00e9mentaires<\/strong><br \/>Le Lenovo ThinkPad L13 Yoga Gen 2 est un ordinateur portable professionnel convertible 2-en-1 con\u00e7u pour offrir puissance, polyvalence et mobilit\u00e9, id\u00e9al pour les professionnels qui doivent s\u2019adapter \u00e0 diff\u00e9rentes formes de travail. Son design avec charni\u00e8re \u00e0 360\u00b0 permet de l\u2019utiliser comme ordinateur portable, tablette, mode pr\u00e9sentation ou mode tente, offrant une flexibilit\u00e9 maximale au bureau, en r\u00e9union ou en t\u00e9l\u00e9travail.<br \/>Il int\u00e8gre un processeur Intel Core i7-1165G7 \u00e0 2.8 GHz (11e g\u00e9n\u00e9ration) et 16 Go de m\u00e9moire DDR4, offrant des performances fluides pour le multit\u00e2che exigeant, les applications professionnelles, le travail dans le cloud et la gestion avanc\u00e9e de documents. Le SSD M.2 de 256 Go garantit des d\u00e9marrages rapides et un acc\u00e8s imm\u00e9diat aux fichiers et aux programmes.<br \/>Son \u00e9cran tactile de 13,3\u201d FullHD (1920&#215;1080) offre une exp\u00e9rience visuelle nette et confortable, tout en permettant une interaction directe avec le syst\u00e8me. Il inclut un stylet num\u00e9rique, id\u00e9al pour prendre des notes, signer des documents, faire des annotations ou travailler de mani\u00e8re plus cr\u00e9ative et dynamique.<br \/>L\u2019\u00e9quipement int\u00e8gre Windows 11 Pro, pr\u00eat pour les environnements professionnels modernes, ainsi qu\u2019une webcam et un lecteur de cartes SD, facilitant les vid\u00e9oconf\u00e9rences et le transfert rapide de fichiers.<br \/>Le ThinkPad L13 Yoga Gen 2 se distingue par son design compact, la robustesse caract\u00e9ristique de la gamme ThinkPad et sa grande polyvalence, devenant une solution id\u00e9ale comme ordinateur portable professionnel convertible pour entreprise, formation, conseil ou mobilit\u00e9, o\u00f9 la puissance, la flexibilit\u00e9 et la productivit\u00e9 sont essentielles.<br \/>En bon \u00e9tat ext\u00e9rieur. Consultez la section \u00ab + Photos \u00bb et, si vous avez des questions, appelez-nous ou utilisez notre chat pour obtenir plus d&rsquo;informations ou demander des pr\u00e9cisions.<br \/><strong>Commentaires<\/strong><br \/><u>Comprend un crayon<\/u><\/p>\n","protected":false},"excerpt":{"rendered":"<p>Intel Core i7 1165G7 2.8 GHz. \u00b7 16 Gb. SO-DDR4 RAM \u00b7 256 Gb. SSD M2 \u00b7 <strong>Windows 11 Pro \u00b7 Tactile 13.2 \u00a0\u00bb FullHD<\/strong> 16:9 \u00b7 Webcam \u00b7<br \/>\n<strong>Comprend un crayon<\/strong> [&#8230;]<\/p>\n<p><a class=\"btn btn-secondary understrap-read-more-link\" href=\"https:\/\/digalco.com\/fr\/produit\/lenovo-thinkpad-l13-yoga-g2-132-reconditionne-core-i7-28ghz-16-gb-ram-256-gb-ssd-m2-1920x1080-fr-14804\/\">Lire la suite\u2026<span class=\"screen-reader-text\"> from Lenovo ThinkPad L13 Yoga G2 13.2\u00a0\u00bb | Reconditionn\u00e9 | Core i7 2.8GHz | 16 GB RAM | 256 GB SSD M2 1920&#215;1080<\/span><\/a><\/p>\n","protected":false},"featured_media":320774,"template":"","meta":[],"product_brand":[3856],"product_cat":[3755,1517,1581,3094,1533],"product_tag":[],"class_list":{"0":"post-320879","1":"product","2":"type-product","3":"status-publish","4":"has-post-thumbnail","6":"product_brand-lenovo","7":"product_cat-notebooks-13-fr","8":"product_cat-notebooks-fr","9":"product_cat-tablettes-fr","10":"product_cat-tablettes-tablettes-fr","11":"product_cat-notebooks-tactiles-fr","13":"first","14":"instock","15":"taxable","16":"shipping-taxable","17":"purchasable","18":"product-type-simple"},"bundled_by":[],"bundle_stock_status":"instock","bundle_stock_quantity":24,"bundle_virtual":false,"bundle_layout":"","bundle_add_to_cart_form_location":"","bundle_editable_in_cart":false,"bundle_sold_individually_context":"","bundle_item_grouping":"","bundle_min_size":"","bundle_max_size":"","bundle_price":[],"bundled_items":[],"bundle_sell_ids":[],"exclude_global_add_ons":true,"addons":{"keyboard-iso-upgrades":{"name":"Choisir langue du clavier","type":"multiple_choice","position":0,"required":false,"title_format":"heading","default":"","description_enable":false,"description":"","placeholder_enable":false,"placeholder":"","display":"radiobutton","restrictions_type":"any_text","adjust_price":false,"price":"","price_type":"quantity_based","restrictions":false,"min":"0","max":"0","options":[{"label":"Autocollants fran\u00e7ais [AMP00084]","price":"0.0000","price_type":"quantity_based","image":0,"visibility":true},{"label":"Autocollants portugais [AMP00083]","price":"0.0000","price_type":"quantity_based","image":0,"visibility":true}]},"os-upgrades":{"name":"Expansion SO","type":"multiple_choice","position":0,"required":false,"title_format":"heading","default":"","description_enable":false,"description":"","placeholder_enable":false,"placeholder":"","display":"radiobutton","restrictions_type":"any_text","adjust_price":false,"price":"","price_type":"quantity_based","restrictions":false,"min":"0","max":"0","options":[{"label":"Changer la langue en fran\u00e7ais [AMP00125]","price":"0.0000","price_type":"quantity_based","image":0,"visibility":true},{"label":"Changer la langue en anglais [AMP00008]","price":"0.0000","price_type":"quantity_based","image":0,"visibility":true},{"label":"Changer la langue en portugais [AMP00009]","price":"0.0000","price_type":"quantity_based","image":0,"visibility":true}]},"briefcase-upgrades":{"name":"Porte-documents","type":"multiple_choice","position":0,"required":false,"title_format":"heading","default":"","description_enable":false,"description":"","placeholder_enable":false,"placeholder":"","display":"radiobutton","restrictions_type":"any_text","adjust_price":false,"price":"","price_type":"quantity_based","restrictions":false,"min":"0","max":"0","options":[{"label":"Mallette Notebook [AMP00041]","price":"5.0000","price_type":"quantity_based","image":0,"visibility":true}]}},"df_price":431,"df_sale_price":"","df_regular_price":431,"df_image_link":"https:\/\/digalco.com\/wp-content\/uploads\/images\/product\/14804\/leno01154_01-300x225.jpg","_links":{"self":[{"href":"https:\/\/digalco.com\/fr\/wp-json\/wp\/v2\/product\/320879","targetHints":{"allow":["GET"]}}],"collection":[{"href":"https:\/\/digalco.com\/fr\/wp-json\/wp\/v2\/product"}],"about":[{"href":"https:\/\/digalco.com\/fr\/wp-json\/wp\/v2\/types\/product"}],"wp:featuredmedia":[{"embeddable":true,"href":"https:\/\/digalco.com\/fr\/wp-json\/wp\/v2\/media\/320774"}],"wp:attachment":[{"href":"https:\/\/digalco.com\/fr\/wp-json\/wp\/v2\/media?parent=320879"}],"wp:term":[{"taxonomy":"product_brand","embeddable":true,"href":"https:\/\/digalco.com\/fr\/wp-json\/wp\/v2\/product_brand?post=320879"},{"taxonomy":"product_cat","embeddable":true,"href":"https:\/\/digalco.com\/fr\/wp-json\/wp\/v2\/product_cat?post=320879"},{"taxonomy":"product_tag","embeddable":true,"href":"https:\/\/digalco.com\/fr\/wp-json\/wp\/v2\/product_tag?post=320879"}],"curies":[{"name":"wp","href":"https:\/\/api.w.org\/{rel}","templated":true}]}}