{"id":321898,"date":"2026-03-11T13:53:09","date_gmt":"2026-03-11T12:53:09","guid":{"rendered":"https:\/\/digalco.com\/tienda\/apple-macbook-pro-147-impecable-133-reconditionne-m2-349ghz-16-gb-ram-256-gb-ssd-m2-2560x1600-fr-14834\/"},"modified":"2026-03-11T13:53:39","modified_gmt":"2026-03-11T12:53:39","slug":"apple-macbook-pro-147-impecable-133-reconditionne-m2-349ghz-16-gb-ram-256-gb-ssd-m2-2560x1600-fr-14834","status":"publish","type":"product","link":"https:\/\/digalco.com\/fr\/produit\/apple-macbook-pro-147-impecable-133-reconditionne-m2-349ghz-16-gb-ram-256-gb-ssd-m2-2560x1600-fr-14834\/","title":{"rendered":"Apple MacBook Pro 14,7-Impecable 13.3\u00a0\u00bb | Reconditionn\u00e9 | M2 3.49GHz | 16 GB RAM | 256 GB SSD M2 2560&#215;1600"},"content":{"rendered":"<p><strong>Processeur<\/strong><br \/>Apple M2 3.49 GHz.<br \/><strong>M\u00e9moire RAM<\/strong><br \/>16 Gb. SO-DDR4 RAM<br \/><strong>Disque dur<\/strong><br \/>256 Gb. SSD M2<br \/><strong>Cartes<\/strong><br \/>Graphique: Apple G13G<br \/><strong>Syst\u00e8me op\u00e9ratif<\/strong><br \/>macOS Tahoe<br \/><strong>Ports<\/strong><br \/>2x USB-C<br \/><strong>\u00c9cran<\/strong><br \/>Retina 13.3 \u00a0\u00bb 2K 16:9 \u00b7 R\u00e9solution 2560&#215;1600<br \/><strong>Multim\u00e9dias<\/strong><br \/>Webcam<br \/><strong>Connectivit\u00e9<\/strong><br \/>WIFI<br \/>Bluetooth<br \/><strong>Notebook sp\u00e9cifique<\/strong><br \/>Langue du clavier International (autocollants espagnols)<br \/><strong>Autres<\/strong><br \/>hR emballage<br \/><strong>Dimensions<\/strong><br \/>30.4&#215;21.2&#215;1.6 cm.<br \/><strong>Poids<\/strong><br \/>1.40 Kg.<br \/><strong>Sp\u00e9cifications suppl\u00e9mentaires<\/strong><br \/>L\u2019Apple MacBook Pro 13\u201d avec puce M2 (mod\u00e8le A2338, 2022) repr\u00e9sente l\u2019une des fa\u00e7ons les plus intelligentes d\u2019acc\u00e9der aux performances professionnelles de l\u2019\u00e9cosyst\u00e8me Apple dans un format compact, \u00e9l\u00e9gant et extr\u00eamement efficace. Propuls\u00e9 par le processeur Apple M2, ce MacBook Pro offre une puissance surprenante pour sa taille, permettant de travailler avec des applications exigeantes, l\u2019\u00e9dition de contenu, la programmation ou le multit\u00e2che avanc\u00e9 avec une fluidit\u00e9 qui fait la diff\u00e9rence au quotidien. La configuration avec 16 Go de m\u00e9moire unifi\u00e9e augmente encore sa capacit\u00e9, offrant une exp\u00e9rience fluide m\u00eame lors de l\u2019utilisation de multiples applications ou de flux de travail intensifs.L\u2019\u00e9cran Retina de 13,3 pouces avec une r\u00e9solution de 2560&#215;1600 est l\u2019un de ses grands atouts, offrant une qualit\u00e9 d\u2019image nette, des couleurs pr\u00e9cises et un niveau de d\u00e9tail qui fait de cet ordinateur portable Apple un outil id\u00e9al pour les professionnels cr\u00e9atifs, les d\u00e9veloppeurs ou les utilisateurs qui appr\u00e9cient un affichage de haut niveau. Tout fonctionne sous macOS Tahoe, un syst\u00e8me d\u2019exploitation optimis\u00e9 pour tirer le meilleur parti de la puce M2, garantissant rapidit\u00e9, stabilit\u00e9 et une int\u00e9gration parfaite avec le reste des appareils de l\u2019environnement Apple.Son ch\u00e2ssis iconique en aluminium couleur Silver conserve l\u2019esth\u00e9tique premium caract\u00e9ristique d\u2019Apple, combinant r\u00e9sistance, l\u00e9g\u00e8ret\u00e9 et une image professionnelle imm\u00e9diatement reconnaissable. La Touch Bar ajoute un suppl\u00e9ment de productivit\u00e9 en offrant des raccourcis dynamiques selon l\u2019application utilis\u00e9e, tandis que la webcam int\u00e9gr\u00e9e facilite les r\u00e9unions et le travail \u00e0 distance avec un grand confort. Ce MacBook Pro avec Apple M2 et 16 Go de RAM est une option particuli\u00e8rement attractive pour ceux qui recherchent un ordinateur portable Apple puissant, fiable et pr\u00eat pour des environnements professionnels exigeants, combinant performances, mobilit\u00e9 et l\u2019exp\u00e9rience MacBook qui continue de d\u00e9finir la tendance dans le monde des ordinateurs portables haut de gamme.<strong>Aspect ext\u00e9rieur impeccable<\/strong>. Regardez dans \u201c+ Photos\u201d et si vous avez des questions appelez-nous ou utilisez notre chat pour \u00e9largir les informations ou pour demander plus de d\u00e9tails.<br \/><strong>Commentaires<\/strong><br \/><u>TouchBar \u2013 Mod\u00e8le A2338 (2022) \u2013 Couleur Silver<\/u><\/p>\n","protected":false},"excerpt":{"rendered":"<p><strong>Apple M2 3.49 GHz<\/strong>. \u00b7 16 Gb. SO-DDR4 RAM \u00b7 256 Gb. SSD M2 \u00b7 macOS Tahoe \u00b7 Retina 13.3 \u00a0\u00bb 2K 16:9 \u00b7 Webcam \u00b7<br \/>\n<strong>TouchBar \u2013 Mod\u00e8le A2338 (2022) \u2013 Couleur Silver<\/strong> [&#8230;]<\/p>\n<p><a class=\"btn btn-secondary understrap-read-more-link\" href=\"https:\/\/digalco.com\/fr\/produit\/apple-macbook-pro-147-impecable-133-reconditionne-m2-349ghz-16-gb-ram-256-gb-ssd-m2-2560x1600-fr-14834\/\">Lire la suite\u2026<span class=\"screen-reader-text\"> from Apple MacBook Pro 14,7-Impecable 13.3\u00a0\u00bb | Reconditionn\u00e9 | M2 3.49GHz | 16 GB RAM | 256 GB SSD M2 2560&#215;1600<\/span><\/a><\/p>\n","protected":false},"featured_media":321748,"template":"","meta":[],"product_brand":[3857],"product_cat":[3627,1433,3078],"product_tag":[],"class_list":{"0":"post-321898","1":"product","2":"type-product","3":"status-publish","4":"has-post-thumbnail","6":"product_brand-apple","7":"product_cat-apple-macbook-pro-13-fr","8":"product_cat-apple-fr","9":"product_cat-apple-macbook-pro-fr","11":"first","12":"instock","13":"taxable","14":"shipping-taxable","15":"purchasable","16":"product-type-simple"},"bundled_by":[],"bundle_stock_status":"instock","bundle_stock_quantity":2,"bundle_virtual":false,"bundle_layout":"","bundle_add_to_cart_form_location":"","bundle_editable_in_cart":false,"bundle_sold_individually_context":"","bundle_item_grouping":"","bundle_min_size":"","bundle_max_size":"","bundle_price":[],"bundled_items":[],"bundle_sell_ids":[],"exclude_global_add_ons":true,"addons":{"keyboard-iso-upgrades":{"name":"Choisir langue du clavier","type":"multiple_choice","position":0,"required":false,"title_format":"heading","default":"","description_enable":false,"description":"","placeholder_enable":false,"placeholder":"","display":"radiobutton","restrictions_type":"any_text","adjust_price":false,"price":"","price_type":"quantity_based","restrictions":false,"min":"0","max":"0","options":[{"label":"Autocollants espagnols [AMP00082]","price":"0.0000","price_type":"quantity_based","image":0,"visibility":true},{"label":"Autocollants fran\u00e7ais [AMP00084]","price":"0.0000","price_type":"quantity_based","image":0,"visibility":true},{"label":"Autocollants portugais [AMP00083]","price":"0.0000","price_type":"quantity_based","image":0,"visibility":true}]},"mouse-upgrades":{"name":"Extension souris","type":"multiple_choice","position":0,"required":false,"title_format":"heading","default":"","description_enable":false,"description":"","placeholder_enable":false,"placeholder":"","display":"radiobutton","restrictions_type":"any_text","adjust_price":false,"price":"","price_type":"quantity_based","restrictions":false,"min":"0","max":"0","options":[{"label":"Apple Magic Mouse 2 (A1657) [AMP00060]","price":"60.0000","price_type":"quantity_based","image":0,"visibility":true}]},"os-upgrades":{"name":"Expansion SO","type":"multiple_choice","position":0,"required":false,"title_format":"heading","default":"","description_enable":false,"description":"","placeholder_enable":false,"placeholder":"","display":"radiobutton","restrictions_type":"any_text","adjust_price":false,"price":"","price_type":"quantity_based","restrictions":false,"min":"0","max":"0","options":[{"label":"Changer la langue en fran\u00e7ais [AMP00125]","price":"0.0000","price_type":"quantity_based","image":0,"visibility":true},{"label":"Changer la langue en anglais [AMP00008]","price":"0.0000","price_type":"quantity_based","image":0,"visibility":true},{"label":"Changer la langue en portugais [AMP00009]","price":"0.0000","price_type":"quantity_based","image":0,"visibility":true}]}},"df_price":776,"df_sale_price":"","df_regular_price":776,"df_image_link":"https:\/\/digalco.com\/wp-content\/uploads\/images\/product\/14834\/appl00691_01-300x225.jpg","_links":{"self":[{"href":"https:\/\/digalco.com\/fr\/wp-json\/wp\/v2\/product\/321898","targetHints":{"allow":["GET"]}}],"collection":[{"href":"https:\/\/digalco.com\/fr\/wp-json\/wp\/v2\/product"}],"about":[{"href":"https:\/\/digalco.com\/fr\/wp-json\/wp\/v2\/types\/product"}],"wp:featuredmedia":[{"embeddable":true,"href":"https:\/\/digalco.com\/fr\/wp-json\/wp\/v2\/media\/321748"}],"wp:attachment":[{"href":"https:\/\/digalco.com\/fr\/wp-json\/wp\/v2\/media?parent=321898"}],"wp:term":[{"taxonomy":"product_brand","embeddable":true,"href":"https:\/\/digalco.com\/fr\/wp-json\/wp\/v2\/product_brand?post=321898"},{"taxonomy":"product_cat","embeddable":true,"href":"https:\/\/digalco.com\/fr\/wp-json\/wp\/v2\/product_cat?post=321898"},{"taxonomy":"product_tag","embeddable":true,"href":"https:\/\/digalco.com\/fr\/wp-json\/wp\/v2\/product_tag?post=321898"}],"curies":[{"name":"wp","href":"https:\/\/api.w.org\/{rel}","templated":true}]}}