{"id":322143,"date":"2026-03-11T15:46:58","date_gmt":"2026-03-11T14:46:58","guid":{"rendered":"https:\/\/digalco.com\/tienda\/hp-probook-650-g8-156-reconditionne-core-i7-3ghz-16-gb-ram-256-gb-ssd-m2-1920x1080-fr-14775\/"},"modified":"2026-03-11T15:47:23","modified_gmt":"2026-03-11T14:47:23","slug":"hp-probook-650-g8-156-reconditionne-core-i7-3ghz-16-gb-ram-256-gb-ssd-m2-1920x1080-fr-14775","status":"publish","type":"product","link":"https:\/\/digalco.com\/fr\/produit\/hp-probook-650-g8-156-reconditionne-core-i7-3ghz-16-gb-ram-256-gb-ssd-m2-1920x1080-fr-14775\/","title":{"rendered":"HP ProBook 650 G8 15.6\u00a0\u00bb | Reconditionn\u00e9 | Core i7 3GHz | 16 GB RAM | 256 GB SSD M2 1920&#215;1080"},"content":{"rendered":"<p><strong>Processeur<\/strong><br \/>Intel Core i7 1185G7 3 GHz.<br \/><strong>M\u00e9moire RAM<\/strong><br \/>16 Gb. SO-DDR4 RAM<br \/><strong>Disque dur<\/strong><br \/>256 Gb. SSD M2<br \/><strong>Cartes<\/strong><br \/>Graphique: Intel Iris Xe Graphics<br \/>Son: Realtek HDA<br \/>R\u00e9seau: Intel Ethernet Connecti  I219-LM<br \/><strong>Syst\u00e8me op\u00e9ratif<\/strong><br \/>Windows 11 Pro<br \/><strong>Ports<\/strong><br \/>3x USB 2.0<br \/>USB-C<br \/><strong>\u00c9cran<\/strong><br \/>IPS 15.6 \u00a0\u00bb FullHD 16:9  \u00b7 R\u00e9solution 1920&#215;1080<br \/><strong>Ports vid\u00e9o<\/strong><br \/>HDMI<br \/><strong>Multim\u00e9dias<\/strong><br \/>Webcam<br \/>Lecteur d&#8217;empreintes<br \/><strong>Connectivit\u00e9<\/strong><br \/>RJ-45<br \/>WIFI<br \/>Bluetooth<br \/><strong>Notebook sp\u00e9cifique<\/strong><br \/>Langue du clavier International (autocollants espagnols)<br \/>Clavier num\u00e9rique<br \/><strong>Autres<\/strong><br \/>hR emballage<br \/><strong>Dimensions<\/strong><br \/>36x23x2.5 cm.<br \/><strong>Poids<\/strong><br \/>1.70 Kg.<br \/><strong>Sp\u00e9cifications suppl\u00e9mentaires<\/strong><br \/>Le HP ProBook 650 G8 est un ordinateur portable professionnel de 15,6\u201d con\u00e7u pour offrir des performances \u00e9lev\u00e9es, une s\u00e9curit\u00e9 avanc\u00e9e et une fiabilit\u00e9 professionnelle, id\u00e9al pour les environnements d\u2019entreprise, le bureau et le t\u00e9l\u00e9travail.<br \/>\u00c9quip\u00e9 d\u2019un processeur Intel Core i7-1185G7 \u00e0 3 GHz (11e g\u00e9n\u00e9ration) et de 16 Go de m\u00e9moire DDR4, il fournit une puissance largement suffisante pour le multit\u00e2che exigeant, les applications professionnelles, le travail dans le cloud et la gestion intensive des donn\u00e9es. Son architecture moderne offre une meilleure efficacit\u00e9 \u00e9nerg\u00e9tique et des performances graphiques am\u00e9lior\u00e9es par rapport aux g\u00e9n\u00e9rations pr\u00e9c\u00e9dentes.<br \/>Le SSD M.2 de 256 Go garantit un d\u00e9marrage rapide du syst\u00e8me et un acc\u00e8s imm\u00e9diat aux programmes et documents, permettant un travail plus agile et productif. L\u2019\u00e9cran IPS de 15,6\u201d FullHD (1920&#215;1080) offre une excellente qualit\u00e9 d\u2019image, des couleurs plus pr\u00e9cises et de larges angles de vision, assurant un confort visuel accru lors de longues journ\u00e9es de travail.<br \/>Il inclut Windows 11 Pro et TPM 2.0, garantissant la compatibilit\u00e9 avec les infrastructures d\u2019entreprise modernes et un haut niveau de s\u00e9curit\u00e9 des donn\u00e9es. De plus, il int\u00e8gre une webcam et un lecteur d\u2019empreintes digitales, permettant une authentification biom\u00e9trique rapide et s\u00e9curis\u00e9e.<br \/>Le ProBook 650 G8 se distingue par son design professionnel, ses performances de nouvelle g\u00e9n\u00e9ration et son niveau \u00e9lev\u00e9 de s\u00e9curit\u00e9, en faisant un excellent choix comme ordinateur portable professionnel puissant et fiable pour le bureau, l\u2019entreprise ou les professionnels qui ont besoin de productivit\u00e9 et de stabilit\u00e9 dans leur \u00e9quipement de travail.<br \/>Bon aspect ext\u00e9rieur. Regardez dans \u201c+ Photos\u201d et \u00ab\u00a0Vid\u00e9o\u00a0\u00bb et si vous avez des questions appelez-nous ou utilisez notre chat pour \u00e9largir les informations ou pour demander plus de d\u00e9tails.<\/p>\n","protected":false},"excerpt":{"rendered":"<p>Intel Core i7 1185G7 3 GHz. \u00b7 16 Gb. SO-DDR4 RAM \u00b7 256 Gb. SSD M2 \u00b7 <strong>Windows 11 Pro<\/strong> \u00b7 IPS 15.6 \u00a0\u00bb FullHD 16:9 \u00b7 Webcam \u00b7<u>Clavier international avec autocollants en fran\u00e7ais<\/u> [&#8230;]<\/p>\n<p><a class=\"btn btn-secondary understrap-read-more-link\" href=\"https:\/\/digalco.com\/fr\/produit\/hp-probook-650-g8-156-reconditionne-core-i7-3ghz-16-gb-ram-256-gb-ssd-m2-1920x1080-fr-14775\/\">Lire la suite\u2026<span class=\"screen-reader-text\"> from HP ProBook 650 G8 15.6\u00a0\u00bb | Reconditionn\u00e9 | Core i7 3GHz | 16 GB RAM | 256 GB SSD M2 1920&#215;1080<\/span><\/a><\/p>\n","protected":false},"featured_media":322008,"template":"","meta":[],"product_brand":[3854],"product_cat":[3137,1517],"product_tag":[],"class_list":{"0":"post-322143","1":"product","2":"type-product","3":"status-publish","4":"has-post-thumbnail","6":"product_brand-hp","7":"product_cat-notebooks-15-16-fr","8":"product_cat-notebooks-fr","10":"first","11":"instock","12":"taxable","13":"shipping-taxable","14":"purchasable","15":"product-type-simple"},"bundled_by":[],"bundle_stock_status":"instock","bundle_stock_quantity":6,"bundle_virtual":false,"bundle_layout":"","bundle_add_to_cart_form_location":"","bundle_editable_in_cart":false,"bundle_sold_individually_context":"","bundle_item_grouping":"","bundle_min_size":"","bundle_max_size":"","bundle_price":[],"bundled_items":[],"bundle_sell_ids":[],"exclude_global_add_ons":true,"addons":{"keyboard-iso-upgrades":{"name":"Choisir langue du clavier","type":"multiple_choice","position":0,"required":false,"title_format":"heading","default":"","description_enable":false,"description":"","placeholder_enable":false,"placeholder":"","display":"radiobutton","restrictions_type":"any_text","adjust_price":false,"price":"","price_type":"quantity_based","restrictions":false,"min":"0","max":"0","options":[{"label":"Autocollants espagnols [AMP00082]","price":"0.0000","price_type":"quantity_based","image":0,"visibility":true},{"label":"Autocollants fran\u00e7ais [AMP00084]","price":"0.0000","price_type":"quantity_based","image":0,"visibility":true},{"label":"Autocollants portugais [AMP00083]","price":"0.0000","price_type":"quantity_based","image":0,"visibility":true}]},"ram-memory-upgrades":{"name":"Extension RAM","type":"multiple_choice","position":0,"required":false,"title_format":"heading","default":"","description_enable":false,"description":"","placeholder_enable":false,"placeholder":"","display":"radiobutton","restrictions_type":"any_text","adjust_price":false,"price":"","price_type":"quantity_based","restrictions":false,"min":"0","max":"0","options":[{"label":"Extension de 32 Gb de RAM SODIMM [AMP00098]","price":"150.0000","price_type":"quantity_based","image":0,"visibility":true}]},"hdd-upgrades":{"name":"Extension disque dur","type":"multiple_choice","position":0,"required":false,"title_format":"heading","default":"","description_enable":false,"description":"","placeholder_enable":false,"placeholder":"","display":"radiobutton","restrictions_type":"any_text","adjust_price":false,"price":"","price_type":"quantity_based","restrictions":false,"min":"0","max":"0","options":[{"label":"Passez au disque SSD de 500 Gb. M.2 2280PCIe [AMP00106]","price":110,"price_type":"quantity_based","image":0,"visibility":true},{"label":"Passez au disque SSD 1 Tb. M.2 2280 PCIe [AMP00107]","price":"165.0000","price_type":"quantity_based","image":0,"visibility":true}]},"os-upgrades":{"name":"Expansion SO","type":"multiple_choice","position":0,"required":false,"title_format":"heading","default":"","description_enable":false,"description":"","placeholder_enable":false,"placeholder":"","display":"radiobutton","restrictions_type":"any_text","adjust_price":false,"price":"","price_type":"quantity_based","restrictions":false,"min":"0","max":"0","options":[{"label":"Changer la langue en fran\u00e7ais [AMP00125]","price":"0.0000","price_type":"quantity_based","image":0,"visibility":true},{"label":"Changer la langue en anglais [AMP00008]","price":"0.0000","price_type":"quantity_based","image":0,"visibility":true},{"label":"Changer la langue en portugais [AMP00009]","price":"0.0000","price_type":"quantity_based","image":0,"visibility":true}]},"briefcase-upgrades":{"name":"Porte-documents","type":"multiple_choice","position":0,"required":false,"title_format":"heading","default":"","description_enable":false,"description":"","placeholder_enable":false,"placeholder":"","display":"radiobutton","restrictions_type":"any_text","adjust_price":false,"price":"","price_type":"quantity_based","restrictions":false,"min":"0","max":"0","options":[{"label":"Mallette Notebook [AMP00041]","price":"5.0000","price_type":"quantity_based","image":0,"visibility":true}]}},"df_price":470,"df_sale_price":"","df_regular_price":470,"df_image_link":"https:\/\/digalco.com\/wp-content\/uploads\/images\/product\/14775\/hp03277_01-300x225.jpg","_links":{"self":[{"href":"https:\/\/digalco.com\/fr\/wp-json\/wp\/v2\/product\/322143","targetHints":{"allow":["GET"]}}],"collection":[{"href":"https:\/\/digalco.com\/fr\/wp-json\/wp\/v2\/product"}],"about":[{"href":"https:\/\/digalco.com\/fr\/wp-json\/wp\/v2\/types\/product"}],"wp:featuredmedia":[{"embeddable":true,"href":"https:\/\/digalco.com\/fr\/wp-json\/wp\/v2\/media\/322008"}],"wp:attachment":[{"href":"https:\/\/digalco.com\/fr\/wp-json\/wp\/v2\/media?parent=322143"}],"wp:term":[{"taxonomy":"product_brand","embeddable":true,"href":"https:\/\/digalco.com\/fr\/wp-json\/wp\/v2\/product_brand?post=322143"},{"taxonomy":"product_cat","embeddable":true,"href":"https:\/\/digalco.com\/fr\/wp-json\/wp\/v2\/product_cat?post=322143"},{"taxonomy":"product_tag","embeddable":true,"href":"https:\/\/digalco.com\/fr\/wp-json\/wp\/v2\/product_tag?post=322143"}],"curies":[{"name":"wp","href":"https:\/\/api.w.org\/{rel}","templated":true}]}}