{"id":322893,"date":"2026-03-12T11:36:33","date_gmt":"2026-03-12T10:36:33","guid":{"rendered":"https:\/\/digalco.com\/tienda\/hp-proliant-dl360p-g8-barebone-rack-reconditionne-xeon-octa-core-2ghz-16-gb-ram-sas-fr-14007\/"},"modified":"2026-03-12T11:36:43","modified_gmt":"2026-03-12T10:36:43","slug":"hp-proliant-dl360p-g8-barebone-rack-reconditionne-xeon-octa-core-2ghz-16-gb-ram-sas-fr-14007","status":"publish","type":"product","link":"https:\/\/digalco.com\/fr\/produit\/hp-proliant-dl360p-g8-barebone-rack-reconditionne-xeon-octa-core-2ghz-16-gb-ram-sas-fr-14007\/","title":{"rendered":"HP ProLiant DL360p G8 Barebone Rack | Reconditionn\u00e9 | Xeon Octa Core 2GHz | 16 GB RAM | SAS"},"content":{"rendered":"<p><strong>Processeur<\/strong><br \/>Intel Xeon Octa Core E5 2650 2 GHz.<br \/><strong>Facteur de forme<\/strong><br \/>Rack (1U)<br \/><strong>M\u00e9moire RAM<\/strong><br \/>16 Gb. DDR3 ECC RAM<br \/>24 emplacements (22 vide )<br \/><strong>Disque dur<\/strong><br \/>SAS 2.5\u00a0\u00bb 15000rpm<br \/>8 emplacements<br \/><strong>Lecteur optique<\/strong><br \/>DVD<br \/><strong>Cartes<\/strong><br \/>Graphique: Matrox G200EH<br \/>R\u00e9seau: BCM5719<br \/><strong>Syst\u00e8me op\u00e9ratif<\/strong><br \/>&#8211; Sans SO &#8211;<br \/><strong>Ports<\/strong><br \/>S\u00e9rie<br \/>6x USB 3.0<br \/><strong>Multim\u00e9dias<\/strong><br \/>Lecteur SD<br \/><strong>Connectivit\u00e9<\/strong><br \/>4x RJ-45<br \/><strong>Source de courant<\/strong><br \/>Alimentations (Hotplug)<br \/><strong>Dimensions<\/strong><br \/>43.2&#215;43.5&#215;69.8 cm.<br \/><strong>Poids<\/strong><br \/>20.00 Kg.<br \/><strong>Sp\u00e9cifications suppl\u00e9mentaires<\/strong><br \/>Le HP ProLiant DL360p G8 Barebone est un serveur rack 1U con\u00e7u pour les environnements professionnels n\u00e9cessitant une grande flexibilit\u00e9, des performances stables et une \u00e9volutivit\u00e9 future. \u00c9quip\u00e9 d\u2019un Intel Xeon E5-2650 8 c\u0153urs \u00e0 2 GHz, il fournit la puissance n\u00e9cessaire pour la virtualisation, les bases de donn\u00e9es et les applications d\u2019entreprise critiques, combinant efficacit\u00e9 et stabilit\u00e9.Avec 16 Go de m\u00e9moire DDR3 ECC, il garantit une protection contre les erreurs et la continuit\u00e9 op\u00e9rationnelle sous des charges constantes. Son architecture de stockage SAS \u00e0 15 000 tr\/min, avec jusqu\u2019\u00e0 24 baies, offre une vitesse extr\u00eame et une fiabilit\u00e9 id\u00e9ale pour les environnements o\u00f9 l\u2019acc\u00e8s rapide aux donn\u00e9es est prioritaire. Le contr\u00f4leur HP Smart Array P420i permet une configuration RAID avanc\u00e9e, assurant redondance et s\u00e9curit\u00e9 des donn\u00e9es critiques.Le barebone inclut une alimentation redondante en option, augmentant la fiabilit\u00e9 des op\u00e9rations 24\/7, ainsi que plusieurs emplacements PCIe, certains occup\u00e9s pour la connectivit\u00e9 fibre, offrant une grande polyvalence pour s\u2019adapter \u00e0 diff\u00e9rents sc\u00e9narios d\u2019infrastructure.Un serveur compact, robuste et \u00e9volutif, con\u00e7u pour les entreprises \u00e0 la recherche d\u2019une plateforme flexible, s\u00e9curis\u00e9e et pr\u00eate \u00e0 \u00e9voluer avec leurs besoins informatiques.Bon \u00e9tat ext\u00e9rieur. Si vous avez des questions, appelez-nous ou utilisez notre chat pour obtenir plus d\u2019informations ou pour demander des d\u00e9tails suppl\u00e9mentaires.<br \/><strong>Commentaires<\/strong><br \/><u>Contr\u00f4leur Raid P420i &#8211; 1xPCIe X16 \/ 1xPCIe X8 (occup\u00e9 par le port Fibre) &#8211; 1xFte. Alimentation redondante (possibilit\u00e9 de mettre une 2\u00e8me source)<\/u><\/p>\n","protected":false},"excerpt":{"rendered":"<p>Intel Xeon Octa Core E5 2650 2 GHz. \u00b7 16 Gb. DDR3 ECC RAM \u00b7 SAS 2.5\u00a0\u00bb 8 emplacements \u00b7 DVD \u00b7<br \/>\n<strong>Contr\u00f4leur Raid P420i<\/strong> &#8211; <u>1xPCIe X16 \/ 1xPCIe X8 (occup\u00e9 par le port Fibre) &#8211; 1xFte. Alimentation redondante (possibilit\u00e9 de mettre une 2\u00e8me source)<\/u> [&#8230;]<\/p>\n<p><a class=\"btn btn-secondary understrap-read-more-link\" href=\"https:\/\/digalco.com\/fr\/produit\/hp-proliant-dl360p-g8-barebone-rack-reconditionne-xeon-octa-core-2ghz-16-gb-ram-sas-fr-14007\/\">Lire la suite\u2026<span class=\"screen-reader-text\"> from HP ProLiant DL360p G8 Barebone Rack | Reconditionn\u00e9 | Xeon Octa Core 2GHz | 16 GB RAM | SAS<\/span><\/a><\/p>\n","protected":false},"featured_media":322863,"template":"","meta":[],"product_brand":[3854],"product_cat":[3745,1641,1633],"product_tag":[],"class_list":{"0":"post-322893","1":"product","2":"type-product","3":"status-publish","4":"has-post-thumbnail","6":"product_brand-hp","7":"product_cat-barebone-fr","8":"product_cat-serveurs-rack-fr","9":"product_cat-serveurs-fr","11":"first","12":"instock","13":"taxable","14":"shipping-taxable","15":"purchasable","16":"product-type-simple"},"bundled_by":[],"bundle_stock_status":"instock","bundle_stock_quantity":1,"bundle_virtual":false,"bundle_layout":"","bundle_add_to_cart_form_location":"","bundle_editable_in_cart":false,"bundle_sold_individually_context":"","bundle_item_grouping":"","bundle_min_size":"","bundle_max_size":"","bundle_price":[],"bundled_items":[],"bundle_sell_ids":[],"exclude_global_add_ons":[],"addons":[],"df_price":343,"df_sale_price":"","df_regular_price":343,"df_image_link":"https:\/\/digalco.com\/wp-content\/uploads\/images\/product\/14007\/hp03104_01-300x225.jpg","_links":{"self":[{"href":"https:\/\/digalco.com\/fr\/wp-json\/wp\/v2\/product\/322893","targetHints":{"allow":["GET"]}}],"collection":[{"href":"https:\/\/digalco.com\/fr\/wp-json\/wp\/v2\/product"}],"about":[{"href":"https:\/\/digalco.com\/fr\/wp-json\/wp\/v2\/types\/product"}],"wp:featuredmedia":[{"embeddable":true,"href":"https:\/\/digalco.com\/fr\/wp-json\/wp\/v2\/media\/322863"}],"wp:attachment":[{"href":"https:\/\/digalco.com\/fr\/wp-json\/wp\/v2\/media?parent=322893"}],"wp:term":[{"taxonomy":"product_brand","embeddable":true,"href":"https:\/\/digalco.com\/fr\/wp-json\/wp\/v2\/product_brand?post=322893"},{"taxonomy":"product_cat","embeddable":true,"href":"https:\/\/digalco.com\/fr\/wp-json\/wp\/v2\/product_cat?post=322893"},{"taxonomy":"product_tag","embeddable":true,"href":"https:\/\/digalco.com\/fr\/wp-json\/wp\/v2\/product_tag?post=322893"}],"curies":[{"name":"wp","href":"https:\/\/api.w.org\/{rel}","templated":true}]}}