{"id":323293,"date":"2026-03-12T13:17:31","date_gmt":"2026-03-12T12:17:31","guid":{"rendered":"https:\/\/digalco.com\/tienda\/microsoft-surface-pro-7-plus-negro-kit-portugues-reconditionne-fr-14853\/"},"modified":"2026-03-12T13:17:56","modified_gmt":"2026-03-12T12:17:56","slug":"microsoft-surface-pro-7-plus-negro-kit-portugues-reconditionne-fr-14853","status":"publish","type":"product","link":"https:\/\/digalco.com\/fr\/produit\/microsoft-surface-pro-7-plus-negro-kit-portugues-reconditionne-fr-14853\/","title":{"rendered":"Microsoft Surface Pro 7 Plus Negro Kit Portugu\u00e9s | Reconditionn\u00e9"},"content":{"rendered":"<p><strong>Processeur<\/strong><br \/>Intel Core i7 1165G7 2.8 GHz.<br \/><strong>M\u00e9moire RAM<\/strong><br \/>16 Gb. SO-DDR4 RAM<br \/><strong>Disque dur<\/strong><br \/>512 Gb. SSD M2<br \/><strong>Cartes<\/strong><br \/>Graphique: Intel Iris Xe Graphics<br \/>Son: High Definition Audio<br \/><strong>Syst\u00e8me op\u00e9ratif<\/strong><br \/>Windows 11 Pro<br \/><strong>Ports<\/strong><br \/>USB 3.0<br \/>USB-C<br \/><strong>\u00c9cran<\/strong><br \/>Tactile 12.3 \u00a0\u00bb 2K 16:9 \u00b7 R\u00e9solution 2736&#215;1824<br \/><strong>Multim\u00e9dias<\/strong><br \/>Cam\u00e9ra arri\u00e8re<br \/>Cam\u00e9ra frontale<br \/><strong>Connectivit\u00e9<\/strong><br \/>WIFI<br \/>Bluetooth<br \/><strong>Autres<\/strong><br \/>hR emballage<br \/><strong>Dimensions<\/strong><br \/>29.2&#215;20.1&#215;0.85 cm.<br \/><strong>Poids<\/strong><br \/>0.79 Kg.<br \/><strong>Commentaires<\/strong><br \/>La Microsoft Surface Pro 7 Plus est une tablette convertible con\u00e7ue pour les professionnels recherchant puissance, mobilit\u00e9 et flexibilit\u00e9 dans un seul appareil. Son design 2-en-1 permet de passer intuitivement d\u2019un ordinateur portable \u00e0 une tablette, offrant toute l\u2019exp\u00e9rience de Windows 11 Pro dans un appareil l\u00e9ger, \u00e9l\u00e9gant et pr\u00eat pour des environnements de travail exigeants, la cr\u00e9ativit\u00e9 et la collaboration partout. \u00c9quip\u00e9e d\u2019un Intel Core i7-1165G7 \u00e0 2,8 GHz, de 16 Go de RAM DDR4 et d\u2019un SSD M.2 de 512 Go, elle garantit des performances exceptionnelles pour le multit\u00e2che avanc\u00e9, les applications professionnelles, le design graphique et la gestion de projets complexes. Son \u00e9cran tactile 12,3 pouces 2K (16:9) offre des couleurs pr\u00e9cises et une grande nettet\u00e9 pour les pr\u00e9sentations, l\u2019\u00e9dition de documents et la cr\u00e9ation de contenu visuel. Elle comprend le clavier Microsoft Surface Pro en portugais, le stylet actif Microsoft pour une \u00e9criture et un dessin pr\u00e9cis, ainsi que le Surface Docking 1661, qui am\u00e9liore la connectivit\u00e9 et la productivit\u00e9 sur bureau. La Surface Pro 7 Plus combine polyvalence, puissance et outils professionnels, devenant la tablette Windows parfaite pour ceux qui recherchent efficacit\u00e9 maximale, cr\u00e9ativit\u00e9 et connectivit\u00e9 avanc\u00e9e. Un appareil con\u00e7u pour porter la productivit\u00e9 et l\u2019exp\u00e9rience professionnelle au niveau sup\u00e9rieur, tant en mobilit\u00e9 qu\u2019au bureau.<br \/>\nBon \u00e9tat ext\u00e9rieur. Consultez \u201c+ Photos\u201d et si vous avez des questions appelez-nous ou utilisez notre chat pour obtenir plus d\u2019informations ou demander des d\u00e9tails suppl\u00e9mentaires.<\/p>\n","protected":false},"excerpt":{"rendered":"<p>Intel Core i7 1165G7 2.8 GHz. \u00b7 16 Gb. SO-DDR4 RAM \u00b7 512 Gb. SSD M2 \u00b7 <strong>Windows 11 Pro<\/strong> \u00b7 Tactile 12.3 \u00a0\u00bb 2K 16:9 \u00b7<strong>Clavier portugais pour Microsoft Surface Pro \u00b7 Stylet actif Microsoft \u00b7 Station d&rsquo;accueil Microsoft Surface 1661<\/strong> [&#8230;]<\/p>\n<p><a class=\"btn btn-secondary understrap-read-more-link\" href=\"https:\/\/digalco.com\/fr\/produit\/microsoft-surface-pro-7-plus-negro-kit-portugues-reconditionne-fr-14853\/\">Lire la suite\u2026<span class=\"screen-reader-text\"> from Microsoft Surface Pro 7 Plus Negro Kit Portugu\u00e9s | Reconditionn\u00e9<\/span><\/a><\/p>\n","protected":false},"featured_media":323157,"template":"","meta":[],"product_brand":[3860],"product_cat":[3750,1581],"product_tag":[],"class_list":{"0":"post-323293","1":"product","2":"type-product","3":"status-publish","4":"has-post-thumbnail","6":"product_brand-microsoft","7":"product_cat-tablettes-surface-fr","8":"product_cat-tablettes-fr","10":"first","11":"instock","12":"taxable","13":"shipping-taxable","14":"purchasable","15":"product-type-simple"},"bundled_by":[],"bundle_stock_status":"instock","bundle_stock_quantity":6,"bundle_virtual":false,"bundle_layout":"","bundle_add_to_cart_form_location":"","bundle_editable_in_cart":false,"bundle_sold_individually_context":"","bundle_item_grouping":"","bundle_min_size":"","bundle_max_size":"","bundle_price":[],"bundled_items":[],"bundle_sell_ids":[],"exclude_global_add_ons":[],"addons":[],"df_price":730,"df_sale_price":"","df_regular_price":730,"df_image_link":"https:\/\/digalco.com\/wp-content\/uploads\/images\/product\/14853\/ms00241_01-300x225.jpg","_links":{"self":[{"href":"https:\/\/digalco.com\/fr\/wp-json\/wp\/v2\/product\/323293","targetHints":{"allow":["GET"]}}],"collection":[{"href":"https:\/\/digalco.com\/fr\/wp-json\/wp\/v2\/product"}],"about":[{"href":"https:\/\/digalco.com\/fr\/wp-json\/wp\/v2\/types\/product"}],"wp:featuredmedia":[{"embeddable":true,"href":"https:\/\/digalco.com\/fr\/wp-json\/wp\/v2\/media\/323157"}],"wp:attachment":[{"href":"https:\/\/digalco.com\/fr\/wp-json\/wp\/v2\/media?parent=323293"}],"wp:term":[{"taxonomy":"product_brand","embeddable":true,"href":"https:\/\/digalco.com\/fr\/wp-json\/wp\/v2\/product_brand?post=323293"},{"taxonomy":"product_cat","embeddable":true,"href":"https:\/\/digalco.com\/fr\/wp-json\/wp\/v2\/product_cat?post=323293"},{"taxonomy":"product_tag","embeddable":true,"href":"https:\/\/digalco.com\/fr\/wp-json\/wp\/v2\/product_tag?post=323293"}],"curies":[{"name":"wp","href":"https:\/\/api.w.org\/{rel}","templated":true}]}}