{"id":323564,"date":"2026-03-13T13:44:11","date_gmt":"2026-03-13T12:44:11","guid":{"rendered":"https:\/\/digalco.com\/tienda\/hp-probook-650-g8-156-reconditionne-core-i7-3ghz-32-gb-ram-1024-gb-ssd-m2-1920x1080-fr-14776\/"},"modified":"2026-03-13T13:44:39","modified_gmt":"2026-03-13T12:44:39","slug":"hp-probook-650-g8-156-reconditionne-core-i7-3ghz-32-gb-ram-1024-gb-ssd-m2-1920x1080-fr-14776","status":"publish","type":"product","link":"https:\/\/digalco.com\/fr\/produit\/hp-probook-650-g8-156-reconditionne-core-i7-3ghz-32-gb-ram-1024-gb-ssd-m2-1920x1080-fr-14776\/","title":{"rendered":"HP ProBook 650 G8 15.6\u00a0\u00bb | Reconditionn\u00e9 | Core i7 3GHz | 32 GB RAM | 1024 GB SSD M2 1920&#215;1080"},"content":{"rendered":"<p><strong>Processeur<\/strong><br \/>Intel Core i7 1185G7 3 GHz.<br \/><strong>M\u00e9moire RAM<\/strong><br \/>32 Gb. SO-DDR4 RAM<br \/><strong>Disque dur<\/strong><br \/>1.00 Tb. SSD M2<br \/><strong>Cartes<\/strong><br \/>Graphique: Intel Iris Xe Graphics<br \/>Son: Realtek HDA<br \/>R\u00e9seau: Intel Ethernet Connecti  I219-LM<br \/><strong>Syst\u00e8me op\u00e9ratif<\/strong><br \/>Windows 11 Pro<br \/><strong>Ports<\/strong><br \/>3x USB 2.0<br \/>USB-C<br \/><strong>\u00c9cran<\/strong><br \/>IPS 15.6 \u00a0\u00bb FullHD 16:9  \u00b7 R\u00e9solution 1920&#215;1080<br \/><strong>Ports vid\u00e9o<\/strong><br \/>HDMI<br \/><strong>Multim\u00e9dias<\/strong><br \/>Webcam<br \/>Lecteur d&#8217;empreintes<br \/><strong>Connectivit\u00e9<\/strong><br \/>RJ-45<br \/>WIFI<br \/>Bluetooth<br \/><strong>Notebook sp\u00e9cifique<\/strong><br \/>Langue du clavier International (autocollants espagnols)<br \/>Clavier num\u00e9rique<br \/><strong>Autres<\/strong><br \/>hR emballage<br \/><strong>Dimensions<\/strong><br \/>36x23x2.5 cm.<br \/><strong>Poids<\/strong><br \/>1.70 Kg.<br \/><strong>Sp\u00e9cifications suppl\u00e9mentaires<\/strong><br \/>Le HP ProBook 650 G8 est un ordinateur portable professionnel haut de gamme con\u00e7u pour offrir une puissance maximale, une s\u00e9curit\u00e9 avanc\u00e9e et une productivit\u00e9 sans limites dans des environnements professionnels exigeants. Son design robuste et \u00e9l\u00e9gant en fait une solution id\u00e9ale pour les professionnels qui ont besoin de performances constantes tout au long de la journ\u00e9e de travail.<br \/>Il int\u00e8gre un processeur Intel Core i7-1185G7 de 11\u1d49 g\u00e9n\u00e9ration \u00e0 3 GHz, capable de g\u00e9rer avec fluidit\u00e9 le multit\u00e2che intensif, les applications professionnelles, la virtualisation l\u00e9g\u00e8re et le travail avanc\u00e9 avec de grands volumes de donn\u00e9es. \u00c0 cela s\u2019ajoutent 32 Go de m\u00e9moire DDR4, une configuration particuli\u00e8rement puissante permettant d\u2019utiliser plusieurs applications simultan\u00e9ment sans ralentissement.<br \/>Le SSD M.2 de 1 To offre une grande capacit\u00e9 de stockage ainsi que des vitesses de lecture et d\u2019\u00e9criture tr\u00e8s rapides, garantissant des d\u00e9marrages presque instantan\u00e9s et un acc\u00e8s imm\u00e9diat aux fichiers et logiciels. Son \u00e9cran IPS de 15,6\u201d FullHD (1920&#215;1080) offre une image nette et confortable, avec des couleurs pr\u00e9cises et de larges angles de vision, id\u00e9al pour de longues journ\u00e9es de travail.<br \/>L\u2019ordinateur inclut Windows 11 Pro et TPM 2.0, offrant un environnement s\u00e9curis\u00e9 pr\u00eat pour les infrastructures professionnelles modernes. Il int\u00e8gre \u00e9galement une webcam et un lecteur d\u2019empreintes digitales, permettant une authentification biom\u00e9trique rapide et s\u00e9curis\u00e9e.<br \/>Le ProBook 650 G8 se positionne comme un ordinateur portable professionnel haute performance avec 32 Go de RAM et un SSD de 1 To, parfait pour les environnements professionnels exigeants, la gestion avanc\u00e9e, le t\u00e9l\u00e9travail intensif ou les stations de travail mobiles o\u00f9 puissance, s\u00e9curit\u00e9 et efficacit\u00e9 sont essentielles.<br \/>Bon \u00e9tat ext\u00e9rieur. Peut pr\u00e9senter de l\u00e9g\u00e8res marques d\u2019utilisation sur la coque. Consultez \u201c+ Photos\u201d et \u201cVid\u00e9o\u201d et si vous avez des questions appelez-nous ou utilisez notre chat pour obtenir plus d\u2019informations ou demander plus de d\u00e9tails.<\/p>\n","protected":false},"excerpt":{"rendered":"<p>Intel Core i7 1185G7 3 GHz. \u00b7 32 Gb. SO-DDR4 RAM \u00b7 1.00 Tb. SSD M2 \u00b7 <strong>Windows 11 Pro<\/strong> \u00b7 IPS 15.6 \u00a0\u00bb FullHD 16:9 \u00b7 Webcam \u00b7<u>Clavier international avec autocollants en fran\u00e7ais<\/u> [&#8230;]<\/p>\n<p><a class=\"btn btn-secondary understrap-read-more-link\" href=\"https:\/\/digalco.com\/fr\/produit\/hp-probook-650-g8-156-reconditionne-core-i7-3ghz-32-gb-ram-1024-gb-ssd-m2-1920x1080-fr-14776\/\">Lire la suite\u2026<span class=\"screen-reader-text\"> from HP ProBook 650 G8 15.6\u00a0\u00bb | Reconditionn\u00e9 | Core i7 3GHz | 32 GB RAM | 1024 GB SSD M2 1920&#215;1080<\/span><\/a><\/p>\n","protected":false},"featured_media":323429,"template":"","meta":[],"product_brand":[3854],"product_cat":[3137,1517],"product_tag":[],"class_list":{"0":"post-323564","1":"product","2":"type-product","3":"status-publish","4":"has-post-thumbnail","6":"product_brand-hp","7":"product_cat-notebooks-15-16-fr","8":"product_cat-notebooks-fr","10":"first","11":"instock","12":"taxable","13":"shipping-taxable","14":"purchasable","15":"product-type-simple"},"bundled_by":[],"bundle_stock_status":"instock","bundle_stock_quantity":25,"bundle_virtual":false,"bundle_layout":"","bundle_add_to_cart_form_location":"","bundle_editable_in_cart":false,"bundle_sold_individually_context":"","bundle_item_grouping":"","bundle_min_size":"","bundle_max_size":"","bundle_price":[],"bundled_items":[],"bundle_sell_ids":[],"exclude_global_add_ons":true,"addons":{"keyboard-iso-upgrades":{"name":"Choisir langue du clavier","type":"multiple_choice","position":0,"required":false,"title_format":"heading","default":"","description_enable":false,"description":"","placeholder_enable":false,"placeholder":"","display":"radiobutton","restrictions_type":"any_text","adjust_price":false,"price":"","price_type":"quantity_based","restrictions":false,"min":"0","max":"0","options":[{"label":"Autocollants espagnols [AMP00082]","price":"0.0000","price_type":"quantity_based","image":0,"visibility":true},{"label":"Autocollants fran\u00e7ais [AMP00084]","price":"0.0000","price_type":"quantity_based","image":0,"visibility":true},{"label":"Autocollants portugais [AMP00083]","price":"0.0000","price_type":"quantity_based","image":0,"visibility":true}]},"os-upgrades":{"name":"Expansion SO","type":"multiple_choice","position":0,"required":false,"title_format":"heading","default":"","description_enable":false,"description":"","placeholder_enable":false,"placeholder":"","display":"radiobutton","restrictions_type":"any_text","adjust_price":false,"price":"","price_type":"quantity_based","restrictions":false,"min":"0","max":"0","options":[{"label":"Changer la langue en fran\u00e7ais [AMP00125]","price":"0.0000","price_type":"quantity_based","image":0,"visibility":true},{"label":"Changer la langue en anglais [AMP00008]","price":"0.0000","price_type":"quantity_based","image":0,"visibility":true},{"label":"Changer la langue en portugais [AMP00009]","price":"0.0000","price_type":"quantity_based","image":0,"visibility":true}]},"briefcase-upgrades":{"name":"Porte-documents","type":"multiple_choice","position":0,"required":false,"title_format":"heading","default":"","description_enable":false,"description":"","placeholder_enable":false,"placeholder":"","display":"radiobutton","restrictions_type":"any_text","adjust_price":false,"price":"","price_type":"quantity_based","restrictions":false,"min":"0","max":"0","options":[{"label":"Mallette Notebook [AMP00041]","price":"5.0000","price_type":"quantity_based","image":0,"visibility":true}]}},"df_price":590,"df_sale_price":"","df_regular_price":590,"df_image_link":"https:\/\/digalco.com\/wp-content\/uploads\/images\/product\/14776\/hp03278_01-300x225.jpg","_links":{"self":[{"href":"https:\/\/digalco.com\/fr\/wp-json\/wp\/v2\/product\/323564","targetHints":{"allow":["GET"]}}],"collection":[{"href":"https:\/\/digalco.com\/fr\/wp-json\/wp\/v2\/product"}],"about":[{"href":"https:\/\/digalco.com\/fr\/wp-json\/wp\/v2\/types\/product"}],"wp:featuredmedia":[{"embeddable":true,"href":"https:\/\/digalco.com\/fr\/wp-json\/wp\/v2\/media\/323429"}],"wp:attachment":[{"href":"https:\/\/digalco.com\/fr\/wp-json\/wp\/v2\/media?parent=323564"}],"wp:term":[{"taxonomy":"product_brand","embeddable":true,"href":"https:\/\/digalco.com\/fr\/wp-json\/wp\/v2\/product_brand?post=323564"},{"taxonomy":"product_cat","embeddable":true,"href":"https:\/\/digalco.com\/fr\/wp-json\/wp\/v2\/product_cat?post=323564"},{"taxonomy":"product_tag","embeddable":true,"href":"https:\/\/digalco.com\/fr\/wp-json\/wp\/v2\/product_tag?post=323564"}],"curies":[{"name":"wp","href":"https:\/\/api.w.org\/{rel}","templated":true}]}}