{"id":326040,"date":"2026-03-17T16:16:40","date_gmt":"2026-03-17T15:16:40","guid":{"rendered":"https:\/\/digalco.com\/tienda\/hp-probook-650-g5-156-reconditionne-core-i7-17ghz-16-gb-ram-256-gb-ssd-m2-1920x1080-fr-9226\/"},"modified":"2026-03-17T16:17:16","modified_gmt":"2026-03-17T15:17:16","slug":"hp-probook-650-g5-156-reconditionne-core-i7-17ghz-16-gb-ram-256-gb-ssd-m2-1920x1080-fr-9226","status":"publish","type":"product","link":"https:\/\/digalco.com\/fr\/produit\/hp-probook-650-g5-156-reconditionne-core-i7-17ghz-16-gb-ram-256-gb-ssd-m2-1920x1080-fr-9226\/","title":{"rendered":"HP ProBook 650 G5 15.6\u00a0\u00bb | Reconditionn\u00e9 | Core i7 1.7GHz | 16 GB RAM | 256 GB SSD M2 1920&#215;1080"},"content":{"rendered":"<p><strong>Processeur<\/strong><br \/>Intel Core i7 8565U 1.7 GHz.<br \/><strong>M\u00e9moire RAM<\/strong><br \/>16 Gb. SO-DDR4 RAM<br \/><strong>Disque dur<\/strong><br \/>256 Gb. SSD M2<br \/><strong>Cartes<\/strong><br \/>Graphique: Intel UHD 620 Graphics<br \/>Son: Conexant ISST audio<br \/>R\u00e9seau: Intel I219LM<br \/><strong>Syst\u00e8me op\u00e9ratif<\/strong><br \/>Windows 11 Pro<br \/><strong>Ports<\/strong><br \/>2x USB 3.0<br \/>USB-C<br \/><strong>\u00c9cran<\/strong><br \/>Led 15.6 \u00a0\u00bb FullHD 16:9  \u00b7 R\u00e9solution 1920&#215;1080<br \/><strong>Ports vid\u00e9o<\/strong><br \/>HDMI<br \/><strong>Multim\u00e9dias<\/strong><br \/>Webcam<br \/>Lecteur d&#8217;empreintes<br \/>Lecteur carte d&rsquo;identit\u00e9<br \/><strong>Connectivit\u00e9<\/strong><br \/>RJ-45<br \/>WIFI<br \/>Bluetooth<br \/><strong>Notebook sp\u00e9cifique<\/strong><br \/>Langue du clavier Espagnol<br \/>Clavier num\u00e9rique<br \/><strong>Autres<\/strong><br \/>hR emballage<br \/><strong>Dimensions<\/strong><br \/>37.2x25x2.8 cm.<br \/><strong>Poids<\/strong><br \/>2.40 Kg.<br \/><strong>Sp\u00e9cifications suppl\u00e9mentaires<\/strong><br \/>Le HP ProBook 650 G5 est un ordinateur portable professionnel fiable et polyvalent, con\u00e7u pour offrir des performances solides dans des environnements de travail exigeants. \u00c9quip\u00e9 d\u2019un processeur Intel Core i7 de 8e g\u00e9n\u00e9ration et de 16 Go de m\u00e9moire DDR4, il assure un fonctionnement fluide et stable, id\u00e9al pour le multit\u00e2che, la gestion d\u2019entreprise et une utilisation intensive au quotidien.<br \/>Son SSD M.2 de 256 Go garantit des d\u00e9marrages rapides et un acc\u00e8s rapide aux donn\u00e9es, am\u00e9liorant la productivit\u00e9 et r\u00e9duisant les temps d\u2019attente. L\u2019\u00e9cran LED Full HD de 15,6 pouces offre une visualisation claire et confortable, parfaite pour de longues journ\u00e9es de travail, les visioconf\u00e9rences ou les t\u00e2ches administratives.<br \/>Avec Windows 11 Pro, webcam int\u00e9gr\u00e9e, lecteur d\u2019empreintes digitales et lecteur de carte d\u2019identit\u00e9 \u00e9lectronique, cet appareil apporte un suppl\u00e9ment de s\u00e9curit\u00e9 et de connectivit\u00e9, s\u2019adaptant parfaitement aux environnements professionnels n\u00e9cessitant la protection des donn\u00e9es et un acc\u00e8s rapide. Son design robuste et durable assure un ordinateur portable professionnel pr\u00eat pour une utilisation continue, en maintenant la fiabilit\u00e9 dans le temps.<br \/>Cet \u00e9quipement reconditionn\u00e9 premium repr\u00e9sente une solution \u00e9quilibr\u00e9e entre performance, co\u00fbt et durabilit\u00e9, devenant un ordinateur portable professionnel efficace avec une valeur \u00e0 long terme, id\u00e9al pour les entreprises et les professionnels recherchant productivit\u00e9 sans complications.<br \/>Bon aspect ext\u00e9rieur. Regardez dans \u201c+ Photos\u201d et \u00ab\u00a0Vid\u00e9o\u00a0\u00bb et si vous avez des questions appelez-nous ou utilisez notre chat pour d\u00e9velopper l\u2019information ou pour demander plus de d\u00e9tails.<\/p>\n","protected":false},"excerpt":{"rendered":"<p>Intel Core i7 8565U 1.7 GHz. \u00b7 16 Gb. SO-DDR4 RAM \u00b7 256 Gb. SSD M2 \u00b7 <strong>Windows 11 Pro<\/strong> \u00b7 Led 15.6 \u00a0\u00bb FullHD 16:9 \u00b7 Webcam \u00b7 Lecteur d&#8217;empreintes \u00b7 Lecteur carte d&rsquo;identit\u00e9 [&#8230;]<\/p>\n<p><a class=\"btn btn-secondary understrap-read-more-link\" href=\"https:\/\/digalco.com\/fr\/produit\/hp-probook-650-g5-156-reconditionne-core-i7-17ghz-16-gb-ram-256-gb-ssd-m2-1920x1080-fr-9226\/\">Lire la suite\u2026<span class=\"screen-reader-text\"> from HP ProBook 650 G5 15.6\u00a0\u00bb | Reconditionn\u00e9 | Core i7 1.7GHz | 16 GB RAM | 256 GB SSD M2 1920&#215;1080<\/span><\/a><\/p>\n","protected":false},"featured_media":325875,"template":"","meta":[],"product_brand":[3854],"product_cat":[3137,1517],"product_tag":[],"class_list":{"0":"post-326040","1":"product","2":"type-product","3":"status-publish","4":"has-post-thumbnail","6":"product_brand-hp","7":"product_cat-notebooks-15-16-fr","8":"product_cat-notebooks-fr","10":"first","11":"instock","12":"taxable","13":"shipping-taxable","14":"purchasable","15":"product-type-simple"},"bundled_by":[],"bundle_stock_status":"instock","bundle_stock_quantity":21,"bundle_virtual":false,"bundle_layout":"","bundle_add_to_cart_form_location":"","bundle_editable_in_cart":false,"bundle_sold_individually_context":"","bundle_item_grouping":"","bundle_min_size":"","bundle_max_size":"","bundle_price":[],"bundled_items":[],"bundle_sell_ids":[],"exclude_global_add_ons":true,"addons":{"keyboard-iso-upgrades":{"name":"Choisir langue du clavier","type":"multiple_choice","position":0,"required":false,"title_format":"heading","default":"","description_enable":false,"description":"","placeholder_enable":false,"placeholder":"","display":"radiobutton","restrictions_type":"any_text","adjust_price":false,"price":"","price_type":"quantity_based","restrictions":false,"min":"0","max":"0","options":[{"label":"Autocollants fran\u00e7ais [AMP00084]","price":"0.0000","price_type":"quantity_based","image":0,"visibility":true},{"label":"Autocollants portugais [AMP00083]","price":"0.0000","price_type":"quantity_based","image":0,"visibility":true}]},"ram-memory-upgrades":{"name":"Extension RAM","type":"multiple_choice","position":0,"required":false,"title_format":"heading","default":"","description_enable":false,"description":"","placeholder_enable":false,"placeholder":"","display":"radiobutton","restrictions_type":"any_text","adjust_price":false,"price":"","price_type":"quantity_based","restrictions":false,"min":"0","max":"0","options":[{"label":"Extension de 32 Gb de RAM SODIMM [AMP00098]","price":"150.0000","price_type":"quantity_based","image":0,"visibility":true}]},"hdd-upgrades":{"name":"Extension disque dur","type":"multiple_choice","position":0,"required":false,"title_format":"heading","default":"","description_enable":false,"description":"","placeholder_enable":false,"placeholder":"","display":"radiobutton","restrictions_type":"any_text","adjust_price":false,"price":"","price_type":"quantity_based","restrictions":false,"min":"0","max":"0","options":[{"label":"Passez au disque SSD de 500 Gb. M.2 2280PCIe [AMP00106]","price":110,"price_type":"quantity_based","image":0,"visibility":true},{"label":"Passez au disque SSD 1 Tb. M.2 2280 PCIe [AMP00107]","price":"165.0000","price_type":"quantity_based","image":0,"visibility":true}]},"os-upgrades":{"name":"Expansion SO","type":"multiple_choice","position":0,"required":false,"title_format":"heading","default":"","description_enable":false,"description":"","placeholder_enable":false,"placeholder":"","display":"radiobutton","restrictions_type":"any_text","adjust_price":false,"price":"","price_type":"quantity_based","restrictions":false,"min":"0","max":"0","options":[{"label":"Changer la langue en fran\u00e7ais [AMP00125]","price":"0.0000","price_type":"quantity_based","image":0,"visibility":true},{"label":"Changer la langue en anglais [AMP00008]","price":"0.0000","price_type":"quantity_based","image":0,"visibility":true},{"label":"Changer la langue en portugais [AMP00009]","price":"0.0000","price_type":"quantity_based","image":0,"visibility":true}]},"briefcase-upgrades":{"name":"Porte-documents","type":"multiple_choice","position":0,"required":false,"title_format":"heading","default":"","description_enable":false,"description":"","placeholder_enable":false,"placeholder":"","display":"radiobutton","restrictions_type":"any_text","adjust_price":false,"price":"","price_type":"quantity_based","restrictions":false,"min":"0","max":"0","options":[{"label":"Mallette Notebook [AMP00041]","price":"5.0000","price_type":"quantity_based","image":0,"visibility":true}]}},"df_price":442,"df_sale_price":"","df_regular_price":442,"df_image_link":"https:\/\/digalco.com\/wp-content\/uploads\/images\/product\/9226\/hp01693_01-300x225.jpg","_links":{"self":[{"href":"https:\/\/digalco.com\/fr\/wp-json\/wp\/v2\/product\/326040","targetHints":{"allow":["GET"]}}],"collection":[{"href":"https:\/\/digalco.com\/fr\/wp-json\/wp\/v2\/product"}],"about":[{"href":"https:\/\/digalco.com\/fr\/wp-json\/wp\/v2\/types\/product"}],"wp:featuredmedia":[{"embeddable":true,"href":"https:\/\/digalco.com\/fr\/wp-json\/wp\/v2\/media\/325875"}],"wp:attachment":[{"href":"https:\/\/digalco.com\/fr\/wp-json\/wp\/v2\/media?parent=326040"}],"wp:term":[{"taxonomy":"product_brand","embeddable":true,"href":"https:\/\/digalco.com\/fr\/wp-json\/wp\/v2\/product_brand?post=326040"},{"taxonomy":"product_cat","embeddable":true,"href":"https:\/\/digalco.com\/fr\/wp-json\/wp\/v2\/product_cat?post=326040"},{"taxonomy":"product_tag","embeddable":true,"href":"https:\/\/digalco.com\/fr\/wp-json\/wp\/v2\/product_tag?post=326040"}],"curies":[{"name":"wp","href":"https:\/\/api.w.org\/{rel}","templated":true}]}}