{"id":326320,"date":"2026-03-18T13:02:40","date_gmt":"2026-03-18T12:02:40","guid":{"rendered":"https:\/\/digalco.com\/tienda\/hp-proliant-dl360-g5-barebone-rack-reconditionne-xeon-25ghz-8-gb-ram-sas-fr-12568\/"},"modified":"2026-03-18T13:03:02","modified_gmt":"2026-03-18T12:03:02","slug":"hp-proliant-dl360-g5-barebone-rack-reconditionne-xeon-25ghz-8-gb-ram-sas-fr-12568","status":"publish","type":"product","link":"https:\/\/digalco.com\/fr\/produit\/hp-proliant-dl360-g5-barebone-rack-reconditionne-xeon-25ghz-8-gb-ram-sas-fr-12568\/","title":{"rendered":"HP Proliant DL360 G5 Barebone Rack | Reconditionn\u00e9 | Xeon 2.5GHz | 8 GB RAM | SAS"},"content":{"rendered":"<p><strong>Processeur<\/strong><br \/>Intel Xeon L5420 2.5 GHz.<br \/><strong>Facteur de forme<\/strong><br \/>Rack (1U)<br \/><strong>M\u00e9moire RAM<\/strong><br \/>8 Gb. DDR2 ECC RAM<br \/>8 emplacements (0 vide )<br \/><strong>Disque dur<\/strong><br \/>SAS 2.5\u00a0\u00bb<br \/>6 emplacements<br \/><strong>Cartes<\/strong><br \/>Graphique: ATI ES1000 16 Mb.<br \/>R\u00e9seau: BCM5708<br \/><strong>Syst\u00e8me op\u00e9ratif<\/strong><br \/>&#8211; Sans SO &#8211;<br \/><strong>Ports<\/strong><br \/>S\u00e9rie<br \/>3x USB 2.0<br \/>2x PS2<br \/><strong>Connectivit\u00e9<\/strong><br \/>2x RJ-45<br \/><strong>Source de courant<\/strong><br \/>Alimentations (Hotplug)<br \/><strong>Dimensions<\/strong><br \/>71&#215;48.5&#215;4.5 cm.<br \/><strong>Poids<\/strong><br \/>17.00 Kg.<br \/><strong>Sp\u00e9cifications suppl\u00e9mentaires<\/strong><br \/>Le HP ProLiant DL360 G5 en format barebone est le choix id\u00e9al pour ceux qui souhaitent construire un serveur sur mesure \u00e0 partir d\u2019une plateforme solide et \u00e9prouv\u00e9e. Son format rack 1U permet d\u2019optimiser au maximum l\u2019espace dans les baies professionnelles, en faisant une base parfaite pour des infrastructures IT efficaces et bien organis\u00e9es.\u00c9quip\u00e9 d\u2019un processeur Intel Xeon L5420 quad-core, il offre des performances \u00e9quilibr\u00e9es pour les services r\u00e9seau, la virtualisation l\u00e9g\u00e8re ou les environnements professionnels n\u00e9cessitant une stabilit\u00e9 continue. Ses 8 Go de m\u00e9moire DDR2 ECC apportent une fiabilit\u00e9 suppl\u00e9mentaire, r\u00e9duisant les erreurs et garantissant un fonctionnement s\u00e9curis\u00e9 pour les t\u00e2ches critiques.Ce mod\u00e8le se distingue par sa flexibilit\u00e9 de configuration gr\u00e2ce \u00e0 ses 8 baies pour disques SAS 2,5\u201d, permettant d\u2019adapter le stockage aux besoins sp\u00e9cifiques de chaque projet. Le contr\u00f4leur HP Smart Array P400i ajoute des capacit\u00e9s RAID avanc\u00e9es, essentielles pour prot\u00e9ger les donn\u00e9es et am\u00e9liorer les performances du syst\u00e8me.En tant que barebone, il offre une totale libert\u00e9 pour personnaliser les composants cl\u00e9s, en faisant une solution tr\u00e8s polyvalente pour les extensions comme pour les nouveaux d\u00e9ploiements. Il inclut \u00e9galement une alimentation redondante avec option d\u2019extension, renfor\u00e7ant la continuit\u00e9 op\u00e9rationnelle.Sa connectivit\u00e9 PCIe et la qualit\u00e9 de fabrication HP en font une base fiable pour de nombreux sc\u00e9narios : serveurs de donn\u00e9es, sauvegarde, virtualisation ou applications professionnelles.Bon aspect ext\u00e9rieur. Regardez dans \u201c+ Photos\u201d et si vous avez des questions appelez-nous ou utilisez notre chat pour d\u00e9velopper l\u2019information ou pour demander plus de d\u00e9tails.<br \/><strong>Commentaires<\/strong><br \/><u>HP Smart Array P400i &#8211; 2xPCIe X8 \/ 2xPCIe X1 &#8211; 1xFte. Alimentation redondante (avec possibilit\u00e9 de mettre une 2\u00e8me source)<\/u><\/p>\n","protected":false},"excerpt":{"rendered":"<p>Intel Xeon L5420 2.5 GHz. \u00b7 8 Gb. DDR2 ECC RAM \u00b7 SAS 2.5\u00a0\u00bb \u00b7 6 emplacements \u00b7<br \/>\n<strong>HP Smart Array P400i<\/strong> &#8211; <u>2xPCIe X8 \/ 2xPCIe X1 &#8211; 1xFte. Alimentation redondante (avec possibilit\u00e9 de mettre une 2\u00e8me source)<\/u> [&#8230;]<\/p>\n<p><a class=\"btn btn-secondary understrap-read-more-link\" href=\"https:\/\/digalco.com\/fr\/produit\/hp-proliant-dl360-g5-barebone-rack-reconditionne-xeon-25ghz-8-gb-ram-sas-fr-12568\/\">Lire la suite\u2026<span class=\"screen-reader-text\"> from HP Proliant DL360 G5 Barebone Rack | Reconditionn\u00e9 | Xeon 2.5GHz | 8 GB RAM | SAS<\/span><\/a><\/p>\n","protected":false},"featured_media":326215,"template":"","meta":[],"product_brand":[3854],"product_cat":[3745,1641,1633],"product_tag":[],"class_list":{"0":"post-326320","1":"product","2":"type-product","3":"status-publish","4":"has-post-thumbnail","6":"product_brand-hp","7":"product_cat-barebone-fr","8":"product_cat-serveurs-rack-fr","9":"product_cat-serveurs-fr","11":"first","12":"instock","13":"taxable","14":"shipping-taxable","15":"purchasable","16":"product-type-simple"},"bundled_by":[],"bundle_stock_status":"instock","bundle_stock_quantity":1,"bundle_virtual":false,"bundle_layout":"","bundle_add_to_cart_form_location":"","bundle_editable_in_cart":false,"bundle_sold_individually_context":"","bundle_item_grouping":"","bundle_min_size":"","bundle_max_size":"","bundle_price":[],"bundled_items":[],"bundle_sell_ids":[],"exclude_global_add_ons":[],"addons":[],"df_price":72,"df_sale_price":"","df_regular_price":72,"df_image_link":"https:\/\/digalco.com\/wp-content\/uploads\/images\/product\/12568\/hp02674_01-300x225.jpg","_links":{"self":[{"href":"https:\/\/digalco.com\/fr\/wp-json\/wp\/v2\/product\/326320","targetHints":{"allow":["GET"]}}],"collection":[{"href":"https:\/\/digalco.com\/fr\/wp-json\/wp\/v2\/product"}],"about":[{"href":"https:\/\/digalco.com\/fr\/wp-json\/wp\/v2\/types\/product"}],"wp:featuredmedia":[{"embeddable":true,"href":"https:\/\/digalco.com\/fr\/wp-json\/wp\/v2\/media\/326215"}],"wp:attachment":[{"href":"https:\/\/digalco.com\/fr\/wp-json\/wp\/v2\/media?parent=326320"}],"wp:term":[{"taxonomy":"product_brand","embeddable":true,"href":"https:\/\/digalco.com\/fr\/wp-json\/wp\/v2\/product_brand?post=326320"},{"taxonomy":"product_cat","embeddable":true,"href":"https:\/\/digalco.com\/fr\/wp-json\/wp\/v2\/product_cat?post=326320"},{"taxonomy":"product_tag","embeddable":true,"href":"https:\/\/digalco.com\/fr\/wp-json\/wp\/v2\/product_tag?post=326320"}],"curies":[{"name":"wp","href":"https:\/\/api.w.org\/{rel}","templated":true}]}}