{"id":329155,"date":"2026-03-25T16:28:22","date_gmt":"2026-03-25T15:28:22","guid":{"rendered":"https:\/\/digalco.com\/tienda\/hp-zbook-fury-15-g7-156-reconditionne-core-i7-27ghz-64-gb-ram-512-gb-ssd-m2-1920x1080-fr-14860\/"},"modified":"2026-03-25T16:28:50","modified_gmt":"2026-03-25T15:28:50","slug":"hp-zbook-fury-15-g7-156-reconditionne-core-i7-27ghz-64-gb-ram-512-gb-ssd-m2-1920x1080-fr-14860","status":"publish","type":"product","link":"https:\/\/digalco.com\/fr\/produit\/hp-zbook-fury-15-g7-156-reconditionne-core-i7-27ghz-64-gb-ram-512-gb-ssd-m2-1920x1080-fr-14860\/","title":{"rendered":"HP ZBook Fury 15 G7 15.6\u00a0\u00bb | Reconditionn\u00e9 | Core i7 2.7GHz | 64 GB RAM | 512 GB SSD M2 1920&#215;1080"},"content":{"rendered":"<p><strong>Processeur<\/strong><br \/>Intel Core i7 10850H 2.7 GHz.<br \/><strong>M\u00e9moire RAM<\/strong><br \/>64 Gb. SO-DDR4 RAM<br \/><strong>Disque dur<\/strong><br \/>512 Gb. SSD M2<br \/><strong>Cartes<\/strong><br \/>Graphique: nVidia Quadro T2000 MAx-Q 4Gb. GDDR5<br \/>Son: Bang &amp; Olufsen audio<br \/>R\u00e9seau: Intel Connection L219-LM<br \/><strong>Syst\u00e8me op\u00e9ratif<\/strong><br \/>Windows 11 Pro<br \/><strong>Ports<\/strong><br \/>2x USB-C<br \/>2x USB 3.1<br \/><strong>\u00c9cran<\/strong><br \/>IPS 15.6 \u00a0\u00bb FullHD 16:9  \u00b7 R\u00e9solution 1920&#215;1080<br \/><strong>Ports vid\u00e9o<\/strong><br \/>HDMI<br \/>Mini Display Port<br \/><strong>Multim\u00e9dias<\/strong><br \/>Webcam<br \/>Lecteur SD<br \/>Lecteur d&#8217;empreintes<br \/>Lecteur carte d&rsquo;identit\u00e9<br \/><strong>Connectivit\u00e9<\/strong><br \/>RJ-45<br \/>WIFI<br \/>Bluetooth<br \/><strong>Notebook sp\u00e9cifique<\/strong><br \/>Langue du clavier Espagnol<br \/>Clavier num\u00e9rique<br \/><strong>Autres<\/strong><br \/>hR emballage<br \/><strong>Dimensions<\/strong><br \/>36x24x2.5 cm.<br \/><strong>Poids<\/strong><br \/>2.42 Kg.<br \/><strong>Sp\u00e9cifications suppl\u00e9mentaires<\/strong><br \/>Le HP ZBook Fury 15 G7 est une v\u00e9ritable station de travail portable haute performance, con\u00e7ue pour les professionnels qui ont besoin d\u2019une puissance sans compromis et d\u2019une fiabilit\u00e9 maximale dans des environnements exigeants. \u00c9quip\u00e9 d\u2019un processeur Intel Core i7 haute performance et de 64 Go de m\u00e9moire DDR4, cet appareil offre des performances extr\u00eames et stables, id\u00e9al pour des charges de travail intensives telles que la conception 3D, l\u2019ing\u00e9nierie, la virtualisation ou l\u2019\u00e9dition avanc\u00e9e.<br \/>Son SSD M.2 de 512 Go, ainsi que la possibilit\u00e9 d\u2019extension via deux emplacements M.2 2280, permet de travailler avec de grands volumes de donn\u00e9es en toute fluidit\u00e9, assurant rapidit\u00e9 et \u00e9volutivit\u00e9 \u00e0 long terme. La carte graphique professionnelle nVidia Quadro T2000 Max-Q de 4 Go fournit la puissance n\u00e9cessaire pour les applications techniques et les environnements graphiques exigeants, garantissant pr\u00e9cision et performances optimis\u00e9es.<br \/>L\u2019\u00e9cran IPS Full HD de 15,6 pouces offre une excellente qualit\u00e9 d\u2019image avec des couleurs pr\u00e9cises et de larges angles de vision, id\u00e9al pour les travaux o\u00f9 le d\u00e9tail est essentiel. Avec Windows 11 Pro, webcam, lecteur de cartes SD, lecteur d\u2019empreintes digitales et lecteur de DNI, cet appareil combine s\u00e9curit\u00e9 avanc\u00e9e, connectivit\u00e9 et fonctionnalit\u00e9 professionnelle.<br \/>Construit avec la robustesse caract\u00e9ristique de la gamme ZBook, ce portable professionnel est pr\u00eat pour un usage intensif et continu, assurant une durabilit\u00e9 dans le temps. En tant qu\u2019appareil reconditionn\u00e9 premium, le ZBook Fury 15 G7 repr\u00e9sente un investissement solide, offrant puissance, fiabilit\u00e9 et polyvalence dans un format portable, id\u00e9al pour les professionnels ayant besoin d\u2019une station de travail puissante, \u00e9volutive et pr\u00eate \u00e0 relever tous les d\u00e9fis.<br \/>Bon aspect ext\u00e9rieur. Si vous avez des questions, appelez-nous ou utilisez notre chat pour obtenir plus d\u2019informations ou demander plus de d\u00e9tails.<br \/><strong>Commentaires<\/strong><br \/><u>nVidia Quadro T2000 MAx-Q 4 Go. GDDR5 &#8211; 2xM.2 2280 pour le stockage disponible<\/u><\/p>\n","protected":false},"excerpt":{"rendered":"<p>Intel Core i7 10850H 2.7 GHz. \u00b7 64 Gb. SO-DDR4 RAM \u00b7 512 Gb. SSD M2 \u00b7 <strong>Windows 11 Pro<\/strong> \u00b7 IPS 15.6 \u00a0\u00bb FullHD 16:9 \u00b7 Webcam \u00b7<br \/>\n<strong>nVidia Quadro T2000 MAx-Q 4 Gb. GDDR5<\/strong> &#8211; <u>2xM.2 2280 pour le stockage disponible<\/u> [&#8230;]<\/p>\n<p><a class=\"btn btn-secondary understrap-read-more-link\" href=\"https:\/\/digalco.com\/fr\/produit\/hp-zbook-fury-15-g7-156-reconditionne-core-i7-27ghz-64-gb-ram-512-gb-ssd-m2-1920x1080-fr-14860\/\">Lire la suite\u2026<span class=\"screen-reader-text\"> from HP ZBook Fury 15 G7 15.6\u00a0\u00bb | Reconditionn\u00e9 | Core i7 2.7GHz | 64 GB RAM | 512 GB SSD M2 1920&#215;1080<\/span><\/a><\/p>\n","protected":false},"featured_media":329065,"template":"","meta":[],"product_brand":[3854],"product_cat":[3137,1517,1525],"product_tag":[],"class_list":{"0":"post-329155","1":"product","2":"type-product","3":"status-publish","4":"has-post-thumbnail","6":"product_brand-hp","7":"product_cat-notebooks-15-16-fr","8":"product_cat-notebooks-fr","9":"product_cat-notebooks-workstations-fr","11":"first","12":"outofstock","13":"taxable","14":"shipping-taxable","15":"purchasable","16":"product-type-simple"},"bundled_by":[],"bundle_stock_status":"outofstock","bundle_stock_quantity":0,"bundle_virtual":false,"bundle_layout":"","bundle_add_to_cart_form_location":"","bundle_editable_in_cart":false,"bundle_sold_individually_context":"","bundle_item_grouping":"","bundle_min_size":"","bundle_max_size":"","bundle_price":[],"bundled_items":[],"bundle_sell_ids":[],"exclude_global_add_ons":true,"addons":{"keyboard-iso-upgrades":{"name":"Choisir langue du clavier","type":"multiple_choice","position":0,"required":false,"title_format":"heading","default":"","description_enable":false,"description":"","placeholder_enable":false,"placeholder":"","display":"radiobutton","restrictions_type":"any_text","adjust_price":false,"price":"","price_type":"quantity_based","restrictions":false,"min":"0","max":"0","options":[{"label":"Autocollants fran\u00e7ais [AMP00084]","price":"0.0000","price_type":"quantity_based","image":0,"visibility":true},{"label":"Autocollants portugais [AMP00083]","price":"0.0000","price_type":"quantity_based","image":0,"visibility":true}]},"docking-station-upgrades":{"name":"Extension Docking Station","type":"multiple_choice","position":0,"required":false,"title_format":"heading","default":"","description_enable":false,"description":"","placeholder_enable":false,"placeholder":"","display":"radiobutton","restrictions_type":"any_text","adjust_price":false,"price":"","price_type":"quantity_based","restrictions":false,"min":"0","max":"0","options":[{"label":"HP USB-C Docking Station [AMP00091]","price":"55.0000","price_type":"quantity_based","image":0,"visibility":true}]},"hdd-upgrades":{"name":"Extension disque dur","type":"multiple_choice","position":0,"required":false,"title_format":"heading","default":"","description_enable":false,"description":"","placeholder_enable":false,"placeholder":"","display":"radiobutton","restrictions_type":"any_text","adjust_price":false,"price":"","price_type":"quantity_based","restrictions":false,"min":"0","max":"0","options":[{"label":"Passez au disque SSD 1 Tb. M.2 2280 PCIe [AMP00107]","price":"165.0000","price_type":"quantity_based","image":0,"visibility":true},{"label":"SSD suppl\u00e9mentaire 500 Gb. M.2 2280 PCIe [AMP00108]","price":115,"price_type":"quantity_based","image":0,"visibility":true},{"label":"Disque SSD de 1 Tb. M.2 2280 PCIe suppl\u00e9mentaire [AMP00109]","price":"170.0000","price_type":"quantity_based","image":0,"visibility":true}]},"os-upgrades":{"name":"Expansion SO","type":"multiple_choice","position":0,"required":false,"title_format":"heading","default":"","description_enable":false,"description":"","placeholder_enable":false,"placeholder":"","display":"radiobutton","restrictions_type":"any_text","adjust_price":false,"price":"","price_type":"quantity_based","restrictions":false,"min":"0","max":"0","options":[{"label":"Changer la langue en fran\u00e7ais [AMP00125]","price":"0.0000","price_type":"quantity_based","image":0,"visibility":true},{"label":"Changer la langue en anglais [AMP00008]","price":"0.0000","price_type":"quantity_based","image":0,"visibility":true},{"label":"Changer la langue en portugais [AMP00009]","price":"0.0000","price_type":"quantity_based","image":0,"visibility":true}]},"briefcase-upgrades":{"name":"Porte-documents","type":"multiple_choice","position":0,"required":false,"title_format":"heading","default":"","description_enable":false,"description":"","placeholder_enable":false,"placeholder":"","display":"radiobutton","restrictions_type":"any_text","adjust_price":false,"price":"","price_type":"quantity_based","restrictions":false,"min":"0","max":"0","options":[{"label":"Mallette Notebook [AMP00041]","price":"5.0000","price_type":"quantity_based","image":0,"visibility":true}]}},"df_price":1011,"df_sale_price":"","df_regular_price":1011,"df_image_link":"https:\/\/digalco.com\/wp-content\/uploads\/images\/product\/14860\/hp03315_01-300x225.jpg","_links":{"self":[{"href":"https:\/\/digalco.com\/fr\/wp-json\/wp\/v2\/product\/329155","targetHints":{"allow":["GET"]}}],"collection":[{"href":"https:\/\/digalco.com\/fr\/wp-json\/wp\/v2\/product"}],"about":[{"href":"https:\/\/digalco.com\/fr\/wp-json\/wp\/v2\/types\/product"}],"wp:featuredmedia":[{"embeddable":true,"href":"https:\/\/digalco.com\/fr\/wp-json\/wp\/v2\/media\/329065"}],"wp:attachment":[{"href":"https:\/\/digalco.com\/fr\/wp-json\/wp\/v2\/media?parent=329155"}],"wp:term":[{"taxonomy":"product_brand","embeddable":true,"href":"https:\/\/digalco.com\/fr\/wp-json\/wp\/v2\/product_brand?post=329155"},{"taxonomy":"product_cat","embeddable":true,"href":"https:\/\/digalco.com\/fr\/wp-json\/wp\/v2\/product_cat?post=329155"},{"taxonomy":"product_tag","embeddable":true,"href":"https:\/\/digalco.com\/fr\/wp-json\/wp\/v2\/product_tag?post=329155"}],"curies":[{"name":"wp","href":"https:\/\/api.w.org\/{rel}","templated":true}]}}