{"id":329704,"date":"2026-03-27T11:59:46","date_gmt":"2026-03-27T10:59:46","guid":{"rendered":"https:\/\/digalco.com\/tienda\/apple-macbook-pro-181-impecable-162-reconditionne-m1-pro-32ghz-16-gb-ram-512-gb-ssd-m2-3456x2234-fr-13312\/"},"modified":"2026-03-27T12:00:21","modified_gmt":"2026-03-27T11:00:21","slug":"apple-macbook-pro-181-impecable-162-reconditionne-m1-pro-32ghz-16-gb-ram-512-gb-ssd-m2-3456x2234-fr-13312","status":"publish","type":"product","link":"https:\/\/digalco.com\/fr\/produit\/apple-macbook-pro-181-impecable-162-reconditionne-m1-pro-32ghz-16-gb-ram-512-gb-ssd-m2-3456x2234-fr-13312\/","title":{"rendered":"Apple MacBook Pro 18,1-Impecable 16.2\u00a0\u00bb | Reconditionn\u00e9 | M1 Pro 3.2GHz | 16 GB RAM | 512 GB SSD M2 3456&#215;2234"},"content":{"rendered":"<p><strong>Processeur<\/strong><br \/>Apple M1 Pro 3.2 GHz.<br \/><strong>M\u00e9moire RAM<\/strong><br \/>16 Gb. SO-DDR4 RAM<br \/><strong>Disque dur<\/strong><br \/>512 Gb. SSD M2<br \/><strong>Cartes<\/strong><br \/>Graphique: Apple G13X<br \/>Son: High Definition Audio<br \/><strong>Syst\u00e8me op\u00e9ratif<\/strong><br \/>macOS Tahoe<br \/><strong>Ports<\/strong><br \/>3x USB-C<br \/><strong>\u00c9cran<\/strong><br \/>Led 16.2 \u00a0\u00bb 4K 16:9  \u00b7 R\u00e9solution 3456&#215;2234<br \/><strong>Ports vid\u00e9o<\/strong><br \/>HDMI<br \/><strong>Multim\u00e9dias<\/strong><br \/>Webcam<br \/>Lecteur SD<br \/><strong>Connectivit\u00e9<\/strong><br \/>WIFI<br \/>Bluetooth<br \/><strong>Notebook sp\u00e9cifique<\/strong><br \/>Langue du clavier International (autocollants espagnols)<br \/><strong>Autres<\/strong><br \/>hR emballage<br \/><strong>Dimensions<\/strong><br \/>35.6&#215;24.8&#215;1.7 cm.<br \/><strong>Poids<\/strong><br \/>2.20 Kg.<br \/><strong>Sp\u00e9cifications suppl\u00e9mentaires<\/strong><br \/>L\u2019Apple MacBook Pro 16\u201d A2485 (2021) est bien plus qu\u2019un ordinateur portable : c\u2019est un outil haute performance con\u00e7u pour ceux qui ont besoin de puissance r\u00e9elle, de fiabilit\u00e9 et d\u2019une exp\u00e9rience premium sans compromis. \u00c9quip\u00e9 de la puce Apple M1 Pro, ce MacBook offre une fluidit\u00e9 exceptionnelle dans les t\u00e2ches exigeantes telles que le montage vid\u00e9o, le design graphique, la programmation ou la gestion de multiples applications professionnelles, se positionnant comme l\u2019une des options les plus solides sur le march\u00e9 des ordinateurs portables Apple haute performance. Ses 16 Go de m\u00e9moire unifi\u00e9e garantissent une r\u00e9ponse imm\u00e9diate m\u00eame dans des environnements multit\u00e2ches intensifs, tandis que le SSD de 512 Go assure vitesse, capacit\u00e9 et efficacit\u00e9 \u00e0 chaque processus.<br \/>Le spectaculaire \u00e9cran de 16,2\u201d avec r\u00e9solution 4K \u00e9l\u00e8ve l\u2019exp\u00e9rience visuelle \u00e0 un autre niveau, offrant une nettet\u00e9 et une fid\u00e9lit\u00e9 des couleurs id\u00e9ales pour les cr\u00e9ateurs de contenu et les professionnels qui ne peuvent pas se permettre d\u2019erreurs. \u00c0 cela s\u2019ajoute l\u2019\u00e9quilibre parfait entre design et fonctionnalit\u00e9 caract\u00e9ristique d\u2019Apple, avec une finition Space Grey \u00e9l\u00e9gante, robuste et tr\u00e8s demand\u00e9e dans les environnements professionnels. L\u2019int\u00e9gration avec macOS Tahoe optimise les performances du mat\u00e9riel, offrant stabilit\u00e9, s\u00e9curit\u00e9 et un \u00e9cosyst\u00e8me parfaitement synchronis\u00e9 avec les autres appareils Apple.<br \/>De plus, il int\u00e8gre des d\u00e9tails cl\u00e9s qui font la diff\u00e9rence au quotidien, comme un lecteur de cartes SD, une webcam de haute qualit\u00e9 et une conception pens\u00e9e pour durer, ce qui en fait un investissement intelligent dans le segment des ordinateurs portables premium. Ce MacBook Pro ne se contente pas de r\u00e9pondre aux attentes, il les d\u00e9passe, se positionnant comme une option strat\u00e9gique pour ceux qui recherchent un ordinateur portable Apple puissant, fiable et tr\u00e8s demand\u00e9 sur le march\u00e9 technologique actuel.<br \/><b>Aspect ext\u00e9rieur impeccable<\/b>. Voir \u201c+ Photos\u201d et \u00ab\u00a0Vid\u00e9o\u00a0\u00bb et si vous avez des questions appelez-nous ou utilisez notre chat pour obtenir plus d\u2019informations ou demander plus de d\u00e9tails.<br \/><strong>Commentaires<\/strong><br \/><u>Mod\u00e8le A2485 (2021) &#8211; Couleur Space Grey<\/u><\/p>\n","protected":false},"excerpt":{"rendered":"<p><strong>Apple M1 Pro 3.2 GHz.<\/strong> \u00b7 16 Gb. SO-DDR4 RAM \u00b7 512 Gb. SSD M2 \u00b7 macOS Tahoe \u00b7 <strong>Led 16.2 \u00a0\u00bb 4K 16:9<\/strong> \u00b7 Webcam \u00b7<br \/>\n<u>Mod\u00e8le A2485 (2021) &#8211; Couleur Space Grey<\/u> [&#8230;]<\/p>\n<p><a class=\"btn btn-secondary understrap-read-more-link\" href=\"https:\/\/digalco.com\/fr\/produit\/apple-macbook-pro-181-impecable-162-reconditionne-m1-pro-32ghz-16-gb-ram-512-gb-ssd-m2-3456x2234-fr-13312\/\">Lire la suite\u2026<span class=\"screen-reader-text\"> from Apple MacBook Pro 18,1-Impecable 16.2\u00a0\u00bb | Reconditionn\u00e9 | M1 Pro 3.2GHz | 16 GB RAM | 512 GB SSD M2 3456&#215;2234<\/span><\/a><\/p>\n","protected":false},"featured_media":329599,"template":"","meta":[],"product_brand":[3857],"product_cat":[3810,1433,3078],"product_tag":[],"class_list":{"0":"post-329704","1":"product","2":"type-product","3":"status-publish","4":"has-post-thumbnail","6":"product_brand-apple","7":"product_cat-apple-macbook-pro-16-fr","8":"product_cat-apple-fr","9":"product_cat-apple-macbook-pro-fr","11":"first","12":"instock","13":"taxable","14":"shipping-taxable","15":"purchasable","16":"product-type-simple"},"bundled_by":[],"bundle_stock_status":"instock","bundle_stock_quantity":2,"bundle_virtual":false,"bundle_layout":"","bundle_add_to_cart_form_location":"","bundle_editable_in_cart":false,"bundle_sold_individually_context":"","bundle_item_grouping":"","bundle_min_size":"","bundle_max_size":"","bundle_price":[],"bundled_items":[],"bundle_sell_ids":[],"exclude_global_add_ons":true,"addons":{"keyboard-iso-upgrades":{"name":"Choisir langue du clavier","type":"multiple_choice","position":0,"required":false,"title_format":"heading","default":"","description_enable":false,"description":"","placeholder_enable":false,"placeholder":"","display":"radiobutton","restrictions_type":"any_text","adjust_price":false,"price":"","price_type":"quantity_based","restrictions":false,"min":"0","max":"0","options":[{"label":"Autocollants espagnols [AMP00082]","price":"0.0000","price_type":"quantity_based","image":0,"visibility":true},{"label":"Autocollants fran\u00e7ais [AMP00084]","price":"0.0000","price_type":"quantity_based","image":0,"visibility":true},{"label":"Autocollants portugais [AMP00083]","price":"0.0000","price_type":"quantity_based","image":0,"visibility":true}]},"mouse-upgrades":{"name":"Extension souris","type":"multiple_choice","position":0,"required":false,"title_format":"heading","default":"","description_enable":false,"description":"","placeholder_enable":false,"placeholder":"","display":"radiobutton","restrictions_type":"any_text","adjust_price":false,"price":"","price_type":"quantity_based","restrictions":false,"min":"0","max":"0","options":[{"label":"Apple Magic Mouse 2 (A1657) [AMP00060]","price":"60.0000","price_type":"quantity_based","image":0,"visibility":true}]},"os-upgrades":{"name":"Expansion SO","type":"multiple_choice","position":0,"required":false,"title_format":"heading","default":"","description_enable":false,"description":"","placeholder_enable":false,"placeholder":"","display":"radiobutton","restrictions_type":"any_text","adjust_price":false,"price":"","price_type":"quantity_based","restrictions":false,"min":"0","max":"0","options":[{"label":"Changer la langue en fran\u00e7ais [AMP00125]","price":"0.0000","price_type":"quantity_based","image":0,"visibility":true},{"label":"Changer la langue en anglais [AMP00008]","price":"0.0000","price_type":"quantity_based","image":0,"visibility":true},{"label":"Changer la langue en portugais [AMP00009]","price":"0.0000","price_type":"quantity_based","image":0,"visibility":true}]}},"df_price":900,"df_sale_price":"","df_regular_price":900,"df_image_link":"https:\/\/digalco.com\/wp-content\/uploads\/images\/product\/13312\/appl00587_01-300x225.jpg","_links":{"self":[{"href":"https:\/\/digalco.com\/fr\/wp-json\/wp\/v2\/product\/329704","targetHints":{"allow":["GET"]}}],"collection":[{"href":"https:\/\/digalco.com\/fr\/wp-json\/wp\/v2\/product"}],"about":[{"href":"https:\/\/digalco.com\/fr\/wp-json\/wp\/v2\/types\/product"}],"wp:featuredmedia":[{"embeddable":true,"href":"https:\/\/digalco.com\/fr\/wp-json\/wp\/v2\/media\/329599"}],"wp:attachment":[{"href":"https:\/\/digalco.com\/fr\/wp-json\/wp\/v2\/media?parent=329704"}],"wp:term":[{"taxonomy":"product_brand","embeddable":true,"href":"https:\/\/digalco.com\/fr\/wp-json\/wp\/v2\/product_brand?post=329704"},{"taxonomy":"product_cat","embeddable":true,"href":"https:\/\/digalco.com\/fr\/wp-json\/wp\/v2\/product_cat?post=329704"},{"taxonomy":"product_tag","embeddable":true,"href":"https:\/\/digalco.com\/fr\/wp-json\/wp\/v2\/product_tag?post=329704"}],"curies":[{"name":"wp","href":"https:\/\/api.w.org\/{rel}","templated":true}]}}