{"id":331458,"date":"2026-03-31T17:50:37","date_gmt":"2026-03-31T15:50:37","guid":{"rendered":"https:\/\/digalco.com\/tienda\/microsoft-surface-go-1825-10-reconditionne-pentium-16ghz-8-gb-ram-128-gb-ssd-m2-1800x1200-fr-9066\/"},"modified":"2026-03-31T17:51:02","modified_gmt":"2026-03-31T15:51:02","slug":"microsoft-surface-go-1825-10-reconditionne-pentium-16ghz-8-gb-ram-128-gb-ssd-m2-1800x1200-fr-9066","status":"publish","type":"product","link":"https:\/\/digalco.com\/fr\/produit\/microsoft-surface-go-1825-10-reconditionne-pentium-16ghz-8-gb-ram-128-gb-ssd-m2-1800x1200-fr-9066\/","title":{"rendered":"Microsoft Surface Go 1825 10\u00a0\u00bb | Reconditionn\u00e9 | Pentium 1.6GHz | 8 GB RAM | 128 GB SSD M2 1800&#215;1200"},"content":{"rendered":"<p><strong>Processeur<\/strong><br \/>Intel Pentium 4415Y 1.6 GHz.<br \/><strong>M\u00e9moire RAM<\/strong><br \/>8 Gb. SO-DDR3 RAM<br \/><strong>Disque dur<\/strong><br \/>128 Gb. SSD M2<br \/><strong>Cartes<\/strong><br \/>Graphique: Intel HD Graphics 615<br \/>Son: Realtek HDA<br \/><strong>Syst\u00e8me op\u00e9ratif<\/strong><br \/>Windows 10 Pro<br \/><strong>Ports<\/strong><br \/>USB-C<br \/><strong>\u00c9cran<\/strong><br \/>Tactile 10 \u00a0\u00bb FullHD 16:10 \u00b7 R\u00e9solution 1800&#215;1200<br \/><strong>Multim\u00e9dias<\/strong><br \/>Cam\u00e9ra arri\u00e8re<br \/>Cam\u00e9ra frontale<br \/><strong>Connectivit\u00e9<\/strong><br \/>WIFI<br \/>Bluetooth<br \/><strong>Autres<\/strong><br \/>hR emballage<br \/><strong>Dimensions<\/strong><br \/>24.5&#215;17.5&#215;1 cm.<br \/><strong>Poids<\/strong><br \/>0.50 Kg.<br \/><strong>Sp\u00e9cifications suppl\u00e9mentaires<\/strong><br \/>La Microsoft Surface Go 1825 est la tablette id\u00e9ale pour ceux qui recherchent une portabilit\u00e9 maximale sans renoncer \u00e0 un environnement de travail complet. Son design l\u00e9ger et \u00e9l\u00e9gant permet de l\u2019emporter partout, des r\u00e9unions et d\u00e9placements aux espaces d\u2019\u00e9tude ou de travail flexible, offrant une mobilit\u00e9 r\u00e9elle sans compromettre la productivit\u00e9.\u00c9quip\u00e9e d\u2019un processeur Intel Pentium 4415Y, de 8 Go de RAM et d\u2019un SSD M.2 de 128 Go, elle assure des performances fluides pour les t\u00e2ches quotidiennes telles que la navigation, les e-mails, les documents et les applications bureautiques. Son \u00e9cran tactile Full HD de 10 pouces au format 16:10 combine nettet\u00e9, couleurs \u00e9quilibr\u00e9es et grande sensibilit\u00e9 au toucher, id\u00e9al pour interagir avec les applications, prendre des notes ou profiter de contenu multim\u00e9dia. Windows 10 Pro fournit un environnement s\u00fbr et professionnel, pr\u00eat pour toutes les exigences professionnelles.La Surface Go 1825 se distingue par sa polyvalence : utilisez-la comme tablette pour une mobilit\u00e9 maximale ou ajoutez un clavier et un stylet pour la transformer en appareil complet. Compacte, agile et au design premium, cette tablette est le choix parfait pour ceux qui ont besoin de productivit\u00e9, de style et d\u2019efficacit\u00e9 dans un seul appareil.Bon aspect ext\u00e9rieur. Regardez dans \u201c+ Photos\u201d et si vous avez des questions, appelez-nous ou utilisez notre chat pour obtenir plus d\u2019informations ou demander plus de d\u00e9tails.<\/p>\n","protected":false},"excerpt":{"rendered":"<p>Intel Pentium 4415Y 1.6 GHz. \u00b7 8 Gb. SO-DDR3 RAM \u00b7 128 Gb. SSD M2 \u00b7 Windows 10 Pro \u00b7 Tactile 10 \u00a0\u00bb FullHD 16:10 \u00b7<u>Clavier international avec autocollants en fran\u00e7a<\/u>is [&#8230;]<\/p>\n<p><a class=\"btn btn-secondary understrap-read-more-link\" href=\"https:\/\/digalco.com\/fr\/produit\/microsoft-surface-go-1825-10-reconditionne-pentium-16ghz-8-gb-ram-128-gb-ssd-m2-1800x1200-fr-9066\/\">Lire la suite\u2026<span class=\"screen-reader-text\"> from Microsoft Surface Go 1825 10\u00a0\u00bb | Reconditionn\u00e9 | Pentium 1.6GHz | 8 GB RAM | 128 GB SSD M2 1800&#215;1200<\/span><\/a><\/p>\n","protected":false},"featured_media":331323,"template":"","meta":[],"product_brand":[3860],"product_cat":[3750,1581],"product_tag":[],"class_list":{"0":"post-331458","1":"product","2":"type-product","3":"status-publish","4":"has-post-thumbnail","6":"product_brand-microsoft","7":"product_cat-tablettes-surface-fr","8":"product_cat-tablettes-fr","10":"first","11":"instock","12":"taxable","13":"shipping-taxable","14":"purchasable","15":"product-type-simple"},"bundled_by":[],"bundle_stock_status":"instock","bundle_stock_quantity":9,"bundle_virtual":false,"bundle_layout":"","bundle_add_to_cart_form_location":"","bundle_editable_in_cart":false,"bundle_sold_individually_context":"","bundle_item_grouping":"","bundle_min_size":"","bundle_max_size":"","bundle_price":[],"bundled_items":[],"bundle_sell_ids":[],"exclude_global_add_ons":true,"addons":{"keyboard-iso-upgrades":{"name":"Choisir langue du clavier","type":"multiple_choice","position":0,"required":false,"title_format":"heading","default":"","description_enable":false,"description":"","placeholder_enable":false,"placeholder":"","display":"radiobutton","restrictions_type":"any_text","adjust_price":false,"price":"","price_type":"quantity_based","restrictions":false,"min":"0","max":"0","options":[{"label":"Autocollants espagnols [AMP00082]","price":"0.0000","price_type":"quantity_based","image":0,"visibility":true},{"label":"Autocollants fran\u00e7ais [AMP00084]","price":"0.0000","price_type":"quantity_based","image":0,"visibility":true},{"label":"Autocollants portugais [AMP00083]","price":"0.0000","price_type":"quantity_based","image":0,"visibility":true}]},"docking-station-upgrades":{"name":"Extension Docking Station","type":"multiple_choice","position":0,"required":false,"title_format":"heading","default":"","description_enable":false,"description":"","placeholder_enable":false,"placeholder":"","display":"radiobutton","restrictions_type":"any_text","adjust_price":false,"price":"","price_type":"quantity_based","restrictions":false,"min":"0","max":"0","options":[{"label":"Microsoft Surface Docking Station 1661 [AMP00061]","price":"45.0000","price_type":"quantity_based","image":0,"visibility":true}]},"pencil-upgrades":{"name":"Extension Crayon","type":"multiple_choice","position":0,"required":false,"title_format":"heading","default":"","description_enable":false,"description":"","placeholder_enable":false,"placeholder":"","display":"radiobutton","restrictions_type":"any_text","adjust_price":false,"price":"","price_type":"quantity_based","restrictions":false,"min":"0","max":"0","options":[{"label":"Stylet Microsoft Surface Original [AMP00087]","price":"50.0000","price_type":"quantity_based","image":0,"visibility":true}]},"os-upgrades":{"name":"Expansion SO","type":"multiple_choice","position":0,"required":false,"title_format":"heading","default":"","description_enable":false,"description":"","placeholder_enable":false,"placeholder":"","display":"radiobutton","restrictions_type":"any_text","adjust_price":false,"price":"","price_type":"quantity_based","restrictions":false,"min":"0","max":"0","options":[{"label":"Changer la langue en fran\u00e7ais [AMP00125]","price":"0.0000","price_type":"quantity_based","image":0,"visibility":true},{"label":"Changer la langue en anglais [AMP00008]","price":"0.0000","price_type":"quantity_based","image":0,"visibility":true},{"label":"Changer la langue en portugais [AMP00009]","price":"0.0000","price_type":"quantity_based","image":0,"visibility":true}]}},"df_price":186,"df_sale_price":"","df_regular_price":186,"df_image_link":"https:\/\/digalco.com\/wp-content\/uploads\/images\/product\/9066\/ms00056_01-300x225.jpg","_links":{"self":[{"href":"https:\/\/digalco.com\/fr\/wp-json\/wp\/v2\/product\/331458","targetHints":{"allow":["GET"]}}],"collection":[{"href":"https:\/\/digalco.com\/fr\/wp-json\/wp\/v2\/product"}],"about":[{"href":"https:\/\/digalco.com\/fr\/wp-json\/wp\/v2\/types\/product"}],"wp:featuredmedia":[{"embeddable":true,"href":"https:\/\/digalco.com\/fr\/wp-json\/wp\/v2\/media\/331323"}],"wp:attachment":[{"href":"https:\/\/digalco.com\/fr\/wp-json\/wp\/v2\/media?parent=331458"}],"wp:term":[{"taxonomy":"product_brand","embeddable":true,"href":"https:\/\/digalco.com\/fr\/wp-json\/wp\/v2\/product_brand?post=331458"},{"taxonomy":"product_cat","embeddable":true,"href":"https:\/\/digalco.com\/fr\/wp-json\/wp\/v2\/product_cat?post=331458"},{"taxonomy":"product_tag","embeddable":true,"href":"https:\/\/digalco.com\/fr\/wp-json\/wp\/v2\/product_tag?post=331458"}],"curies":[{"name":"wp","href":"https:\/\/api.w.org\/{rel}","templated":true}]}}