{"id":332041,"date":"2026-04-01T10:12:32","date_gmt":"2026-04-01T08:12:32","guid":{"rendered":"https:\/\/digalco.com\/tienda\/microsoft-surface-go-2-105-reconditionne-core-m-11ghz-8-gb-ram-128-gb-ssd-1920x1080-fr-14899\/"},"modified":"2026-04-01T10:13:02","modified_gmt":"2026-04-01T08:13:02","slug":"microsoft-surface-go-2-105-reconditionne-core-m-11ghz-8-gb-ram-128-gb-ssd-1920x1080-fr-14899","status":"publish","type":"product","link":"https:\/\/digalco.com\/fr\/produit\/microsoft-surface-go-2-105-reconditionne-core-m-11ghz-8-gb-ram-128-gb-ssd-1920x1080-fr-14899\/","title":{"rendered":"Microsoft Surface Go 2 10.5\u00a0\u00bb | Reconditionn\u00e9 | Core M 1.1GHz | 8 GB RAM | 128 GB SSD 1920&#215;1080"},"content":{"rendered":"<p><strong>Processeur<\/strong><br \/>Intel Core M 3- 8100Y 1.1 GHz.<br \/><strong>M\u00e9moire RAM<\/strong><br \/>8 Gb. SO-DDR3 RAM<br \/><strong>Disque dur<\/strong><br \/>128 Gb. SSD<br \/><strong>Cartes<\/strong><br \/>Graphique: UHD Graphics 615<br \/>Son: Realtek High Definition Audio<br \/><strong>Syst\u00e8me op\u00e9ratif<\/strong><br \/>Windows 11 Pro<br \/><strong>Ports<\/strong><br \/>USB-C<br \/><strong>\u00c9cran<\/strong><br \/>Tactile 10.5 \u00a0\u00bb FullHD 16:10 \u00b7 R\u00e9solution 1920&#215;1080<br \/><strong>Multim\u00e9dias<\/strong><br \/>Lecteur SD<br \/>Cam\u00e9ra arri\u00e8re<br \/>Cam\u00e9ra frontale<br \/><strong>Connectivit\u00e9<\/strong><br \/>WIFI<br \/>Bluetooth<br \/><strong>Autres<\/strong><br \/>hR emballage<br \/><strong>Dimensions<\/strong><br \/>24.50&#215;17.50&#215;0.83 cm.<br \/><strong>Poids<\/strong><br \/>0.55 Kg.<br \/><strong>Sp\u00e9cifications suppl\u00e9mentaires<\/strong><br \/>La Microsoft Surface Go 2 est l\u2019\u00e9volution parfaite pour ceux qui recherchent une tablette compacte, \u00e9l\u00e9gante et pr\u00eate pour un usage professionnel plus exigeant. Con\u00e7ue pour offrir une mobilit\u00e9 maximale sans renoncer \u00e0 la productivit\u00e9, elle est id\u00e9ale pour travailler depuis n\u2019importe o\u00f9 : bureau, maison ou en d\u00e9placement, avec le confort d\u2019un format l\u00e9ger et polyvalent.Gr\u00e2ce \u00e0 son processeur Intel Core m3, associ\u00e9 \u00e0 8 Go de m\u00e9moire RAM et un SSD de 128 Go, elle offre des performances plus rapides et efficaces par rapport aux mod\u00e8les de base, permettant de travailler avec plusieurs applications en m\u00eame temps en toute fluidit\u00e9. Son \u00e9cran tactile Full HD de 10,5 pouces am\u00e9liore l\u2019exp\u00e9rience visuelle avec une taille et une d\u00e9finition sup\u00e9rieures, parfait pour la productivit\u00e9, les appels vid\u00e9o ou la consommation multim\u00e9dia. De plus, elle int\u00e8gre Windows 11 Pro, offrant un environnement moderne, s\u00fbr et optimis\u00e9 pour le travail actuel.Elle inclut un clavier, ce qui en fait un appareil pr\u00eat \u00e0 \u00eatre utilis\u00e9 d\u00e8s le premier instant, combinant le confort d\u2019un ordinateur portable avec la libert\u00e9 d\u2019une tablette. La Surface Go 2 se distingue par son \u00e9quilibre entre performance, portabilit\u00e9 et design premium, \u00e9tant un excellent choix pour ceux qui recherchent un appareil polyvalent, fiable et pr\u00eat pour le quotidien professionnel.Bon aspect ext\u00e9rieur. Peut pr\u00e9senter de l\u00e9g\u00e8res marques d\u2019utilisation sur le bo\u00eetier. Regardez dans \u201c+ Photos\u201d et si vous avez des questions, appelez-nous ou utilisez notre chat pour obtenir plus d\u2019informations ou demander plus de d\u00e9tails.<br \/><strong>Commentaires<\/strong><br \/><u>Clavier international avec autocollants en fran\u00e7ais<\/u><\/p>\n","protected":false},"excerpt":{"rendered":"<p>Intel Core M 3- 8100Y 1.1 GHz. \u00b7 8 Gb. SO-DDR3 RAM \u00b7 128 Gb. SSD \u00b7 <strong>Windows 11 Pro<\/strong> \u00b7 Tactile 10.5 \u00a0\u00bb FullHD 16:10 \u00b7<br \/>\n<u>Clavier international avec autocollants en fran\u00e7ais<\/u> [&#8230;]<\/p>\n<p><a class=\"btn btn-secondary understrap-read-more-link\" href=\"https:\/\/digalco.com\/fr\/produit\/microsoft-surface-go-2-105-reconditionne-core-m-11ghz-8-gb-ram-128-gb-ssd-1920x1080-fr-14899\/\">Lire la suite\u2026<span class=\"screen-reader-text\"> from Microsoft Surface Go 2 10.5\u00a0\u00bb | Reconditionn\u00e9 | Core M 1.1GHz | 8 GB RAM | 128 GB SSD 1920&#215;1080<\/span><\/a><\/p>\n","protected":false},"featured_media":331891,"template":"","meta":[],"product_brand":[3860],"product_cat":[3750,1581],"product_tag":[],"class_list":{"0":"post-332041","1":"product","2":"type-product","3":"status-publish","4":"has-post-thumbnail","6":"product_brand-microsoft","7":"product_cat-tablettes-surface-fr","8":"product_cat-tablettes-fr","10":"first","11":"instock","12":"taxable","13":"shipping-taxable","14":"purchasable","15":"product-type-simple"},"bundled_by":[],"bundle_stock_status":"instock","bundle_stock_quantity":22,"bundle_virtual":false,"bundle_layout":"","bundle_add_to_cart_form_location":"","bundle_editable_in_cart":false,"bundle_sold_individually_context":"","bundle_item_grouping":"","bundle_min_size":"","bundle_max_size":"","bundle_price":[],"bundled_items":[],"bundle_sell_ids":[],"exclude_global_add_ons":true,"addons":{"keyboard-iso-upgrades":{"name":"Choisir langue du clavier","type":"multiple_choice","position":0,"required":false,"title_format":"heading","default":"","description_enable":false,"description":"","placeholder_enable":false,"placeholder":"","display":"radiobutton","restrictions_type":"any_text","adjust_price":false,"price":"","price_type":"quantity_based","restrictions":false,"min":"0","max":"0","options":[{"label":"Autocollants espagnols [AMP00082]","price":"0.0000","price_type":"quantity_based","image":0,"visibility":true},{"label":"Autocollants fran\u00e7ais [AMP00084]","price":"0.0000","price_type":"quantity_based","image":0,"visibility":true},{"label":"Autocollants portugais [AMP00083]","price":"0.0000","price_type":"quantity_based","image":0,"visibility":true}]},"pencil-upgrades":{"name":"Extension Crayon","type":"multiple_choice","position":0,"required":false,"title_format":"heading","default":"","description_enable":false,"description":"","placeholder_enable":false,"placeholder":"","display":"radiobutton","restrictions_type":"any_text","adjust_price":false,"price":"","price_type":"quantity_based","restrictions":false,"min":"0","max":"0","options":[{"label":"Stylet Microsoft Surface Original [AMP00087]","price":"50.0000","price_type":"quantity_based","image":0,"visibility":true}]},"os-upgrades":{"name":"Expansion SO","type":"multiple_choice","position":0,"required":false,"title_format":"heading","default":"","description_enable":false,"description":"","placeholder_enable":false,"placeholder":"","display":"radiobutton","restrictions_type":"any_text","adjust_price":false,"price":"","price_type":"quantity_based","restrictions":false,"min":"0","max":"0","options":[{"label":"Changer la langue en fran\u00e7ais [AMP00125]","price":"0.0000","price_type":"quantity_based","image":0,"visibility":true},{"label":"Changer la langue en anglais [AMP00008]","price":"0.0000","price_type":"quantity_based","image":0,"visibility":true},{"label":"Changer la langue en portugais [AMP00009]","price":"0.0000","price_type":"quantity_based","image":0,"visibility":true}]}},"df_price":264,"df_sale_price":"","df_regular_price":264,"df_image_link":"https:\/\/digalco.com\/wp-content\/uploads\/images\/product\/14899\/ms00245_01-300x225.jpg","_links":{"self":[{"href":"https:\/\/digalco.com\/fr\/wp-json\/wp\/v2\/product\/332041","targetHints":{"allow":["GET"]}}],"collection":[{"href":"https:\/\/digalco.com\/fr\/wp-json\/wp\/v2\/product"}],"about":[{"href":"https:\/\/digalco.com\/fr\/wp-json\/wp\/v2\/types\/product"}],"wp:featuredmedia":[{"embeddable":true,"href":"https:\/\/digalco.com\/fr\/wp-json\/wp\/v2\/media\/331891"}],"wp:attachment":[{"href":"https:\/\/digalco.com\/fr\/wp-json\/wp\/v2\/media?parent=332041"}],"wp:term":[{"taxonomy":"product_brand","embeddable":true,"href":"https:\/\/digalco.com\/fr\/wp-json\/wp\/v2\/product_brand?post=332041"},{"taxonomy":"product_cat","embeddable":true,"href":"https:\/\/digalco.com\/fr\/wp-json\/wp\/v2\/product_cat?post=332041"},{"taxonomy":"product_tag","embeddable":true,"href":"https:\/\/digalco.com\/fr\/wp-json\/wp\/v2\/product_tag?post=332041"}],"curies":[{"name":"wp","href":"https:\/\/api.w.org\/{rel}","templated":true}]}}