{"id":332242,"date":"2026-04-01T10:29:46","date_gmt":"2026-04-01T08:29:46","guid":{"rendered":"https:\/\/digalco.com\/tienda\/lenovo-t24d-10-24-led-1610-reconditionne-1290x1200-fr-5035\/"},"modified":"2026-04-01T10:30:05","modified_gmt":"2026-04-01T08:30:05","slug":"lenovo-t24d-10-24-led-1610-reconditionne-1290x1200-fr-5035","status":"publish","type":"product","link":"https:\/\/digalco.com\/fr\/produit\/lenovo-t24d-10-24-led-1610-reconditionne-1290x1200-fr-5035\/","title":{"rendered":"Lenovo T24d-10 24\u00a0\u00bb Led 16:10 | Reconditionn\u00e9 | 1290&#215;1200"},"content":{"rendered":"<p><strong>\u00c9cran<\/strong><br \/>Led 24 \u00a0\u00bb FullHD 16:10 \u00b7 R\u00e9solution 1290&#215;1200<br \/>R\u00e9ponse 4 ms<br \/>Contraste 1000:1<br \/>Luminosit\u00e9 300 cd\/m2<br \/>Angle vision 178\u00b0v\/178\u00b0h<br \/><strong>Ports vid\u00e9o<\/strong><br \/>VGA<br \/>HDMI<br \/>Display Port<br \/><strong>Affichage sp\u00e9cifique<\/strong><br \/>Stand VESA<br \/>Base<br \/>R\u00e9glable en hauteur<br \/><strong>Dimensions<\/strong><br \/>53.5x40x25 cm.<br \/><strong>Poids<\/strong><br \/>5.70 Kg.<br \/><strong>Sp\u00e9cifications suppl\u00e9mentaires<\/strong><br \/>Le Lenovo T24d-10 est con\u00e7u pour ceux qui ont besoin de plus qu\u2019un moniteur standard. Son format 16:10 fait la diff\u00e9rence d\u00e8s le premier instant, offrant une plus grande hauteur d\u2019\u00e9cran et un environnement de travail plus confortable et efficace. C\u2019est le choix id\u00e9al pour les professionnels qui g\u00e8rent des documents, des feuilles de calcul ou plusieurs fen\u00eatres, ainsi que pour ceux qui souhaitent optimiser leur espace de travail avec une visualisation plus compl\u00e8te.Son \u00e9cran LED de 24 pouces avec r\u00e9solution WUXGA 1920&#215;1200 offre une image nette et d\u00e9taill\u00e9e, sup\u00e9rieure au Full HD classique, permettant de voir plus de contenu sans avoir besoin de d\u00e9filements constants. Avec un temps de r\u00e9ponse de 4 ms, une luminosit\u00e9 de 300 cd\/m\u00b2 et un contraste de 1000:1, il offre des performances \u00e9quilibr\u00e9es aussi bien pour les t\u00e2ches bureautiques que pour le contenu multim\u00e9dia. Les larges angles de vision de 178\u00b0 assurent une coh\u00e9rence des couleurs depuis n\u2019importe quelle position, tandis que sa connectivit\u00e9 compl\u00e8te avec VGA, HDMI, DisplayPort et 4 ports USB 3.0 en fait un v\u00e9ritable centre de travail.Le Lenovo T24d-10 n\u2019am\u00e9liore pas seulement la qualit\u00e9 d\u2019image, il stimule \u00e9galement la productivit\u00e9 r\u00e9elle au quotidien. Plus d\u2019espace vertical, un meilleur confort visuel et une connectivit\u00e9 pens\u00e9e pour des environnements exigeants en font un investissement intelligent. Un moniteur professionnel, polyvalent et efficace qui s\u2019adapte \u00e0 tous les rythmes de travail et am\u00e9liore l\u2019exp\u00e9rience devant l\u2019\u00e9cran.Bon aspect ext\u00e9rieur. Peut pr\u00e9senter de l\u00e9g\u00e8res marques d\u2019utilisation sur le bo\u00eetier. Si vous avez des questions, appelez-nous ou utilisez notre chat pour obtenir plus d\u2019informations ou demander plus de d\u00e9tails.<br \/><strong>Commentaires<\/strong><br \/><u>4x USB 3.0 &#8211; C\u00e2ble d&rsquo;alimentation et VGA inclus<\/u><\/p>\n","protected":false},"excerpt":{"rendered":"<p>Led 24 \u00a0\u00bb FullHD 16:10 \u00b7 R\u00e9ponse 4 ms \u00b7 Contraste 1000:1 \u00b7 Luminosit\u00e9 300 cd\/m2 \u00b7 VGA \u00b7 HDMI \u00b7 Display Port \u00b7<br \/>\n<u>4x USB 3.0 &#8211; C\u00e2ble d&rsquo;alimentation et VGA inclus<\/u> [&#8230;]<\/p>\n<p><a class=\"btn btn-secondary understrap-read-more-link\" href=\"https:\/\/digalco.com\/fr\/produit\/lenovo-t24d-10-24-led-1610-reconditionne-1290x1200-fr-5035\/\">Lire la suite\u2026<span class=\"screen-reader-text\"> from Lenovo T24d-10 24\u00a0\u00bb Led 16:10 | Reconditionn\u00e9 | 1290&#215;1200<\/span><\/a><\/p>\n","protected":false},"featured_media":332152,"template":"","meta":[],"product_brand":[3856],"product_cat":[2390,1493],"product_tag":[],"class_list":{"0":"post-332242","1":"product","2":"type-product","3":"status-publish","4":"has-post-thumbnail","6":"product_brand-lenovo","7":"product_cat-moniteurs-24-fr","8":"product_cat-moniteurs-fr","10":"first","11":"instock","12":"taxable","13":"shipping-taxable","14":"purchasable","15":"product-type-simple"},"bundled_by":[],"bundle_stock_status":"instock","bundle_stock_quantity":4,"bundle_virtual":false,"bundle_layout":"","bundle_add_to_cart_form_location":"","bundle_editable_in_cart":false,"bundle_sold_individually_context":"","bundle_item_grouping":"","bundle_min_size":"","bundle_max_size":"","bundle_price":[],"bundled_items":[],"bundle_sell_ids":[],"exclude_global_add_ons":true,"addons":{"webcam-upgrades":{"name":"Extension Webcam","type":"multiple_choice","position":0,"required":false,"title_format":"heading","default":"","description_enable":false,"description":"","placeholder_enable":false,"placeholder":"","display":"radiobutton","restrictions_type":"any_text","adjust_price":false,"price":"","price_type":"quantity_based","restrictions":false,"min":"0","max":"0","options":[{"label":"Conceptronic AMDIS FullHD [AMP00085]","price":"29.0000","price_type":"quantity_based","image":0,"visibility":true}]},"hdmi-upgrades":{"name":"Extension c\u00e2ble","type":"multiple_choice","position":0,"required":false,"title_format":"heading","default":"","description_enable":false,"description":"","placeholder_enable":false,"placeholder":"","display":"radiobutton","restrictions_type":"any_text","adjust_price":false,"price":"","price_type":"quantity_based","restrictions":false,"min":"0","max":"0","options":[{"label":"C\u00e2ble HDMI 2 mts. [AMP00104]","price":"6.0000","price_type":"quantity_based","image":0,"visibility":true},{"label":"C\u00e2ble DisplayPort vers DisplayPort 1,8 mts. [AMP00103]","price":"8.0000","price_type":"quantity_based","image":0,"visibility":true}]}},"df_price":90,"df_sale_price":"","df_regular_price":90,"df_image_link":"https:\/\/digalco.com\/wp-content\/uploads\/images\/product\/5035\/leno00445_01-300x225.jpg","_links":{"self":[{"href":"https:\/\/digalco.com\/fr\/wp-json\/wp\/v2\/product\/332242","targetHints":{"allow":["GET"]}}],"collection":[{"href":"https:\/\/digalco.com\/fr\/wp-json\/wp\/v2\/product"}],"about":[{"href":"https:\/\/digalco.com\/fr\/wp-json\/wp\/v2\/types\/product"}],"wp:featuredmedia":[{"embeddable":true,"href":"https:\/\/digalco.com\/fr\/wp-json\/wp\/v2\/media\/332152"}],"wp:attachment":[{"href":"https:\/\/digalco.com\/fr\/wp-json\/wp\/v2\/media?parent=332242"}],"wp:term":[{"taxonomy":"product_brand","embeddable":true,"href":"https:\/\/digalco.com\/fr\/wp-json\/wp\/v2\/product_brand?post=332242"},{"taxonomy":"product_cat","embeddable":true,"href":"https:\/\/digalco.com\/fr\/wp-json\/wp\/v2\/product_cat?post=332242"},{"taxonomy":"product_tag","embeddable":true,"href":"https:\/\/digalco.com\/fr\/wp-json\/wp\/v2\/product_tag?post=332242"}],"curies":[{"name":"wp","href":"https:\/\/api.w.org\/{rel}","templated":true}]}}