{"id":332398,"date":"2026-04-01T10:47:19","date_gmt":"2026-04-01T08:47:19","guid":{"rendered":"https:\/\/digalco.com\/tienda\/hp-elitedesk-800-g5-usdt-reconditionne-core-i5-3ghz-8-gb-ram-256-gb-ssd-m2-fr-13085\/"},"modified":"2026-04-01T10:48:20","modified_gmt":"2026-04-01T08:48:20","slug":"hp-elitedesk-800-g5-usdt-reconditionne-core-i5-3ghz-8-gb-ram-256-gb-ssd-m2-fr-13085","status":"publish","type":"product","link":"https:\/\/digalco.com\/fr\/produit\/hp-elitedesk-800-g5-usdt-reconditionne-core-i5-3ghz-8-gb-ram-256-gb-ssd-m2-fr-13085\/","title":{"rendered":"HP EliteDesk 800 G5 Mini | Reconditionn\u00e9 | Core i5 3GHz | 8 GB RAM | 256 GB SSD M2"},"content":{"rendered":"<p><strong>Processeur<\/strong><br \/>Intel Core i5 9500 3 GHz.<br \/><strong>Facteur de forme<\/strong><br \/>Mini<br \/><strong>M\u00e9moire RAM<\/strong><br \/>8 Gb. SO-DDR4 RAM<br \/><strong>Disque dur<\/strong><br \/>256 Gb. SSD M2<br \/><strong>Cartes<\/strong><br \/>Graphique: Intel UHD Graphics 630<br \/>Son: Synaptics HD Audio<br \/>R\u00e9seau: Intel Ethernet Connection I219-LM<br \/><strong>Syst\u00e8me op\u00e9ratif<\/strong><br \/>Windows 11 Pro<br \/><strong>Ports<\/strong><br \/>6x USB 3.0<br \/>USB-C<br \/><strong>Ports vid\u00e9o<\/strong><br \/>VGA<br \/>2x Display Port<br \/><strong>Connectivit\u00e9<\/strong><br \/>RJ-45<br \/><strong>Autres<\/strong><br \/>hR emballage<br \/><strong>Dimensions<\/strong><br \/>18x18x4 cm.<br \/><strong>Poids<\/strong><br \/>1.00 Kg.<br \/><strong>Sp\u00e9cifications suppl\u00e9mentaires<\/strong><br \/>Le HP EliteDesk 800 G5 Mini est un ordinateur de bureau professionnel qui red\u00e9finit le concept de performance dans un format ultra-compact. Con\u00e7u pour s\u2019adapter aux espaces de travail modernes, cet \u00e9quipement se distingue par sa taille r\u00e9duite sans renoncer \u00e0 la puissance n\u00e9cessaire pour faire face efficacement au quotidien dans des environnements exigeants.<br \/>Gr\u00e2ce \u00e0 son processeur Intel Core i5 de 9e g\u00e9n\u00e9ration, ce PC de bureau pour entreprise offre une r\u00e9ponse rapide et stable pour les t\u00e2ches bureautiques, les applications de gestion, la navigation intensive et les environnements multit\u00e2ches. Ses 8 Go de m\u00e9moire DDR4 garantissent un fonctionnement fluide dans les sc\u00e9narios habituels, tandis que le SSD M.2 de 256 Go apporte rapidit\u00e9 au d\u00e9marrage, au chargement des programmes et au transfert des donn\u00e9es, optimisant le temps de travail.<br \/>L\u2019un de ses grands atouts est son efficacit\u00e9 : faible consommation d\u2019\u00e9nergie, fonctionnement silencieux et excellente gestion thermique, ce qui en fait un \u00e9quipement fiable pour le bureau, pr\u00eat pour de longues journ\u00e9es de travail sans interruptions. De plus, il int\u00e8gre TPM 2.0 et Windows 11 Pro, offrant un environnement s\u00fbr, moderne et pr\u00eat \u00e0 s\u2019int\u00e9grer dans des infrastructures professionnelles.<br \/>Son design Mini permet non seulement de gagner de la place, mais aussi de multiples options d\u2019installation, m\u00eame derri\u00e8re un moniteur, favorisant des postes de travail plus propres et organis\u00e9s. Cela le positionne comme un ordinateur de bureau compact et polyvalent, id\u00e9al pour ceux qui souhaitent maximiser l\u2019espace sans sacrifier les performances.<br \/>Dans l\u2019ensemble, le HP EliteDesk 800 G5 Mini est une option intelligente pour ceux qui ont besoin d\u2019un \u00e9quipement discret, efficace et fiable, capable d\u2019offrir une productivit\u00e9 constante avec un excellent \u00e9quilibre entre taille, puissance et consommation.<br \/>Bon aspect ext\u00e9rieur. Regardez dans \u201c+ Photos\u201d et \u201cVid\u00e9o\u201d et si vous avez des questions, appelez-nous ou utilisez notre chat pour obtenir plus d\u2019informations ou demander plus de d\u00e9tails.<\/p>\n","protected":false},"excerpt":{"rendered":"<p>Intel Core i5 9500 3 GHz. \u00b7 8 Gb. SO-DDR4 RAM \u00b7 256 Gb. SSD M2 \u00b7 <strong>Windows 11 Pro<\/strong> [&#8230;]<\/p>\n<p><a class=\"btn btn-secondary understrap-read-more-link\" href=\"https:\/\/digalco.com\/fr\/produit\/hp-elitedesk-800-g5-usdt-reconditionne-core-i5-3ghz-8-gb-ram-256-gb-ssd-m2-fr-13085\/\">Lire la suite\u2026<span class=\"screen-reader-text\"> from HP EliteDesk 800 G5 Mini | Reconditionn\u00e9 | Core i5 3GHz | 8 GB RAM | 256 GB SSD M2<\/span><\/a><\/p>\n","protected":false},"featured_media":332308,"template":"","meta":[],"product_brand":[3854],"product_cat":[1481,1469],"product_tag":[],"class_list":{"0":"post-332398","1":"product","2":"type-product","3":"status-publish","4":"has-post-thumbnail","6":"product_brand-hp","7":"product_cat-ordinateurs-mini-fr","8":"product_cat-ordinateurs-fr","10":"first","11":"instock","12":"taxable","13":"shipping-taxable","14":"purchasable","15":"product-type-simple"},"bundled_by":[],"bundle_stock_status":"instock","bundle_stock_quantity":25,"bundle_virtual":false,"bundle_layout":"","bundle_add_to_cart_form_location":"","bundle_editable_in_cart":false,"bundle_sold_individually_context":"","bundle_item_grouping":"","bundle_min_size":"","bundle_max_size":"","bundle_price":[],"bundled_items":[],"bundle_sell_ids":[],"exclude_global_add_ons":true,"addons":{"webcam-upgrades":{"name":"Extension Webcam","type":"multiple_choice","position":0,"required":false,"title_format":"heading","default":"","description_enable":false,"description":"","placeholder_enable":false,"placeholder":"","display":"radiobutton","restrictions_type":"any_text","adjust_price":false,"price":"","price_type":"quantity_based","restrictions":false,"min":"0","max":"0","options":[{"label":"Conceptronic AMDIS FullHD [AMP00085]","price":"29.0000","price_type":"quantity_based","image":0,"visibility":true}]},"ram-memory-upgrades":{"name":"Extension RAM","type":"multiple_choice","position":0,"required":false,"title_format":"heading","default":"","description_enable":false,"description":"","placeholder_enable":false,"placeholder":"","display":"radiobutton","restrictions_type":"any_text","adjust_price":false,"price":"","price_type":"quantity_based","restrictions":false,"min":"0","max":"0","options":[{"label":"Extension de 16 Gb Gb de RAM SO-DIMM DDR4 [AMP00081]","price":"60.0000","price_type":"quantity_based","image":0,"visibility":true}]},"hdd-upgrades":{"name":"Extension disque dur","type":"multiple_choice","position":0,"required":false,"title_format":"heading","default":"","description_enable":false,"description":"","placeholder_enable":false,"placeholder":"","display":"radiobutton","restrictions_type":"any_text","adjust_price":false,"price":"","price_type":"quantity_based","restrictions":false,"min":"0","max":"0","options":[{"label":"Passez au disque SSD de 500 Gb. M.2 2280PCIe [AMP00106]","price":"110.0000","price_type":"quantity_based","image":0,"visibility":true},{"label":"Passez au disque SSD 1 Tb. M.2 2280 PCIe [AMP00107]","price":"165.0000","price_type":"quantity_based","image":0,"visibility":true}]},"network-card-upgrades":{"name":"Extension WIFI","type":"multiple_choice","position":0,"required":false,"title_format":"heading","default":"","description_enable":false,"description":"","placeholder_enable":false,"placeholder":"","display":"radiobutton","restrictions_type":"any_text","adjust_price":false,"price":"","price_type":"quantity_based","restrictions":false,"min":"0","max":"0","options":[{"label":"Mise \u00e0 niveau nano USB sans fil [AMP00018]","price":"12.0000","price_type":"quantity_based","image":0,"visibility":true}]},"os-upgrades":{"name":"Expansion SO","type":"multiple_choice","position":0,"required":false,"title_format":"heading","default":"","description_enable":false,"description":"","placeholder_enable":false,"placeholder":"","display":"radiobutton","restrictions_type":"any_text","adjust_price":false,"price":"","price_type":"quantity_based","restrictions":false,"min":"0","max":"0","options":[{"label":"Changer la langue en fran\u00e7ais [AMP00125]","price":"0.0000","price_type":"quantity_based","image":0,"visibility":true},{"label":"Changer la langue en anglais [AMP00008]","price":"0.0000","price_type":"quantity_based","image":0,"visibility":true},{"label":"Changer la langue en portugais [AMP00009]","price":"0.0000","price_type":"quantity_based","image":0,"visibility":true}]},"keyboard-upgrades":{"name":"Extension clavier","type":"multiple_choice","position":0,"required":false,"title_format":"heading","default":"","description_enable":false,"description":"","placeholder_enable":false,"placeholder":"","display":"radiobutton","restrictions_type":"any_text","adjust_price":false,"price":"","price_type":"quantity_based","restrictions":false,"min":"0","max":"0","options":[{"label":"Clavier et souris [AMP00020]","price":"8.0000","price_type":"quantity_based","image":0,"visibility":true},{"label":"Clavier et souris Portuguese New [AMP00088]","price":"15.0000","price_type":"quantity_based","image":0,"visibility":true},{"label":"Clavier et souris USB espagnols (Nouveau) [AMP00068]","price":"12.0000","price_type":"quantity_based","image":0,"visibility":true}]}},"df_price":280,"df_sale_price":"","df_regular_price":280,"df_image_link":"https:\/\/digalco.com\/wp-content\/uploads\/images\/product\/13085\/hp02832_01-300x225.jpg","_links":{"self":[{"href":"https:\/\/digalco.com\/fr\/wp-json\/wp\/v2\/product\/332398","targetHints":{"allow":["GET"]}}],"collection":[{"href":"https:\/\/digalco.com\/fr\/wp-json\/wp\/v2\/product"}],"about":[{"href":"https:\/\/digalco.com\/fr\/wp-json\/wp\/v2\/types\/product"}],"wp:featuredmedia":[{"embeddable":true,"href":"https:\/\/digalco.com\/fr\/wp-json\/wp\/v2\/media\/332308"}],"wp:attachment":[{"href":"https:\/\/digalco.com\/fr\/wp-json\/wp\/v2\/media?parent=332398"}],"wp:term":[{"taxonomy":"product_brand","embeddable":true,"href":"https:\/\/digalco.com\/fr\/wp-json\/wp\/v2\/product_brand?post=332398"},{"taxonomy":"product_cat","embeddable":true,"href":"https:\/\/digalco.com\/fr\/wp-json\/wp\/v2\/product_cat?post=332398"},{"taxonomy":"product_tag","embeddable":true,"href":"https:\/\/digalco.com\/fr\/wp-json\/wp\/v2\/product_tag?post=332398"}],"curies":[{"name":"wp","href":"https:\/\/api.w.org\/{rel}","templated":true}]}}