{"id":332734,"date":"2026-04-01T11:20:24","date_gmt":"2026-04-01T09:20:24","guid":{"rendered":"https:\/\/digalco.com\/tienda\/hp-prodesk-600-g4-impecable-mini-reconditionne-core-i5-21ghz-16-gb-ram-256-gb-ssd-m2-fr-14949\/"},"modified":"2026-04-01T11:20:46","modified_gmt":"2026-04-01T09:20:46","slug":"hp-prodesk-600-g4-impecable-mini-reconditionne-core-i5-21ghz-16-gb-ram-256-gb-ssd-m2-fr-14949","status":"publish","type":"product","link":"https:\/\/digalco.com\/fr\/produit\/hp-prodesk-600-g4-impecable-mini-reconditionne-core-i5-21ghz-16-gb-ram-256-gb-ssd-m2-fr-14949\/","title":{"rendered":"HP ProDesk 600 G4-Impecable Mini | Reconditionn\u00e9 | Core i5 2.1GHz | 16 GB RAM | 256 GB SSD M2"},"content":{"rendered":"<p><strong>Processeur<\/strong><br \/>Intel Core i5 8500T 2.1 GHz.<br \/><strong>Facteur de forme<\/strong><br \/>Mini<br \/><strong>M\u00e9moire RAM<\/strong><br \/>16 Gb. SO-DDR4 RAM<br \/><strong>Disque dur<\/strong><br \/>256 Gb. SSD M2<br \/><strong>Cartes<\/strong><br \/>Graphique: Intel HD Graphics 630<br \/>Son: HD Audio<br \/>R\u00e9seau: Intel Ethernet Connection I219-LM<br \/><strong>Syst\u00e8me op\u00e9ratif<\/strong><br \/>Windows 11 Pro<br \/><strong>Ports<\/strong><br \/>6x USB 3.0<br \/>USB-C<br \/><strong>Ports vid\u00e9o<\/strong><br \/>2x Display Port<br \/><strong>Connectivit\u00e9<\/strong><br \/>RJ-45<br \/><strong>Autres<\/strong><br \/>hR emballage<br \/><strong>Dimensions<\/strong><br \/>18x18x4 cm.<br \/><strong>Poids<\/strong><br \/>1.15 Kg.<br \/><strong>Sp\u00e9cifications suppl\u00e9mentaires<\/strong><br \/>Le HP ProDesk 600 G4 Mini est un ordinateur de bureau professionnel qui combine performance solide, efficacit\u00e9 \u00e9nerg\u00e9tique et format ultra-compact, id\u00e9al pour les environnements de bureau o\u00f9 l\u2019espace et la productivit\u00e9 sont \u00e9galement importants. Sa taille r\u00e9duite permet de l\u2019int\u00e9grer facilement \u00e0 n\u2019importe quel bureau, offrant un environnement propre et organis\u00e9 sans sacrifier puissance ni fiabilit\u00e9.\u00c9quip\u00e9 d\u2019un processeur Intel Core i5 8500T de 8e g\u00e9n\u00e9ration, ce PC de bureau pour entreprise garantit des performances stables dans les t\u00e2ches quotidiennes, des applications de gestion au multit\u00e2che intensif et \u00e0 la navigation avanc\u00e9e. Ses 16 Go de m\u00e9moire DDR4 assurent un fonctionnement fluide m\u00eame avec plusieurs programmes ouverts, tandis que le SSD M.2 de 256 Go offre des d\u00e9marrages rapides, un acc\u00e8s imm\u00e9diat aux fichiers et une exp\u00e9rience utilisateur agile et efficace.L\u2019inclusion de TPM 2.0 et Windows 11 Pro apporte une s\u00e9curit\u00e9 avanc\u00e9e et un environnement moderne pr\u00eat pour les d\u00e9fis du travail professionnel. De plus, ce mod\u00e8le dispose d\u2019un emplacement M.2 suppl\u00e9mentaire pour le stockage, offrant la possibilit\u00e9 d\u2019\u00e9tendre le syst\u00e8me selon les besoins futurs, ce qui en fait un bureau \u00e9volutif et durable.Son fonctionnement efficace et silencieux garantit le confort dans tout espace de travail, minimisant la consommation d\u2019\u00e9nergie et favorisant la stabilit\u00e9 \u00e0 long terme. Dans l\u2019ensemble, le HP ProDesk 600 G4 Mini est un syst\u00e8me de bureau fiable qui offre performance, flexibilit\u00e9 et efficacit\u00e9 dans un format compact, parfait pour ceux qui recherchent productivit\u00e9 et ordre sans compromettre qualit\u00e9 et durabilit\u00e9.<strong>Aspect ext\u00e9rieur impeccable.<\/strong> Regardez dans \u201c+ Photos\u201d et \u201cVid\u00e9o\u201d et si vous avez des questions, appelez-nous ou utilisez notre chat pour obtenir plus d\u2019informations ou demander plus de d\u00e9tails.<br \/><strong>Commentaires<\/strong><br \/><u>1xM.2 2280 pour le stockage disponible<\/u><\/p>\n","protected":false},"excerpt":{"rendered":"<p>Intel Core i5 8500T 2.1 GHz. \u00b7 16 Gb. SO-DDR4 RAM \u00b7 256 Gb. SSD M2 \u00b7 <strong>Windows 11 Pro<\/strong> \u00b7<br \/>\n<u>1xM.2 2280 pour le stockage disponible<\/u> [&#8230;]<\/p>\n<p><a class=\"btn btn-secondary understrap-read-more-link\" href=\"https:\/\/digalco.com\/fr\/produit\/hp-prodesk-600-g4-impecable-mini-reconditionne-core-i5-21ghz-16-gb-ram-256-gb-ssd-m2-fr-14949\/\">Lire la suite\u2026<span class=\"screen-reader-text\"> from HP ProDesk 600 G4-Impecable Mini | Reconditionn\u00e9 | Core i5 2.1GHz | 16 GB RAM | 256 GB SSD M2<\/span><\/a><\/p>\n","protected":false},"featured_media":332644,"template":"","meta":[],"product_brand":[3854],"product_cat":[1481,1469],"product_tag":[],"class_list":{"0":"post-332734","1":"product","2":"type-product","3":"status-publish","4":"has-post-thumbnail","6":"product_brand-hp","7":"product_cat-ordinateurs-mini-fr","8":"product_cat-ordinateurs-fr","10":"first","11":"outofstock","12":"taxable","13":"shipping-taxable","14":"purchasable","15":"product-type-simple"},"bundled_by":[],"bundle_stock_status":"outofstock","bundle_stock_quantity":0,"bundle_virtual":false,"bundle_layout":"","bundle_add_to_cart_form_location":"","bundle_editable_in_cart":false,"bundle_sold_individually_context":"","bundle_item_grouping":"","bundle_min_size":"","bundle_max_size":"","bundle_price":[],"bundled_items":[],"bundle_sell_ids":[],"exclude_global_add_ons":true,"addons":{"webcam-upgrades":{"name":"Extension Webcam","type":"multiple_choice","position":0,"required":false,"title_format":"heading","default":"","description_enable":false,"description":"","placeholder_enable":false,"placeholder":"","display":"radiobutton","restrictions_type":"any_text","adjust_price":false,"price":"","price_type":"quantity_based","restrictions":false,"min":"0","max":"0","options":[{"label":"Conceptronic AMDIS FullHD [AMP00085]","price":"29.0000","price_type":"quantity_based","image":0,"visibility":true}]},"ram-memory-upgrades":{"name":"Extension RAM","type":"multiple_choice","position":0,"required":false,"title_format":"heading","default":"","description_enable":false,"description":"","placeholder_enable":false,"placeholder":"","display":"radiobutton","restrictions_type":"any_text","adjust_price":false,"price":"","price_type":"quantity_based","restrictions":false,"min":"0","max":"0","options":[{"label":"Extension de 32 Gb de RAM SODIMM [AMP00098]","price":"150.0000","price_type":"quantity_based","image":0,"visibility":true}]},"hdd-upgrades":{"name":"Extension disque dur","type":"multiple_choice","position":0,"required":false,"title_format":"heading","default":"","description_enable":false,"description":"","placeholder_enable":false,"placeholder":"","display":"radiobutton","restrictions_type":"any_text","adjust_price":false,"price":"","price_type":"quantity_based","restrictions":false,"min":"0","max":"0","options":[{"label":"Passez au disque SSD de 500 Gb. M.2 2280PCIe [AMP00106]","price":"110.0000","price_type":"quantity_based","image":0,"visibility":true},{"label":"Passez au disque SSD 1 Tb. M.2 2280 PCIe [AMP00107]","price":"165.0000","price_type":"quantity_based","image":0,"visibility":true}]},"network-card-upgrades":{"name":"Extension WIFI","type":"multiple_choice","position":0,"required":false,"title_format":"heading","default":"","description_enable":false,"description":"","placeholder_enable":false,"placeholder":"","display":"radiobutton","restrictions_type":"any_text","adjust_price":false,"price":"","price_type":"quantity_based","restrictions":false,"min":"0","max":"0","options":[{"label":"Mise \u00e0 niveau nano USB sans fil [AMP00018]","price":"12.0000","price_type":"quantity_based","image":0,"visibility":true}]},"os-upgrades":{"name":"Expansion SO","type":"multiple_choice","position":0,"required":false,"title_format":"heading","default":"","description_enable":false,"description":"","placeholder_enable":false,"placeholder":"","display":"radiobutton","restrictions_type":"any_text","adjust_price":false,"price":"","price_type":"quantity_based","restrictions":false,"min":"0","max":"0","options":[{"label":"Changer la langue en fran\u00e7ais [AMP00125]","price":"0.0000","price_type":"quantity_based","image":0,"visibility":true},{"label":"Changer la langue en anglais [AMP00008]","price":"0.0000","price_type":"quantity_based","image":0,"visibility":true},{"label":"Changer la langue en portugais [AMP00009]","price":"0.0000","price_type":"quantity_based","image":0,"visibility":true}]},"keyboard-upgrades":{"name":"Extension clavier","type":"multiple_choice","position":0,"required":false,"title_format":"heading","default":"","description_enable":false,"description":"","placeholder_enable":false,"placeholder":"","display":"radiobutton","restrictions_type":"any_text","adjust_price":false,"price":"","price_type":"quantity_based","restrictions":false,"min":"0","max":"0","options":[{"label":"Clavier et souris [AMP00020]","price":"8.0000","price_type":"quantity_based","image":0,"visibility":true},{"label":"Clavier et souris Portuguese New [AMP00088]","price":"15.0000","price_type":"quantity_based","image":0,"visibility":true},{"label":"Clavier et souris USB espagnols (Nouveau) [AMP00068]","price":"12.0000","price_type":"quantity_based","image":0,"visibility":true}]}},"df_price":269,"df_sale_price":"","df_regular_price":269,"df_image_link":"https:\/\/digalco.com\/wp-content\/uploads\/images\/product\/14949\/hp03341_01-300x225.jpg","_links":{"self":[{"href":"https:\/\/digalco.com\/fr\/wp-json\/wp\/v2\/product\/332734","targetHints":{"allow":["GET"]}}],"collection":[{"href":"https:\/\/digalco.com\/fr\/wp-json\/wp\/v2\/product"}],"about":[{"href":"https:\/\/digalco.com\/fr\/wp-json\/wp\/v2\/types\/product"}],"wp:featuredmedia":[{"embeddable":true,"href":"https:\/\/digalco.com\/fr\/wp-json\/wp\/v2\/media\/332644"}],"wp:attachment":[{"href":"https:\/\/digalco.com\/fr\/wp-json\/wp\/v2\/media?parent=332734"}],"wp:term":[{"taxonomy":"product_brand","embeddable":true,"href":"https:\/\/digalco.com\/fr\/wp-json\/wp\/v2\/product_brand?post=332734"},{"taxonomy":"product_cat","embeddable":true,"href":"https:\/\/digalco.com\/fr\/wp-json\/wp\/v2\/product_cat?post=332734"},{"taxonomy":"product_tag","embeddable":true,"href":"https:\/\/digalco.com\/fr\/wp-json\/wp\/v2\/product_tag?post=332734"}],"curies":[{"name":"wp","href":"https:\/\/api.w.org\/{rel}","templated":true}]}}