{"id":332964,"date":"2026-04-01T12:12:24","date_gmt":"2026-04-01T10:12:24","guid":{"rendered":"https:\/\/digalco.com\/tienda\/lenovo-thinkpad-l560-bateria-nueva-156-reconditionne-core-i5-24ghz-8-gb-ram-256-gb-ssd-1366x768-fr-14973\/"},"modified":"2026-05-13T12:17:23","modified_gmt":"2026-05-13T10:17:23","slug":"lenovo-thinkpad-l560-bateria-nueva-156-reconditionne-core-i5-24ghz-8-gb-ram-256-gb-ssd-1366x768-fr-14973","status":"publish","type":"product","link":"https:\/\/digalco.com\/fr\/produit\/lenovo-thinkpad-l560-bateria-nueva-156-reconditionne-core-i5-24ghz-8-gb-ram-256-gb-ssd-1366x768-fr-14973\/","title":{"rendered":"Lenovo ThinkPad L560-Bater\u00eda Nueva 15.6\u00a0\u00bb | Reconditionn\u00e9 | Core i5 2.4GHz | 8 GB RAM | 256 GB SSD 1366&#215;768"},"content":{"rendered":"<p><strong>Processeur<\/strong><br \/>Intel Core i5 6300U 2.4 GHz.<br \/><strong>M\u00e9moire RAM<\/strong><br \/>8 Gb. SO-DDR3 RAM<br \/><strong>Disque dur<\/strong><br \/>256 Gb. SSD<br \/><strong>Cartes<\/strong><br \/>Graphique: Intel Hd Graphics 520<br \/>Son: High Definition Audio<br \/>R\u00e9seau: I219-LM<br \/><strong>Syst\u00e8me op\u00e9ratif<\/strong><br \/>Windows 10 Pro<br \/><strong>Ports<\/strong><br \/>USB 2.0<br \/>3x USB 3.0<br \/><strong>\u00c9cran<\/strong><br \/>Led 15.6 \u00a0\u00bb HD 16:9 \u00b7 R\u00e9solution 1366&#215;768<br \/><strong>Ports vid\u00e9o<\/strong><br \/>VGA<br \/>Mini Display Port<br \/><strong>Multim\u00e9dias<\/strong><br \/>Webcam<br \/>Lecteur SD<br \/>Lecteur carte d&rsquo;identit\u00e9<br \/><strong>Connectivit\u00e9<\/strong><br \/>RJ-45<br \/>WIFI<br \/>Bluetooth<br \/><strong>Notebook sp\u00e9cifique<\/strong><br \/>Batterie Nouvelle<br \/>Langue du clavier Espagnol<br \/>Clavier num\u00e9rique<br \/><strong>Autres<\/strong><br \/>hR emballage<br \/><strong>Dimensions<\/strong><br \/>37.9x25x2.8 cm.<br \/><strong>Poids<\/strong><br \/>2.20 Kg.<br \/><strong>Sp\u00e9cifications suppl\u00e9mentaires<\/strong><br \/>Le Lenovo ThinkPad L560 est un ordinateur portable professionnel compact et fiable, con\u00e7u pour offrir efficacit\u00e9 et performance dans les t\u00e2ches quotidiennes et en environnement de bureau. \u00c9quip\u00e9 d\u2019un processeur Intel Core i5 de 6e g\u00e9n\u00e9ration et de 8 Go de m\u00e9moire DDR3, il assure des performances stables et fluides pour le multit\u00e2che l\u00e9ger, la gestion de documents et les vid\u00e9oconf\u00e9rences. Son SSD de 256 Go permet des d\u00e9marrages rapides et un acc\u00e8s imm\u00e9diat aux fichiers, am\u00e9liorant la productivit\u00e9 quotidienne. L\u2019\u00e9cran LED HD de 15,6 pouces offre une visualisation claire et confortable, id\u00e9al pour de longues journ\u00e9es de travail, des pr\u00e9sentations ou des t\u00e2ches administratives. Avec Windows 10 Pro, webcam int\u00e9gr\u00e9e, lecteur de cartes SD et lecteur d\u2019identification, cet ordinateur portable garantit s\u00e9curit\u00e9, connectivit\u00e9 et facilit\u00e9 d\u2019utilisation, s\u2019adaptant aux professionnels qui n\u00e9cessitent mobilit\u00e9 et efficacit\u00e9. La batterie neuve et le design robuste assurent un ordinateur portable pr\u00eat pour une utilisation continue, offrant durabilit\u00e9 et fiabilit\u00e9. En tant qu\u2019appareil reconditionn\u00e9 premium, le ThinkPad L560 combine valeur, performance et praticit\u00e9, devenant une solution intelligente pour les professionnels \u00e0 la recherche d\u2019un ordinateur portable professionnel efficace et \u00e9conomique.Bon \u00e9tat ext\u00e9rieur. Peut pr\u00e9senter de l\u00e9g\u00e8res traces d\u2019usage sur le bo\u00eetier. Regardez dans \u201c+ Photos\u201d et \u201cVid\u00e9o\u201d et si vous avez des questions, appelez-nous ou utilisez notre chat pour obtenir plus d\u2019informations ou demander plus de d\u00e9tails.<br \/><strong>Commentaires<\/strong><br \/><u>Nouvelle batterie<\/u><\/p>\n","protected":false},"excerpt":{"rendered":"<p>Intel Core i5 6300U 2.4 GHz. \u00b7 8 Gb. SO-DDR3 RAM \u00b7 256 Gb. SSD \u00b7 Windows 10 Pro \u00b7 Led 15.6 \u00a0\u00bb HD 16:9 \u00b7 Webcam \u00b7<br \/>\n<strong>Nouvelle batterie<\/strong> [&#8230;]<\/p>\n<p><a class=\"btn btn-secondary understrap-read-more-link\" href=\"https:\/\/digalco.com\/fr\/produit\/lenovo-thinkpad-l560-bateria-nueva-156-reconditionne-core-i5-24ghz-8-gb-ram-256-gb-ssd-1366x768-fr-14973\/\">Lire la suite\u2026<span class=\"screen-reader-text\"> from Lenovo ThinkPad L560-Bater\u00eda Nueva 15.6\u00a0\u00bb | Reconditionn\u00e9 | Core i5 2.4GHz | 8 GB RAM | 256 GB SSD 1366&#215;768<\/span><\/a><\/p>\n","protected":false},"featured_media":332799,"template":"","meta":[],"product_brand":[3856],"product_cat":[3137,1517],"product_tag":[],"class_list":{"0":"post-332964","1":"product","2":"type-product","3":"status-publish","4":"has-post-thumbnail","6":"product_brand-lenovo","7":"product_cat-notebooks-15-16-fr","8":"product_cat-notebooks-fr","10":"first","11":"instock","12":"taxable","13":"shipping-taxable","14":"purchasable","15":"product-type-simple"},"bundled_by":[],"bundle_stock_status":"instock","bundle_stock_quantity":1,"bundle_virtual":false,"bundle_layout":"","bundle_add_to_cart_form_location":"","bundle_editable_in_cart":false,"bundle_sold_individually_context":"","bundle_item_grouping":"","bundle_min_size":"","bundle_max_size":"","bundle_price":[],"bundled_items":[],"bundle_sell_ids":[],"exclude_global_add_ons":true,"addons":{"keyboard-iso-upgrades":{"name":"Choisir langue du clavier","type":"multiple_choice","position":0,"required":false,"title_format":"heading","default":"","description_enable":false,"description":"","placeholder_enable":false,"placeholder":"","display":"radiobutton","restrictions_type":"any_text","adjust_price":false,"price":"","price_type":"quantity_based","restrictions":false,"min":"0","max":"0","options":[{"label":"Autocollants fran\u00e7ais [AMP00084]","price":"0.0000","price_type":"quantity_based","image":0,"visibility":true},{"label":"Autocollants portugais [AMP00083]","price":"0.0000","price_type":"quantity_based","image":0,"visibility":true}]},"ram-memory-upgrades":{"name":"Extension RAM","type":"multiple_choice","position":0,"required":false,"title_format":"heading","default":"","description_enable":false,"description":"","placeholder_enable":false,"placeholder":"","display":"radiobutton","restrictions_type":"any_text","adjust_price":false,"price":"","price_type":"quantity_based","restrictions":false,"min":"0","max":"0","options":[{"label":"Extension de 16 Gb de RAM SODIMM DDR3 [AMP00004]","price":"50.0000","price_type":"quantity_based","image":0,"visibility":true}]},"hdd-upgrades":{"name":"Extension disque dur","type":"multiple_choice","position":0,"required":false,"title_format":"heading","default":"","description_enable":false,"description":"","placeholder_enable":false,"placeholder":"","display":"radiobutton","restrictions_type":"any_text","adjust_price":false,"price":"","price_type":"quantity_based","restrictions":false,"min":"0","max":"0","options":[{"label":"Passez au disque SSD de 480 Gb. [AMP00014]","price":"59.0000","price_type":"quantity_based","image":0,"visibility":true},{"label":"Passez au disque SSD 1 Tb. [AMP00071]","price":"95.0000","price_type":"quantity_based","image":0,"visibility":true}]},"os-upgrades":{"name":"Expansion SO","type":"multiple_choice","position":0,"required":false,"title_format":"heading","default":"","description_enable":false,"description":"","placeholder_enable":false,"placeholder":"","display":"radiobutton","restrictions_type":"any_text","adjust_price":false,"price":"","price_type":"quantity_based","restrictions":false,"min":"0","max":"0","options":[{"label":"Changer la langue en fran\u00e7ais [AMP00125]","price":"0.0000","price_type":"quantity_based","image":0,"visibility":true},{"label":"Changer la langue en anglais [AMP00008]","price":"0.0000","price_type":"quantity_based","image":0,"visibility":true},{"label":"Changer la langue en portugais [AMP00009]","price":"0.0000","price_type":"quantity_based","image":0,"visibility":true}]},"briefcase-upgrades":{"name":"Porte-documents","type":"multiple_choice","position":0,"required":false,"title_format":"heading","default":"","description_enable":false,"description":"","placeholder_enable":false,"placeholder":"","display":"radiobutton","restrictions_type":"any_text","adjust_price":false,"price":"","price_type":"quantity_based","restrictions":false,"min":"0","max":"0","options":[{"label":"Mallette Notebook [AMP00041]","price":"5.0000","price_type":"quantity_based","image":0,"visibility":true}]}},"df_price":264,"df_sale_price":"","df_regular_price":264,"df_image_link":"https:\/\/digalco.com\/wp-content\/uploads\/images\/product\/14973\/leno01162_01-300x225.jpg","_links":{"self":[{"href":"https:\/\/digalco.com\/fr\/wp-json\/wp\/v2\/product\/332964","targetHints":{"allow":["GET"]}}],"collection":[{"href":"https:\/\/digalco.com\/fr\/wp-json\/wp\/v2\/product"}],"about":[{"href":"https:\/\/digalco.com\/fr\/wp-json\/wp\/v2\/types\/product"}],"wp:featuredmedia":[{"embeddable":true,"href":"https:\/\/digalco.com\/fr\/wp-json\/wp\/v2\/media\/332799"}],"wp:attachment":[{"href":"https:\/\/digalco.com\/fr\/wp-json\/wp\/v2\/media?parent=332964"}],"wp:term":[{"taxonomy":"product_brand","embeddable":true,"href":"https:\/\/digalco.com\/fr\/wp-json\/wp\/v2\/product_brand?post=332964"},{"taxonomy":"product_cat","embeddable":true,"href":"https:\/\/digalco.com\/fr\/wp-json\/wp\/v2\/product_cat?post=332964"},{"taxonomy":"product_tag","embeddable":true,"href":"https:\/\/digalco.com\/fr\/wp-json\/wp\/v2\/product_tag?post=332964"}],"curies":[{"name":"wp","href":"https:\/\/api.w.org\/{rel}","templated":true}]}}