{"id":333735,"date":"2026-04-01T13:12:58","date_gmt":"2026-04-01T11:12:58","guid":{"rendered":"https:\/\/digalco.com\/tienda\/hp-255-g7-notebook-bateria-nueva-156-reconditionne-amd-34ghz-8-gb-ram-256-gb-ssd-m2-1920x1080-fr-14960\/"},"modified":"2026-04-01T13:13:16","modified_gmt":"2026-04-01T11:13:16","slug":"hp-255-g7-notebook-bateria-nueva-156-reconditionne-amd-34ghz-8-gb-ram-256-gb-ssd-m2-1920x1080-fr-14960","status":"publish","type":"product","link":"https:\/\/digalco.com\/fr\/produit\/hp-255-g7-notebook-bateria-nueva-156-reconditionne-amd-34ghz-8-gb-ram-256-gb-ssd-m2-1920x1080-fr-14960\/","title":{"rendered":"HP 255 G7 Notebook-Bater\u00eda Nueva 15.6\u00a0\u00bb | Reconditionn\u00e9 | AMD 3.4GHz | 8 GB RAM | 256 GB SSD M2 1920&#215;1080"},"content":{"rendered":"<p><strong>Processeur<\/strong><br \/>AMD AMD Ryzen 3 2200U 3.4 GHz.<br \/><strong>M\u00e9moire RAM<\/strong><br \/>8 Gb. SO-DDR4 RAM<br \/><strong>Disque dur<\/strong><br \/>256 Gb. SSD M2<br \/><strong>Cartes<\/strong><br \/>Graphique: AMD Radeon Vega 3 Graphics<br \/>Son: AMD HDA<br \/>R\u00e9seau: Realtek PCIe GBE<br \/><strong>Syst\u00e8me op\u00e9ratif<\/strong><br \/>Windows 11 Home<br \/><strong>Ports<\/strong><br \/>USB 2.0<br \/>2x USB 3.1<br \/><strong>\u00c9cran<\/strong><br \/>Led 15.6 \u00a0\u00bb FullHD 16:10 \u00b7 R\u00e9solution 1920&#215;1080<br \/><strong>Ports vid\u00e9o<\/strong><br \/>HDMI<br \/><strong>Multim\u00e9dias<\/strong><br \/>Webcam<br \/>Lecteur SD<br \/><strong>Connectivit\u00e9<\/strong><br \/>RJ-45<br \/>WIFI<br \/>Bluetooth<br \/><strong>Notebook sp\u00e9cifique<\/strong><br \/>Batterie Nouvelle<br \/>Langue du clavier Espagnol<br \/>Clavier num\u00e9rique<br \/><strong>Autres<\/strong><br \/>hR emballage<br \/><strong>Dimensions<\/strong><br \/>36.5&#215;25.5&#215;2.3 cm.<br \/><strong>Poids<\/strong><br \/>1.85 Kg.<br \/><strong>Sp\u00e9cifications suppl\u00e9mentaires<\/strong><br \/>Le HP 255 G7 Notebook est un ordinateur portable professionnel accessible et efficace, con\u00e7u pour offrir des performances fiables et une productivit\u00e9 dans les t\u00e2ches quotidiennes et les environnements de bureau. \u00c9quip\u00e9 d\u2019un processeur AMD Ryzen 3 2200U et de 8 Go de m\u00e9moire DDR4, il garantit un fonctionnement rapide pour le multit\u00e2che l\u00e9ger, la gestion de documents et les vid\u00e9oconf\u00e9rences. Son SSD M.2 de 256 Go permet des d\u00e9marrages rapides et un acc\u00e8s imm\u00e9diat aux fichiers, optimisant l\u2019efficacit\u00e9 dans le travail quotidien. L\u2019\u00e9cran LED Full HD 16:10 de 15,6 pouces offre une visualisation claire et confortable, id\u00e9al pour de longues journ\u00e9es de bureau, des pr\u00e9sentations ou des t\u00e2ches administratives. Avec Windows 11 Home, webcam int\u00e9gr\u00e9e et lecteur de carte SD, cet appareil fournit connectivit\u00e9, s\u00e9curit\u00e9 et facilit\u00e9 d\u2019utilisation, s\u2019adaptant aux professionnels qui n\u00e9cessitent un ordinateur portable fiable et fonctionnel. La batterie neuve et le design robuste assurent durabilit\u00e9 et performance constante pour une utilisation continue. En tant qu\u2019\u00e9quipement reconditionn\u00e9 premium, le HP 255 G7 allie valeur, performance et praticit\u00e9, devenant une solution intelligente pour les professionnels \u00e0 la recherche d\u2019un ordinateur portable professionnel \u00e9conomique, efficace et pr\u00eat pour une utilisation quotidienne.Bon aspect ext\u00e9rieur. Peut pr\u00e9senter de l\u00e9g\u00e8res marques d\u2019usage sur le bo\u00eetier. Si vous avez des questions, appelez-nous ou utilisez notre chat pour obtenir plus d\u2019informations ou pour demander plus de d\u00e9tails.<br \/><strong>Commentaires<\/strong><br \/><u>Nouvelle batterie<\/u><\/p>\n","protected":false},"excerpt":{"rendered":"<p>AMD AMD Ryzen 3 2200U 3.4 GHz. \u00b7 8 Gb. SO-DDR4 RAM \u00b7 256 Gb. SSD M2 \u00b7 <strong>Windows 11 Home<\/strong> \u00b7 Led 15.6 \u00a0\u00bb FullHD 16:10 \u00b7 Webcam \u00b7<br \/>\n<strong>Nouvelle batterie<\/strong> [&#8230;]<\/p>\n<p><a class=\"btn btn-secondary understrap-read-more-link\" href=\"https:\/\/digalco.com\/fr\/produit\/hp-255-g7-notebook-bateria-nueva-156-reconditionne-amd-34ghz-8-gb-ram-256-gb-ssd-m2-1920x1080-fr-14960\/\">Lire la suite\u2026<span class=\"screen-reader-text\"> from HP 255 G7 Notebook-Bater\u00eda Nueva 15.6\u00a0\u00bb | Reconditionn\u00e9 | AMD 3.4GHz | 8 GB RAM | 256 GB SSD M2 1920&#215;1080<\/span><\/a><\/p>\n","protected":false},"featured_media":333660,"template":"","meta":[],"product_brand":[3854],"product_cat":[3137,1517],"product_tag":[],"class_list":{"0":"post-333735","1":"product","2":"type-product","3":"status-publish","4":"has-post-thumbnail","6":"product_brand-hp","7":"product_cat-notebooks-15-16-fr","8":"product_cat-notebooks-fr","10":"first","11":"outofstock","12":"taxable","13":"shipping-taxable","14":"purchasable","15":"product-type-simple"},"bundled_by":[],"bundle_stock_status":"outofstock","bundle_stock_quantity":0,"bundle_virtual":false,"bundle_layout":"","bundle_add_to_cart_form_location":"","bundle_editable_in_cart":false,"bundle_sold_individually_context":"","bundle_item_grouping":"","bundle_min_size":"","bundle_max_size":"","bundle_price":[],"bundled_items":[],"bundle_sell_ids":[],"exclude_global_add_ons":true,"addons":{"keyboard-iso-upgrades":{"name":"Choisir langue du clavier","type":"multiple_choice","position":0,"required":false,"title_format":"heading","default":"","description_enable":false,"description":"","placeholder_enable":false,"placeholder":"","display":"radiobutton","restrictions_type":"any_text","adjust_price":false,"price":"","price_type":"quantity_based","restrictions":false,"min":"0","max":"0","options":[{"label":"Autocollants fran\u00e7ais [AMP00084]","price":"0.0000","price_type":"quantity_based","image":0,"visibility":true},{"label":"Autocollants portugais [AMP00083]","price":"0.0000","price_type":"quantity_based","image":0,"visibility":true}]},"ram-memory-upgrades":{"name":"Extension RAM","type":"multiple_choice","position":0,"required":false,"title_format":"heading","default":"","description_enable":false,"description":"","placeholder_enable":false,"placeholder":"","display":"radiobutton","restrictions_type":"any_text","adjust_price":false,"price":"","price_type":"quantity_based","restrictions":false,"min":"0","max":"0","options":[{"label":"Extension de 16 Gb Gb de RAM SO-DIMM DDR4 [AMP00081]","price":"60.0000","price_type":"quantity_based","image":0,"visibility":true}]},"hdd-upgrades":{"name":"Extension disque dur","type":"multiple_choice","position":0,"required":false,"title_format":"heading","default":"","description_enable":false,"description":"","placeholder_enable":false,"placeholder":"","display":"radiobutton","restrictions_type":"any_text","adjust_price":false,"price":"","price_type":"quantity_based","restrictions":false,"min":"0","max":"0","options":[{"label":"Passez au disque SSD de 500 Gb. M.2 2280PCIe [AMP00106]","price":"110.0000","price_type":"quantity_based","image":0,"visibility":true},{"label":"Passez au disque SSD 1 Tb. M.2 2280 PCIe [AMP00107]","price":"165.0000","price_type":"quantity_based","image":0,"visibility":true}]},"os-upgrades":{"name":"Expansion SO","type":"multiple_choice","position":0,"required":false,"title_format":"heading","default":"","description_enable":false,"description":"","placeholder_enable":false,"placeholder":"","display":"radiobutton","restrictions_type":"any_text","adjust_price":false,"price":"","price_type":"quantity_based","restrictions":false,"min":"0","max":"0","options":[{"label":"Changer la langue en fran\u00e7ais [AMP00125]","price":"0.0000","price_type":"quantity_based","image":0,"visibility":true},{"label":"Changer la langue en anglais [AMP00008]","price":"0.0000","price_type":"quantity_based","image":0,"visibility":true},{"label":"Changer la langue en portugais [AMP00009]","price":"0.0000","price_type":"quantity_based","image":0,"visibility":true}]},"briefcase-upgrades":{"name":"Porte-documents","type":"multiple_choice","position":0,"required":false,"title_format":"heading","default":"","description_enable":false,"description":"","placeholder_enable":false,"placeholder":"","display":"radiobutton","restrictions_type":"any_text","adjust_price":false,"price":"","price_type":"quantity_based","restrictions":false,"min":"0","max":"0","options":[{"label":"Mallette Notebook [AMP00041]","price":"5.0000","price_type":"quantity_based","image":0,"visibility":true}]}},"df_price":264,"df_sale_price":"","df_regular_price":264,"df_image_link":"https:\/\/digalco.com\/wp-content\/uploads\/images\/product\/14960\/hp03347_01-300x225.jpg","_links":{"self":[{"href":"https:\/\/digalco.com\/fr\/wp-json\/wp\/v2\/product\/333735","targetHints":{"allow":["GET"]}}],"collection":[{"href":"https:\/\/digalco.com\/fr\/wp-json\/wp\/v2\/product"}],"about":[{"href":"https:\/\/digalco.com\/fr\/wp-json\/wp\/v2\/types\/product"}],"wp:featuredmedia":[{"embeddable":true,"href":"https:\/\/digalco.com\/fr\/wp-json\/wp\/v2\/media\/333660"}],"wp:attachment":[{"href":"https:\/\/digalco.com\/fr\/wp-json\/wp\/v2\/media?parent=333735"}],"wp:term":[{"taxonomy":"product_brand","embeddable":true,"href":"https:\/\/digalco.com\/fr\/wp-json\/wp\/v2\/product_brand?post=333735"},{"taxonomy":"product_cat","embeddable":true,"href":"https:\/\/digalco.com\/fr\/wp-json\/wp\/v2\/product_cat?post=333735"},{"taxonomy":"product_tag","embeddable":true,"href":"https:\/\/digalco.com\/fr\/wp-json\/wp\/v2\/product_tag?post=333735"}],"curies":[{"name":"wp","href":"https:\/\/api.w.org\/{rel}","templated":true}]}}