{"id":334429,"date":"2026-04-03T19:26:17","date_gmt":"2026-04-03T17:26:17","guid":{"rendered":"https:\/\/digalco.com\/tienda\/hp-z24i-238-ips-169-reconditionne-1920x1080-fr-14937\/"},"modified":"2026-04-03T19:26:38","modified_gmt":"2026-04-03T17:26:38","slug":"hp-z24i-238-ips-169-reconditionne-1920x1080-fr-14937","status":"publish","type":"product","link":"https:\/\/digalco.com\/fr\/produit\/hp-z24i-238-ips-169-reconditionne-1920x1080-fr-14937\/","title":{"rendered":"HP Z24I 23.8\u00a0\u00bb IPS 16:9 | Reconditionn\u00e9 | 1920&#215;1080"},"content":{"rendered":"<p><strong>\u00c9cran<\/strong><br \/>IPS 23.8 \u00a0\u00bb FullHD 16:9 \u00b7 R\u00e9solution 1920&#215;1080<br \/>Dot pitch 0.265 mm<br \/>R\u00e9ponse 5 ms<br \/>Contraste 10,000,000:1 dynamic<br \/>Luminosit\u00e9 300 cd\/m2<br \/>Angle vision 178\u00b0v\/178\u00b0h<br \/><strong>Ports vid\u00e9o<\/strong><br \/>VGA<br \/>HDMI<br \/>Display Port<br \/><strong>Affichage sp\u00e9cifique<\/strong><br \/>Stand VESA<br \/>Base<br \/>R\u00e9glable en hauteur<br \/><strong>Autres<\/strong><br \/>hR emballage<br \/><strong>Dimensions<\/strong><br \/>54&#215;20.5&#215;50 cm.<br \/><strong>Poids<\/strong><br \/>6.00 Kg.<br \/><strong>Sp\u00e9cifications suppl\u00e9mentaires<\/strong><br \/>Le HP Z24i est un moniteur con\u00e7u pour ceux qui valorisent la qualit\u00e9 d\u2019image et la fiabilit\u00e9 dans chaque d\u00e9tail. Pens\u00e9 pour des environnements professionnels et des utilisateurs exigeants, il offre une exp\u00e9rience visuelle pr\u00e9cise et confortable qui s\u2019adapte aussi bien aux t\u00e2ches de bureau qu\u2019aux travaux o\u00f9 la couleur et la nettet\u00e9 font la diff\u00e9rence.Son panneau IPS de 23,8 pouces avec une r\u00e9solution Full HD 1920&#215;1080 garantit une reproduction des couleurs uniforme et r\u00e9aliste depuis n\u2019importe quel angle de vision de 178\u00b0. Avec un temps de r\u00e9ponse de 5 ms, une luminosit\u00e9 de 300 cd\/m\u00b2 et un contraste dynamique de 10.000.000:1, il offre des images vives, avec une bonne profondeur et une excellente d\u00e9finition pour tous types de contenus. De plus, sa connectivit\u00e9 compl\u00e8te avec VGA, HDMI, DisplayPort et 4 ports USB permet d\u2019int\u00e9grer facilement plusieurs appareils et p\u00e9riph\u00e9riques, cr\u00e9ant un environnement de travail plus propre et fonctionnel.Le HP Z24i n\u2019offre pas seulement une image de qualit\u00e9, il am\u00e9liore \u00e9galement la fa\u00e7on dont vous travaillez. Son \u00e9quilibre entre performance, confort visuel et polyvalence en fait une solution fiable et durable pour tout espace professionnel ou domestique. Un moniteur IPS Full HD qui apporte une valeur r\u00e9elle d\u00e8s le premier jour, en optimisant la productivit\u00e9 et en am\u00e9liorant l\u2019exp\u00e9rience devant l\u2019\u00e9cran.Bon aspect ext\u00e9rieur. Peut pr\u00e9senter de l\u00e9g\u00e8res marques d\u2019usage sur le bo\u00eetier. Si vous avez des questions, appelez-nous ou utilisez notre chat pour obtenir plus d\u2019informations ou pour demander plus de d\u00e9tails.<br \/><strong>Commentaires<\/strong><br \/><u>4xUSB 2.0 &#8211; C\u00e2ble d&rsquo;alimentation et VGA inclus<\/u><\/p>\n","protected":false},"excerpt":{"rendered":"<p>IPS 23.8 \u00a0\u00bb FullHD 16:9 \u00b7 Dot pitch 0.265 mm \u00b7 R\u00e9ponse 5 ms \u00b7 Contraste 10,000,000:1 dynamic \u00b7 Luminosit\u00e9 300 cd\/m2 \u00b7 VGA \u00b7 HDMI \u00b7 Display Port \u00b7<br \/>\n<u>4xUSB 2.0 &#8211; C\u00e2ble d&rsquo;alimentation et VGA inclus<\/u> [&#8230;]<\/p>\n<p><a class=\"btn btn-secondary understrap-read-more-link\" href=\"https:\/\/digalco.com\/fr\/produit\/hp-z24i-238-ips-169-reconditionne-1920x1080-fr-14937\/\">Lire la suite\u2026<span class=\"screen-reader-text\"> from HP Z24I 23.8\u00a0\u00bb IPS 16:9 | Reconditionn\u00e9 | 1920&#215;1080<\/span><\/a><\/p>\n","protected":false},"featured_media":334324,"template":"","meta":[],"product_brand":[3854],"product_cat":[2390,1493],"product_tag":[],"class_list":{"0":"post-334429","1":"product","2":"type-product","3":"status-publish","4":"has-post-thumbnail","6":"product_brand-hp","7":"product_cat-moniteurs-24-fr","8":"product_cat-moniteurs-fr","10":"first","11":"outofstock","12":"taxable","13":"shipping-taxable","14":"purchasable","15":"product-type-simple"},"bundled_by":[],"bundle_stock_status":"outofstock","bundle_stock_quantity":0,"bundle_virtual":false,"bundle_layout":"","bundle_add_to_cart_form_location":"","bundle_editable_in_cart":false,"bundle_sold_individually_context":"","bundle_item_grouping":"","bundle_min_size":"","bundle_max_size":"","bundle_price":[],"bundled_items":[],"bundle_sell_ids":[],"exclude_global_add_ons":true,"addons":{"hdmi-upgrades":{"name":"Extension c\u00e2ble","type":"multiple_choice","position":0,"required":false,"title_format":"heading","default":"","description_enable":false,"description":"","placeholder_enable":false,"placeholder":"","display":"radiobutton","restrictions_type":"any_text","adjust_price":false,"price":"","price_type":"quantity_based","restrictions":false,"min":"0","max":"0","options":[{"label":"C\u00e2ble HDMI 2 mts. [AMP00104]","price":"6.0000","price_type":"quantity_based","image":0,"visibility":true},{"label":"C\u00e2ble DisplayPort vers DisplayPort 1,8 mts. [AMP00103]","price":"8.0000","price_type":"quantity_based","image":0,"visibility":true}]}},"df_price":94,"df_sale_price":"","df_regular_price":94,"df_image_link":"https:\/\/digalco.com\/wp-content\/uploads\/images\/product\/14937\/hp03338_01-300x225.jpg","_links":{"self":[{"href":"https:\/\/digalco.com\/fr\/wp-json\/wp\/v2\/product\/334429","targetHints":{"allow":["GET"]}}],"collection":[{"href":"https:\/\/digalco.com\/fr\/wp-json\/wp\/v2\/product"}],"about":[{"href":"https:\/\/digalco.com\/fr\/wp-json\/wp\/v2\/types\/product"}],"wp:featuredmedia":[{"embeddable":true,"href":"https:\/\/digalco.com\/fr\/wp-json\/wp\/v2\/media\/334324"}],"wp:attachment":[{"href":"https:\/\/digalco.com\/fr\/wp-json\/wp\/v2\/media?parent=334429"}],"wp:term":[{"taxonomy":"product_brand","embeddable":true,"href":"https:\/\/digalco.com\/fr\/wp-json\/wp\/v2\/product_brand?post=334429"},{"taxonomy":"product_cat","embeddable":true,"href":"https:\/\/digalco.com\/fr\/wp-json\/wp\/v2\/product_cat?post=334429"},{"taxonomy":"product_tag","embeddable":true,"href":"https:\/\/digalco.com\/fr\/wp-json\/wp\/v2\/product_tag?post=334429"}],"curies":[{"name":"wp","href":"https:\/\/api.w.org\/{rel}","templated":true}]}}