{"id":335195,"date":"2026-04-05T18:14:55","date_gmt":"2026-04-05T16:14:55","guid":{"rendered":"https:\/\/digalco.com\/tienda\/hp-z23n-g2-23-ips-169-faute-1920x1080-fr-14885\/"},"modified":"2026-04-14T16:11:24","modified_gmt":"2026-04-14T14:11:24","slug":"hp-z23n-g2-23-ips-169-faute-1920x1080-fr-14885","status":"publish","type":"product","link":"https:\/\/digalco.com\/fr\/produit\/hp-z23n-g2-23-ips-169-faute-1920x1080-fr-14885\/","title":{"rendered":"HP Z23n G2 23\u00a0\u00bb IPS 16:9 | Faute | 1920&#215;1080"},"content":{"rendered":"<p><strong>\u00c9cran<\/strong><br \/>IPS 23 \u00a0\u00bb FullHD 16:9  \u00b7 R\u00e9solution 1920&#215;1080<br \/>Dot pitch 0.265 mm<br \/>R\u00e9ponse 5 ms<br \/>Contraste 10,000,000:1 dynamic<br \/>Luminosit\u00e9 250 cd\/m2<br \/>Angle vision 178\u00b0v\/178\u00b0h<br \/><strong>Ports vid\u00e9o<\/strong><br \/>VGA<br \/>HDMI<br \/>Display Port<br \/><strong>Affichage sp\u00e9cifique<\/strong><br \/>Stand VESA<br \/>Base<br \/>R\u00e9glable en hauteur<br \/><strong>Autres<\/strong><br \/>hR emballage<br \/><strong>Dimensions<\/strong><br \/>52&#215;20.5&#215;32.5 cm.<br \/><strong>Poids<\/strong><br \/>5.35 Kg.<br \/><strong>Commentaires<\/strong><br \/><u>Quelques marques mineures et un petit impact sur le bo\u00eetier. C&rsquo;est purement esth\u00e9tique. Toutes les autres fonctions sont parfaitement op\u00e9rationnelles. Une excellente affaire\u00a0! Consultez la section \u00ab\u00a0+ Photos\u00a0\u00bb et, si vous avez des questions, appelez-nous ou utilisez notre chat pour obtenir plus d&rsquo;informations ou demander des pr\u00e9cisions.<\/u><br \/><strong>D\u00e9fauts<\/strong><br \/>Bo\u00eetier bossel\u00e9<\/p>\n","protected":false},"excerpt":{"rendered":"<p>IPS 23 \u00a0\u00bb FullHD 16:9 \u00b7 R\u00e9solution 1920&#215;1080 \u00b7<u>L\u00e9g\u00e8res marques sur le bo\u00eetier (voir \u00ab + Photos \u00bb)<\/u> [&#8230;]<\/p>\n<p><a class=\"btn btn-secondary understrap-read-more-link\" href=\"https:\/\/digalco.com\/fr\/produit\/hp-z23n-g2-23-ips-169-faute-1920x1080-fr-14885\/\">Lire la suite\u2026<span class=\"screen-reader-text\"> from HP Z23n G2 23\u00a0\u00bb IPS 16:9 | Faute | 1920&#215;1080<\/span><\/a><\/p>\n","protected":false},"featured_media":335105,"template":"","meta":[],"product_brand":[3854],"product_cat":[1509,1493],"product_tag":[],"class_list":{"0":"post-335195","1":"product","2":"type-product","3":"status-publish","4":"has-post-thumbnail","6":"product_brand-hp","7":"product_cat-moniteurs-avec-des-defauts-fr","8":"product_cat-moniteurs-fr","10":"first","11":"outofstock","12":"taxable","13":"shipping-taxable","14":"purchasable","15":"product-type-simple"},"bundled_by":[],"bundle_stock_status":"outofstock","bundle_stock_quantity":0,"bundle_virtual":false,"bundle_layout":"","bundle_add_to_cart_form_location":"","bundle_editable_in_cart":false,"bundle_sold_individually_context":"","bundle_item_grouping":"","bundle_min_size":"","bundle_max_size":"","bundle_price":[],"bundled_items":[],"bundle_sell_ids":[],"exclude_global_add_ons":true,"addons":{"hdmi-upgrades":{"name":"Extension c\u00e2ble","type":"multiple_choice","position":0,"required":false,"title_format":"heading","default":"","description_enable":false,"description":"","placeholder_enable":false,"placeholder":"","display":"radiobutton","restrictions_type":"any_text","adjust_price":false,"price":"","price_type":"quantity_based","restrictions":false,"min":"0","max":"0","options":[{"label":"C\u00e2ble HDMI 2 mts. [AMP00104]","price":"6.0000","price_type":"quantity_based","image":0,"visibility":true},{"label":"C\u00e2ble DisplayPort vers DisplayPort 1,8 mts. [AMP00103]","price":"8.0000","price_type":"quantity_based","image":0,"visibility":true}]}},"df_price":50,"df_sale_price":"","df_regular_price":50,"df_image_link":"https:\/\/digalco.com\/wp-content\/uploads\/images\/product\/14885\/hp02302tr02_01-300x225.jpg","_links":{"self":[{"href":"https:\/\/digalco.com\/fr\/wp-json\/wp\/v2\/product\/335195","targetHints":{"allow":["GET"]}}],"collection":[{"href":"https:\/\/digalco.com\/fr\/wp-json\/wp\/v2\/product"}],"about":[{"href":"https:\/\/digalco.com\/fr\/wp-json\/wp\/v2\/types\/product"}],"wp:featuredmedia":[{"embeddable":true,"href":"https:\/\/digalco.com\/fr\/wp-json\/wp\/v2\/media\/335105"}],"wp:attachment":[{"href":"https:\/\/digalco.com\/fr\/wp-json\/wp\/v2\/media?parent=335195"}],"wp:term":[{"taxonomy":"product_brand","embeddable":true,"href":"https:\/\/digalco.com\/fr\/wp-json\/wp\/v2\/product_brand?post=335195"},{"taxonomy":"product_cat","embeddable":true,"href":"https:\/\/digalco.com\/fr\/wp-json\/wp\/v2\/product_cat?post=335195"},{"taxonomy":"product_tag","embeddable":true,"href":"https:\/\/digalco.com\/fr\/wp-json\/wp\/v2\/product_tag?post=335195"}],"curies":[{"name":"wp","href":"https:\/\/api.w.org\/{rel}","templated":true}]}}