{"id":337011,"date":"2026-04-07T17:21:25","date_gmt":"2026-04-07T15:21:25","guid":{"rendered":"https:\/\/digalco.com\/tienda\/switch-cisco-c2960-24pc-l-v04-reconditionne-fr-14911\/"},"modified":"2026-04-07T17:21:32","modified_gmt":"2026-04-07T15:21:32","slug":"switch-cisco-c2960-24pc-l-v04-reconditionne-fr-14911","status":"publish","type":"product","link":"https:\/\/digalco.com\/fr\/produit\/switch-cisco-c2960-24pc-l-v04-reconditionne-fr-14911\/","title":{"rendered":"Switch CISCO C2960-24PC-L V04 | Reconditionn\u00e9"},"content":{"rendered":"<p><strong>G\u00e9n\u00e9rale imprimante<\/strong><br \/>Switch<br \/><strong>Ports r\u00e9seau<\/strong><br \/>24x Ethernet 100 Mbps.<br \/>2x Ethernet 1000 Mbps.<br \/>2x Fibre 1000 Mbps.<br \/><strong>Dimensions<\/strong><br \/>44.5&#215;32.5&#215;4.5 cm.<br \/><strong>Poids<\/strong><br \/>4.50 Kg.<\/p>\n","protected":false},"excerpt":{"rendered":"<p>Switch \u00b7 24x Ethernet 100 Mbps. \u00b7 2x Ethernet 1000 Mbps. \u00b7 2x Fibre 1000 Mbps. \u00b7 PoE \u00b7 Montage en rack [&#8230;]<\/p>\n<p><a class=\"btn btn-secondary understrap-read-more-link\" href=\"https:\/\/digalco.com\/fr\/produit\/switch-cisco-c2960-24pc-l-v04-reconditionne-fr-14911\/\">Lire la suite\u2026<span class=\"screen-reader-text\"> from Switch CISCO C2960-24PC-L V04 | Reconditionn\u00e9<\/span><\/a><\/p>\n","protected":false},"featured_media":336996,"template":"","meta":[],"product_brand":[3882],"product_cat":[1665,3787],"product_tag":[],"class_list":{"0":"post-337011","1":"product","2":"type-product","3":"status-publish","4":"has-post-thumbnail","6":"product_brand-cisco","7":"product_cat-networking-fr","8":"product_cat-networking-switches-fr","10":"first","11":"instock","12":"taxable","13":"shipping-taxable","14":"purchasable","15":"product-type-simple"},"bundled_by":[],"bundle_stock_status":"instock","bundle_stock_quantity":1,"bundle_virtual":false,"bundle_layout":"","bundle_add_to_cart_form_location":"","bundle_editable_in_cart":false,"bundle_sold_individually_context":"","bundle_item_grouping":"","bundle_min_size":"","bundle_max_size":"","bundle_price":[],"bundled_items":[],"bundle_sell_ids":[],"exclude_global_add_ons":[],"addons":[],"df_price":60,"df_sale_price":"","df_regular_price":60,"df_image_link":"https:\/\/digalco.com\/wp-content\/uploads\/images\/product\/14911\/cisc00112_01-300x225.jpg","_links":{"self":[{"href":"https:\/\/digalco.com\/fr\/wp-json\/wp\/v2\/product\/337011","targetHints":{"allow":["GET"]}}],"collection":[{"href":"https:\/\/digalco.com\/fr\/wp-json\/wp\/v2\/product"}],"about":[{"href":"https:\/\/digalco.com\/fr\/wp-json\/wp\/v2\/types\/product"}],"wp:featuredmedia":[{"embeddable":true,"href":"https:\/\/digalco.com\/fr\/wp-json\/wp\/v2\/media\/336996"}],"wp:attachment":[{"href":"https:\/\/digalco.com\/fr\/wp-json\/wp\/v2\/media?parent=337011"}],"wp:term":[{"taxonomy":"product_brand","embeddable":true,"href":"https:\/\/digalco.com\/fr\/wp-json\/wp\/v2\/product_brand?post=337011"},{"taxonomy":"product_cat","embeddable":true,"href":"https:\/\/digalco.com\/fr\/wp-json\/wp\/v2\/product_cat?post=337011"},{"taxonomy":"product_tag","embeddable":true,"href":"https:\/\/digalco.com\/fr\/wp-json\/wp\/v2\/product_tag?post=337011"}],"curies":[{"name":"wp","href":"https:\/\/api.w.org\/{rel}","templated":true}]}}