{"id":337177,"date":"2026-04-08T11:41:37","date_gmt":"2026-04-08T09:41:37","guid":{"rendered":"https:\/\/digalco.com\/tienda\/switch-ubiquiti-unifi-lite-16-poe-reconditionne-fr-14931\/"},"modified":"2026-04-08T11:41:50","modified_gmt":"2026-04-08T09:41:50","slug":"switch-ubiquiti-unifi-lite-16-poe-reconditionne-fr-14931","status":"publish","type":"product","link":"https:\/\/digalco.com\/fr\/produit\/switch-ubiquiti-unifi-lite-16-poe-reconditionne-fr-14931\/","title":{"rendered":"Switch Ubiquiti Unifi Lite 16 PoE | Reconditionn\u00e9"},"content":{"rendered":"<p><strong>G\u00e9n\u00e9rale imprimante<\/strong><br \/>Switch<br \/><strong>Ports r\u00e9seau<\/strong><br \/>16x Ethernet 1000 Mbps.<br \/><strong>Dimensions<\/strong><br \/>19x18x4 cm.<br \/><strong>Poids<\/strong><br \/>1.00 Kg.<br \/><strong>Sp\u00e9cifications suppl\u00e9mentaires<\/strong><br \/>Le Ubiquiti UniFi Lite 16 PoE est la solution parfaite pour ceux qui recherchent un switch fiable, efficace et facile \u00e0 int\u00e9grer dans des environnements r\u00e9seau modernes. Con\u00e7u pour les bureaux, les entreprises et les projets d\u2019infrastructure IT, ce switch combine des performances Gigabit avec une gestion centralis\u00e9e, id\u00e9al pour d\u00e9ployer des r\u00e9seaux stables sans complications.<br \/>\u00c9quip\u00e9 de 16 ports Ethernet Gigabit, il permet de connecter plusieurs appareils avec une vitesse constante et sans goulots d\u2019\u00e9tranglement. De plus, il int\u00e8gre la technologie PoE, facilitant l\u2019alimentation directe de points d\u2019acc\u00e8s, de cam\u00e9ras IP ou de t\u00e9l\u00e9phones VoIP via le c\u00e2ble r\u00e9seau lui-m\u00eame, r\u00e9duisant les co\u00fbts et simplifiant l\u2019installation. Son int\u00e9gration avec l\u2019\u00e9cosyst\u00e8me UniFi permet une gestion avanc\u00e9e, une surveillance en temps r\u00e9el et une configuration intuitive depuis une seule plateforme.<br \/>Avec un design compact, silencieux et efficace, ce switch est parfait aussi bien pour de nouvelles installations que pour \u00e9tendre des r\u00e9seaux existants. Le UniFi Lite 16 PoE se distingue par son \u00e9quilibre entre performance, \u00e9volutivit\u00e9 et facilit\u00e9 d\u2019utilisation, devenant un choix intelligent pour optimiser toute infrastructure r\u00e9seau avec des garanties de stabilit\u00e9 et de croissance.<br \/>Bon aspect ext\u00e9rieur. Si vous avez des questions, appelez-nous ou utilisez notre chat pour obtenir plus d\u2019informations ou pour demander plus de d\u00e9tails.<\/p>\n","protected":false},"excerpt":{"rendered":"<p>Nombre total de ports :16 ports Ethernet Gigabit RJ45Ports PoE :8 ports compatibles PoE+ 802.3at (ports 1 \u00e0 8)Capacit\u00e9 de commutation :32 Gbit\/sD\u00e9bit total (sans blocage) :16 Gbit\/sTaux de transfert :23,81 Mpps [&#8230;]<\/p>\n<p><a class=\"btn btn-secondary understrap-read-more-link\" href=\"https:\/\/digalco.com\/fr\/produit\/switch-ubiquiti-unifi-lite-16-poe-reconditionne-fr-14931\/\">Lire la suite\u2026<span class=\"screen-reader-text\"> from Switch Ubiquiti Unifi Lite 16 PoE | Reconditionn\u00e9<\/span><\/a><\/p>\n","protected":false},"featured_media":337132,"template":"","meta":[],"product_brand":[4065],"product_cat":[1665,3787],"product_tag":[],"class_list":{"0":"post-337177","1":"product","2":"type-product","3":"status-publish","4":"has-post-thumbnail","6":"product_brand-ubiquiti","7":"product_cat-networking-fr","8":"product_cat-networking-switches-fr","10":"first","11":"instock","12":"taxable","13":"shipping-taxable","14":"purchasable","15":"product-type-simple"},"bundled_by":[],"bundle_stock_status":"instock","bundle_stock_quantity":6,"bundle_virtual":false,"bundle_layout":"","bundle_add_to_cart_form_location":"","bundle_editable_in_cart":false,"bundle_sold_individually_context":"","bundle_item_grouping":"","bundle_min_size":"","bundle_max_size":"","bundle_price":[],"bundled_items":[],"bundle_sell_ids":[],"exclude_global_add_ons":[],"addons":[],"df_price":180,"df_sale_price":"","df_regular_price":180,"df_image_link":"https:\/\/digalco.com\/wp-content\/uploads\/images\/product\/14931\/ubi00007_01-300x225.jpg","_links":{"self":[{"href":"https:\/\/digalco.com\/fr\/wp-json\/wp\/v2\/product\/337177","targetHints":{"allow":["GET"]}}],"collection":[{"href":"https:\/\/digalco.com\/fr\/wp-json\/wp\/v2\/product"}],"about":[{"href":"https:\/\/digalco.com\/fr\/wp-json\/wp\/v2\/types\/product"}],"wp:featuredmedia":[{"embeddable":true,"href":"https:\/\/digalco.com\/fr\/wp-json\/wp\/v2\/media\/337132"}],"wp:attachment":[{"href":"https:\/\/digalco.com\/fr\/wp-json\/wp\/v2\/media?parent=337177"}],"wp:term":[{"taxonomy":"product_brand","embeddable":true,"href":"https:\/\/digalco.com\/fr\/wp-json\/wp\/v2\/product_brand?post=337177"},{"taxonomy":"product_cat","embeddable":true,"href":"https:\/\/digalco.com\/fr\/wp-json\/wp\/v2\/product_cat?post=337177"},{"taxonomy":"product_tag","embeddable":true,"href":"https:\/\/digalco.com\/fr\/wp-json\/wp\/v2\/product_tag?post=337177"}],"curies":[{"name":"wp","href":"https:\/\/api.w.org\/{rel}","templated":true}]}}