{"id":337560,"date":"2026-04-09T10:28:44","date_gmt":"2026-04-09T08:28:44","guid":{"rendered":"https:\/\/digalco.com\/tienda\/dell-latitude-7320-13-reconditionne-core-i5-11ghz-8-gb-ram-256-gb-ssd-m2-1920x1280-fr-14688\/"},"modified":"2026-04-09T10:28:59","modified_gmt":"2026-04-09T08:28:59","slug":"dell-latitude-7320-13-reconditionne-core-i5-11ghz-8-gb-ram-256-gb-ssd-m2-1920x1280-fr-14688","status":"publish","type":"product","link":"https:\/\/digalco.com\/fr\/produit\/dell-latitude-7320-13-reconditionne-core-i5-11ghz-8-gb-ram-256-gb-ssd-m2-1920x1280-fr-14688\/","title":{"rendered":"Dell Latitude 7320 13\u00a0\u00bb | Reconditionn\u00e9 | Core i5 1.1GHz | 8 GB RAM | 256 GB SSD M2 1920&#215;1280"},"content":{"rendered":"<p><strong>Processeur<\/strong><br \/>Intel Core i5 1140G7 1.1 GHz.<br \/><strong>M\u00e9moire RAM<\/strong><br \/>8 Gb. SO-DDR4 RAM<br \/><strong>Disque dur<\/strong><br \/>256 Gb. SSD M2<br \/><strong>Cartes<\/strong><br \/>Graphique: Intel Iris Xe Graphics<br \/>Son: Realtek SoundWire HW<br \/><strong>Syst\u00e8me op\u00e9ratif<\/strong><br \/>Windows 11 Pro<br \/><strong>Ports<\/strong><br \/>2x USB-C<br \/><strong>\u00c9cran<\/strong><br \/>Tactile 13 \u00a0\u00bb FullHD 16:10  \u00b7 R\u00e9solution 1920&#215;1280<br \/><strong>Multim\u00e9dias<\/strong><br \/>Cam\u00e9ra arri\u00e8re<br \/>Cam\u00e9ra frontale<br \/><strong>Connectivit\u00e9<\/strong><br \/>WIFI<br \/>Bluetooth<br \/>4G<br \/><strong>Autres<\/strong><br \/>hR emballage<br \/><strong>Dimensions<\/strong><br \/>28x20x1 cm.<br \/><strong>Poids<\/strong><br \/>0.78 Kg.<br \/><strong>Sp\u00e9cifications suppl\u00e9mentaires<\/strong><br \/>La Dell Latitude 7320 est une tablette con\u00e7ue pour les environnements professionnels qui exigent performance, portabilit\u00e9 et fiabilit\u00e9 \u00e0 tout moment. Son format 2-en-1, l\u00e9ger et \u00e9l\u00e9gant, en fait un outil id\u00e9al pour travailler en mobilit\u00e9, en r\u00e9union ou dans des espaces de travail hybrides, offrant toujours une exp\u00e9rience fluide et polyvalente.<br \/>\u00c9quip\u00e9e d\u2019un processeur Intel Core i5 de 11e g\u00e9n\u00e9ration, de 8 Go de m\u00e9moire RAM et d\u2019un SSD M.2 de 256 Go, elle garantit des performances rapides pour les t\u00e2ches bureautiques, la gestion multit\u00e2che et les applications professionnelles. Son \u00e9cran tactile de 13 pouces avec r\u00e9solution Full HD+ et format 16:10 offre une visualisation plus confortable et productive, avec plus d\u2019espace vertical pour travailler avec des documents, des feuilles de calcul ou des pr\u00e9sentations. De plus, avec Windows 11 Pro, elle propose un environnement moderne, s\u00e9curis\u00e9 et parfaitement adapt\u00e9 aux besoins actuels.<br \/>La Latitude 7320 se distingue par son \u00e9quilibre entre puissance, design et fonctionnalit\u00e9, permettant de l\u2019utiliser comme tablette ou comme ordinateur portable selon les besoins du moment. Compacte, efficace et pr\u00eate pour le quotidien professionnel, elle constitue un excellent choix pour ceux qui recherchent un appareil fiable, \u00e9l\u00e9gant et pr\u00eat \u00e0 offrir des performances maximales dans tout environnement.<br \/>Bon aspect ext\u00e9rieur. Peut pr\u00e9senter de l\u00e9gers signes d\u2019usage sur le bo\u00eetier. Si vous avez des questions, appelez-nous ou utilisez notre chat pour obtenir plus d\u2019informations ou pour demander plus de d\u00e9tails.<\/p>\n","protected":false},"excerpt":{"rendered":"<p>Intel Core i5 1140G7 1.1 GHz. \u00b7 8 Gb. SO-DDR4 RAM \u00b7 256 Gb. SSD M2 \u00b7 <strong>Windows 11 Pro<\/strong> \u00b7 Tactile 13 \u00a0\u00bb FullHD 16:10 [&#8230;]<\/p>\n<p><a class=\"btn btn-secondary understrap-read-more-link\" href=\"https:\/\/digalco.com\/fr\/produit\/dell-latitude-7320-13-reconditionne-core-i5-11ghz-8-gb-ram-256-gb-ssd-m2-1920x1280-fr-14688\/\">Lire la suite\u2026<span class=\"screen-reader-text\"> from Dell Latitude 7320 13\u00a0\u00bb | Reconditionn\u00e9 | Core i5 1.1GHz | 8 GB RAM | 256 GB SSD M2 1920&#215;1280<\/span><\/a><\/p>\n","protected":false},"featured_media":337515,"template":"","meta":[],"product_brand":[3852],"product_cat":[1581,3094],"product_tag":[],"class_list":{"0":"post-337560","1":"product","2":"type-product","3":"status-publish","4":"has-post-thumbnail","6":"product_brand-dell","7":"product_cat-tablettes-fr","8":"product_cat-tablettes-tablettes-fr","10":"first","11":"instock","12":"taxable","13":"shipping-taxable","14":"purchasable","15":"product-type-simple"},"bundled_by":[],"bundle_stock_status":"instock","bundle_stock_quantity":3,"bundle_virtual":false,"bundle_layout":"","bundle_add_to_cart_form_location":"","bundle_editable_in_cart":false,"bundle_sold_individually_context":"","bundle_item_grouping":"","bundle_min_size":"","bundle_max_size":"","bundle_price":[],"bundled_items":[],"bundle_sell_ids":[],"exclude_global_add_ons":true,"addons":{"os-upgrades":{"name":"Expansion SO","type":"multiple_choice","position":0,"required":false,"title_format":"heading","default":"","description_enable":false,"description":"","placeholder_enable":false,"placeholder":"","display":"radiobutton","restrictions_type":"any_text","adjust_price":false,"price":"","price_type":"quantity_based","restrictions":false,"min":"0","max":"0","options":[{"label":"Changer la langue en fran\u00e7ais [AMP00125]","price":"0.0000","price_type":"quantity_based","image":0,"visibility":true},{"label":"Changer la langue en anglais [AMP00008]","price":"0.0000","price_type":"quantity_based","image":0,"visibility":true},{"label":"Changer la langue en portugais [AMP00009]","price":"0.0000","price_type":"quantity_based","image":0,"visibility":true}]}},"df_price":293,"df_sale_price":"","df_regular_price":293,"df_image_link":"https:\/\/digalco.com\/wp-content\/uploads\/images\/product\/14688\/dell01637_01-300x225.jpg","_links":{"self":[{"href":"https:\/\/digalco.com\/fr\/wp-json\/wp\/v2\/product\/337560","targetHints":{"allow":["GET"]}}],"collection":[{"href":"https:\/\/digalco.com\/fr\/wp-json\/wp\/v2\/product"}],"about":[{"href":"https:\/\/digalco.com\/fr\/wp-json\/wp\/v2\/types\/product"}],"wp:featuredmedia":[{"embeddable":true,"href":"https:\/\/digalco.com\/fr\/wp-json\/wp\/v2\/media\/337515"}],"wp:attachment":[{"href":"https:\/\/digalco.com\/fr\/wp-json\/wp\/v2\/media?parent=337560"}],"wp:term":[{"taxonomy":"product_brand","embeddable":true,"href":"https:\/\/digalco.com\/fr\/wp-json\/wp\/v2\/product_brand?post=337560"},{"taxonomy":"product_cat","embeddable":true,"href":"https:\/\/digalco.com\/fr\/wp-json\/wp\/v2\/product_cat?post=337560"},{"taxonomy":"product_tag","embeddable":true,"href":"https:\/\/digalco.com\/fr\/wp-json\/wp\/v2\/product_tag?post=337560"}],"curies":[{"name":"wp","href":"https:\/\/api.w.org\/{rel}","templated":true}]}}