{"id":337722,"date":"2026-04-09T12:13:27","date_gmt":"2026-04-09T10:13:27","guid":{"rendered":"https:\/\/digalco.com\/tienda\/switch-hp-1820-24g-j9980a-reconditionne-fr-14924\/"},"modified":"2026-04-09T12:13:34","modified_gmt":"2026-04-09T10:13:34","slug":"switch-hp-1820-24g-j9980a-reconditionne-fr-14924","status":"publish","type":"product","link":"https:\/\/digalco.com\/fr\/produit\/switch-hp-1820-24g-j9980a-reconditionne-fr-14924\/","title":{"rendered":"Switch HP 1820-24G &#8211; J9980A | Reconditionn\u00e9"},"content":{"rendered":"<p><strong>G\u00e9n\u00e9rale imprimante<\/strong><br \/>Switch<br \/><strong>Ports r\u00e9seau<\/strong><br \/>24x Ethernet 1000 Mbps.<br \/>2x Fibre 1000 Mbps.<br \/><strong>Autres<\/strong><br \/>hR emballage<br \/><strong>Dimensions<\/strong><br \/>44x25x4 cm.<br \/><strong>Poids<\/strong><br \/>3.00 Kg.<br \/><strong>Sp\u00e9cifications suppl\u00e9mentaires<\/strong><br \/>Le HP 1820-24G J9980A est le choix id\u00e9al pour les petites et moyennes entreprises \u00e0 la recherche d\u2019un switch fiable, puissant et facile \u00e0 g\u00e9rer. Con\u00e7u pour des environnements professionnels n\u00e9cessitant une connectivit\u00e9 constante, ce mod\u00e8le permet de cr\u00e9er des infrastructures r\u00e9seau efficaces, s\u00e9curis\u00e9es et pr\u00eates \u00e0 \u00e9voluer.<br \/>Avec 24 ports Gigabit Ethernet et 2 ports fibre SFP de 1 Gbps, il offre une connectivit\u00e9 haute performance pour les ordinateurs, serveurs, cam\u00e9ras IP ou points d\u2019acc\u00e8s WiFi. Son format rackable facilite l\u2019int\u00e9gration dans les armoires r\u00e9seau, optimisant l\u2019espace et simplifiant le c\u00e2blage. La gestion intuitive du HP 1820-24G permet de configurer VLAN, priorisation du trafic et surveillance des performances avec un contr\u00f4le total.<br \/>Ce switch allie robustesse et polyvalence, garantissant des r\u00e9seaux stables et \u00e9volutifs au fur et \u00e0 mesure que votre infrastructure se d\u00e9veloppe. Avec le HP 1820-24G, la productivit\u00e9 et l\u2019efficacit\u00e9 de votre r\u00e9seau atteignent un nouveau niveau, offrant aux utilisateurs finaux une exp\u00e9rience de connexion rapide, s\u00e9curis\u00e9e et sans interruption.<br \/>Bonne apparence ext\u00e9rieure. Si vous avez des questions, appelez-nous ou utilisez notre chat pour obtenir plus d\u2019informations ou demander plus de d\u00e9tails.<br \/><strong>Commentaires<\/strong><br \/><u>Commutateur \u00b7 24x Ethernet 1 000 Mbps. \u00b7 2x Fibre 1000 Mbps. \u00b7 Rackable<\/u><\/p>\n","protected":false},"excerpt":{"rendered":"<p>Commutateur \u00b7 24x Ethernet 1 000 Mbps. \u00b7 2x Fibre 1000 Mbps. \u00b7 Rackable [&#8230;]<\/p>\n<p><a class=\"btn btn-secondary understrap-read-more-link\" href=\"https:\/\/digalco.com\/fr\/produit\/switch-hp-1820-24g-j9980a-reconditionne-fr-14924\/\">Lire la suite\u2026<span class=\"screen-reader-text\"> from Switch HP 1820-24G &#8211; J9980A | Reconditionn\u00e9<\/span><\/a><\/p>\n","protected":false},"featured_media":337707,"template":"","meta":[],"product_brand":[3854],"product_cat":[1665,3787],"product_tag":[],"class_list":{"0":"post-337722","1":"product","2":"type-product","3":"status-publish","4":"has-post-thumbnail","6":"product_brand-hp","7":"product_cat-networking-fr","8":"product_cat-networking-switches-fr","10":"first","11":"instock","12":"taxable","13":"shipping-taxable","14":"purchasable","15":"product-type-simple"},"bundled_by":[],"bundle_stock_status":"instock","bundle_stock_quantity":12,"bundle_virtual":false,"bundle_layout":"","bundle_add_to_cart_form_location":"","bundle_editable_in_cart":false,"bundle_sold_individually_context":"","bundle_item_grouping":"","bundle_min_size":"","bundle_max_size":"","bundle_price":[],"bundled_items":[],"bundle_sell_ids":[],"exclude_global_add_ons":[],"addons":[],"df_price":144,"df_sale_price":"","df_regular_price":144,"df_image_link":"https:\/\/digalco.com\/wp-content\/uploads\/images\/product\/14924\/hp03331_01-300x225.jpg","_links":{"self":[{"href":"https:\/\/digalco.com\/fr\/wp-json\/wp\/v2\/product\/337722","targetHints":{"allow":["GET"]}}],"collection":[{"href":"https:\/\/digalco.com\/fr\/wp-json\/wp\/v2\/product"}],"about":[{"href":"https:\/\/digalco.com\/fr\/wp-json\/wp\/v2\/types\/product"}],"wp:featuredmedia":[{"embeddable":true,"href":"https:\/\/digalco.com\/fr\/wp-json\/wp\/v2\/media\/337707"}],"wp:attachment":[{"href":"https:\/\/digalco.com\/fr\/wp-json\/wp\/v2\/media?parent=337722"}],"wp:term":[{"taxonomy":"product_brand","embeddable":true,"href":"https:\/\/digalco.com\/fr\/wp-json\/wp\/v2\/product_brand?post=337722"},{"taxonomy":"product_cat","embeddable":true,"href":"https:\/\/digalco.com\/fr\/wp-json\/wp\/v2\/product_cat?post=337722"},{"taxonomy":"product_tag","embeddable":true,"href":"https:\/\/digalco.com\/fr\/wp-json\/wp\/v2\/product_tag?post=337722"}],"curies":[{"name":"wp","href":"https:\/\/api.w.org\/{rel}","templated":true}]}}