{"id":337806,"date":"2026-04-09T13:16:26","date_gmt":"2026-04-09T11:16:26","guid":{"rendered":"https:\/\/digalco.com\/tienda\/switch-hp-aruba-1830-jl814a-reconditionne-fr-14928\/"},"modified":"2026-04-09T13:16:35","modified_gmt":"2026-04-09T11:16:35","slug":"switch-hp-aruba-1830-jl814a-reconditionne-fr-14928","status":"publish","type":"product","link":"https:\/\/digalco.com\/fr\/produit\/switch-hp-aruba-1830-jl814a-reconditionne-fr-14928\/","title":{"rendered":"Switch HP Aruba 1830 &#8211; JL814A | Reconditionn\u00e9"},"content":{"rendered":"<p><strong>G\u00e9n\u00e9rale imprimante<\/strong><br \/>Switch<br \/><strong>Ports r\u00e9seau<\/strong><br \/>48x Ethernet 1000 Mbps.<br \/>4x Fibre 1000 Mbps.<br \/><strong>Dimensions<\/strong><br \/>44x25x4 cm.<br \/><strong>Poids<\/strong><br \/>3.00 Kg.<br \/><strong>Sp\u00e9cifications suppl\u00e9mentaires<\/strong><br \/>Le HP Aruba 1830 JL814A est con\u00e7u pour les entreprises \u00e0 la recherche d\u2019un switch puissant, \u00e9volutif et facile \u00e0 g\u00e9rer, id\u00e9al pour les environnements de bureau, campus ou petites succursales. Sa fiabilit\u00e9 et son efficacit\u00e9 assurent une connectivit\u00e9 r\u00e9seau sans interruption, offrant une exp\u00e9rience utilisateur fluide et stable.<br \/>Avec 48 ports Gigabit Ethernet et 4 ports fibre SFP de 1 Gbps, ce switch fournit une large bande passante s\u00e9curis\u00e9e pour les ordinateurs, serveurs, cam\u00e9ras IP et points d\u2019acc\u00e8s WiFi. Son format rackable permet une installation ordonn\u00e9e et optimis\u00e9e dans les armoires r\u00e9seau, tandis que les fonctionnalit\u00e9s de gestion avanc\u00e9es facilitent la configuration VLAN, la priorisation du trafic et la surveillance en temps r\u00e9el.<br \/>Le HP Aruba 1830 combine robustesse, polyvalence et \u00e9volutivit\u00e9, devenant un pilier cl\u00e9 de toute infrastructure r\u00e9seau professionnelle. Avec ce switch, votre r\u00e9seau ne sera pas seulement rapide et stable, mais \u00e9galement pr\u00eat \u00e0 cro\u00eetre et \u00e0 s\u2019adapter aux besoins futurs, am\u00e9liorant la productivit\u00e9 et la connectivit\u00e9 dans chaque recoin de votre entreprise.<br \/>Bonne apparence ext\u00e9rieure. Si vous avez des questions, appelez-nous ou utilisez notre chat pour obtenir plus d\u2019informations ou demander plus de d\u00e9tails.<br \/><strong>Commentaires<\/strong><br \/><u>Commutateur \u00b7 48x Ethernet 1 000 Mbps. \u00b7 4x Fibre 1000 Mbps. \u00b7 Rackable<\/u><\/p>\n","protected":false},"excerpt":{"rendered":"<p>Commutateur \u00b7 48x Ethernet 1 000 Mbps. \u00b7 4x Fibre 1000 Mbps. \u00b7 Rackable [&#8230;]<\/p>\n<p><a class=\"btn btn-secondary understrap-read-more-link\" href=\"https:\/\/digalco.com\/fr\/produit\/switch-hp-aruba-1830-jl814a-reconditionne-fr-14928\/\">Lire la suite\u2026<span class=\"screen-reader-text\"> from Switch HP Aruba 1830 &#8211; JL814A | Reconditionn\u00e9<\/span><\/a><\/p>\n","protected":false},"featured_media":337776,"template":"","meta":[],"product_brand":[3854],"product_cat":[1665,3787],"product_tag":[],"class_list":{"0":"post-337806","1":"product","2":"type-product","3":"status-publish","4":"has-post-thumbnail","6":"product_brand-hp","7":"product_cat-networking-fr","8":"product_cat-networking-switches-fr","10":"first","11":"instock","12":"taxable","13":"shipping-taxable","14":"purchasable","15":"product-type-simple"},"bundled_by":[],"bundle_stock_status":"instock","bundle_stock_quantity":5,"bundle_virtual":false,"bundle_layout":"","bundle_add_to_cart_form_location":"","bundle_editable_in_cart":false,"bundle_sold_individually_context":"","bundle_item_grouping":"","bundle_min_size":"","bundle_max_size":"","bundle_price":[],"bundled_items":[],"bundle_sell_ids":[],"exclude_global_add_ons":[],"addons":[],"df_price":264,"df_sale_price":"","df_regular_price":264,"df_image_link":"https:\/\/digalco.com\/wp-content\/uploads\/images\/product\/14928\/hp03333_01-300x225.jpg","_links":{"self":[{"href":"https:\/\/digalco.com\/fr\/wp-json\/wp\/v2\/product\/337806","targetHints":{"allow":["GET"]}}],"collection":[{"href":"https:\/\/digalco.com\/fr\/wp-json\/wp\/v2\/product"}],"about":[{"href":"https:\/\/digalco.com\/fr\/wp-json\/wp\/v2\/types\/product"}],"wp:featuredmedia":[{"embeddable":true,"href":"https:\/\/digalco.com\/fr\/wp-json\/wp\/v2\/media\/337776"}],"wp:attachment":[{"href":"https:\/\/digalco.com\/fr\/wp-json\/wp\/v2\/media?parent=337806"}],"wp:term":[{"taxonomy":"product_brand","embeddable":true,"href":"https:\/\/digalco.com\/fr\/wp-json\/wp\/v2\/product_brand?post=337806"},{"taxonomy":"product_cat","embeddable":true,"href":"https:\/\/digalco.com\/fr\/wp-json\/wp\/v2\/product_cat?post=337806"},{"taxonomy":"product_tag","embeddable":true,"href":"https:\/\/digalco.com\/fr\/wp-json\/wp\/v2\/product_tag?post=337806"}],"curies":[{"name":"wp","href":"https:\/\/api.w.org\/{rel}","templated":true}]}}