{"id":337861,"date":"2026-04-09T13:28:43","date_gmt":"2026-04-09T11:28:43","guid":{"rendered":"https:\/\/digalco.com\/tienda\/switch-hp-aruba-1830-jl812a-reconditionne-fr-14929\/"},"modified":"2026-04-09T13:28:54","modified_gmt":"2026-04-09T11:28:54","slug":"switch-hp-aruba-1830-jl812a-reconditionne-fr-14929","status":"publish","type":"product","link":"https:\/\/digalco.com\/fr\/produit\/switch-hp-aruba-1830-jl812a-reconditionne-fr-14929\/","title":{"rendered":"Switch HP Aruba 1830 &#8211; JL812A | Reconditionn\u00e9"},"content":{"rendered":"<p><strong>G\u00e9n\u00e9rale imprimante<\/strong><br \/>Switch<br \/><strong>Ports r\u00e9seau<\/strong><br \/>24x Ethernet 1000 Mbps.<br \/>2x Fibre 1000 Mbps.<br \/><strong>Dimensions<\/strong><br \/>44x20x4 cm.<br \/><strong>Poids<\/strong><br \/>3.00 Kg.<br \/><strong>Sp\u00e9cifications suppl\u00e9mentaires<\/strong><br \/>Le HP Aruba 1830 JL812A est la solution parfaite pour les entreprises \u00e0 la recherche d\u2019un switch fiable, facile \u00e0 g\u00e9rer et capable de maintenir une connectivit\u00e9 stable dans des environnements professionnels. Id\u00e9al pour les bureaux, petites succursales et environnements hybrides, il permet de cr\u00e9er des r\u00e9seaux rapides et organis\u00e9s qui prennent en charge plusieurs appareils sans interruption.<br \/>Il dispose de 24 ports Gigabit Ethernet et 2 ports fibre SFP de 1 Gbps, offrant une connectivit\u00e9 haute performance pour les ordinateurs, serveurs, cam\u00e9ras IP et points d\u2019acc\u00e8s WiFi. Son design rackable assure une installation ordonn\u00e9e et efficace dans les armoires r\u00e9seau, tandis que les fonctionnalit\u00e9s de gestion avanc\u00e9es facilitent la configuration VLAN, la priorisation du trafic et la surveillance des performances de l\u2019ensemble du r\u00e9seau depuis une seule plateforme.<br \/>Avec le HP Aruba 1830 JL812A, votre infrastructure r\u00e9seau devient plus robuste, \u00e9volutive et polyvalente, pr\u00eate \u00e0 s\u2019adapter \u00e0 la croissance de l\u2019entreprise. Ce switch combine vitesse, stabilit\u00e9 et facilit\u00e9 d\u2019utilisation, garantissant une exp\u00e9rience de connexion s\u00e9curis\u00e9e et efficace qui am\u00e9liore la productivit\u00e9 dans tout environnement professionnel.<br \/>Bonne apparence ext\u00e9rieure. Si vous avez des questions, appelez-nous ou utilisez notre chat pour obtenir plus d\u2019informations ou demander plus de d\u00e9tails.<br \/><strong>Commentaires<\/strong><br \/><u>Commutateur \u00b7 24x Ethernet 1 000 Mbps. \u00b7 2x Fibre 1000 Mbps. \u00b7 Rackable<\/u><\/p>\n","protected":false},"excerpt":{"rendered":"<p>Commutateur \u00b7 24x Ethernet 1 000 Mbps. \u00b7 2x Fibre 1000 Mbps. \u00b7 Rackable [&#8230;]<\/p>\n<p><a class=\"btn btn-secondary understrap-read-more-link\" href=\"https:\/\/digalco.com\/fr\/produit\/switch-hp-aruba-1830-jl812a-reconditionne-fr-14929\/\">Lire la suite\u2026<span class=\"screen-reader-text\"> from Switch HP Aruba 1830 &#8211; JL812A | Reconditionn\u00e9<\/span><\/a><\/p>\n","protected":false},"featured_media":337831,"template":"","meta":[],"product_brand":[3854],"product_cat":[1665,3787],"product_tag":[],"class_list":{"0":"post-337861","1":"product","2":"type-product","3":"status-publish","4":"has-post-thumbnail","6":"product_brand-hp","7":"product_cat-networking-fr","8":"product_cat-networking-switches-fr","10":"first","11":"instock","12":"taxable","13":"shipping-taxable","14":"purchasable","15":"product-type-simple"},"bundled_by":[],"bundle_stock_status":"instock","bundle_stock_quantity":3,"bundle_virtual":false,"bundle_layout":"","bundle_add_to_cart_form_location":"","bundle_editable_in_cart":false,"bundle_sold_individually_context":"","bundle_item_grouping":"","bundle_min_size":"","bundle_max_size":"","bundle_price":[],"bundled_items":[],"bundle_sell_ids":[],"exclude_global_add_ons":[],"addons":[],"df_price":132,"df_sale_price":"","df_regular_price":132,"df_image_link":"https:\/\/digalco.com\/wp-content\/uploads\/images\/product\/14929\/hp03334_01-300x225.jpg","_links":{"self":[{"href":"https:\/\/digalco.com\/fr\/wp-json\/wp\/v2\/product\/337861","targetHints":{"allow":["GET"]}}],"collection":[{"href":"https:\/\/digalco.com\/fr\/wp-json\/wp\/v2\/product"}],"about":[{"href":"https:\/\/digalco.com\/fr\/wp-json\/wp\/v2\/types\/product"}],"wp:featuredmedia":[{"embeddable":true,"href":"https:\/\/digalco.com\/fr\/wp-json\/wp\/v2\/media\/337831"}],"wp:attachment":[{"href":"https:\/\/digalco.com\/fr\/wp-json\/wp\/v2\/media?parent=337861"}],"wp:term":[{"taxonomy":"product_brand","embeddable":true,"href":"https:\/\/digalco.com\/fr\/wp-json\/wp\/v2\/product_brand?post=337861"},{"taxonomy":"product_cat","embeddable":true,"href":"https:\/\/digalco.com\/fr\/wp-json\/wp\/v2\/product_cat?post=337861"},{"taxonomy":"product_tag","embeddable":true,"href":"https:\/\/digalco.com\/fr\/wp-json\/wp\/v2\/product_tag?post=337861"}],"curies":[{"name":"wp","href":"https:\/\/api.w.org\/{rel}","templated":true}]}}