{"id":337954,"date":"2026-04-09T17:42:17","date_gmt":"2026-04-09T15:42:17","guid":{"rendered":"https:\/\/digalco.com\/tienda\/point-dacces-motorola-pd-3001ac-inyector-poe-reconditionne-fr-14875\/"},"modified":"2026-04-09T17:42:24","modified_gmt":"2026-04-09T15:42:24","slug":"point-dacces-motorola-pd-3001ac-inyector-poe-reconditionne-fr-14875","status":"publish","type":"product","link":"https:\/\/digalco.com\/fr\/produit\/point-dacces-motorola-pd-3001ac-inyector-poe-reconditionne-fr-14875\/","title":{"rendered":"Point d&rsquo;acc\u00e8s Motorola PD-3001\/AC Inyector PoE | Reconditionn\u00e9"},"content":{"rendered":"<p><strong>G\u00e9n\u00e9rale imprimante<\/strong><br \/>Point d&rsquo;acc\u00e8s<br \/><strong>Ports r\u00e9seau<\/strong><br \/>Ethernet 1000 Mbps.<br \/><strong>Dimensions<\/strong><br \/>12x5x7 cm.<br \/><strong>Poids<\/strong><br \/>1.00 Kg.<br \/><strong>Sp\u00e9cifications suppl\u00e9mentaires<\/strong><br \/>Injecteur PoE Ethernet 10\/100 avec alimentation \u00e0 d\u00e9coupage 48 V 0,5 A 15,4 W<\/p>\n<p><strong>Commentaires<\/strong><br \/><u>Injecteur PoE Ethernet 10\/100 avec alimentation \u00e0 d\u00e9coupage 48 V 0,5 A 15,4 W<\/u><\/p>\n","protected":false},"excerpt":{"rendered":"<p>Injecteur PoE Ethernet 10\/100 avec alimentation \u00e0 d\u00e9coupage 48 V 0,5 A 15,4 W [&#8230;]<\/p>\n<p><a class=\"btn btn-secondary understrap-read-more-link\" href=\"https:\/\/digalco.com\/fr\/produit\/point-dacces-motorola-pd-3001ac-inyector-poe-reconditionne-fr-14875\/\">Lire la suite\u2026<span class=\"screen-reader-text\"> from Point d&rsquo;acc\u00e8s Motorola PD-3001\/AC Inyector PoE | Reconditionn\u00e9<\/span><\/a><\/p>\n","protected":false},"featured_media":337939,"template":"","meta":[],"product_brand":[3916],"product_cat":[3807,1665,3787],"product_tag":[],"class_list":{"0":"post-337954","1":"product","2":"type-product","3":"status-publish","4":"has-post-thumbnail","6":"product_brand-motorola","7":"product_cat-networking-autres-fr","8":"product_cat-networking-fr","9":"product_cat-networking-switches-fr","11":"first","12":"instock","13":"taxable","14":"shipping-taxable","15":"purchasable","16":"product-type-simple"},"bundled_by":[],"bundle_stock_status":"instock","bundle_stock_quantity":1,"bundle_virtual":false,"bundle_layout":"","bundle_add_to_cart_form_location":"","bundle_editable_in_cart":false,"bundle_sold_individually_context":"","bundle_item_grouping":"","bundle_min_size":"","bundle_max_size":"","bundle_price":[],"bundled_items":[],"bundle_sell_ids":[],"exclude_global_add_ons":[],"addons":[],"df_price":20,"df_sale_price":"","df_regular_price":20,"df_image_link":"https:\/\/digalco.com\/wp-content\/uploads\/images\/product\/14875\/moto00003_01-300x225.jpg","_links":{"self":[{"href":"https:\/\/digalco.com\/fr\/wp-json\/wp\/v2\/product\/337954","targetHints":{"allow":["GET"]}}],"collection":[{"href":"https:\/\/digalco.com\/fr\/wp-json\/wp\/v2\/product"}],"about":[{"href":"https:\/\/digalco.com\/fr\/wp-json\/wp\/v2\/types\/product"}],"wp:featuredmedia":[{"embeddable":true,"href":"https:\/\/digalco.com\/fr\/wp-json\/wp\/v2\/media\/337939"}],"wp:attachment":[{"href":"https:\/\/digalco.com\/fr\/wp-json\/wp\/v2\/media?parent=337954"}],"wp:term":[{"taxonomy":"product_brand","embeddable":true,"href":"https:\/\/digalco.com\/fr\/wp-json\/wp\/v2\/product_brand?post=337954"},{"taxonomy":"product_cat","embeddable":true,"href":"https:\/\/digalco.com\/fr\/wp-json\/wp\/v2\/product_cat?post=337954"},{"taxonomy":"product_tag","embeddable":true,"href":"https:\/\/digalco.com\/fr\/wp-json\/wp\/v2\/product_tag?post=337954"}],"curies":[{"name":"wp","href":"https:\/\/api.w.org\/{rel}","templated":true}]}}