{"id":339764,"date":"2026-04-14T13:02:47","date_gmt":"2026-04-14T11:02:47","guid":{"rendered":"https:\/\/digalco.com\/tienda\/lenovo-m70q-gen-3-kit-reconditionne-fr-15009\/"},"modified":"2026-04-14T13:03:19","modified_gmt":"2026-04-14T11:03:19","slug":"lenovo-m70q-gen-3-kit-reconditionne-fr-15009","status":"publish","type":"product","link":"https:\/\/digalco.com\/fr\/produit\/lenovo-m70q-gen-3-kit-reconditionne-fr-15009\/","title":{"rendered":"Lenovo M70Q Gen 3 Kit | Reconditionn\u00e9"},"content":{"rendered":"<p><strong>Processeur<\/strong><br \/>Intel Core i5 12400T 1.8 GHz.<br \/><strong>Facteur de forme<\/strong><br \/>Mini<br \/><strong>M\u00e9moire RAM<\/strong><br \/>16 Gb. SO-DDR4 RAM<br \/><strong>Disque dur<\/strong><br \/>256 Gb. SSD M2<br \/><strong>Cartes<\/strong><br \/>Graphique: INTEL GRAPHICS 730<br \/>Son: Realtek Audio<br \/>R\u00e9seau: Intel L219-LM<br \/><strong>Syst\u00e8me op\u00e9ratif<\/strong><br \/>Windows 11 Pro<br \/><strong>Ports<\/strong><br \/>USB 2.0<br \/>USB-C<br \/>5x USB 3.1<br \/><strong>Ports vid\u00e9o<\/strong><br \/>VGA<br \/>HDMI<br \/>Display Port<br \/><strong>Connectivit\u00e9<\/strong><br \/>RJ-45<br \/>WIFI<br \/>Bluetooth<br \/><strong>Autres<\/strong><br \/>hR emballage<br \/><strong>Dimensions<\/strong><br \/>18x18x3.5 cm.<br \/><strong>Poids<\/strong><br \/>1.25 Kg.<br \/><strong>Commentaires<\/strong><br \/><u>Moniteur LENOVO TIO 24 Gen 3<\/u> (\u00e9cran IPS Full HD 23,8&Prime; avec haut-parleurs int\u00e9gr\u00e9s; format 16:9; r\u00e9solution 1920 x 1080; pas de pixel de 0,2745 mm; temps de r\u00e9ponse de 4 ms; contraste de 1000:1; luminosit\u00e9 de 250 cd\/m\u00b2; angle de vision de 178\u00b0\/178\u00b0; DisplayPort; webcam et microphone inclus; compatible Tiny Stick; 1 port USB 3.0)<br \/><u>Clavier et souris inclus<\/u><\/p>\n","protected":false},"excerpt":{"rendered":"<p>Intel Core i5 12400T 1.8 GHz. \u00b7 16 Gb. SO-DDR4 RAM \u00b7 256 Gb. SSD M2 \u00b7 <strong>Windows 11 Pro \u00b7<br \/>\nWi-Fi\/Bluetooth \u00b7Moniteur LENOVO Tio 24 Gen 3 23,8&Prime;<\/strong> \u00b7 <u>Clavier et souris inclus<\/u> [&#8230;]<\/p>\n<p><a class=\"btn btn-secondary understrap-read-more-link\" href=\"https:\/\/digalco.com\/fr\/produit\/lenovo-m70q-gen-3-kit-reconditionne-fr-15009\/\">Lire la suite\u2026<span class=\"screen-reader-text\"> from Lenovo M70Q Gen 3 Kit | Reconditionn\u00e9<\/span><\/a><\/p>\n","protected":false},"featured_media":339584,"template":"","meta":[],"product_brand":[3856],"product_cat":[1477,1469,1513],"product_tag":[],"class_list":{"0":"post-339764","1":"product","2":"type-product","3":"status-publish","4":"has-post-thumbnail","6":"product_brand-lenovo","7":"product_cat-ordinateurs-all-in-one-fr","8":"product_cat-ordinateurs-fr","9":"product_cat-pc-kits-fr","11":"first","12":"instock","13":"taxable","14":"shipping-taxable","15":"purchasable","16":"product-type-simple"},"bundled_by":[],"bundle_stock_status":"instock","bundle_stock_quantity":19,"bundle_virtual":false,"bundle_layout":"","bundle_add_to_cart_form_location":"","bundle_editable_in_cart":false,"bundle_sold_individually_context":"","bundle_item_grouping":"","bundle_min_size":"","bundle_max_size":"","bundle_price":[],"bundled_items":[],"bundle_sell_ids":[],"exclude_global_add_ons":true,"addons":{"ram-memory-upgrades":{"name":"Extension RAM","type":"multiple_choice","position":0,"required":false,"title_format":"heading","default":"","description_enable":false,"description":"","placeholder_enable":false,"placeholder":"","display":"radiobutton","restrictions_type":"any_text","adjust_price":false,"price":"","price_type":"quantity_based","restrictions":false,"min":"0","max":"0","options":[{"label":"Extension de 32 Gb de RAM SODIMM [AMP00098]","price":"150.0000","price_type":"quantity_based","image":0,"visibility":true}]},"hdd-upgrades":{"name":"Extension disque dur","type":"multiple_choice","position":0,"required":false,"title_format":"heading","default":"","description_enable":false,"description":"","placeholder_enable":false,"placeholder":"","display":"radiobutton","restrictions_type":"any_text","adjust_price":false,"price":"","price_type":"quantity_based","restrictions":false,"min":"0","max":"0","options":[{"label":"Passez au disque SSD de 500 Gb. M.2 2280PCIe [AMP00106]","price":"110.0000","price_type":"quantity_based","image":0,"visibility":true},{"label":"Passez au disque SSD 1 Tb. M.2 2280 PCIe [AMP00107]","price":"165.0000","price_type":"quantity_based","image":0,"visibility":true}]},"os-upgrades":{"name":"Expansion SO","type":"multiple_choice","position":0,"required":false,"title_format":"heading","default":"","description_enable":false,"description":"","placeholder_enable":false,"placeholder":"","display":"radiobutton","restrictions_type":"any_text","adjust_price":false,"price":"","price_type":"quantity_based","restrictions":false,"min":"0","max":"0","options":[{"label":"Changer la langue en fran\u00e7ais [AMP00125]","price":"0.0000","price_type":"quantity_based","image":0,"visibility":true},{"label":"Changer la langue en anglais [AMP00008]","price":"0.0000","price_type":"quantity_based","image":0,"visibility":true},{"label":"Changer la langue en portugais [AMP00009]","price":"0.0000","price_type":"quantity_based","image":0,"visibility":true}]}},"df_price":606,"df_sale_price":"","df_regular_price":606,"df_image_link":"https:\/\/digalco.com\/wp-content\/uploads\/images\/product\/15009\/leno01165_01-300x225.jpg","_links":{"self":[{"href":"https:\/\/digalco.com\/fr\/wp-json\/wp\/v2\/product\/339764","targetHints":{"allow":["GET"]}}],"collection":[{"href":"https:\/\/digalco.com\/fr\/wp-json\/wp\/v2\/product"}],"about":[{"href":"https:\/\/digalco.com\/fr\/wp-json\/wp\/v2\/types\/product"}],"wp:featuredmedia":[{"embeddable":true,"href":"https:\/\/digalco.com\/fr\/wp-json\/wp\/v2\/media\/339584"}],"wp:attachment":[{"href":"https:\/\/digalco.com\/fr\/wp-json\/wp\/v2\/media?parent=339764"}],"wp:term":[{"taxonomy":"product_brand","embeddable":true,"href":"https:\/\/digalco.com\/fr\/wp-json\/wp\/v2\/product_brand?post=339764"},{"taxonomy":"product_cat","embeddable":true,"href":"https:\/\/digalco.com\/fr\/wp-json\/wp\/v2\/product_cat?post=339764"},{"taxonomy":"product_tag","embeddable":true,"href":"https:\/\/digalco.com\/fr\/wp-json\/wp\/v2\/product_tag?post=339764"}],"curies":[{"name":"wp","href":"https:\/\/api.w.org\/{rel}","templated":true}]}}