{"id":339980,"date":"2026-04-14T13:30:40","date_gmt":"2026-04-14T11:30:40","guid":{"rendered":"https:\/\/digalco.com\/tienda\/hp-elitedesk-800-g6-impecable-sff-reconditionne-core-i5-31ghz-16-gb-ram-256-gb-ssd-m2-fr-14826\/"},"modified":"2026-04-14T13:31:06","modified_gmt":"2026-04-14T11:31:06","slug":"hp-elitedesk-800-g6-impecable-sff-reconditionne-core-i5-31ghz-16-gb-ram-256-gb-ssd-m2-fr-14826","status":"publish","type":"product","link":"https:\/\/digalco.com\/fr\/produit\/hp-elitedesk-800-g6-impecable-sff-reconditionne-core-i5-31ghz-16-gb-ram-256-gb-ssd-m2-fr-14826\/","title":{"rendered":"HP EliteDesk 800 G6-Impecable SFF | Reconditionn\u00e9 | Core i5 3.1GHz | 16 GB RAM | 256 GB SSD M2"},"content":{"rendered":"<p><strong>Processeur<\/strong><br \/>Intel Core i5 10500 3.1 GHz.<br \/><strong>Facteur de forme<\/strong><br \/>SFF<br \/><strong>M\u00e9moire RAM<\/strong><br \/>16 Gb. DDR4 RAM<br \/><strong>Disque dur<\/strong><br \/>256 Gb. SSD M2<br \/><strong>Cartes<\/strong><br \/>Graphique: Intel UHD Graphics 630<br \/>Son: Realtek HDA<br \/>R\u00e9seau: Intel Ethernet Connection I219-LM<br \/><strong>Syst\u00e8me op\u00e9ratif<\/strong><br \/>Windows 11 Pro<br \/><strong>Ports<\/strong><br \/>10x USB 3.0<br \/>USB-C<br \/><strong>Ports vid\u00e9o<\/strong><br \/>2x Display Port<br \/><strong>Connectivit\u00e9<\/strong><br \/>RJ-45<br \/><strong>Autres<\/strong><br \/>hR emballage<br \/><strong>Dimensions<\/strong><br \/>34x31x10 cm.<br \/><strong>Poids<\/strong><br \/>4.55 Kg.<br \/><strong>Sp\u00e9cifications suppl\u00e9mentaires<\/strong><br \/>Le HP EliteDesk 800 G6 SFF est un ordinateur de bureau professionnel haut de gamme con\u00e7u pour offrir des performances stables, une grande capacit\u00e9 d\u2019\u00e9volution et une fiabilit\u00e9 optimale dans les environnements professionnels o\u00f9 la productivit\u00e9 ne peut pas s\u2019arr\u00eater. Son format SFF (Small Form Factor) combine puissance et encombrement r\u00e9duit, permettant une int\u00e9gration facile dans les bureaux modernes sans renoncer aux options d\u2019extension avanc\u00e9es.<br \/>\u00c9quip\u00e9 d\u2019un processeur Intel Core i5 de 10e g\u00e9n\u00e9ration, cet ordinateur de bureau professionnel offre des performances solides et efficaces, id\u00e9ales pour le multit\u00e2che intensif, la gestion d\u2019entreprise, les applications professionnelles et les environnements de travail exigeants. Ses 16 Go de m\u00e9moire RAM DDR4 assurent une fluidit\u00e9 optimale m\u00eame avec plusieurs processus ouverts simultan\u00e9ment, tandis que le SSD M.2 de 256 Go garantit des d\u00e9marrages rapides, un chargement rapide des logiciels et des transferts de donn\u00e9es performants.<br \/>L\u2019un de ses principaux atouts est son excellente capacit\u00e9 d\u2019\u00e9volution, avec plusieurs slots PCIe (1x PCIe X16, 1x PCIe X4 et 2x PCIe X1), permettant d\u2019int\u00e9grer des cartes graphiques, des contr\u00f4leurs ou des modules suppl\u00e9mentaires selon les besoins de l\u2019entreprise. Il dispose \u00e9galement d\u2019un emplacement M.2 suppl\u00e9mentaire pour le stockage, offrant une flexibilit\u00e9 totale pour accompagner la croissance de l\u2019activit\u00e9.<br \/>La s\u00e9curit\u00e9 est \u00e9galement un \u00e9l\u00e9ment essentiel de ce syst\u00e8me, avec TPM 2.0 et Windows 11 Pro, garantissant un environnement s\u00e9curis\u00e9, moderne et conforme aux standards actuels de protection des donn\u00e9es et de gestion professionnelle. Sa conception robuste et sa qualit\u00e9 de fabrication professionnelle assurent une longue dur\u00e9e de vie m\u00eame en utilisation continue, avec des performances stables et fiables.<br \/>En r\u00e9sum\u00e9, le HP EliteDesk 800 G6 SFF est un PC de bureau professionnel puissant, \u00e9volutif et extr\u00eamement fiable, con\u00e7u pour ceux qui recherchent le parfait \u00e9quilibre entre performance, s\u00e9curit\u00e9 et \u00e9volutivit\u00e9 dans des environnements professionnels exigeants.<br \/><b>Aspect ext\u00e9rieur impeccable<\/b>. Consultez \u00ab + Photos \u00bb et \u201cVid\u00e9o\u201d et, si vous avez des questions, appelez-nous ou utilisez notre chat pour obtenir plus d\u2019informations ou demander plus de d\u00e9tails.<br \/><strong>Commentaires<\/strong><br \/><u>1xM.2 2280 pour le stockage disponible &#8211; 1xPCIe X16 \/ 1xPCIe X4 \/ 2xPCIe X1<\/u><\/p>\n","protected":false},"excerpt":{"rendered":"<p>Intel Core i5 10500 3.1 GHz. \u00b7 16 Gb. DDR4 RAM \u00b7 256 Gb. SSD M2 \u00b7 <strong>Windows 11 Pro<\/strong> \u00b7<br \/>\n<u>1xM.2 2280 pour le stockage disponible &#8211; 1xPCIe X16 \/ 1xPCIe X4 \/ 2xPCIe X1<\/u> [&#8230;]<\/p>\n<p><a class=\"btn btn-secondary understrap-read-more-link\" href=\"https:\/\/digalco.com\/fr\/produit\/hp-elitedesk-800-g6-impecable-sff-reconditionne-core-i5-31ghz-16-gb-ram-256-gb-ssd-m2-fr-14826\/\">Lire la suite\u2026<span class=\"screen-reader-text\"> from HP EliteDesk 800 G6-Impecable SFF | Reconditionn\u00e9 | Core i5 3.1GHz | 16 GB RAM | 256 GB SSD M2<\/span><\/a><\/p>\n","protected":false},"featured_media":339890,"template":"","meta":[],"product_brand":[3854],"product_cat":[2418,1469],"product_tag":[],"class_list":{"0":"post-339980","1":"product","2":"type-product","3":"status-publish","4":"has-post-thumbnail","6":"product_brand-hp","7":"product_cat-ordinateurs-intel-core-i5-fr","8":"product_cat-ordinateurs-fr","10":"first","11":"instock","12":"taxable","13":"shipping-taxable","14":"purchasable","15":"product-type-simple"},"bundled_by":[],"bundle_stock_status":"instock","bundle_stock_quantity":75,"bundle_virtual":false,"bundle_layout":"","bundle_add_to_cart_form_location":"","bundle_editable_in_cart":false,"bundle_sold_individually_context":"","bundle_item_grouping":"","bundle_min_size":"","bundle_max_size":"","bundle_price":[],"bundled_items":[],"bundle_sell_ids":[],"exclude_global_add_ons":true,"addons":{"webcam-upgrades":{"name":"Extension Webcam","type":"multiple_choice","position":0,"required":false,"title_format":"heading","default":"","description_enable":false,"description":"","placeholder_enable":false,"placeholder":"","display":"radiobutton","restrictions_type":"any_text","adjust_price":false,"price":"","price_type":"quantity_based","restrictions":false,"min":"0","max":"0","options":[{"label":"Conceptronic AMDIS FullHD [AMP00085]","price":"29.0000","price_type":"quantity_based","image":0,"visibility":true}]},"ram-memory-upgrades":{"name":"Extension RAM","type":"multiple_choice","position":0,"required":false,"title_format":"heading","default":"","description_enable":false,"description":"","placeholder_enable":false,"placeholder":"","display":"radiobutton","restrictions_type":"any_text","adjust_price":false,"price":"","price_type":"quantity_based","restrictions":false,"min":"0","max":"0","options":[{"label":"Extension de 32 Gb de RAM DIMM [AMP00122]","price":"150.0000","price_type":"quantity_based","image":0,"visibility":true}]},"hdd-upgrades":{"name":"Extension disque dur","type":"multiple_choice","position":0,"required":false,"title_format":"heading","default":"","description_enable":false,"description":"","placeholder_enable":false,"placeholder":"","display":"radiobutton","restrictions_type":"any_text","adjust_price":false,"price":"","price_type":"quantity_based","restrictions":false,"min":"0","max":"0","options":[{"label":"Passez au disque SSD de 500 Gb. M.2 2280PCIe [AMP00106]","price":"110.0000","price_type":"quantity_based","image":0,"visibility":true},{"label":"Passez au disque SSD 1 Tb. M.2 2280 PCIe [AMP00107]","price":"165.0000","price_type":"quantity_based","image":0,"visibility":true},{"label":"SSD suppl\u00e9mentaire 500 Gb. M.2 2280 PCIe [AMP00108]","price":"115.0000","price_type":"quantity_based","image":0,"visibility":true},{"label":"Disque SSD de 1 Tb. M.2 2280 PCIe suppl\u00e9mentaire [AMP00109]","price":"170.0000","price_type":"quantity_based","image":0,"visibility":true}]},"graphic-card-upgrades":{"name":"Extension carte graphique","type":"multiple_choice","position":0,"required":false,"title_format":"heading","default":"","description_enable":false,"description":"","placeholder_enable":false,"placeholder":"","display":"radiobutton","restrictions_type":"any_text","adjust_price":false,"price":"","price_type":"quantity_based","restrictions":false,"min":"0","max":"0","options":[{"label":"Graphique T. 2 Gb. (1xDVI, 1xHDMI) [AMP00010]","price":"60.0000","price_type":"quantity_based","image":0,"visibility":true}]},"network-card-upgrades":{"name":"Extension WIFI","type":"multiple_choice","position":0,"required":false,"title_format":"heading","default":"","description_enable":false,"description":"","placeholder_enable":false,"placeholder":"","display":"radiobutton","restrictions_type":"any_text","adjust_price":false,"price":"","price_type":"quantity_based","restrictions":false,"min":"0","max":"0","options":[{"label":"Mise \u00e0 niveau de la carte PCI Wi-Fi [AMP00017]","price":"15.0000","price_type":"quantity_based","image":0,"visibility":true},{"label":"Mise \u00e0 niveau nano USB sans fil [AMP00018]","price":"12.0000","price_type":"quantity_based","image":0,"visibility":true}]},"os-upgrades":{"name":"Expansion SO","type":"multiple_choice","position":0,"required":false,"title_format":"heading","default":"","description_enable":false,"description":"","placeholder_enable":false,"placeholder":"","display":"radiobutton","restrictions_type":"any_text","adjust_price":false,"price":"","price_type":"quantity_based","restrictions":false,"min":"0","max":"0","options":[{"label":"Changer la langue en fran\u00e7ais [AMP00125]","price":"0.0000","price_type":"quantity_based","image":0,"visibility":true},{"label":"Changer la langue en anglais [AMP00008]","price":"0.0000","price_type":"quantity_based","image":0,"visibility":true},{"label":"Changer la langue en portugais [AMP00009]","price":"0.0000","price_type":"quantity_based","image":0,"visibility":true}]},"keyboard-upgrades":{"name":"Extension clavier","type":"multiple_choice","position":0,"required":false,"title_format":"heading","default":"","description_enable":false,"description":"","placeholder_enable":false,"placeholder":"","display":"radiobutton","restrictions_type":"any_text","adjust_price":false,"price":"","price_type":"quantity_based","restrictions":false,"min":"0","max":"0","options":[{"label":"Clavier et souris [AMP00020]","price":"8.0000","price_type":"quantity_based","image":0,"visibility":true},{"label":"Clavier et souris Portuguese New [AMP00088]","price":"15.0000","price_type":"quantity_based","image":0,"visibility":true},{"label":"Clavier et souris USB espagnols (Nouveau) [AMP00068]","price":"12.0000","price_type":"quantity_based","image":0,"visibility":true}]}},"df_price":373,"df_sale_price":"","df_regular_price":373,"df_image_link":"https:\/\/digalco.com\/wp-content\/uploads\/images\/product\/14826\/hp03295_01-300x225.jpg","_links":{"self":[{"href":"https:\/\/digalco.com\/fr\/wp-json\/wp\/v2\/product\/339980","targetHints":{"allow":["GET"]}}],"collection":[{"href":"https:\/\/digalco.com\/fr\/wp-json\/wp\/v2\/product"}],"about":[{"href":"https:\/\/digalco.com\/fr\/wp-json\/wp\/v2\/types\/product"}],"wp:featuredmedia":[{"embeddable":true,"href":"https:\/\/digalco.com\/fr\/wp-json\/wp\/v2\/media\/339890"}],"wp:attachment":[{"href":"https:\/\/digalco.com\/fr\/wp-json\/wp\/v2\/media?parent=339980"}],"wp:term":[{"taxonomy":"product_brand","embeddable":true,"href":"https:\/\/digalco.com\/fr\/wp-json\/wp\/v2\/product_brand?post=339980"},{"taxonomy":"product_cat","embeddable":true,"href":"https:\/\/digalco.com\/fr\/wp-json\/wp\/v2\/product_cat?post=339980"},{"taxonomy":"product_tag","embeddable":true,"href":"https:\/\/digalco.com\/fr\/wp-json\/wp\/v2\/product_tag?post=339980"}],"curies":[{"name":"wp","href":"https:\/\/api.w.org\/{rel}","templated":true}]}}