{"id":340536,"date":"2026-04-14T17:14:49","date_gmt":"2026-04-14T15:14:49","guid":{"rendered":"https:\/\/digalco.com\/tienda\/dell-7480-aio-238-aio-reconditionne-core-i5-31ghz-16-gb-ram-256-gb-ssd-m2-fr-15004\/"},"modified":"2026-04-14T17:15:21","modified_gmt":"2026-04-14T15:15:21","slug":"dell-7480-aio-238-aio-reconditionne-core-i5-31ghz-16-gb-ram-256-gb-ssd-m2-fr-15004","status":"publish","type":"product","link":"https:\/\/digalco.com\/fr\/produit\/dell-7480-aio-238-aio-reconditionne-core-i5-31ghz-16-gb-ram-256-gb-ssd-m2-fr-15004\/","title":{"rendered":"Dell 7480 AIO 23.8\u00a0\u00bb AIO | Reconditionn\u00e9 | Core i5 3.1GHz | 16 GB RAM | 256 GB SSD M2"},"content":{"rendered":"<p><strong>Processeur<\/strong><br \/>Intel Core i5 10500 3.1 GHz.<br \/><strong>Facteur de forme<\/strong><br \/>AIO<br \/><strong>M\u00e9moire RAM<\/strong><br \/>16 Gb. SO-DDR4 RAM<br \/><strong>Disque dur<\/strong><br \/>256 Gb. SSD M2<br \/><strong>Cartes<\/strong><br \/>Graphique: Intel HD Graphics 630<br \/>Son: Realtek Audio<br \/>R\u00e9seau: Intel i219-LM Gigabit Ethernet<br \/><strong>Syst\u00e8me op\u00e9ratif<\/strong><br \/>Windows 11 Pro<br \/><strong>Ports<\/strong><br \/>USB-C<br \/>5x USB 3.1<br \/><strong>\u00c9cran<\/strong><br \/>Led 23.8 \u00a0\u00bb FullHD avec Haut-parleurs \u00b7 16:9 \u00b7 R\u00e9solution 1920&#215;1080<br \/><strong>Ports vid\u00e9o<\/strong><br \/>2x HDMI<br \/>Display Port<br \/><strong>Multim\u00e9dias<\/strong><br \/>Webcam<br \/>Lecteur SD<br \/><strong>Affichage sp\u00e9cifique<\/strong><br \/>Stand VESA<br \/>Base<br \/><strong>Connectivit\u00e9<\/strong><br \/>RJ-45<br \/>WIFI<br \/>Bluetooth<br \/><strong>Autres<\/strong><br \/>hR emballage<br \/><strong>Dimensions<\/strong><br \/>44&#215;57.5&#215;22.5 cm.<br \/><strong>Poids<\/strong><br \/>11.00 Kg.<br \/><strong>Sp\u00e9cifications suppl\u00e9mentaires<\/strong><br \/>Le Dell 7480 AIO 23,8\u201d est un syst\u00e8me tout-en-un qui combine puissance, design et fonctionnalit\u00e9 dans un format propre et moderne, id\u00e9al pour optimiser n\u2019importe quel espace de travail. \u00c9quip\u00e9 d\u2019un processeur Intel Core i5 de 10e g\u00e9n\u00e9ration, il offre des performances solides et stables pour les environnements professionnels, la gestion d\u2019entreprise et le multit\u00e2che quotidien sans interruption.Ses 16 Go de m\u00e9moire RAM DDR4 permettent une utilisation fluide m\u00eame dans des sc\u00e9narios exigeants, tandis que le SSD M.2 de 256 Go assure une r\u00e9activit\u00e9 imm\u00e9diate du syst\u00e8me, r\u00e9duisant les temps de chargement et am\u00e9liorant la productivit\u00e9 d\u00e8s la premi\u00e8re utilisation.L\u2019\u00e9cran LED Full HD de 23,8 pouces avec haut-parleurs int\u00e9gr\u00e9s offre une exp\u00e9rience visuelle large, nette et confortable, parfaite aussi bien pour le travail intensif que pour les visioconf\u00e9rences ou le multim\u00e9dia. Son format All-In-One supprime les c\u00e2bles et les bureaux encombr\u00e9s, offrant une esth\u00e9tique plus propre et professionnelle.Avec Windows 11 Pro et TPM 2.0, il garantit un environnement s\u00e9curis\u00e9 et pr\u00eat pour les exigences actuelles en mati\u00e8re de s\u00e9curit\u00e9 et de gestion. De plus, sa connectivit\u00e9 WiFi et son emplacement M.2 \u00e9volutif en font une solution flexible, pr\u00eate \u00e0 \u00e9voluer avec les besoins de l\u2019utilisateur.Il inclut clavier et souris, permettant une installation imm\u00e9diate et sans complication. Dans l\u2019ensemble, il s\u2019agit d\u2019un AIO \u00e9quilibr\u00e9, efficace et \u00e9l\u00e9gant, con\u00e7u pour am\u00e9liorer la productivit\u00e9 dans les bureaux, les points d\u2019accueil ou tout environnement professionnel moderne.Bon \u00e9tat ext\u00e9rieur. Si vous avez des questions, appelez-nous ou utilisez notre chat pour obtenir plus d\u2019informations ou demander plus de d\u00e9tails.<br \/><strong>Commentaires<\/strong><br \/><u>Wi-Fi &#8211; 1xM.2 2280 pour le stockage disponible &#8211; Clavier et souris inclus<\/u><\/p>\n","protected":false},"excerpt":{"rendered":"<p>Intel Core i5 10500 3.1 GHz. \u00b7 16 Gb. SO-DDR4 RAM \u00b7 256 Gb. SSD M2 \u00b7 <strong>Windows 11 Pro<\/strong> \u00b7 Led 23.8 \u00a0\u00bb FullHD avec Haut-parleurs \u00b7 16:9 \u00b7<br \/>\n<strong>Wi-Fi <\/strong>&#8211; <u>1xM.2 2280 pour le stockage disponible &#8211; Clavier et souris inclus<\/u> [&#8230;]<\/p>\n<p><a class=\"btn btn-secondary understrap-read-more-link\" href=\"https:\/\/digalco.com\/fr\/produit\/dell-7480-aio-238-aio-reconditionne-core-i5-31ghz-16-gb-ram-256-gb-ssd-m2-fr-15004\/\">Lire la suite\u2026<span class=\"screen-reader-text\"> from Dell 7480 AIO 23.8\u00a0\u00bb AIO | Reconditionn\u00e9 | Core i5 3.1GHz | 16 GB RAM | 256 GB SSD M2<\/span><\/a><\/p>\n","protected":false},"featured_media":340476,"template":"","meta":[],"product_brand":[3852],"product_cat":[1477,1469],"product_tag":[],"class_list":{"0":"post-340536","1":"product","2":"type-product","3":"status-publish","4":"has-post-thumbnail","6":"product_brand-dell","7":"product_cat-ordinateurs-all-in-one-fr","8":"product_cat-ordinateurs-fr","10":"first","11":"outofstock","12":"taxable","13":"shipping-taxable","14":"purchasable","15":"product-type-simple"},"bundled_by":[],"bundle_stock_status":"outofstock","bundle_stock_quantity":0,"bundle_virtual":false,"bundle_layout":"","bundle_add_to_cart_form_location":"","bundle_editable_in_cart":false,"bundle_sold_individually_context":"","bundle_item_grouping":"","bundle_min_size":"","bundle_max_size":"","bundle_price":[],"bundled_items":[],"bundle_sell_ids":[],"exclude_global_add_ons":true,"addons":{"ram-memory-upgrades":{"name":"Extension RAM","type":"multiple_choice","position":0,"required":false,"title_format":"heading","default":"","description_enable":false,"description":"","placeholder_enable":false,"placeholder":"","display":"radiobutton","restrictions_type":"any_text","adjust_price":false,"price":"","price_type":"quantity_based","restrictions":false,"min":"0","max":"0","options":[{"label":"Extension de 32 Gb de RAM SODIMM [AMP00098]","price":"150.0000","price_type":"quantity_based","image":0,"visibility":true}]},"hdd-upgrades":{"name":"Extension disque dur","type":"multiple_choice","position":0,"required":false,"title_format":"heading","default":"","description_enable":false,"description":"","placeholder_enable":false,"placeholder":"","display":"radiobutton","restrictions_type":"any_text","adjust_price":false,"price":"","price_type":"quantity_based","restrictions":false,"min":"0","max":"0","options":[{"label":"Passez au disque SSD de 500 Gb. M.2 2280PCIe [AMP00106]","price":"110.0000","price_type":"quantity_based","image":0,"visibility":true},{"label":"Passez au disque SSD 1 Tb. M.2 2280 PCIe [AMP00107]","price":"165.0000","price_type":"quantity_based","image":0,"visibility":true},{"label":"SSD suppl\u00e9mentaire 500 Gb. M.2 2280 PCIe [AMP00108]","price":"115.0000","price_type":"quantity_based","image":0,"visibility":true},{"label":"Disque SSD de 1 Tb. M.2 2280 PCIe suppl\u00e9mentaire [AMP00109]","price":"170.0000","price_type":"quantity_based","image":0,"visibility":true}]},"os-upgrades":{"name":"Expansion SO","type":"multiple_choice","position":0,"required":false,"title_format":"heading","default":"","description_enable":false,"description":"","placeholder_enable":false,"placeholder":"","display":"radiobutton","restrictions_type":"any_text","adjust_price":false,"price":"","price_type":"quantity_based","restrictions":false,"min":"0","max":"0","options":[{"label":"Changer la langue en fran\u00e7ais [AMP00125]","price":"0.0000","price_type":"quantity_based","image":0,"visibility":true},{"label":"Changer la langue en anglais [AMP00008]","price":"0.0000","price_type":"quantity_based","image":0,"visibility":true},{"label":"Changer la langue en portugais [AMP00009]","price":"0.0000","price_type":"quantity_based","image":0,"visibility":true}]}},"df_price":601,"df_sale_price":"","df_regular_price":601,"df_image_link":"https:\/\/digalco.com\/wp-content\/uploads\/images\/product\/15004\/dell01688_01-300x225.jpg","_links":{"self":[{"href":"https:\/\/digalco.com\/fr\/wp-json\/wp\/v2\/product\/340536","targetHints":{"allow":["GET"]}}],"collection":[{"href":"https:\/\/digalco.com\/fr\/wp-json\/wp\/v2\/product"}],"about":[{"href":"https:\/\/digalco.com\/fr\/wp-json\/wp\/v2\/types\/product"}],"wp:featuredmedia":[{"embeddable":true,"href":"https:\/\/digalco.com\/fr\/wp-json\/wp\/v2\/media\/340476"}],"wp:attachment":[{"href":"https:\/\/digalco.com\/fr\/wp-json\/wp\/v2\/media?parent=340536"}],"wp:term":[{"taxonomy":"product_brand","embeddable":true,"href":"https:\/\/digalco.com\/fr\/wp-json\/wp\/v2\/product_brand?post=340536"},{"taxonomy":"product_cat","embeddable":true,"href":"https:\/\/digalco.com\/fr\/wp-json\/wp\/v2\/product_cat?post=340536"},{"taxonomy":"product_tag","embeddable":true,"href":"https:\/\/digalco.com\/fr\/wp-json\/wp\/v2\/product_tag?post=340536"}],"curies":[{"name":"wp","href":"https:\/\/api.w.org\/{rel}","templated":true}]}}