{"id":340719,"date":"2026-04-15T09:55:46","date_gmt":"2026-04-15T07:55:46","guid":{"rendered":"https:\/\/digalco.com\/tienda\/hp-elitedesk-800-g4-impecable-mini-reconditionne-core-i3-36ghz-8-gb-ram-256-gb-ssd-m2-fr-14866\/"},"modified":"2026-04-15T09:56:09","modified_gmt":"2026-04-15T07:56:09","slug":"hp-elitedesk-800-g4-impecable-mini-reconditionne-core-i3-36ghz-8-gb-ram-256-gb-ssd-m2-fr-14866","status":"publish","type":"product","link":"https:\/\/digalco.com\/fr\/produit\/hp-elitedesk-800-g4-impecable-mini-reconditionne-core-i3-36ghz-8-gb-ram-256-gb-ssd-m2-fr-14866\/","title":{"rendered":"HP EliteDesk 800 G4-Impecable Mini | Reconditionn\u00e9 | Core i3 3.6GHz | 8 GB RAM | 256 GB SSD M2"},"content":{"rendered":"<p><strong>Processeur<\/strong><br \/>Intel Core i3 8100 3.6 GHz.<br \/><strong>Facteur de forme<\/strong><br \/>Mini<br \/><strong>M\u00e9moire RAM<\/strong><br \/>8 Gb. SO-DDR4 RAM<br \/><strong>Disque dur<\/strong><br \/>256 Gb. SSD M2<br \/><strong>Cartes<\/strong><br \/>Graphique: Intel HD Graphics 630<br \/>Son: HD Audio<br \/>R\u00e9seau: Intel Ethernet Connection I219-LM<br \/><strong>Syst\u00e8me op\u00e9ratif<\/strong><br \/>Windows 11 Pro<br \/><strong>Ports<\/strong><br \/>6x USB 3.0<br \/>USB-C<br \/><strong>Ports vid\u00e9o<\/strong><br \/>VGA<br \/>2x Display Port<br \/><strong>Connectivit\u00e9<\/strong><br \/>RJ-45<br \/><strong>Autres<\/strong><br \/>hR emballage<br \/><strong>Dimensions<\/strong><br \/>18x18x4 cm.<br \/><strong>Poids<\/strong><br \/>1.10 Kg.<br \/><strong>Sp\u00e9cifications suppl\u00e9mentaires<\/strong><br \/>Le HP EliteDesk 800 G4 Mini est un ordinateur de bureau professionnel con\u00e7u pour offrir fiabilit\u00e9, efficacit\u00e9 et une excellente optimisation de l\u2019espace, ce qui en fait une solution id\u00e9ale pour les bureaux modernes, les espaces de travail ou les environnements o\u00f9 chaque centim\u00e8tre compte. Son format ultra compact permet de le placer facilement sur un bureau ou m\u00eame derri\u00e8re un \u00e9cran, cr\u00e9ant un espace de travail propre, organis\u00e9 et hautement fonctionnel.<br \/>\u00c9quip\u00e9 d\u2019un processeur Intel Core i3 de 8e g\u00e9n\u00e9ration, ce PC de bureau pour entreprise offre des performances rapides et stables pour les t\u00e2ches bureautiques, la gestion administrative, la navigation intensive et l\u2019usage professionnel quotidien. Ses 8 Go de m\u00e9moire RAM permettent une utilisation fluide dans des environnements de multit\u00e2che mod\u00e9r\u00e9, tandis que le SSD M.2 de 256 Go garantit un d\u00e9marrage rapide du syst\u00e8me et un acc\u00e8s imm\u00e9diat aux applications et aux fichiers.<br \/>Cet \u00e9quipement fiable pour bureau se distingue \u00e9galement par son efficacit\u00e9 \u00e9nerg\u00e9tique et son faible niveau sonore, ce qui en fait un choix id\u00e9al pour des environnements de travail continus o\u00f9 performance et confort sont essentiels. De plus, il int\u00e8gre Windows 11 Pro, offrant un environnement moderne, s\u00e9curis\u00e9 et adapt\u00e9 aux exigences professionnelles.<br \/>L\u2019un de ses points forts est sa capacit\u00e9 d\u2019\u00e9volution, puisqu\u2019il dispose d\u2019un emplacement M.2 suppl\u00e9mentaire pour le stockage, permettant d\u2019adapter facilement le syst\u00e8me aux besoins futurs. Cela en fait un ordinateur compact mais \u00e9volutif, tr\u00e8s appr\u00e9ci\u00e9 dans les environnements professionnels dynamiques.<br \/>En r\u00e9sum\u00e9, le HP EliteDesk 800 G4 Mini est un ordinateur de bureau compact, efficace et fiable, id\u00e9al pour ceux qui recherchent un syst\u00e8me fonctionnel, silencieux et pr\u00eat pour une utilisation quotidienne, avec la qualit\u00e9 et la stabilit\u00e9 propres \u00e0 la gamme professionnelle HP.<br \/><b>Aspect ext\u00e9rieur impeccable.<\/b> Consultez \u00ab + Photos \u00bb et \u201cVid\u00e9o\u201d et, si vous avez des questions, appelez-nous ou utilisez notre chat pour obtenir plus d\u2019informations ou demander plus de d\u00e9tails.<br \/><strong>Commentaires<\/strong><br \/><u>1xM.2 2280 pour le stockage disponible<\/u><\/p>\n","protected":false},"excerpt":{"rendered":"<p>Intel Core i3 8100 3.6 GHz. \u00b7 8 Gb. SO-DDR4 RAM \u00b7 256 Gb. SSD M2 \u00b7 <strong>Windows 11 Pro<\/strong> \u00b7<br \/>\n<u>1xM.2 2280 pour le stockage disponible<\/u> [&#8230;]<\/p>\n<p><a class=\"btn btn-secondary understrap-read-more-link\" href=\"https:\/\/digalco.com\/fr\/produit\/hp-elitedesk-800-g4-impecable-mini-reconditionne-core-i3-36ghz-8-gb-ram-256-gb-ssd-m2-fr-14866\/\">Lire la suite\u2026<span class=\"screen-reader-text\"> from HP EliteDesk 800 G4-Impecable Mini | Reconditionn\u00e9 | Core i3 3.6GHz | 8 GB RAM | 256 GB SSD M2<\/span><\/a><\/p>\n","protected":false},"featured_media":340614,"template":"","meta":[],"product_brand":[3854],"product_cat":[1481,1469],"product_tag":[],"class_list":{"0":"post-340719","1":"product","2":"type-product","3":"status-publish","4":"has-post-thumbnail","6":"product_brand-hp","7":"product_cat-ordinateurs-mini-fr","8":"product_cat-ordinateurs-fr","10":"first","11":"instock","12":"taxable","13":"shipping-taxable","14":"purchasable","15":"product-type-simple"},"bundled_by":[],"bundle_stock_status":"instock","bundle_stock_quantity":42,"bundle_virtual":false,"bundle_layout":"","bundle_add_to_cart_form_location":"","bundle_editable_in_cart":false,"bundle_sold_individually_context":"","bundle_item_grouping":"","bundle_min_size":"","bundle_max_size":"","bundle_price":[],"bundled_items":[],"bundle_sell_ids":[],"exclude_global_add_ons":true,"addons":{"webcam-upgrades":{"name":"Extension Webcam","type":"multiple_choice","position":0,"required":false,"title_format":"heading","default":"","description_enable":false,"description":"","placeholder_enable":false,"placeholder":"","display":"radiobutton","restrictions_type":"any_text","adjust_price":false,"price":"","price_type":"quantity_based","restrictions":false,"min":"0","max":"0","options":[{"label":"Conceptronic AMDIS FullHD [AMP00085]","price":"29.0000","price_type":"quantity_based","image":0,"visibility":true}]},"ram-memory-upgrades":{"name":"Extension RAM","type":"multiple_choice","position":0,"required":false,"title_format":"heading","default":"","description_enable":false,"description":"","placeholder_enable":false,"placeholder":"","display":"radiobutton","restrictions_type":"any_text","adjust_price":false,"price":"","price_type":"quantity_based","restrictions":false,"min":"0","max":"0","options":[{"label":"Extension de 16 Gb Gb de RAM SO-DIMM DDR4 [AMP00081]","price":"60.0000","price_type":"quantity_based","image":0,"visibility":true}]},"hdd-upgrades":{"name":"Extension disque dur","type":"multiple_choice","position":0,"required":false,"title_format":"heading","default":"","description_enable":false,"description":"","placeholder_enable":false,"placeholder":"","display":"radiobutton","restrictions_type":"any_text","adjust_price":false,"price":"","price_type":"quantity_based","restrictions":false,"min":"0","max":"0","options":[{"label":"Passez au disque SSD de 500 Gb. M.2 2280PCIe [AMP00106]","price":"110.0000","price_type":"quantity_based","image":0,"visibility":true},{"label":"Passez au disque SSD 1 Tb. M.2 2280 PCIe [AMP00107]","price":"165.0000","price_type":"quantity_based","image":0,"visibility":true},{"label":"SSD suppl\u00e9mentaire 500 Gb. M.2 2280 PCIe [AMP00108]","price":"115.0000","price_type":"quantity_based","image":0,"visibility":true},{"label":"Disque SSD de 1 Tb. M.2 2280 PCIe suppl\u00e9mentaire [AMP00109]","price":"170.0000","price_type":"quantity_based","image":0,"visibility":true}]},"network-card-upgrades":{"name":"Extension WIFI","type":"multiple_choice","position":0,"required":false,"title_format":"heading","default":"","description_enable":false,"description":"","placeholder_enable":false,"placeholder":"","display":"radiobutton","restrictions_type":"any_text","adjust_price":false,"price":"","price_type":"quantity_based","restrictions":false,"min":"0","max":"0","options":[{"label":"Mise \u00e0 niveau nano USB sans fil [AMP00018]","price":"12.0000","price_type":"quantity_based","image":0,"visibility":true}]},"os-upgrades":{"name":"Expansion SO","type":"multiple_choice","position":0,"required":false,"title_format":"heading","default":"","description_enable":false,"description":"","placeholder_enable":false,"placeholder":"","display":"radiobutton","restrictions_type":"any_text","adjust_price":false,"price":"","price_type":"quantity_based","restrictions":false,"min":"0","max":"0","options":[{"label":"Changer la langue en fran\u00e7ais [AMP00125]","price":"0.0000","price_type":"quantity_based","image":0,"visibility":true},{"label":"Changer la langue en anglais [AMP00008]","price":"0.0000","price_type":"quantity_based","image":0,"visibility":true},{"label":"Changer la langue en portugais [AMP00009]","price":"0.0000","price_type":"quantity_based","image":0,"visibility":true}]},"keyboard-upgrades":{"name":"Extension clavier","type":"multiple_choice","position":0,"required":false,"title_format":"heading","default":"","description_enable":false,"description":"","placeholder_enable":false,"placeholder":"","display":"radiobutton","restrictions_type":"any_text","adjust_price":false,"price":"","price_type":"quantity_based","restrictions":false,"min":"0","max":"0","options":[{"label":"Clavier et souris [AMP00020]","price":"8.0000","price_type":"quantity_based","image":0,"visibility":true},{"label":"Clavier et souris Portuguese New [AMP00088]","price":"15.0000","price_type":"quantity_based","image":0,"visibility":true},{"label":"Clavier et souris USB espagnols (Nouveau) [AMP00068]","price":"12.0000","price_type":"quantity_based","image":0,"visibility":true}]}},"df_price":193,"df_sale_price":"","df_regular_price":193,"df_image_link":"https:\/\/digalco.com\/wp-content\/uploads\/images\/product\/14866\/hp03320_01-300x225.jpg","_links":{"self":[{"href":"https:\/\/digalco.com\/fr\/wp-json\/wp\/v2\/product\/340719","targetHints":{"allow":["GET"]}}],"collection":[{"href":"https:\/\/digalco.com\/fr\/wp-json\/wp\/v2\/product"}],"about":[{"href":"https:\/\/digalco.com\/fr\/wp-json\/wp\/v2\/types\/product"}],"wp:featuredmedia":[{"embeddable":true,"href":"https:\/\/digalco.com\/fr\/wp-json\/wp\/v2\/media\/340614"}],"wp:attachment":[{"href":"https:\/\/digalco.com\/fr\/wp-json\/wp\/v2\/media?parent=340719"}],"wp:term":[{"taxonomy":"product_brand","embeddable":true,"href":"https:\/\/digalco.com\/fr\/wp-json\/wp\/v2\/product_brand?post=340719"},{"taxonomy":"product_cat","embeddable":true,"href":"https:\/\/digalco.com\/fr\/wp-json\/wp\/v2\/product_cat?post=340719"},{"taxonomy":"product_tag","embeddable":true,"href":"https:\/\/digalco.com\/fr\/wp-json\/wp\/v2\/product_tag?post=340719"}],"curies":[{"name":"wp","href":"https:\/\/api.w.org\/{rel}","templated":true}]}}