{"id":341146,"date":"2026-04-15T11:49:02","date_gmt":"2026-04-15T09:49:02","guid":{"rendered":"https:\/\/digalco.com\/tienda\/dell-ultrasharp-u2421e-24-ips-169-reconditionne-1920x1200-fr-13127\/"},"modified":"2026-04-15T11:49:33","modified_gmt":"2026-04-15T09:49:33","slug":"dell-ultrasharp-u2421e-24-ips-169-reconditionne-1920x1200-fr-13127","status":"publish","type":"product","link":"https:\/\/digalco.com\/fr\/produit\/dell-ultrasharp-u2421e-24-ips-169-reconditionne-1920x1200-fr-13127\/","title":{"rendered":"Dell UltraSharp U2421E 24\u00a0\u00bb IPS 16:9 | Reconditionn\u00e9 | 1920&#215;1200"},"content":{"rendered":"<p><strong>\u00c9cran<\/strong><br \/>IPS 24 \u00a0\u00bb FullHD 16:9  \u00b7 R\u00e9solution 1920&#215;1200<br \/>Dot pitch 0.27 mm<br \/>R\u00e9ponse 8 ms<br \/>Contraste 1000:1<br \/>Luminosit\u00e9 300 cd\/m2<br \/>Angle vision 178\u00b0v\/178\u00b0h<br \/><strong>Ports vid\u00e9o<\/strong><br \/>HDMI<br \/>2x Display Port<br \/><strong>Affichage sp\u00e9cifique<\/strong><br \/>Stand VESA<br \/>Base<br \/>R\u00e9glable en hauteur<br \/><strong>Autres<\/strong><br \/>hR emballage<br \/><strong>Dimensions<\/strong><br \/>55.6&#215;36.1&#215;18 cm.<br \/><strong>Poids<\/strong><br \/>5.60 Kg.<br \/><strong>Sp\u00e9cifications suppl\u00e9mentaires<\/strong><br \/>Le Dell UltraSharp U2421E est un moniteur de 24 pouces con\u00e7u pour les environnements professionnels o\u00f9 la connectivit\u00e9, la qualit\u00e9 d\u2019image et la productivit\u00e9 font la diff\u00e9rence. Destin\u00e9 aux utilisateurs exigeants travaillant avec plusieurs appareils ou n\u00e9cessitant un espace de travail organis\u00e9 et efficace, ce mod\u00e8le se distingue comme une solution polyvalente pour le bureau comme pour des configurations plus avanc\u00e9es de t\u00e9l\u00e9travail ou de design.<br \/>Sa dalle IPS avec une r\u00e9solution de 1920&#215;1200 offre une hauteur suppl\u00e9mentaire par rapport au Full HD standard, ce qui se traduit par plus d\u2019espace utile \u00e0 l\u2019\u00e9cran pour travailler avec des documents, des feuilles de calcul ou des applications professionnelles. Avec une luminosit\u00e9 de 300 cd\/m\u00b2, un contraste de 1000:1 et des angles de vision de 178\u00b0, il garantit une image claire, homog\u00e8ne et confortable lors de longues sessions de travail. C\u00f4t\u00e9 connectivit\u00e9, il int\u00e8gre HDMI, double DisplayPort, plusieurs ports USB 3.0 et surtout USB-C, permettant la transmission vid\u00e9o, des donn\u00e9es et l\u2019alimentation via un seul c\u00e2ble, simplifiant ainsi toute station de travail moderne.<br \/>Le Dell UltraSharp U2421E am\u00e9liore non seulement l\u2019exp\u00e9rience visuelle, mais optimise \u00e9galement le flux de travail gr\u00e2ce \u00e0 son approche centr\u00e9e sur la connectivit\u00e9 et l\u2019organisation de l\u2019espace. C\u2019est un choix id\u00e9al pour ceux qui recherchent un moniteur professionnel fiable, \u00e9l\u00e9gant et adapt\u00e9 aux environnements dynamiques, apportant efficacit\u00e9, organisation et une nette am\u00e9lioration \u00e0 tout bureau.<br \/>Bon \u00e9tat ext\u00e9rieur. Si vous avez des questions, appelez-nous ou utilisez notre chat pour obtenir plus d\u2019informations ou demander plus de d\u00e9tails.<br \/><strong>Commentaires<\/strong><br \/><u>3xUSB 3.0 \/ 1x USB-C &#8211; C\u00e2ble d&rsquo;alimentation et DisplayPort inclus<\/u><\/p>\n","protected":false},"excerpt":{"rendered":"<p>IPS 24 \u00a0\u00bb FullHD 16:9 \u00b7 Dot pitch 0.27 mm \u00b7 R\u00e9ponse 8 ms \u00b7 Contraste 1000:1 \u00b7 Luminosit\u00e9 300 cd\/m2 \u00b7 HDMI \u00b7 2x Display Port \u00b7<br \/>\n<u>3xUSB 3.0 \/ 1x USB-C &#8211; C\u00e2ble d&rsquo;alimentation et DisplayPort inclus<\/u> [&#8230;]<\/p>\n<p><a class=\"btn btn-secondary understrap-read-more-link\" href=\"https:\/\/digalco.com\/fr\/produit\/dell-ultrasharp-u2421e-24-ips-169-reconditionne-1920x1200-fr-13127\/\">Lire la suite\u2026<span class=\"screen-reader-text\"> from Dell UltraSharp U2421E 24\u00a0\u00bb IPS 16:9 | Reconditionn\u00e9 | 1920&#215;1200<\/span><\/a><\/p>\n","protected":false},"featured_media":341056,"template":"","meta":[],"product_brand":[3852],"product_cat":[2390,1493],"product_tag":[],"class_list":{"0":"post-341146","1":"product","2":"type-product","3":"status-publish","4":"has-post-thumbnail","6":"product_brand-dell","7":"product_cat-moniteurs-24-fr","8":"product_cat-moniteurs-fr","10":"first","11":"instock","12":"taxable","13":"shipping-taxable","14":"purchasable","15":"product-type-simple"},"bundled_by":[],"bundle_stock_status":"instock","bundle_stock_quantity":47,"bundle_virtual":false,"bundle_layout":"","bundle_add_to_cart_form_location":"","bundle_editable_in_cart":false,"bundle_sold_individually_context":"","bundle_item_grouping":"","bundle_min_size":"","bundle_max_size":"","bundle_price":[],"bundled_items":[],"bundle_sell_ids":[],"exclude_global_add_ons":true,"addons":{"hdmi-upgrades":{"name":"Extension c\u00e2ble","type":"multiple_choice","position":0,"required":false,"title_format":"heading","default":"","description_enable":false,"description":"","placeholder_enable":false,"placeholder":"","display":"radiobutton","restrictions_type":"any_text","adjust_price":false,"price":"","price_type":"quantity_based","restrictions":false,"min":"0","max":"0","options":[{"label":"C\u00e2ble HDMI 2 mts. [AMP00104]","price":"6.0000","price_type":"quantity_based","image":0,"visibility":true}]}},"df_price":132,"df_sale_price":"","df_regular_price":132,"df_image_link":"https:\/\/digalco.com\/wp-content\/uploads\/images\/product\/13127\/dell01397_01-300x225.jpg","_links":{"self":[{"href":"https:\/\/digalco.com\/fr\/wp-json\/wp\/v2\/product\/341146","targetHints":{"allow":["GET"]}}],"collection":[{"href":"https:\/\/digalco.com\/fr\/wp-json\/wp\/v2\/product"}],"about":[{"href":"https:\/\/digalco.com\/fr\/wp-json\/wp\/v2\/types\/product"}],"wp:featuredmedia":[{"embeddable":true,"href":"https:\/\/digalco.com\/fr\/wp-json\/wp\/v2\/media\/341056"}],"wp:attachment":[{"href":"https:\/\/digalco.com\/fr\/wp-json\/wp\/v2\/media?parent=341146"}],"wp:term":[{"taxonomy":"product_brand","embeddable":true,"href":"https:\/\/digalco.com\/fr\/wp-json\/wp\/v2\/product_brand?post=341146"},{"taxonomy":"product_cat","embeddable":true,"href":"https:\/\/digalco.com\/fr\/wp-json\/wp\/v2\/product_cat?post=341146"},{"taxonomy":"product_tag","embeddable":true,"href":"https:\/\/digalco.com\/fr\/wp-json\/wp\/v2\/product_tag?post=341146"}],"curies":[{"name":"wp","href":"https:\/\/api.w.org\/{rel}","templated":true}]}}