{"id":341293,"date":"2026-04-15T12:29:26","date_gmt":"2026-04-15T10:29:26","guid":{"rendered":"https:\/\/digalco.com\/tienda\/dell-u2312hm-23-led-169-reconditionne-1920x1080-fr-1795\/"},"modified":"2026-04-15T12:30:09","modified_gmt":"2026-04-15T10:30:09","slug":"dell-u2312hm-23-led-169-reconditionne-1920x1080-fr-1795","status":"publish","type":"product","link":"https:\/\/digalco.com\/fr\/produit\/dell-u2312hm-23-led-169-reconditionne-1920x1080-fr-1795\/","title":{"rendered":"Dell U2312HM 23\u00a0\u00bb Led 16:9 | Reconditionn\u00e9 | 1920&#215;1080"},"content":{"rendered":"<p><strong>\u00c9cran<\/strong><br \/>Led 23 \u00a0\u00bb FullHD 16:9  \u00b7 R\u00e9solution 1920&#215;1080<br \/>Dot pitch 0.265 mm<br \/>R\u00e9ponse 8 ms<br \/>Contraste 1000:1<br \/>Luminosit\u00e9 300 cd\/m2<br \/>Angle vision 178\u00b0v\/178\u00b0h<br \/><strong>Ports vid\u00e9o<\/strong><br \/>VGA<br \/>Display Port<br \/>DVI<br \/><strong>Affichage sp\u00e9cifique<\/strong><br \/>Stand VESA<br \/>Base<br \/>R\u00e9glable en hauteur<br \/><strong>Autres<\/strong><br \/>hR emballage<br \/><strong>Dimensions<\/strong><br \/>55x44x20 cm.<br \/><strong>Poids<\/strong><br \/>5.00 Kg.<br \/><strong>Sp\u00e9cifications suppl\u00e9mentaires<\/strong><br \/>Le Dell U2312HM est un moniteur de 23 pouces con\u00e7u pour ceux qui recherchent une solution fiable, efficace et offrant une qualit\u00e9 d\u2019image constante dans des environnements de travail exigeants. Id\u00e9al pour les bureaux, les postes administratifs ou les configurations multit\u00e2ches, ce mod\u00e8le se distingue par son \u00e9quilibre entre performances, connectivit\u00e9 et durabilit\u00e9, en faisant un choix s\u00fbr pour un usage quotidien continu.<br \/>Sa dalle LED Full HD (1920&#215;1080) offre une image nette et confortable, avec une luminosit\u00e9 de 300 cd\/m\u00b2, un contraste de 1000:1 et de larges angles de vision de 178\u00b0, garantissant une image stable depuis n\u2019importe quelle position. Le temps de r\u00e9ponse de 8 ms assure une exp\u00e9rience fluide pour les t\u00e2ches courantes, tandis que sa connectivit\u00e9 compl\u00e8te avec VGA, DVI et DisplayPort facilite l\u2019int\u00e9gration avec diff\u00e9rents \u00e9quipements. De plus, il int\u00e8gre un hub USB avec un port upstream et quatre ports downstream, permettant de connecter directement des p\u00e9riph\u00e9riques au moniteur et de garder un espace de travail plus organis\u00e9.<br \/>Le Dell U2312HM est un choix s\u00fbr pour ceux qui recherchent un moniteur fonctionnel, polyvalent et pr\u00eat \u00e0 s\u2019adapter \u00e0 diff\u00e9rents environnements sans complications. Son design pratique et ses performances constantes en font un outil qui am\u00e9liore la productivit\u00e9 d\u00e8s la premi\u00e8re utilisation, apportant confort visuel et efficacit\u00e9 tout au long de la journ\u00e9e.<br \/>Bon \u00e9tat ext\u00e9rieur. Si vous avez des questions, appelez-nous ou utilisez notre chat pour obtenir plus d\u2019informations ou demander plus de d\u00e9tails.<br \/><strong>Commentaires<\/strong><br \/><u>1xUSB 2.0 Upstream \/ 4xUSB 2.0 Downstream &#8211; C\u00e2ble d&rsquo;alimentation et VGA inclus<\/u><\/p>\n","protected":false},"excerpt":{"rendered":"<p>Led 23 \u00a0\u00bb FullHD 16:9 \u00b7 Dot pitch 0.265 mm \u00b7 R\u00e9ponse 8 ms \u00b7 Contraste 1000:1 \u00b7 Luminosit\u00e9 300 cd\/m2 \u00b7 VGA \u00b7 Display Port \u00b7 DVI \u00b7<br \/>\n<u>1xUSB 2.0 Upstream \/ 4xUSB 2.0 Downstream &#8211; C\u00e2ble d&rsquo;alimentation et VGA inclus<\/u> [&#8230;]<\/p>\n<p><a class=\"btn btn-secondary understrap-read-more-link\" href=\"https:\/\/digalco.com\/fr\/produit\/dell-u2312hm-23-led-169-reconditionne-1920x1080-fr-1795\/\">Lire la suite\u2026<span class=\"screen-reader-text\"> from Dell U2312HM 23\u00a0\u00bb Led 16:9 | Reconditionn\u00e9 | 1920&#215;1080<\/span><\/a><\/p>\n","protected":false},"featured_media":341217,"template":"","meta":[],"product_brand":[3852],"product_cat":[2386,1493],"product_tag":[],"class_list":{"0":"post-341293","1":"product","2":"type-product","3":"status-publish","4":"has-post-thumbnail","6":"product_brand-dell","7":"product_cat-moniteurs-23-fr","8":"product_cat-moniteurs-fr","10":"first","11":"instock","12":"taxable","13":"shipping-taxable","14":"purchasable","15":"product-type-simple"},"bundled_by":[],"bundle_stock_status":"instock","bundle_stock_quantity":6,"bundle_virtual":false,"bundle_layout":"","bundle_add_to_cart_form_location":"","bundle_editable_in_cart":false,"bundle_sold_individually_context":"","bundle_item_grouping":"","bundle_min_size":"","bundle_max_size":"","bundle_price":[],"bundled_items":[],"bundle_sell_ids":[],"exclude_global_add_ons":true,"addons":{"webcam-upgrades":{"name":"Extension Webcam","type":"multiple_choice","position":0,"required":false,"title_format":"heading","default":"","description_enable":false,"description":"","placeholder_enable":false,"placeholder":"","display":"radiobutton","restrictions_type":"any_text","adjust_price":false,"price":"","price_type":"quantity_based","restrictions":false,"min":"0","max":"0","options":[{"label":"Conceptronic AMDIS FullHD [AMP00085]","price":"29.0000","price_type":"quantity_based","image":0,"visibility":true}]},"hdmi-upgrades":{"name":"Extension c\u00e2ble","type":"multiple_choice","position":0,"required":false,"title_format":"heading","default":"","description_enable":false,"description":"","placeholder_enable":false,"placeholder":"","display":"radiobutton","restrictions_type":"any_text","adjust_price":false,"price":"","price_type":"quantity_based","restrictions":false,"min":"0","max":"0","options":[{"label":"C\u00e2ble DVI-D M\/M Dual Link 1,8 mts. [AMP00102]","price":"2.0000","price_type":"quantity_based","image":0,"visibility":true},{"label":"C\u00e2ble DisplayPort vers DisplayPort 1,8 mts. [AMP00103]","price":"8.0000","price_type":"quantity_based","image":0,"visibility":true}]}},"df_price":84,"df_sale_price":"","df_regular_price":84,"df_image_link":"https:\/\/digalco.com\/wp-content\/uploads\/images\/product\/1795\/dell00307_01-300x225.jpg","_links":{"self":[{"href":"https:\/\/digalco.com\/fr\/wp-json\/wp\/v2\/product\/341293","targetHints":{"allow":["GET"]}}],"collection":[{"href":"https:\/\/digalco.com\/fr\/wp-json\/wp\/v2\/product"}],"about":[{"href":"https:\/\/digalco.com\/fr\/wp-json\/wp\/v2\/types\/product"}],"wp:featuredmedia":[{"embeddable":true,"href":"https:\/\/digalco.com\/fr\/wp-json\/wp\/v2\/media\/341217"}],"wp:attachment":[{"href":"https:\/\/digalco.com\/fr\/wp-json\/wp\/v2\/media?parent=341293"}],"wp:term":[{"taxonomy":"product_brand","embeddable":true,"href":"https:\/\/digalco.com\/fr\/wp-json\/wp\/v2\/product_brand?post=341293"},{"taxonomy":"product_cat","embeddable":true,"href":"https:\/\/digalco.com\/fr\/wp-json\/wp\/v2\/product_cat?post=341293"},{"taxonomy":"product_tag","embeddable":true,"href":"https:\/\/digalco.com\/fr\/wp-json\/wp\/v2\/product_tag?post=341293"}],"curies":[{"name":"wp","href":"https:\/\/api.w.org\/{rel}","templated":true}]}}