{"id":341668,"date":"2026-04-15T15:29:45","date_gmt":"2026-04-15T13:29:45","guid":{"rendered":"https:\/\/digalco.com\/tienda\/dell-p2312h-23-led-169-reconditionne-1920x1080-fr-11000\/"},"modified":"2026-04-15T15:30:01","modified_gmt":"2026-04-15T13:30:01","slug":"dell-p2312h-23-led-169-reconditionne-1920x1080-fr-11000","status":"publish","type":"product","link":"https:\/\/digalco.com\/fr\/produit\/dell-p2312h-23-led-169-reconditionne-1920x1080-fr-11000\/","title":{"rendered":"Dell P2312H 23\u00a0\u00bb Led 16:9 | Reconditionn\u00e9 | 1920&#215;1080"},"content":{"rendered":"<p><strong>\u00c9cran<\/strong><br \/>Led 23 \u00a0\u00bb FullHD 16:9  \u00b7 R\u00e9solution 1920&#215;1080<br \/>Dot pitch 0.265 mm<br \/>R\u00e9ponse 5 ms<br \/>Contraste 1000:1<br \/>Luminosit\u00e9 250 cd\/m2<br \/>Angle vision 160\u00b0v\/170\u00b0h<br \/><strong>Ports vid\u00e9o<\/strong><br \/>VGA<br \/>DVI<br \/><strong>Affichage sp\u00e9cifique<\/strong><br \/>Stand VESA<br \/>Base<br \/>R\u00e9glable en hauteur<br \/><strong>Autres<\/strong><br \/>hR emballage<br \/><strong>Dimensions<\/strong><br \/>36.5&#215;54.5&#215;18 cm.<br \/><strong>Poids<\/strong><br \/>5.15 Kg.<br \/><strong>Sp\u00e9cifications suppl\u00e9mentaires<\/strong><br \/>Le Dell P2312H est un moniteur de 23 pouces con\u00e7u pour offrir une exp\u00e9rience solide, confortable et efficace dans des environnements de travail o\u00f9 la continuit\u00e9 et la stabilit\u00e9 sont essentielles. Id\u00e9al pour les t\u00e2ches administratives, les bureaux dynamiques ou les postes multit\u00e2ches, ce mod\u00e8le se distingue par son \u00e9quilibre entre qualit\u00e9 d\u2019image, simplicit\u00e9 d\u2019utilisation et compatibilit\u00e9 avec diff\u00e9rents \u00e9quipements.<br \/>Sa dalle LED Full HD (1920&#215;1080) garantit une image nette et confortable pour de longues journ\u00e9es de travail, avec une luminosit\u00e9 de 250 cd\/m\u00b2 et un contraste de 1000:1 assurant une bonne lisibilit\u00e9 des textes et des documents. Le temps de r\u00e9ponse de 5 ms permet une utilisation fluide dans les applications courantes, tandis que ses angles de vision de 160\u00b0\/170\u00b0 offrent une exp\u00e9rience adapt\u00e9e aux environnements de travail individuels. C\u00f4t\u00e9 connectivit\u00e9, il dispose de ports VGA et DVI, facilitant son int\u00e9gration aussi bien dans des syst\u00e8mes modernes que dans des configurations plus anciennes, ainsi que de ports USB 2.0 pour connecter facilement des p\u00e9riph\u00e9riques.<br \/>Le Dell P2312H est une solution efficace pour ceux qui recherchent un moniteur fonctionnel, robuste et sans complications, capable de s\u2019adapter facilement \u00e0 diff\u00e9rents environnements. Son approche pratique et ses performances constantes en font un outil id\u00e9al pour am\u00e9liorer la productivit\u00e9 au quotidien, en maintenant un \u00e9quilibre parfait entre co\u00fbt, fiabilit\u00e9 et utilit\u00e9 r\u00e9elle au poste de travail.<br \/>Bon \u00e9tat ext\u00e9rieur. Si vous avez des questions, appelez-nous ou utilisez notre chat pour obtenir plus d\u2019informations ou demander plus de d\u00e9tails.<br \/><strong>Commentaires<\/strong><br \/><u>2xUSB 2.0 &#8211; C\u00e2ble d&rsquo;alimentation et VGA inclus<\/u><\/p>\n","protected":false},"excerpt":{"rendered":"<p>Led 23 \u00a0\u00bb FullHD 16:9 \u00b7 Dot pitch 0.265 mm \u00b7 R\u00e9ponse 5 ms \u00b7 Contraste 1000:1 \u00b7 Luminosit\u00e9 250 cd\/m2 \u00b7 VGA \u00b7 DVI \u00b7<br \/>\n<u>2xUSB 2.0 &#8211; C\u00e2ble d&rsquo;alimentation et VGA inclus<\/u> [&#8230;]<\/p>\n<p><a class=\"btn btn-secondary understrap-read-more-link\" href=\"https:\/\/digalco.com\/fr\/produit\/dell-p2312h-23-led-169-reconditionne-1920x1080-fr-11000\/\">Lire la suite\u2026<span class=\"screen-reader-text\"> from Dell P2312H 23\u00a0\u00bb Led 16:9 | Reconditionn\u00e9 | 1920&#215;1080<\/span><\/a><\/p>\n","protected":false},"featured_media":341593,"template":"","meta":[],"product_brand":[3852],"product_cat":[2386,1493],"product_tag":[],"class_list":{"0":"post-341668","1":"product","2":"type-product","3":"status-publish","4":"has-post-thumbnail","6":"product_brand-dell","7":"product_cat-moniteurs-23-fr","8":"product_cat-moniteurs-fr","10":"first","11":"instock","12":"taxable","13":"shipping-taxable","14":"purchasable","15":"product-type-simple"},"bundled_by":[],"bundle_stock_status":"instock","bundle_stock_quantity":3,"bundle_virtual":false,"bundle_layout":"","bundle_add_to_cart_form_location":"","bundle_editable_in_cart":false,"bundle_sold_individually_context":"","bundle_item_grouping":"","bundle_min_size":"","bundle_max_size":"","bundle_price":[],"bundled_items":[],"bundle_sell_ids":[],"exclude_global_add_ons":true,"addons":{"hdmi-upgrades":{"name":"Extension c\u00e2ble","type":"multiple_choice","position":0,"required":false,"title_format":"heading","default":"","description_enable":false,"description":"","placeholder_enable":false,"placeholder":"","display":"radiobutton","restrictions_type":"any_text","adjust_price":false,"price":"","price_type":"quantity_based","restrictions":false,"min":"0","max":"0","options":[{"label":"C\u00e2ble DVI-D M\/M Dual Link 1,8 mts. [AMP00102]","price":"2.0000","price_type":"quantity_based","image":0,"visibility":true}]}},"df_price":74,"df_sale_price":"","df_regular_price":74,"df_image_link":"https:\/\/digalco.com\/wp-content\/uploads\/images\/product\/11000\/dell01115_01-300x225.jpg","_links":{"self":[{"href":"https:\/\/digalco.com\/fr\/wp-json\/wp\/v2\/product\/341668","targetHints":{"allow":["GET"]}}],"collection":[{"href":"https:\/\/digalco.com\/fr\/wp-json\/wp\/v2\/product"}],"about":[{"href":"https:\/\/digalco.com\/fr\/wp-json\/wp\/v2\/types\/product"}],"wp:featuredmedia":[{"embeddable":true,"href":"https:\/\/digalco.com\/fr\/wp-json\/wp\/v2\/media\/341593"}],"wp:attachment":[{"href":"https:\/\/digalco.com\/fr\/wp-json\/wp\/v2\/media?parent=341668"}],"wp:term":[{"taxonomy":"product_brand","embeddable":true,"href":"https:\/\/digalco.com\/fr\/wp-json\/wp\/v2\/product_brand?post=341668"},{"taxonomy":"product_cat","embeddable":true,"href":"https:\/\/digalco.com\/fr\/wp-json\/wp\/v2\/product_cat?post=341668"},{"taxonomy":"product_tag","embeddable":true,"href":"https:\/\/digalco.com\/fr\/wp-json\/wp\/v2\/product_tag?post=341668"}],"curies":[{"name":"wp","href":"https:\/\/api.w.org\/{rel}","templated":true}]}}