{"id":343607,"date":"2026-04-20T13:44:25","date_gmt":"2026-04-20T11:44:25","guid":{"rendered":"https:\/\/digalco.com\/tienda\/hp-z2-g4-workstation-tour-reconditionne-core-i7-3ghz-64-gb-ram-1024-gb-ssd-m2-fr-13705\/"},"modified":"2026-04-20T13:44:49","modified_gmt":"2026-04-20T11:44:49","slug":"hp-z2-g4-workstation-tour-reconditionne-core-i7-3ghz-64-gb-ram-1024-gb-ssd-m2-fr-13705","status":"publish","type":"product","link":"https:\/\/digalco.com\/fr\/produit\/hp-z2-g4-workstation-tour-reconditionne-core-i7-3ghz-64-gb-ram-1024-gb-ssd-m2-fr-13705\/","title":{"rendered":"HP Z2 G4 WorkStation Tour | Reconditionn\u00e9 | Core i7 3GHz | 64 GB RAM | 1024 GB SSD M2"},"content":{"rendered":"<p><strong>Processeur<\/strong><br \/>Intel Core i7 9700 3 GHz.<br \/><strong>Facteur de forme<\/strong><br \/>Tour<br \/><strong>M\u00e9moire RAM<\/strong><br \/>64 Gb. DDR4 ECC RAM<br \/><strong>Disque dur<\/strong><br \/>1.00 Tb. SSD M2<br \/><strong>Cartes<\/strong><br \/>Graphique: nVidia Quadro M4000 8GB GDDR5<br \/>Son: HD Audio<br \/>R\u00e9seau: Intel I219-LM<br \/><strong>Syst\u00e8me op\u00e9ratif<\/strong><br \/>Windows 11 Pro<br \/><strong>Ports<\/strong><br \/>2x USB 2.0<br \/>6x USB 3.0<br \/><strong>Ports vid\u00e9o<\/strong><br \/>4x Display Port<br \/><strong>Connectivit\u00e9<\/strong><br \/>RJ-45<br \/><strong>Autres<\/strong><br \/>hR emballage<br \/><strong>Dimensions<\/strong><br \/>35.5x17x43.5 cm.<br \/><strong>Poids<\/strong><br \/>8.30 Kg.<br \/><strong>Sp\u00e9cifications suppl\u00e9mentaires<\/strong><br \/>La station de travail HP Z2 G4 est con\u00e7ue pour offrir des performances, une pr\u00e9cision et une stabilit\u00e9 \u00e9lev\u00e9es pour les flux de travail intensifs. \u00c9quip\u00e9e d&rsquo;un processeur Intel Core i7-9700 \u00e0 3 GHz et de 64 Go de m\u00e9moire DDR4 ECC, elle offre la vitesse et la s\u00e9curit\u00e9 n\u00e9cessaires pour s&rsquo;attaquer \u00e0 des t\u00e2ches complexes telles que la mod\u00e9lisation 3D, le montage vid\u00e9o professionnel, la conception CAO et les simulations techniques. Son SSD M.2 de 1 To garantit des temps de chargement rapides et une grande fluidit\u00e9 lors du traitement de gros volumes de donn\u00e9es. C\u00f4t\u00e9 graphique, la carte graphique NVIDIA Quadro M4000 avec 8 Go de GDDR5 offre des performances professionnelles certifi\u00e9es, id\u00e9ales pour les logiciels tels qu&rsquo;AutoCAD, Revit, Adobe Creative Suite et SolidWorks. Avec Windows 11 Professionnel, TPM 2.0 et de multiples options d&rsquo;extension via des emplacements PCIe x16 et x4, la Z2 G4 est une station de travail robuste et \u00e9volutive, pr\u00eate \u00e0 r\u00e9pondre efficacement aux environnements techniques et cr\u00e9atifs les plus exigeants.Belle apparence ext\u00e9rieure. Le bo\u00eetier peut pr\u00e9senter de l\u00e9g\u00e8res traces d&rsquo;usure. Voir \u00ab + Photos \u00bb et \u00ab Vid\u00e9o \u00bb ci-dessous. Si vous avez des questions, appelez-nous ou utilisez notre chat pour plus d&rsquo;informations ou pour demander plus de d\u00e9tails.<br \/><strong>Commentaires<\/strong><br \/><u>nVidia Quadro M4000 8GB GDDR5 &#8211; 2pcie x16 (1 occup\u00e9) \/ 2xpcie x4<\/u><\/p>\n","protected":false},"excerpt":{"rendered":"<p>Intel Core i7 9700 3 GHz. \u00b7 64 Gb. DDR4 ECC RAM \u00b7 1.00 Tb. SSD M2 \u00b7 <strong>Windows 11 Pro \u00b7<br \/>\nnVidia Quadro M4000 8GB GDDR5<\/strong> &#8211; <u>2pcie x16 (1 occup\u00e9) \/ 2xpcie x4<\/u> [&#8230;]<\/p>\n<p><a class=\"btn btn-secondary understrap-read-more-link\" href=\"https:\/\/digalco.com\/fr\/produit\/hp-z2-g4-workstation-tour-reconditionne-core-i7-3ghz-64-gb-ram-1024-gb-ssd-m2-fr-13705\/\">Lire la suite\u2026<span class=\"screen-reader-text\"> from HP Z2 G4 WorkStation Tour | Reconditionn\u00e9 | Core i7 3GHz | 64 GB RAM | 1024 GB SSD M2<\/span><\/a><\/p>\n","protected":false},"featured_media":343502,"template":"","meta":[],"product_brand":[3854],"product_cat":[2422,1469,1473],"product_tag":[],"class_list":{"0":"post-343607","1":"product","2":"type-product","3":"status-publish","4":"has-post-thumbnail","6":"product_brand-hp","7":"product_cat-ordinateurs-intel-core-i7-fr","8":"product_cat-ordinateurs-fr","9":"product_cat-ordinateurs-workstations-fr","11":"first","12":"instock","13":"taxable","14":"shipping-taxable","15":"purchasable","16":"product-type-simple"},"bundled_by":[],"bundle_stock_status":"instock","bundle_stock_quantity":1,"bundle_virtual":false,"bundle_layout":"","bundle_add_to_cart_form_location":"","bundle_editable_in_cart":false,"bundle_sold_individually_context":"","bundle_item_grouping":"","bundle_min_size":"","bundle_max_size":"","bundle_price":[],"bundled_items":[],"bundle_sell_ids":[],"exclude_global_add_ons":true,"addons":{"webcam-upgrades":{"name":"Extension Webcam","type":"multiple_choice","position":0,"required":false,"title_format":"heading","default":"","description_enable":false,"description":"","placeholder_enable":false,"placeholder":"","display":"radiobutton","restrictions_type":"any_text","adjust_price":false,"price":"","price_type":"quantity_based","restrictions":false,"min":"0","max":"0","options":[{"label":"Conceptronic AMDIS FullHD [AMP00085]","price":"29.0000","price_type":"quantity_based","image":0,"visibility":true}]},"network-card-upgrades":{"name":"Extension WIFI","type":"multiple_choice","position":0,"required":false,"title_format":"heading","default":"","description_enable":false,"description":"","placeholder_enable":false,"placeholder":"","display":"radiobutton","restrictions_type":"any_text","adjust_price":false,"price":"","price_type":"quantity_based","restrictions":false,"min":"0","max":"0","options":[{"label":"Mise \u00e0 niveau de la carte PCI Wi-Fi [AMP00017]","price":"15.0000","price_type":"quantity_based","image":0,"visibility":true},{"label":"Mise \u00e0 niveau nano USB sans fil [AMP00018]","price":"12.0000","price_type":"quantity_based","image":0,"visibility":true}]},"os-upgrades":{"name":"Expansion SO","type":"multiple_choice","position":0,"required":false,"title_format":"heading","default":"","description_enable":false,"description":"","placeholder_enable":false,"placeholder":"","display":"radiobutton","restrictions_type":"any_text","adjust_price":false,"price":"","price_type":"quantity_based","restrictions":false,"min":"0","max":"0","options":[{"label":"Changer la langue en fran\u00e7ais [AMP00125]","price":"0.0000","price_type":"quantity_based","image":0,"visibility":true},{"label":"Changer la langue en anglais [AMP00008]","price":"0.0000","price_type":"quantity_based","image":0,"visibility":true},{"label":"Changer la langue en portugais [AMP00009]","price":"0.0000","price_type":"quantity_based","image":0,"visibility":true}]},"keyboard-upgrades":{"name":"Extension clavier","type":"multiple_choice","position":0,"required":false,"title_format":"heading","default":"","description_enable":false,"description":"","placeholder_enable":false,"placeholder":"","display":"radiobutton","restrictions_type":"any_text","adjust_price":false,"price":"","price_type":"quantity_based","restrictions":false,"min":"0","max":"0","options":[{"label":"Clavier et souris [AMP00020]","price":"8.0000","price_type":"quantity_based","image":0,"visibility":true},{"label":"Clavier et souris Portuguese New [AMP00088]","price":"15.0000","price_type":"quantity_based","image":0,"visibility":true},{"label":"Clavier et souris USB espagnols (Nouveau) [AMP00068]","price":"12.0000","price_type":"quantity_based","image":0,"visibility":true}]}},"df_price":928,"df_sale_price":"","df_regular_price":928,"df_image_link":"https:\/\/digalco.com\/wp-content\/uploads\/images\/product\/13705\/hp03028_01-300x225.jpg","_links":{"self":[{"href":"https:\/\/digalco.com\/fr\/wp-json\/wp\/v2\/product\/343607","targetHints":{"allow":["GET"]}}],"collection":[{"href":"https:\/\/digalco.com\/fr\/wp-json\/wp\/v2\/product"}],"about":[{"href":"https:\/\/digalco.com\/fr\/wp-json\/wp\/v2\/types\/product"}],"wp:featuredmedia":[{"embeddable":true,"href":"https:\/\/digalco.com\/fr\/wp-json\/wp\/v2\/media\/343502"}],"wp:attachment":[{"href":"https:\/\/digalco.com\/fr\/wp-json\/wp\/v2\/media?parent=343607"}],"wp:term":[{"taxonomy":"product_brand","embeddable":true,"href":"https:\/\/digalco.com\/fr\/wp-json\/wp\/v2\/product_brand?post=343607"},{"taxonomy":"product_cat","embeddable":true,"href":"https:\/\/digalco.com\/fr\/wp-json\/wp\/v2\/product_cat?post=343607"},{"taxonomy":"product_tag","embeddable":true,"href":"https:\/\/digalco.com\/fr\/wp-json\/wp\/v2\/product_tag?post=343607"}],"curies":[{"name":"wp","href":"https:\/\/api.w.org\/{rel}","templated":true}]}}