{"id":344300,"date":"2026-04-21T09:13:53","date_gmt":"2026-04-21T07:13:53","guid":{"rendered":"https:\/\/digalco.com\/tienda\/switch-clonico-connection-nc-ls24gt-reconditionne-fr-14932\/"},"modified":"2026-04-21T09:14:07","modified_gmt":"2026-04-21T07:14:07","slug":"switch-clonico-connection-nc-ls24gt-reconditionne-fr-14932","status":"publish","type":"product","link":"https:\/\/digalco.com\/fr\/produit\/switch-clonico-connection-nc-ls24gt-reconditionne-fr-14932\/","title":{"rendered":"Switch Clonico CONNECTION N&amp;C LS24GT | Reconditionn\u00e9"},"content":{"rendered":"<p><strong>G\u00e9n\u00e9rale imprimante<\/strong><br \/>Switch<br \/><strong>Ports r\u00e9seau<\/strong><br \/>24x Ethernet 1000 Mbps.<br \/><strong>Autres<\/strong><br \/>hR emballage<br \/><strong>Dimensions<\/strong><br \/>44x15x4 cm.<br \/><strong>Poids<\/strong><br \/>3.00 Kg.<br \/><strong>Sp\u00e9cifications suppl\u00e9mentaires<\/strong><br \/>Le CONNECTION N&amp;C LS24GT est une solution efficace et fiable pour les environnements n\u00e9cessitant une connectivit\u00e9 solide sans complexit\u00e9 inutile. Con\u00e7u pour les bureaux, les entreprises et les d\u00e9ploiements r\u00e9seau professionnels, ce switch permet de construire des infrastructures stables avec une approche pratique : performance, simplicit\u00e9 et co\u00fbt optimis\u00e9.<br \/>\u00c9quip\u00e9 de 24 ports Ethernet Gigabit, il offre vitesse et fluidit\u00e9 pour connecter de multiples \u00e9quipements tels que postes de travail, imprimantes, serveurs ou syst\u00e8mes de vid\u00e9osurveillance. Son format rackable permet une int\u00e9gration propre dans les baies de communication, contribuant \u00e0 une organisation claire du c\u00e2blage. Gr\u00e2ce \u00e0 son fonctionnement plug &amp; play, il permet une installation rapide sans configurations complexes, id\u00e9al pour les environnements recherchant une efficacit\u00e9 imm\u00e9diate.<br \/>Le CONNECTION N&amp;C LS24GT se distingue par son \u00e9quilibre entre performance et facilit\u00e9 d\u2019utilisation, offrant un r\u00e9seau stable, rapide et pr\u00eat pour un usage quotidien. Un choix intelligent pour ceux qui recherchent fiabilit\u00e9 et simplicit\u00e9 dans leur infrastructure r\u00e9seau, tout en am\u00e9liorant la productivit\u00e9 sans ajouter de complexit\u00e9.<br \/>Bon \u00e9tat ext\u00e9rieur. Consultez \u00ab + Photos \u00bb et si vous avez des questions, appelez-nous ou utilisez notre chat pour obtenir plus d\u2019informations ou demander plus de d\u00e9tails.<\/p>\n","protected":false},"excerpt":{"rendered":"<p>Switch \u00b7 24x Ethernet 1000 Mbps. \u00b7 Montage en rack [&#8230;]<\/p>\n<p><a class=\"btn btn-secondary understrap-read-more-link\" href=\"https:\/\/digalco.com\/fr\/produit\/switch-clonico-connection-nc-ls24gt-reconditionne-fr-14932\/\">Lire la suite\u2026<span class=\"screen-reader-text\"> from Switch Clonico CONNECTION N&amp;C LS24GT | Reconditionn\u00e9<\/span><\/a><\/p>\n","protected":false},"featured_media":344240,"template":"","meta":[],"product_brand":[3880],"product_cat":[1665,3787],"product_tag":[],"class_list":{"0":"post-344300","1":"product","2":"type-product","3":"status-publish","4":"has-post-thumbnail","6":"product_brand-clonico","7":"product_cat-networking-fr","8":"product_cat-networking-switches-fr","10":"first","11":"instock","12":"taxable","13":"shipping-taxable","14":"purchasable","15":"product-type-simple"},"bundled_by":[],"bundle_stock_status":"instock","bundle_stock_quantity":1,"bundle_virtual":false,"bundle_layout":"","bundle_add_to_cart_form_location":"","bundle_editable_in_cart":false,"bundle_sold_individually_context":"","bundle_item_grouping":"","bundle_min_size":"","bundle_max_size":"","bundle_price":[],"bundled_items":[],"bundle_sell_ids":[],"exclude_global_add_ons":[],"addons":[],"df_price":65,"df_sale_price":"","df_regular_price":65,"df_image_link":"https:\/\/digalco.com\/wp-content\/uploads\/images\/product\/14932\/clon00160_01-300x225.jpg","_links":{"self":[{"href":"https:\/\/digalco.com\/fr\/wp-json\/wp\/v2\/product\/344300","targetHints":{"allow":["GET"]}}],"collection":[{"href":"https:\/\/digalco.com\/fr\/wp-json\/wp\/v2\/product"}],"about":[{"href":"https:\/\/digalco.com\/fr\/wp-json\/wp\/v2\/types\/product"}],"wp:featuredmedia":[{"embeddable":true,"href":"https:\/\/digalco.com\/fr\/wp-json\/wp\/v2\/media\/344240"}],"wp:attachment":[{"href":"https:\/\/digalco.com\/fr\/wp-json\/wp\/v2\/media?parent=344300"}],"wp:term":[{"taxonomy":"product_brand","embeddable":true,"href":"https:\/\/digalco.com\/fr\/wp-json\/wp\/v2\/product_brand?post=344300"},{"taxonomy":"product_cat","embeddable":true,"href":"https:\/\/digalco.com\/fr\/wp-json\/wp\/v2\/product_cat?post=344300"},{"taxonomy":"product_tag","embeddable":true,"href":"https:\/\/digalco.com\/fr\/wp-json\/wp\/v2\/product_tag?post=344300"}],"curies":[{"name":"wp","href":"https:\/\/api.w.org\/{rel}","templated":true}]}}