{"id":346087,"date":"2026-04-21T17:44:55","date_gmt":"2026-04-21T15:44:55","guid":{"rendered":"https:\/\/digalco.com\/tienda\/dell-poweredge-r640-rack-reconditionne-xeon-2ghz-64-gb-ram-480-gb-ssd-fr-13098\/"},"modified":"2026-04-21T17:45:08","modified_gmt":"2026-04-21T15:45:08","slug":"dell-poweredge-r640-rack-reconditionne-xeon-2ghz-64-gb-ram-480-gb-ssd-fr-13098","status":"publish","type":"product","link":"https:\/\/digalco.com\/fr\/produit\/dell-poweredge-r640-rack-reconditionne-xeon-2ghz-64-gb-ram-480-gb-ssd-fr-13098\/","title":{"rendered":"Dell PowerEdge R640 Rack | Reconditionn\u00e9 | Xeon 2GHz | 64 GB RAM | 480 GB SSD"},"content":{"rendered":"<p><strong>Processeur<\/strong><br \/>2x Intel Xeon 20 core Gold 6138 2 GHz.<br \/><strong>Facteur de forme<\/strong><br \/>Rack  (1U)<br \/><strong>M\u00e9moire RAM<\/strong><br \/>64 Gb. DDR4 ECC RAM<br \/>24 emplacements (22 vide )<br \/><strong>Disque dur<\/strong><br \/>2x 480 Gb. SSD 2.5\u00a0\u00bb<br \/>8 emplacements (6 vide )<br \/><strong>Cartes<\/strong><br \/>R\u00e9seau: Gigabit Ethernet Quad Port<br \/><strong>Syst\u00e8me op\u00e9ratif<\/strong><br \/>&#8211; Sans SO &#8211;<br \/><strong>Ports<\/strong><br \/>S\u00e9rie<br \/>2x USB 2.0<br \/>2x USB 3.0<br \/>USB-C<br \/><strong>Connectivit\u00e9<\/strong><br \/>4x RJ-45<br \/><strong>Source de courant<\/strong><br \/>2x Alimentations (Hotplug)<br \/><strong>Autres<\/strong><br \/>hR emballage<br \/><strong>Dimensions<\/strong><br \/>74.5&#215;48.5&#215;4.5 cm.<br \/><strong>Poids<\/strong><br \/>13.60 Kg.<br \/><strong>Sp\u00e9cifications suppl\u00e9mentaires<\/strong><br \/>Quand l&rsquo;espace dans le rack est un actif aussi pr\u00e9cieux que les performances, le Dell PowerEdge R640 prouve qu&rsquo;il n&rsquo;est pas n\u00e9cessaire de choisir entre l&rsquo;un et l&rsquo;autre. En seulement 1U de hauteur, ce serveur concentre une capacit\u00e9 de calcul extraordinaire gr\u00e2ce \u00e0 ses deux processeurs Intel Xeon Gold 6138, avec 20 c\u0153urs chacun et une architecture con\u00e7ue pour g\u00e9rer des charges de travail intensives sans perdre en stabilit\u00e9 ni en efficacit\u00e9. Les 64 Go de m\u00e9moire DDR4 ECC garantissent des op\u00e9rations sans erreur, une exigence non n\u00e9gociable dans les environnements o\u00f9 l&rsquo;int\u00e9grit\u00e9 des donn\u00e9es est primordiale. Et avec 24 baies de stockage disponibles \u2014 dont 22 restent libres \u2014, cet \u00e9quipement arrive avec une marge amplement suffisante pour \u00e9voluer au rythme de l&rsquo;entreprise. Les deux SSD de 480 Go d\u00e9j\u00e0 install\u00e9s offrent une base de d\u00e9marrage solide sur laquelle construire. Le contr\u00f4leur RAID H730P compl\u00e8te une proposition technique tr\u00e8s bien \u00e9quilibr\u00e9e, apportant une protection r\u00e9elle des donn\u00e9es et des performances coh\u00e9rentes dans les op\u00e9rations de lecture\/\u00e9criture. Un serveur qui non seulement performe aujourd&rsquo;hui, mais qui est pr\u00e9par\u00e9 pour ce qui viendra demain. Id\u00e9al pour la virtualisation, les bases de donn\u00e9es, la consolidation de serveurs ou comme n\u0153ud de calcul dans des infrastructures plus larges. Bonne apparence ext\u00e9rieure. Si vous avez des questions, appelez-nous ou utilisez notre chat pour obtenir plus d&rsquo;informations ou pour demander plus de d\u00e9tails.<br \/><strong>Commentaires<\/strong><br \/><u>1 x contr\u00f4leur Raid H730P<\/u><\/p>\n","protected":false},"excerpt":{"rendered":"<p>2x Intel Xeon 20 core Gold 6138 2 GHz. \u00b7 64 Gb. DDR4 ECC RAM \u00b7 24 emplacements (22 vide ) \u00b7 2x 480 Gb. SSD 2.5\u00a0\u00bb \u00b7 8 emplacements (6 vide ) \u00b7<br \/>\n<u>1 x contr\u00f4leur Raid H730P<\/u> [&#8230;]<\/p>\n<p><a class=\"btn btn-secondary understrap-read-more-link\" href=\"https:\/\/digalco.com\/fr\/produit\/dell-poweredge-r640-rack-reconditionne-xeon-2ghz-64-gb-ram-480-gb-ssd-fr-13098\/\">Lire la suite\u2026<span class=\"screen-reader-text\"> from Dell PowerEdge R640 Rack | Reconditionn\u00e9 | Xeon 2GHz | 64 GB RAM | 480 GB SSD<\/span><\/a><\/p>\n","protected":false},"featured_media":346057,"template":"","meta":[],"product_brand":[3852],"product_cat":[1633,1641],"product_tag":[],"class_list":{"0":"post-346087","1":"product","2":"type-product","3":"status-publish","4":"has-post-thumbnail","6":"product_brand-dell","7":"product_cat-serveurs-fr","8":"product_cat-serveurs-rack-fr","10":"first","11":"instock","12":"taxable","13":"shipping-taxable","14":"purchasable","15":"product-type-simple"},"bundled_by":[],"bundle_stock_status":"instock","bundle_stock_quantity":4,"bundle_virtual":false,"bundle_layout":"","bundle_add_to_cart_form_location":"","bundle_editable_in_cart":false,"bundle_sold_individually_context":"","bundle_item_grouping":"","bundle_min_size":"","bundle_max_size":"","bundle_price":[],"bundled_items":[],"bundle_sell_ids":[],"exclude_global_add_ons":true,"addons":{"hdd-upgrades":{"name":"Extension disque dur","type":"multiple_choice","position":0,"required":false,"title_format":"heading","default":"","description_enable":false,"description":"","placeholder_enable":false,"placeholder":"","display":"radiobutton","restrictions_type":"any_text","adjust_price":false,"price":"","price_type":"quantity_based","restrictions":false,"min":"0","max":"0","options":[{"label":"2x disque SSD 240 Gb. [AMP00058]","price":"100.0000","price_type":"quantity_based","image":0,"visibility":true},{"label":"2x disque SSD 480 Gb. [AMP00059]","price":"200.0000","price_type":"quantity_based","image":0,"visibility":true}]}},"df_price":1096,"df_sale_price":"","df_regular_price":1096,"df_image_link":"https:\/\/digalco.com\/wp-content\/uploads\/images\/product\/13098\/dell01394_01-300x225.jpg","_links":{"self":[{"href":"https:\/\/digalco.com\/fr\/wp-json\/wp\/v2\/product\/346087","targetHints":{"allow":["GET"]}}],"collection":[{"href":"https:\/\/digalco.com\/fr\/wp-json\/wp\/v2\/product"}],"about":[{"href":"https:\/\/digalco.com\/fr\/wp-json\/wp\/v2\/types\/product"}],"wp:featuredmedia":[{"embeddable":true,"href":"https:\/\/digalco.com\/fr\/wp-json\/wp\/v2\/media\/346057"}],"wp:attachment":[{"href":"https:\/\/digalco.com\/fr\/wp-json\/wp\/v2\/media?parent=346087"}],"wp:term":[{"taxonomy":"product_brand","embeddable":true,"href":"https:\/\/digalco.com\/fr\/wp-json\/wp\/v2\/product_brand?post=346087"},{"taxonomy":"product_cat","embeddable":true,"href":"https:\/\/digalco.com\/fr\/wp-json\/wp\/v2\/product_cat?post=346087"},{"taxonomy":"product_tag","embeddable":true,"href":"https:\/\/digalco.com\/fr\/wp-json\/wp\/v2\/product_tag?post=346087"}],"curies":[{"name":"wp","href":"https:\/\/api.w.org\/{rel}","templated":true}]}}