{"id":347039,"date":"2026-04-24T09:51:30","date_gmt":"2026-04-24T07:51:30","guid":{"rendered":"https:\/\/digalco.com\/tienda\/ncr-realpos-xr7-15-aio-reconditionne-core-i3-24ghz-8-gb-ram-120-gb-ssd-fr-14581\/"},"modified":"2026-04-24T09:52:04","modified_gmt":"2026-04-24T07:52:04","slug":"ncr-realpos-xr7-15-aio-reconditionne-core-i3-24ghz-8-gb-ram-120-gb-ssd-fr-14581","status":"publish","type":"product","link":"https:\/\/digalco.com\/fr\/produit\/ncr-realpos-xr7-15-aio-reconditionne-core-i3-24ghz-8-gb-ram-120-gb-ssd-fr-14581\/","title":{"rendered":"NCR RealPOS XR7 15&Prime; AIO | Reconditionn\u00e9 | Core i3 2.4GHz | 8 GB RAM | 120 GB SSD"},"content":{"rendered":"<p><strong>Processeur<\/strong><br \/>Intel Core i3 4330TE 2.4 GHz.<br \/><strong>Facteur de forme<\/strong><br \/>AIO<br \/><strong>M\u00e9moire RAM<\/strong><br \/>8 Gb. SO-DDR3 RAM<br \/><strong>Disque dur<\/strong><br \/>120 Gb. SSD<br \/><strong>Cartes<\/strong><br \/>Graphique: Intel HD 4600<br \/>Son: Realtek High Definition Audio<br \/>R\u00e9seau: Intel I219-LM<br \/><strong>Syst\u00e8me op\u00e9ratif<\/strong><br \/>Windows 11 Home<br \/><strong>Ports<\/strong><br \/>2x USB 3.0<br \/><strong>\u00c9cran<\/strong><br \/>Tactile 15 \u00a0\u00bb HD 4:3  \u00b7 R\u00e9solution 1024&#215;768<br \/><strong>Ports vid\u00e9o<\/strong><br \/>HDMI<br \/>Display Port<br \/><strong>Affichage sp\u00e9cifique<\/strong><br \/>Chargeur externe<br \/><strong>Connectivit\u00e9<\/strong><br \/>RJ-45<br \/><strong>Autres<\/strong><br \/>hR emballage<br \/><strong>Dimensions<\/strong><br \/>42x40x40 cm.<br \/><strong>Poids<\/strong><br \/>7.00 Kg.<br \/><strong>Sp\u00e9cifications suppl\u00e9mentaires<\/strong><br \/>Le NCR RealPOS XR7 15\u201d est un TPV professionnel con\u00e7u pour offrir stabilit\u00e9 et performance continue dans des environnements exigeants tels que le commerce, l\u2019h\u00f4tellerie ou les points de vente \u00e0 fort trafic. Son architecture est pens\u00e9e pour ceux qui ont besoin d\u2019un \u00e9quipement fiable, robuste et pr\u00eat pour de longues journ\u00e9es de travail, o\u00f9 la fluidit\u00e9 de chaque transaction fait la diff\u00e9rence dans l\u2019exp\u00e9rience client.<br \/>\u00c9quip\u00e9 d\u2019un processeur Intel Core i3 et de 8 Go de m\u00e9moire RAM, ce TPV garantit un fonctionnement fluide dans les applications de gestion, les logiciels de vente et les environnements multit\u00e2ches habituels. Son stockage SSD de 120 Go offre un d\u00e9marrage rapide, un acc\u00e8s rapide aux donn\u00e9es et une fiabilit\u00e9 sup\u00e9rieure par rapport aux syst\u00e8mes traditionnels, r\u00e9duisant les temps d\u2019attente et am\u00e9liorant la productivit\u00e9 quotidienne.<br \/>L\u2019\u00e9cran tactile de 15 pouces au format 4:3 conserve le standard classique du secteur TPV, offrant un affichage confortable et pr\u00e9cis pour les applications con\u00e7ues sp\u00e9cifiquement pour ce format. Sa r\u00e9activit\u00e9 tactile permet une interaction rapide et intuitive, essentielle dans les environnements o\u00f9 chaque seconde compte.<br \/>Cet \u00e9quipement se distingue \u00e9galement par sa construction solide et orient\u00e9e vers un usage intensif, constituant une solution stable pour les entreprises recherchant un TPV durable, n\u00e9cessitant peu de maintenance et pr\u00eat pour un usage continu. De plus, sa compatibilit\u00e9 avec Windows 11 permet de travailler dans un environnement moderne, \u00e0 jour et s\u00e9curis\u00e9 pour la gestion de l\u2019activit\u00e9.<br \/><u>Concernant les exigences actuelles du syst\u00e8me, ce mod\u00e8le n\u2019int\u00e8gre pas de module TPM 2.0, qui est la norme recommand\u00e9e sur les \u00e9quipements de nouvelle g\u00e9n\u00e9ration. Toutefois, le syst\u00e8me d\u2019exploitation est enti\u00e8rement fonctionnel et fonctionne normalement, permettant une utilisation stable dans des environnements r\u00e9els sans affecter les performances ni l\u2019exp\u00e9rience utilisateur.<\/u><br \/>Dans l\u2019ensemble, le NCR RealPOS XR7 est une option tr\u00e8s \u00e9quilibr\u00e9e pour ceux qui recherchent un TPV fiable, efficace et pr\u00eat \u00e0 fonctionner d\u00e8s le premier jour, combinant performance, simplicit\u00e9 et un excellent rapport co\u00fbt\/fonctionnalit\u00e9.<br \/>Bon \u00e9tat ext\u00e9rieur. Consultez \u00ab + Photos \u00bb et \u201cVid\u00e9o\u201d et si vous avez des questions, appelez-nous ou utilisez notre chat pour obtenir plus d\u2019informations ou demander plus de d\u00e9tails.<br \/><strong>Commentaires<\/strong><br \/><u>3xUSB 2.0 12V \/ 1xUSB 2.0 24V \/ 2xUSB 3.0 \u2013 1xPort tiroir-caisse<\/u><\/p>\n","protected":false},"excerpt":{"rendered":"<p>Intel Core i3 4330TE 2.4 GHz. \u00b7 8 Gb. SO-DDR3 RAM \u00b7 120 Gb. SSD \u00b7 <strong>Windows 11 Home \u00b7 Tactile 15 \u00a0\u00bb HD<\/strong> 4:3 \u00b7 R\u00e9solution 1024&#215;768 \u00b7<br \/>\n<u>3xUSB 2.0 12V \/ 1xUSB 2.0 24V \/ 2xUSB 3.0 \u2013 1xPort tiroir-caisse<\/u> [&#8230;]<\/p>\n<p><a class=\"btn btn-secondary understrap-read-more-link\" href=\"https:\/\/digalco.com\/fr\/produit\/ncr-realpos-xr7-15-aio-reconditionne-core-i3-24ghz-8-gb-ram-120-gb-ssd-fr-14581\/\">Lire la suite\u2026<span class=\"screen-reader-text\"> from NCR RealPOS XR7 15&Prime; AIO | Reconditionn\u00e9 | Core i3 2.4GHz | 8 GB RAM | 120 GB SSD<\/span><\/a><\/p>\n","protected":false},"featured_media":346889,"template":"","meta":[],"product_brand":[3867],"product_cat":[1601,1597],"product_tag":[],"class_list":{"0":"post-347039","1":"product","2":"type-product","3":"status-publish","4":"has-post-thumbnail","6":"product_brand-ncr","7":"product_cat-tpv-all-in-one-fr","8":"product_cat-tpv-fr","10":"first","11":"instock","12":"taxable","13":"shipping-taxable","14":"purchasable","15":"product-type-simple"},"bundled_by":[],"bundle_stock_status":"instock","bundle_stock_quantity":5,"bundle_virtual":false,"bundle_layout":"","bundle_add_to_cart_form_location":"","bundle_editable_in_cart":false,"bundle_sold_individually_context":"","bundle_item_grouping":"","bundle_min_size":"","bundle_max_size":"","bundle_price":[],"bundled_items":[],"bundle_sell_ids":[],"exclude_global_add_ons":true,"addons":{"ram-memory-upgrades":{"name":"Extension RAM","type":"multiple_choice","position":0,"required":false,"title_format":"heading","default":"","description_enable":false,"description":"","placeholder_enable":false,"placeholder":"","display":"radiobutton","restrictions_type":"any_text","adjust_price":false,"price":"","price_type":"quantity_based","restrictions":false,"min":"0","max":"0","options":[{"label":"Extension de 16 Gb de RAM SODIMM DDR3 [AMP00004]","price":"50.0000","price_type":"quantity_based","image":0,"visibility":true}]},"hdd-upgrades":{"name":"Extension disque dur","type":"multiple_choice","position":0,"required":false,"title_format":"heading","default":"","description_enable":false,"description":"","placeholder_enable":false,"placeholder":"","display":"radiobutton","restrictions_type":"any_text","adjust_price":false,"price":"","price_type":"quantity_based","restrictions":false,"min":"0","max":"0","options":[{"label":"Passez au disque SSD de 240 Gb. [AMP00013]","price":"35.0000","price_type":"quantity_based","image":0,"visibility":true},{"label":"Passez au disque SSD de 480 Gb. [AMP00014]","price":"59.0000","price_type":"quantity_based","image":0,"visibility":true},{"label":"Passez au disque SSD 1 Tb. [AMP00071]","price":"95.0000","price_type":"quantity_based","image":0,"visibility":true}]},"network-card-upgrades":{"name":"Extension WIFI","type":"multiple_choice","position":0,"required":false,"title_format":"heading","default":"","description_enable":false,"description":"","placeholder_enable":false,"placeholder":"","display":"radiobutton","restrictions_type":"any_text","adjust_price":false,"price":"","price_type":"quantity_based","restrictions":false,"min":"0","max":"0","options":[{"label":"Mise \u00e0 niveau nano USB sans fil [AMP00018]","price":"12.0000","price_type":"quantity_based","image":0,"visibility":true}]},"keyboard-upgrades":{"name":"Extension clavier","type":"multiple_choice","position":0,"required":false,"title_format":"heading","default":"","description_enable":false,"description":"","placeholder_enable":false,"placeholder":"","display":"radiobutton","restrictions_type":"any_text","adjust_price":false,"price":"","price_type":"quantity_based","restrictions":false,"min":"0","max":"0","options":[{"label":"Clavier et souris [AMP00020]","price":"8.0000","price_type":"quantity_based","image":0,"visibility":true},{"label":"Clavier et souris Portuguese New [AMP00088]","price":"15.0000","price_type":"quantity_based","image":0,"visibility":true},{"label":"Clavier et souris USB espagnols (Nouveau) [AMP00068]","price":"12.0000","price_type":"quantity_based","image":0,"visibility":true}]}},"df_price":233,"df_sale_price":"","df_regular_price":233,"df_image_link":"https:\/\/digalco.com\/wp-content\/uploads\/images\/product\/14581\/ncr00024_01-300x225.jpg","_links":{"self":[{"href":"https:\/\/digalco.com\/fr\/wp-json\/wp\/v2\/product\/347039","targetHints":{"allow":["GET"]}}],"collection":[{"href":"https:\/\/digalco.com\/fr\/wp-json\/wp\/v2\/product"}],"about":[{"href":"https:\/\/digalco.com\/fr\/wp-json\/wp\/v2\/types\/product"}],"wp:featuredmedia":[{"embeddable":true,"href":"https:\/\/digalco.com\/fr\/wp-json\/wp\/v2\/media\/346889"}],"wp:attachment":[{"href":"https:\/\/digalco.com\/fr\/wp-json\/wp\/v2\/media?parent=347039"}],"wp:term":[{"taxonomy":"product_brand","embeddable":true,"href":"https:\/\/digalco.com\/fr\/wp-json\/wp\/v2\/product_brand?post=347039"},{"taxonomy":"product_cat","embeddable":true,"href":"https:\/\/digalco.com\/fr\/wp-json\/wp\/v2\/product_cat?post=347039"},{"taxonomy":"product_tag","embeddable":true,"href":"https:\/\/digalco.com\/fr\/wp-json\/wp\/v2\/product_tag?post=347039"}],"curies":[{"name":"wp","href":"https:\/\/api.w.org\/{rel}","templated":true}]}}