{"id":347500,"date":"2026-04-24T11:40:43","date_gmt":"2026-04-24T09:40:43","guid":{"rendered":"https:\/\/digalco.com\/tienda\/armoire-rack-hp-armario-rack-sun-38u-ocasion-reconditionne-fr-7333\/"},"modified":"2026-04-24T11:49:11","modified_gmt":"2026-04-24T09:49:11","slug":"armoire-rack-hp-armario-rack-sun-38u-ocasion-reconditionne-fr-7333","status":"publish","type":"product","link":"https:\/\/digalco.com\/fr\/produit\/armoire-rack-hp-armario-rack-sun-38u-ocasion-reconditionne-fr-7333\/","title":{"rendered":"Armoire rack HP Armario RACK SUN 38U Ocasi\u00f3n | Reconditionn\u00e9"},"content":{"rendered":"","protected":false},"excerpt":{"rendered":"<p>Armario RACK SUN 38U Ocasi\u00f3n [&#8230;]<\/p>\n<p><a class=\"btn btn-secondary understrap-read-more-link\" href=\"https:\/\/digalco.com\/fr\/produit\/armoire-rack-hp-armario-rack-sun-38u-ocasion-reconditionne-fr-7333\/\">Lire la suite\u2026<span class=\"screen-reader-text\"> from Armoire rack HP Armario RACK SUN 38U Ocasi\u00f3n | Reconditionn\u00e9<\/span><\/a><\/p>\n","protected":false},"featured_media":347410,"template":"","meta":[],"product_brand":[3854],"product_cat":[1861],"product_tag":[],"class_list":{"0":"post-347500","1":"product","2":"type-product","3":"status-publish","4":"has-post-thumbnail","6":"product_brand-hp","7":"product_cat-armoires-racks-fr","9":"first","10":"instock","11":"taxable","12":"shipping-taxable","13":"purchasable","14":"product-type-simple"},"bundled_by":[],"bundle_stock_status":"instock","bundle_stock_quantity":4,"bundle_virtual":false,"bundle_layout":"","bundle_add_to_cart_form_location":"","bundle_editable_in_cart":false,"bundle_sold_individually_context":"","bundle_item_grouping":"","bundle_min_size":"","bundle_max_size":"","bundle_price":[],"bundled_items":[],"bundle_sell_ids":[],"exclude_global_add_ons":[],"addons":[],"df_price":420,"df_sale_price":"","df_regular_price":420,"df_image_link":"https:\/\/digalco.com\/wp-content\/uploads\/images\/product\/7333\/racksun38u_01-300x225.jpg","_links":{"self":[{"href":"https:\/\/digalco.com\/fr\/wp-json\/wp\/v2\/product\/347500","targetHints":{"allow":["GET"]}}],"collection":[{"href":"https:\/\/digalco.com\/fr\/wp-json\/wp\/v2\/product"}],"about":[{"href":"https:\/\/digalco.com\/fr\/wp-json\/wp\/v2\/types\/product"}],"wp:featuredmedia":[{"embeddable":true,"href":"https:\/\/digalco.com\/fr\/wp-json\/wp\/v2\/media\/347410"}],"wp:attachment":[{"href":"https:\/\/digalco.com\/fr\/wp-json\/wp\/v2\/media?parent=347500"}],"wp:term":[{"taxonomy":"product_brand","embeddable":true,"href":"https:\/\/digalco.com\/fr\/wp-json\/wp\/v2\/product_brand?post=347500"},{"taxonomy":"product_cat","embeddable":true,"href":"https:\/\/digalco.com\/fr\/wp-json\/wp\/v2\/product_cat?post=347500"},{"taxonomy":"product_tag","embeddable":true,"href":"https:\/\/digalco.com\/fr\/wp-json\/wp\/v2\/product_tag?post=347500"}],"curies":[{"name":"wp","href":"https:\/\/api.w.org\/{rel}","templated":true}]}}